{"id":195,"date":"2019-02-05T10:03:07","date_gmt":"2019-02-05T12:03:07","guid":{"rendered":"https:\/\/www.ufsm.br\/cursos\/pos-graduacao\/santa-maria\/ppgcta\/?page_id=195"},"modified":"2019-02-05T10:03:09","modified_gmt":"2019-02-05T12:03:09","slug":"gabinetes-ventilados-para-animais-de-laboratorio-marca-alesco","status":"publish","type":"page","link":"https:\/\/www.ufsm.br\/cursos\/pos-graduacao\/santa-maria\/ppgcta\/gabinetes-ventilados-para-animais-de-laboratorio-marca-alesco","title":{"rendered":"Gabinetes ventilados para animais de laborat\u00f3rio, marca Alesco"},"content":{"rendered":"\n<ul>\n<li>onfigura\u00e7\u00e3o:\u00a01 gabinete ventilado de duas portas e outro de 3 portas<\/li>\n<li>Local:\u00a0Laborat\u00f3rio de Ensaios Biol\u00f3gicos \u2013 Ci\u00eancia\u00a0de Alimentos \u2013 pr\u00e9dio do antigo Biot\u00e9rio Central<\/li>\n<li>Respons\u00e1vel:\u00a0Prof. Jos\u00e9 Laerte Nornberg, ramal 8547, e-mail:\u00a0<span id=\"cloak18693\"><a href=\"mailto:jlnornberg@gmail.com\">jlnornberg@gmail.com<\/a><\/span><\/li>\n<\/ul>\n<p>\u00a0<\/p>\n<p>Instru\u00e7\u00e3o\/requisitos para agendamento\/uso:\u00a0<\/p>\n<p>1- O usu\u00e1rio dever\u00e1 agendar previamente o uso da sala com o Prof. Jos\u00e9 Laerte.<\/p>\n<p>2- Os gabinetes ventilados possuem sistema de no-break, mas recomenda-se deixar as portas entreabertas (colocar um cal\u00e7o) nos finais de semana, para que os animais n\u00e3o morram sufocados, em caso de falta de energia el\u00e9trica.<\/p>\n<p>\u00a0<\/p>\n<p><strong>TODOS OS TRABALHOS RESULTANTES DO USO DESTE EQUIPAMENTO (TESES, DISSERTA\u00c7\u00d5ES, TRABALHOS EM EVENTOS, ARTIGOS OU PATENTES) DEVER\u00c3O INCLUIR O SEGUINTE AGRADECIMENTO:<br \/>\u00a0\u201cApoio Edital Capes no 27\/2013 &#8211; Pr\u00f3-Equipamentos\u201d<\/strong><\/p>\n","protected":false},"excerpt":{"rendered":"<p>onfigura\u00e7\u00e3o:\u00a01 gabinete ventilado de duas portas e outro de 3 portas Local:\u00a0Laborat\u00f3rio de Ensaios Biol\u00f3gicos \u2013 Ci\u00eancia\u00a0de Alimentos \u2013 pr\u00e9dio do antigo Biot\u00e9rio Central Respons\u00e1vel:\u00a0Prof. Jos\u00e9 Laerte Nornberg, ramal 8547, e-mail:\u00a0jlnornberg@gmail.com \u00a0 Instru\u00e7\u00e3o\/requisitos para agendamento\/uso:\u00a0 1- O usu\u00e1rio dever\u00e1 agendar previamente o uso da sala com o Prof. Jos\u00e9 Laerte. 2- Os gabinetes ventilados possuem [&hellip;]<\/p>\n","protected":false},"author":118,"featured_media":0,"parent":0,"menu_order":0,"comment_status":"closed","ping_status":"closed","template":"","meta":{"footnotes":""},"categories":[],"tags":[],"class_list":["post-195","page","type-page","status-publish","hentry"],"acf":[],"_links":{"self":[{"href":"https:\/\/www.ufsm.br\/cursos\/pos-graduacao\/santa-maria\/ppgcta\/wp-json\/wp\/v2\/pages\/195","targetHints":{"allow":["GET"]}}],"collection":[{"href":"https:\/\/www.ufsm.br\/cursos\/pos-graduacao\/santa-maria\/ppgcta\/wp-json\/wp\/v2\/pages"}],"about":[{"href":"https:\/\/www.ufsm.br\/cursos\/pos-graduacao\/santa-maria\/ppgcta\/wp-json\/wp\/v2\/types\/page"}],"author":[{"embeddable":true,"href":"https:\/\/www.ufsm.br\/cursos\/pos-graduacao\/santa-maria\/ppgcta\/wp-json\/wp\/v2\/users\/118"}],"replies":[{"embeddable":true,"href":"https:\/\/www.ufsm.br\/cursos\/pos-graduacao\/santa-maria\/ppgcta\/wp-json\/wp\/v2\/comments?post=195"}],"version-history":[{"count":0,"href":"https:\/\/www.ufsm.br\/cursos\/pos-graduacao\/santa-maria\/ppgcta\/wp-json\/wp\/v2\/pages\/195\/revisions"}],"wp:attachment":[{"href":"https:\/\/www.ufsm.br\/cursos\/pos-graduacao\/santa-maria\/ppgcta\/wp-json\/wp\/v2\/media?parent=195"}],"wp:term":[{"taxonomy":"category","embeddable":true,"href":"https:\/\/www.ufsm.br\/cursos\/pos-graduacao\/santa-maria\/ppgcta\/wp-json\/wp\/v2\/categories?post=195"},{"taxonomy":"post_tag","embeddable":true,"href":"https:\/\/www.ufsm.br\/cursos\/pos-graduacao\/santa-maria\/ppgcta\/wp-json\/wp\/v2\/tags?post=195"}],"curies":[{"name":"wp","href":"https:\/\/api.w.org\/{rel}","templated":true}]}}