{"id":197,"date":"2019-02-05T10:04:54","date_gmt":"2019-02-05T12:04:54","guid":{"rendered":"https:\/\/www.ufsm.br\/cursos\/pos-graduacao\/santa-maria\/ppgcta\/?page_id=197"},"modified":"2019-02-05T10:04:56","modified_gmt":"2019-02-05T12:04:56","slug":"cromatografo-a-gas-acoplado-a-espectometro-de-massas-gc-ms","status":"publish","type":"page","link":"https:\/\/www.ufsm.br\/cursos\/pos-graduacao\/santa-maria\/ppgcta\/cromatografo-a-gas-acoplado-a-espectometro-de-massas-gc-ms","title":{"rendered":"Cromat\u00f3grafo a g\u00e1s acoplado a espect\u00f4metro de massas (GC\/MS)"},"content":{"rendered":"\n<ul>\n<li>Configura\u00e7\u00e3o:\u00a0Marca Shimadzu, modelo QP-2010<i>Plus<\/i>, injetor autom\u00e1tico<\/li>\n<li>Local:\u00a0Lab. 102, NIDAL<\/li>\n<li>Respons\u00e1vel:\u00a0Prof. Roger Wagner, ramal 8822,\u00a0e-mail:\u00a0<span id=\"cloak1299\"><a href=\"mailto:rogerwag@gmail.com\">rogerwag@gmail.com<\/a><\/span><\/li>\n<\/ul>\n<p>\u00a0<\/p>\n<p>Instru\u00e7\u00e3o\/requisitos para agendamento\/uso:\u00a0<\/p>\n<p>1- Equipamento atualmente destinado a an\u00e1lise de constituintes vol\u00e1teis em alimentos.<\/p>\n<p>Preferencialmente tem-se usado t\u00e9cnicas de headspace para isolamento dos vol\u00e1teis.<\/p>\n<p>2-\u00a0Amostras j\u00e1 avaliadas no equipamento:<\/p>\n<p>-Produtos c\u00e1rneos (salame, carnes de ovino, aves e peixes, presunto curado, salsicha);<\/p>\n<p>-Frutas (ma\u00e7as, buti\u00e1s, guabiroba, sete-capotes);<\/p>\n<p>-Bebidas fermentadas (vinhos, fermentados de frutas);<\/p>\n<p>-\u00d3leos essenciais.<\/p>\n<p>3- Para uso do equipamento deve ser agendado diretamente com o Prof. Roger Wagner<\/p>\n<p>Viabilisa\u00e7\u00e3o do uso:\u00a0<\/p>\n<p>1- O equipamento utiliza H\u00e9lio ultrapuro como g\u00e1s de arraste.<\/p>\n<p>2- O usu\u00e1rio dever\u00e1 escolher o m\u00e9todo que ser\u00e1 utilizado, o que contempla: coluna, velocidade do fluxo do g\u00e1s, temperatura do injetor, forno e detector.<\/p>\n<p>3- O usu\u00e1rio \u00e9 respons\u00e1vel por providenciar gases, padr\u00f5es, coluna, septos, ferrolhos, Fonte de ioniza\u00e7\u00e3o, \u00f3leo para bomba mec\u00e2nica, entre outros e caso necess\u00e1rio substituir os que est\u00e3o em uso tamb\u00e9m liner e seringa para inje\u00e7\u00e3o e preparar a amostra.<\/p>\n<p>4- O usu\u00e1rio dever\u00e1 comprovar experi\u00eancia pr\u00e9via no uso equipamento ou realizar um treinamento para uso do mesmo, acompanhando outros alunos que est\u00e3o utilizando o equipamento. Este treinamento dever\u00e1 ser agendado com o Prof. Roger Wagner. Como a opera\u00e7\u00e3o \u00e9 complexa, o treinamento requer tempo.<\/p>\n<p>5- Sempre que for utilizado o equipamento, deve-se anotar o uso no caderno de registro de uso, que fica em cima do equipamento, indicando as informa\u00e7\u00f5es solicitadas.<\/p>\n<p>\u00a0<\/p>\n<p><strong>TODOS OS TRABALHOS RESULTANTES DO USO DESTE TEXTUR\u00d4METRO (TESES, DISSERTA\u00c7\u00d5ES, TRABALHOS EM EVENTOS, ARTIGOS OU PATENTES) DEVER\u00c3O INCLUIR O SEGUINTE AGRADECIMENTO:<br \/>\u00a0\u201cApoio Edital CT-INFRA 2005\u201d<\/strong><\/p>\n","protected":false},"excerpt":{"rendered":"<p>Configura\u00e7\u00e3o:\u00a0Marca Shimadzu, modelo QP-2010Plus, injetor autom\u00e1tico Local:\u00a0Lab. 102, NIDAL Respons\u00e1vel:\u00a0Prof. Roger Wagner, ramal 8822,\u00a0e-mail:\u00a0rogerwag@gmail.com \u00a0 Instru\u00e7\u00e3o\/requisitos para agendamento\/uso:\u00a0 1- Equipamento atualmente destinado a an\u00e1lise de constituintes vol\u00e1teis em alimentos. Preferencialmente tem-se usado t\u00e9cnicas de headspace para isolamento dos vol\u00e1teis. 2-\u00a0Amostras j\u00e1 avaliadas no equipamento: -Produtos c\u00e1rneos (salame, carnes de ovino, aves e peixes, presunto curado, [&hellip;]<\/p>\n","protected":false},"author":118,"featured_media":0,"parent":0,"menu_order":0,"comment_status":"closed","ping_status":"closed","template":"","meta":{"footnotes":""},"categories":[],"tags":[],"class_list":["post-197","page","type-page","status-publish","hentry"],"acf":[],"_links":{"self":[{"href":"https:\/\/www.ufsm.br\/cursos\/pos-graduacao\/santa-maria\/ppgcta\/wp-json\/wp\/v2\/pages\/197","targetHints":{"allow":["GET"]}}],"collection":[{"href":"https:\/\/www.ufsm.br\/cursos\/pos-graduacao\/santa-maria\/ppgcta\/wp-json\/wp\/v2\/pages"}],"about":[{"href":"https:\/\/www.ufsm.br\/cursos\/pos-graduacao\/santa-maria\/ppgcta\/wp-json\/wp\/v2\/types\/page"}],"author":[{"embeddable":true,"href":"https:\/\/www.ufsm.br\/cursos\/pos-graduacao\/santa-maria\/ppgcta\/wp-json\/wp\/v2\/users\/118"}],"replies":[{"embeddable":true,"href":"https:\/\/www.ufsm.br\/cursos\/pos-graduacao\/santa-maria\/ppgcta\/wp-json\/wp\/v2\/comments?post=197"}],"version-history":[{"count":0,"href":"https:\/\/www.ufsm.br\/cursos\/pos-graduacao\/santa-maria\/ppgcta\/wp-json\/wp\/v2\/pages\/197\/revisions"}],"wp:attachment":[{"href":"https:\/\/www.ufsm.br\/cursos\/pos-graduacao\/santa-maria\/ppgcta\/wp-json\/wp\/v2\/media?parent=197"}],"wp:term":[{"taxonomy":"category","embeddable":true,"href":"https:\/\/www.ufsm.br\/cursos\/pos-graduacao\/santa-maria\/ppgcta\/wp-json\/wp\/v2\/categories?post=197"},{"taxonomy":"post_tag","embeddable":true,"href":"https:\/\/www.ufsm.br\/cursos\/pos-graduacao\/santa-maria\/ppgcta\/wp-json\/wp\/v2\/tags?post=197"}],"curies":[{"name":"wp","href":"https:\/\/api.w.org\/{rel}","templated":true}]}}