{"id":201,"date":"2019-02-05T10:06:31","date_gmt":"2019-02-05T12:06:31","guid":{"rendered":"https:\/\/www.ufsm.br\/cursos\/pos-graduacao\/santa-maria\/ppgcta\/?page_id=201"},"modified":"2019-02-05T10:06:34","modified_gmt":"2019-02-05T12:06:34","slug":"nirs","status":"publish","type":"page","link":"https:\/\/www.ufsm.br\/cursos\/pos-graduacao\/santa-maria\/ppgcta\/nirs","title":{"rendered":"NIRS"},"content":{"rendered":"\n<ul>\n<li>Configura\u00e7\u00e3o:\u00a0Espectr\u00f4metro NIRSystem 5000 (Foss NIRSNIRSystems Inc., Silver\u00a0Spring, MD, USA), amplitude de leitura de 1100 a 2498nm,\u00a0acoplado a computador equipado com software Vision\u00ae<\/li>\n<li>Local:\u00a0Sala 117 NIDAL (pr\u00e9dio 46)<\/li>\n<li>Respons\u00e1vel:\u00a0Prof. Jos\u00e9 Laerte N\u00f6rnberg, ramal\u00a08547 (NIDAL),\u00a0e-mail:\u00a0<span id=\"cloak92281\"><a href=\"mailto:jlnornberg@gmail.com\">jlnornberg@gmail.com<\/a><\/span><\/li>\n<\/ul>\n<p>\u00a0<\/p>\n<p>Instru\u00e7\u00e3o\/requisitos para agendamento\/uso:\u00a0<\/p>\n<p>1-\u00a0 O equipamento n\u00e3o possui curvas de calibra\u00e7\u00e3o implantadas e tem como prop\u00f3sito o desenvolvimento das mesmas, portanto n\u00e3o est\u00e1 apto a an\u00e1lises de rotina.<\/p>\n<p>2-\u00a0 A opera\u00e7\u00e3o do equipamento \u00e9 relativamente complexa, portanto, para seu uso pleno \u00e9 necess\u00e1rio treinamento e conhecimentos quimiom\u00e9tricos que possibilitem a elabora\u00e7\u00e3o de curvas de calibra\u00e7\u00e3o para o alimento\/produto e o analito(s) de interesse.<\/p>\n<p>3- Para a elabora\u00e7\u00e3o de curvas de calibra\u00e7\u00e3o \u00e9 necess\u00e1rio an\u00e1lises pelo m\u00e9todo de refer\u00eancia para a constru\u00e7\u00e3o do banco de dados.<\/p>\n<p>4- O usu\u00e1rio \u00e9 respons\u00e1vel por qualquer dano que possa ocorrer durante o seu uso, sendo obrigat\u00f3rio o respectivo ressarcimento.<\/p>\n<p>5- Em caso de interesse no uso do mesmo dever\u00e1 ser feito agendamento pr\u00e9vio com o respons\u00e1vel.<\/p>\n<p>\u00a0<\/p>\n<p align=\"center\"><strong>TODOS OS TRABALHOS RESULTANTES DO USO DESTE TEXTUR\u00d4METRO (TESES, DISSERTA\u00c7\u00d5ES, TRABALHOS EM EVENTOS, ARTIGOS OU PATENTES) DEVER\u00c3O INCLUIR O SEGUINTE AGRADECIMENTO:<br \/>\u00a0\u201cApoio Edital CT-INFRA 04\/2003\u201d<\/strong><\/p>\n","protected":false},"excerpt":{"rendered":"<p>Configura\u00e7\u00e3o:\u00a0Espectr\u00f4metro NIRSystem 5000 (Foss NIRSNIRSystems Inc., Silver\u00a0Spring, MD, USA), amplitude de leitura de 1100 a 2498nm,\u00a0acoplado a computador equipado com software Vision\u00ae Local:\u00a0Sala 117 NIDAL (pr\u00e9dio 46) Respons\u00e1vel:\u00a0Prof. Jos\u00e9 Laerte N\u00f6rnberg, ramal\u00a08547 (NIDAL),\u00a0e-mail:\u00a0jlnornberg@gmail.com \u00a0 Instru\u00e7\u00e3o\/requisitos para agendamento\/uso:\u00a0 1-\u00a0 O equipamento n\u00e3o possui curvas de calibra\u00e7\u00e3o implantadas e tem como prop\u00f3sito o desenvolvimento das mesmas, portanto [&hellip;]<\/p>\n","protected":false},"author":118,"featured_media":0,"parent":0,"menu_order":0,"comment_status":"closed","ping_status":"closed","template":"","meta":{"footnotes":""},"categories":[],"tags":[],"class_list":["post-201","page","type-page","status-publish","hentry"],"acf":[],"_links":{"self":[{"href":"https:\/\/www.ufsm.br\/cursos\/pos-graduacao\/santa-maria\/ppgcta\/wp-json\/wp\/v2\/pages\/201","targetHints":{"allow":["GET"]}}],"collection":[{"href":"https:\/\/www.ufsm.br\/cursos\/pos-graduacao\/santa-maria\/ppgcta\/wp-json\/wp\/v2\/pages"}],"about":[{"href":"https:\/\/www.ufsm.br\/cursos\/pos-graduacao\/santa-maria\/ppgcta\/wp-json\/wp\/v2\/types\/page"}],"author":[{"embeddable":true,"href":"https:\/\/www.ufsm.br\/cursos\/pos-graduacao\/santa-maria\/ppgcta\/wp-json\/wp\/v2\/users\/118"}],"replies":[{"embeddable":true,"href":"https:\/\/www.ufsm.br\/cursos\/pos-graduacao\/santa-maria\/ppgcta\/wp-json\/wp\/v2\/comments?post=201"}],"version-history":[{"count":0,"href":"https:\/\/www.ufsm.br\/cursos\/pos-graduacao\/santa-maria\/ppgcta\/wp-json\/wp\/v2\/pages\/201\/revisions"}],"wp:attachment":[{"href":"https:\/\/www.ufsm.br\/cursos\/pos-graduacao\/santa-maria\/ppgcta\/wp-json\/wp\/v2\/media?parent=201"}],"wp:term":[{"taxonomy":"category","embeddable":true,"href":"https:\/\/www.ufsm.br\/cursos\/pos-graduacao\/santa-maria\/ppgcta\/wp-json\/wp\/v2\/categories?post=201"},{"taxonomy":"post_tag","embeddable":true,"href":"https:\/\/www.ufsm.br\/cursos\/pos-graduacao\/santa-maria\/ppgcta\/wp-json\/wp\/v2\/tags?post=201"}],"curies":[{"name":"wp","href":"https:\/\/api.w.org\/{rel}","templated":true}]}}