{"id":229,"date":"2019-02-05T11:34:25","date_gmt":"2019-02-05T13:34:25","guid":{"rendered":"https:\/\/www.ufsm.br\/cursos\/pos-graduacao\/santa-maria\/ppgcta\/?page_id=229"},"modified":"2022-05-03T10:29:43","modified_gmt":"2022-05-03T13:29:43","slug":"atas-de-reunioes","status":"publish","type":"page","link":"https:\/\/www.ufsm.br\/cursos\/pos-graduacao\/santa-maria\/ppgcta\/atas-de-reunioes","title":{"rendered":"Atas de Reuni\u00f5es"},"content":{"rendered":"\t\t<div data-elementor-type=\"wp-post\" data-elementor-id=\"229\" class=\"elementor elementor-229\">\n\t\t\t\t\t\t<section class=\"elementor-section elementor-top-section elementor-element elementor-element-25d8a1af elementor-section-boxed elementor-section-height-default elementor-section-height-default\" data-id=\"25d8a1af\" data-element_type=\"section\">\n\t\t\t\t\t\t<div class=\"elementor-container elementor-column-gap-default\">\n\t\t\t\t\t<div class=\"elementor-column elementor-col-100 elementor-top-column elementor-element elementor-element-e8cccd5\" data-id=\"e8cccd5\" data-element_type=\"column\">\n\t\t\t<div class=\"elementor-widget-wrap elementor-element-populated\">\n\t\t\t\t\t\t<div class=\"elementor-element elementor-element-617e1398 elementor-widget elementor-widget-text-editor\" data-id=\"617e1398\" data-element_type=\"widget\" data-widget_type=\"text-editor.default\">\n\t\t\t\t<div class=\"elementor-widget-container\">\n\t\t\t\t\t\t\t<p><!-- wp:tadv\/classic-paragraph --><\/p>\n<p><strong>A partir de janeiro de 2022, as atas estar\u00e3o dispon\u00edveis atrav\u00e9s do Portal de Processos PEN-SIE. Em\u00a0<\/strong><span style=\"background-color: var(--bs-body-bg);text-align: var(--bs-body-text-align)\"><b><a href=\"https:\/\/portal.ufsm.br\/documentos\/publico\/processo\/consulta.html\">https:\/\/portal.ufsm.br\/documentos\/publico\/processo\/consulta.html<\/a>, no campo Descri\u00e7\u00e3o, pesquise por &#8220;Ata Colegiado PPGCTA&#8221; (sem as aspas).<\/b><\/span><\/p>\n<p><strong style=\"color: #000000;font-size: 1rem;background-color: var(--bs-body-bg);text-align: var(--bs-body-text-align)\">COLEGIADO<\/strong><\/p>\n<ul>\n<li><a href=\"https:\/\/www.ufsm.br\/cursos\/pos-graduacao\/santa-maria\/ppgcta\/wp-content\/uploads\/sites\/522\/2019\/02\/2017-07-14_-Ata-da-Reunio-do-Colegiado-05-2017.pdf\" target=\"_blank\" rel=\"noopener\">\u00a0Ata 05\/2017<\/a><\/li>\n<li><a href=\"https:\/\/www.ufsm.br\/cursos\/pos-graduacao\/santa-maria\/ppgcta\/wp-content\/uploads\/sites\/522\/2019\/02\/2017-08-25_-Ata-da-Reunio-do-Colegiado-06-2017.pdf\" target=\"_blank\" rel=\"noopener\">\u00a0Ata 06\/2017<\/a><\/li>\n<li><a href=\"https:\/\/www.ufsm.br\/cursos\/pos-graduacao\/santa-maria\/ppgcta\/wp-content\/uploads\/sites\/522\/2019\/02\/2017-09-15_-Ata-da-Reunio-do-Colegiado-07-2017.pdf\" target=\"_blank\" rel=\"noopener\">\u00a0Ata 07\/2017<\/a><\/li>\n<li><a href=\"https:\/\/www.ufsm.br\/cursos\/pos-graduacao\/santa-maria\/ppgcta\/wp-content\/uploads\/sites\/522\/2019\/02\/2017-10-20_-Ata-da-Reunio-do-Colegiado-08-2017.pdf\" target=\"_blank\" rel=\"noopener\">\u00a0Ata 08\/2017<\/a><\/li>\n<li><a href=\"https:\/\/www.ufsm.br\/cursos\/pos-graduacao\/santa-maria\/ppgcta\/wp-content\/uploads\/sites\/522\/2019\/02\/2018-02-28_-Ata-da-Reunio-do-Colegiado-01-2018.pdf\" target=\"_blank\" rel=\"noopener\">\u00a0Ata 01\/2018<\/a><\/li>\n<li><a href=\"https:\/\/www.ufsm.br\/cursos\/pos-graduacao\/santa-maria\/ppgcta\/wp-content\/uploads\/sites\/522\/2019\/02\/2018-03-19_-Ata-da-Reunio-do-Colegiado-02-2018.pdf\" target=\"_blank\" rel=\"noopener\">\u00a0Ata 02\/2018<\/a><\/li>\n<li><a href=\"https:\/\/www.ufsm.br\/cursos\/pos-graduacao\/santa-maria\/ppgcta\/wp-content\/uploads\/sites\/522\/2019\/02\/2018-03-27_-Ata-da-Reunio-do-Colegiado-03-2018-Extraordinria.pdf\" target=\"_blank\" rel=\"noopener\">\u00a0Ata 03\/2018<\/a><\/li>\n<li><a href=\"https:\/\/www.ufsm.br\/cursos\/pos-graduacao\/santa-maria\/ppgcta\/wp-content\/uploads\/sites\/522\/2019\/02\/2018-04-17_-Ata-da-Reunio-do-Colegiado-04-2018.pdf\" target=\"_blank\" rel=\"noopener\">\u00a0Ata 04\/2018<\/a><\/li>\n<li><a href=\"https:\/\/www.ufsm.br\/cursos\/pos-graduacao\/santa-maria\/ppgcta\/wp-content\/uploads\/sites\/522\/2019\/02\/2018-05-21_-Ata-da-Reunio-do-Colegiado-05-2018.pdf\" target=\"_blank\" rel=\"noopener\">\u00a0Ata 05\/2018<\/a><\/li>\n<li><a href=\"https:\/\/www.ufsm.br\/cursos\/pos-graduacao\/santa-maria\/ppgcta\/wp-content\/uploads\/sites\/522\/2019\/02\/2018-06-22_-Ata-da-Reunio-do-Colegiado-06-2018.pdf\" target=\"_blank\" rel=\"noopener\">\u00a0Ata 06\/2018<\/a><\/li>\n<li><a href=\"https:\/\/www.ufsm.br\/cursos\/pos-graduacao\/santa-maria\/ppgcta\/wp-content\/uploads\/sites\/522\/2019\/02\/2018-08-31_-Ata-da-Reunio-do-Colegiado-07-2018-1.pdf\" target=\"_blank\" rel=\"noopener\">\u00a0Ata 07\/2018<\/a><\/li>\n<li><a href=\"https:\/\/www.ufsm.br\/cursos\/pos-graduacao\/santa-maria\/ppgcta\/wp-content\/uploads\/sites\/522\/2019\/02\/2018-09-24_-Ata-da-Reunio-do-Colegiado-08-2018-1.pdf\" target=\"_blank\" rel=\"noopener\">\u00a0Ata 08\/2018<\/a><\/li>\n<li>\u00a0<span style=\"background-color: #ffffff\"><a href=\"https:\/\/www.ufsm.br\/cursos\/pos-graduacao\/santa-maria\/ppgcta\/wp-content\/uploads\/sites\/522\/2019\/03\/2018-10-19_-Ata-da-Reuni\u00e3o-do-Colegiado-09-2018.pdf\">Ata 09\/2018<\/a><\/span><\/li>\n<li>\u00a0<a href=\"https:\/\/www.ufsm.br\/cursos\/pos-graduacao\/santa-maria\/ppgcta\/wp-content\/uploads\/sites\/522\/2019\/03\/2018-12-17_-Ata-da-Reuni\u00e3o-do-Colegiado-10-2018.pdf\" target=\"_blank\" rel=\"noopener\">Ata 10\/2018\u00a0<\/a><\/li>\n<li><a href=\"https:\/\/www.ufsm.br\/cursos\/pos-graduacao\/santa-maria\/ppgcta\/wp-content\/uploads\/sites\/522\/2019\/07\/2019-03-26_-Ata-da-Reuni\u00e3o-do-Colegiado-01-2019.pdf\" target=\"_blank\" rel=\"noopener\">\u00a0Ata 01\/2019\u00a0<\/a><\/li>\n<li><a href=\"https:\/\/www.ufsm.br\/cursos\/pos-graduacao\/santa-maria\/ppgcta\/wp-content\/uploads\/sites\/522\/2019\/07\/2019-04-26_-Ata-da-Reuni\u00e3o-do-Colegiado-02-2019.pdf\" target=\"_blank\" rel=\"noopener\">Ata 02\/2019<\/a><\/li>\n<li><a href=\"https:\/\/www.ufsm.br\/cursos\/pos-graduacao\/santa-maria\/ppgcta\/wp-content\/uploads\/sites\/522\/2019\/07\/2019-05-31_-Ata-da-Reuni\u00e3o-do-Colegiado-03-2019.pdf\" target=\"_blank\" rel=\"noopener\">Ata 03\/2019<\/a><\/li>\n<li><a href=\"https:\/\/www.ufsm.br\/cursos\/pos-graduacao\/santa-maria\/ppgcta\/wp-content\/uploads\/sites\/522\/2019\/07\/2019-06-11_-Ata-da-Reuni\u00e3o-do-Colegiado-04-2019-Extraordin\u00e1ria.pdf\" target=\"_blank\" rel=\"noopener\">Ata 04\/2019<\/a><\/li>\n<li><a href=\"https:\/\/www.ufsm.br\/cursos\/pos-graduacao\/santa-maria\/ppgcta\/wp-content\/uploads\/sites\/522\/2020\/01\/2019-06-25_-Ata-da-Reuni\u00e3o-do-Colegiado-05-2019.pdf\" target=\"_blank\" rel=\"noopener\">Ata 05\/2019<\/a><\/li>\n<li><a href=\"https:\/\/www.ufsm.br\/cursos\/pos-graduacao\/santa-maria\/ppgcta\/wp-content\/uploads\/sites\/522\/2020\/01\/2019-08-28_-Ata-da-Reuni\u00e3o-do-Colegiado-06-2019.pdf\" target=\"_blank\" rel=\"noopener\">Ata 06\/2019<\/a><\/li>\n<li><a href=\"https:\/\/www.ufsm.br\/cursos\/pos-graduacao\/santa-maria\/ppgcta\/wp-content\/uploads\/sites\/522\/2020\/01\/2019-09-25_-Ata-da-Reuni\u00e3o-do-Colegiado-07-2019.pdf\" target=\"_blank\" rel=\"noopener\">Ata 07\/2019<\/a><\/li>\n<li><a href=\"https:\/\/www.ufsm.br\/cursos\/pos-graduacao\/santa-maria\/ppgcta\/wp-content\/uploads\/sites\/522\/2020\/01\/2019-11-20_-Ata-da-Reuni\u00e3o-do-Colegiado-08-2019.pdf\" target=\"_blank\" rel=\"noopener\">Ata 08\/2019<\/a><\/li>\n<li><a href=\"https:\/\/www.ufsm.br\/app\/uploads\/sites\/522\/2021\/06\/2019-12-12_-Ata-da-Reuniao-do-Colegiado-09-2019-1.pdf\" target=\"_blank\" rel=\"noopener\">Ata 09\/2019<\/a><\/li>\n<li><a href=\"https:\/\/www.ufsm.br\/app\/uploads\/sites\/522\/2021\/06\/2020-03-11_-Ata-da-Reuniao-do-Colegiado-01-2020-1.pdf\" target=\"_blank\" rel=\"noopener\">Ata 01\/2020<\/a><\/li>\n<li><a href=\"https:\/\/www.ufsm.br\/app\/uploads\/sites\/522\/2021\/06\/2020-09-25_-Ata-da-Reuniao-do-Colegiado-02-2020.pdf\" target=\"_blank\" rel=\"noopener\">Ata 02\/2020<\/a><\/li>\n<li><a href=\"https:\/\/www.ufsm.br\/app\/uploads\/sites\/522\/2021\/06\/2020-11-20_-Ata-da-Reuniao-do-Colegiado-03-2020-versao-correta.pdf\" target=\"_blank\" rel=\"noopener\">Ata 03\/2020<\/a><\/li>\n<li><a href=\"https:\/\/www.ufsm.br\/app\/uploads\/sites\/522\/2021\/06\/2020-11-27_-Ata-da-Reuniao-do-Colegiado-04-2020.pdf\" target=\"_blank\" rel=\"noopener\">Ata 04\/2020<\/a><\/li>\n<li><a href=\"https:\/\/www.ufsm.br\/app\/uploads\/sites\/522\/2021\/06\/2021-02-18_-Ata-da-Reuniao-do-Colegiado-01-2021.pdf\" target=\"_blank\" rel=\"noopener\">Ata 01\/2021<\/a><\/li>\n<li><a href=\"https:\/\/www.ufsm.br\/app\/uploads\/sites\/522\/2021\/06\/2021-05-14_-Ata-da-Reuniao-do-Colegiado-02-2021.pdf\" target=\"_blank\" rel=\"noopener\">Ata 02\/2021<\/a><\/li>\n<li><a href=\"https:\/\/www.ufsm.br\/app\/uploads\/sites\/522\/2021\/08\/2021-07-02_-Ata-da-Reuniao-do-Colegiado-03-2021.pdf\">Ata 03\/2021<\/a><\/li>\n<li><a href=\"https:\/\/www.ufsm.br\/app\/uploads\/sites\/522\/2021\/08\/2021-08-11_-Ata-da-Reuniao-do-Colegiado-04-2021.pdf\" target=\"_blank\" rel=\"noopener\">Ata 04\/2021<\/a><\/li>\n<li><a href=\"https:\/\/www.ufsm.br\/app\/uploads\/sites\/522\/2022\/05\/2021-09-03_-Ata-da-Reuniao-do-Colegiado-05-2021-vcorreta-1.pdf\" target=\"_blank\" rel=\"noopener\">Ata 05\/2021<\/a><\/li>\n<li><a href=\"https:\/\/www.ufsm.br\/app\/uploads\/sites\/522\/2022\/05\/2021-Ata-06.pdf\" target=\"_blank\" rel=\"noopener\">Ata 06\/2021<\/a><\/li>\n<li><a href=\"https:\/\/www.ufsm.br\/app\/uploads\/sites\/522\/2022\/05\/2021-Ata-07-2.pdf\" target=\"_blank\" rel=\"noopener\">Ata 07\/2021<\/a><\/li>\n<li><a href=\"https:\/\/www.ufsm.br\/app\/uploads\/sites\/522\/2022\/05\/2021-Ata-08-1.pdf\" target=\"_blank\" rel=\"noopener\">Ata 08\/2021<\/a><\/li>\n<\/ul>\n<p><strong>COMISS\u00c3O DE BOLSAS<\/strong><\/p>\n<ul>\n<li><a href=\"https:\/\/www.ufsm.br\/cursos\/pos-graduacao\/santa-maria\/ppgcta\/wp-content\/uploads\/sites\/522\/2019\/02\/2017-07-13_-Ata-da-Reunio-da-Comisso-de-Bolsas-01-2017.pdf\" target=\"_blank\" rel=\"noopener\">\u00a0Ata 01\/2017<\/a><\/li>\n<li><a href=\"https:\/\/www.ufsm.br\/cursos\/pos-graduacao\/santa-maria\/ppgcta\/wp-content\/uploads\/sites\/522\/2019\/02\/2017-10-11_-Ata-da-Reunio-da-Comisso-de-Bolsas-02-2017.pdf\" target=\"_blank\" rel=\"noopener\">\u00a0Ata 02\/2017<\/a><\/li>\n<li><a href=\"https:\/\/www.ufsm.br\/cursos\/pos-graduacao\/santa-maria\/ppgcta\/wp-content\/uploads\/sites\/522\/2019\/02\/2018-02-27_-Ata-da-Reunio-da-Comisso-de-Bolsas-01-2018.pdf\" target=\"_blank\" rel=\"noopener\">\u00a0Ata 01\/2018<\/a><\/li>\n<li><a href=\"https:\/\/www.ufsm.br\/cursos\/pos-graduacao\/santa-maria\/ppgcta\/wp-content\/uploads\/sites\/522\/2019\/02\/2018-07-12_-Ata-da-Reunio-da-Comisso-de-Bolsas-02-2018.pdf\" target=\"_blank\" rel=\"noopener\">\u00a0Ata 02\/2018<\/a><\/li>\n<li><a href=\"https:\/\/www.ufsm.br\/cursos\/pos-graduacao\/santa-maria\/ppgcta\/wp-content\/uploads\/sites\/522\/2019\/02\/2018-07-18_-Ata-da-Reunio-da-Comisso-de-Bolsas-03-2018.pdf\" target=\"_blank\" rel=\"noopener\">\u00a0Ata 03\/2018<\/a><\/li>\n<li><a href=\"https:\/\/www.ufsm.br\/cursos\/pos-graduacao\/santa-maria\/ppgcta\/wp-content\/uploads\/sites\/522\/2019\/02\/2018-10-16_-Ata-da-Reunio-da-Comisso-de-Bolsas-04-2018.pdf\" target=\"_blank\" rel=\"noopener\">\u00a0Ata 04\/2018<\/a><\/li>\n<li>\u00a0<a href=\"https:\/\/www.ufsm.br\/cursos\/pos-graduacao\/santa-maria\/ppgcta\/wp-content\/uploads\/sites\/522\/2019\/03\/2018-12-19_-Ata-da-Reuni\u00e3o-da-Comiss\u00e3o-de-Bolsas-05-2018.pdf\" target=\"_blank\" rel=\"noopener\">Ata 05\/2018<\/a><\/li>\n<li>\u00a0<a href=\"https:\/\/www.ufsm.br\/cursos\/pos-graduacao\/santa-maria\/ppgcta\/wp-content\/uploads\/sites\/522\/2019\/03\/2019-01-24_-Ata-da-Reuni\u00e3o-da-Comiss\u00e3o-de-Bolsas-01-2019.pdf\" target=\"_blank\" rel=\"noopener\">Ata 01\/2019<\/a><\/li>\n<li>\u00a0<a href=\"https:\/\/www.ufsm.br\/cursos\/pos-graduacao\/santa-maria\/ppgcta\/wp-content\/uploads\/sites\/522\/2019\/03\/2019-03-19_-Ata-da-Reuni\u00e3o-da-Comiss\u00e3o-de-Bolsas-02-2019.pdf\" target=\"_blank\" rel=\"noopener\">Ata 02\/2019<\/a><\/li>\n<li><a href=\"https:\/\/www.ufsm.br\/cursos\/pos-graduacao\/santa-maria\/ppgcta\/wp-content\/uploads\/sites\/522\/2019\/07\/2019-06-04_-Ata-da-Reuni\u00e3o-da-Comiss\u00e3o-de-Bolsas-03-2019.pdf\" target=\"_blank\" rel=\"noopener\">Ata 03\/2019<\/a><\/li>\n<\/ul>\n<p><strong>COMISS\u00c3O CIENT\u00cdFICA<\/strong><\/p>\n<ul>\n<li><a href=\"https:\/\/www.ufsm.br\/cursos\/pos-graduacao\/santa-maria\/ppgcta\/wp-content\/uploads\/sites\/522\/2019\/02\/2017-10-20_-Ata-da-Reunio-da-Comisso-Cientfica-01-2017.pdf\" target=\"_blank\" rel=\"noopener\">\u00a0Ata 01\/2017<\/a><\/li>\n<li><a href=\"https:\/\/www.ufsm.br\/cursos\/pos-graduacao\/santa-maria\/ppgcta\/wp-content\/uploads\/sites\/522\/2019\/02\/2017-11-28_-Ata-da-Reunio-da-Comisso-Cientfica-02-2017.pdf\" target=\"_blank\" rel=\"noopener\">\u00a0Ata 02\/2017<\/a><\/li>\n<li><a href=\"https:\/\/www.ufsm.br\/cursos\/pos-graduacao\/santa-maria\/ppgcta\/wp-content\/uploads\/sites\/522\/2019\/02\/2017-12-05_-Ata-da-Reunio-da-Comisso-Cientfica-03-2017.pdf\" target=\"_blank\" rel=\"noopener\">\u00a0Ata 03\/2017<\/a><\/li>\n<li><a href=\"https:\/\/www.ufsm.br\/cursos\/pos-graduacao\/santa-maria\/ppgcta\/wp-content\/uploads\/sites\/522\/2019\/02\/2017-12-14_-Ata-da-Reunio-da-Comisso-Cientfica-04-2017.pdf\" target=\"_blank\" rel=\"noopener\">\u00a0Ata 04\/2017<\/a><\/li>\n<li><a href=\"https:\/\/www.ufsm.br\/cursos\/pos-graduacao\/santa-maria\/ppgcta\/wp-content\/uploads\/sites\/522\/2019\/02\/2018-01-26_-Ata-da-Reunio-da-Comisso-Cientfica-01-2018.pdf\" target=\"_blank\" rel=\"noopener\">\u00a0Ata 01\/2018<\/a><\/li>\n<li><a href=\"https:\/\/www.ufsm.br\/cursos\/pos-graduacao\/santa-maria\/ppgcta\/wp-content\/uploads\/sites\/522\/2019\/02\/2018-03-20_Ata-Parecer-da-Reunio-da-Comisso-Cientfica-02-2018.pdf\" target=\"_blank\" rel=\"noopener\">\u00a0Ata 02\/2018<\/a><\/li>\n<li><a href=\"https:\/\/www.ufsm.br\/cursos\/pos-graduacao\/santa-maria\/ppgcta\/wp-content\/uploads\/sites\/522\/2019\/02\/2018-03-27_-Ata-da-Reunio-da-Comisso-Cientfica-03-2018.pdf\" target=\"_blank\" rel=\"noopener\">\u00a0Ata 03\/2018<\/a><\/li>\n<li><a href=\"https:\/\/www.ufsm.br\/cursos\/pos-graduacao\/santa-maria\/ppgcta\/wp-content\/uploads\/sites\/522\/2019\/02\/2018-05-08_-Ata-da-Reunio-da-Comisso-Cientfica-04-2018.pdf\" target=\"_blank\" rel=\"noopener\">\u00a0Ata 04\/2018<\/a><\/li>\n<li><a href=\"https:\/\/www.ufsm.br\/cursos\/pos-graduacao\/santa-maria\/ppgcta\/wp-content\/uploads\/sites\/522\/2019\/02\/2018-06-26_-Ata-da-Reunio-da-Comisso-Cientfica-05-2018.pdf\" target=\"_blank\" rel=\"noopener\">\u00a0Ata 05\/2018<\/a><\/li>\n<li><a href=\"https:\/\/www.ufsm.br\/cursos\/pos-graduacao\/santa-maria\/ppgcta\/wp-content\/uploads\/sites\/522\/2019\/02\/2018-07-17_-Ata-da-Reunio-da-Comisso-Cientfica-06-2018.pdf\" target=\"_blank\" rel=\"noopener\">\u00a0Ata 06\/2018<\/a><\/li>\n<li><a href=\"https:\/\/www.ufsm.br\/cursos\/pos-graduacao\/santa-maria\/ppgcta\/wp-content\/uploads\/sites\/522\/2019\/02\/2018-10-02_-Ata-da-Reunio-da-Comisso-Cientfica-07-2018.pdf\" target=\"_blank\" rel=\"noopener\">\u00a0Ata 07\/2018<\/a><\/li>\n<li><a href=\"https:\/\/www.ufsm.br\/cursos\/pos-graduacao\/santa-maria\/ppgcta\/wp-content\/uploads\/sites\/522\/2019\/02\/2018-11-06_-Ata-da-Reunio-da-Comisso-Cientfica-08-2018.pdf\" target=\"_blank\" rel=\"noopener\">\u00a0Ata 08\/2018<\/a><\/li>\n<li>\u00a0<a href=\"https:\/\/www.ufsm.br\/cursos\/pos-graduacao\/santa-maria\/ppgcta\/wp-content\/uploads\/sites\/522\/2019\/03\/2018-12-18_-Ata-da-Reuni\u00e3o-da-Comiss\u00e3o-Cient\u00edfica-09-2018.pdf\" target=\"_blank\" rel=\"noopener\">Ata 09\/2018<\/a><\/li>\n<li>\u00a0<a href=\"https:\/\/www.ufsm.br\/cursos\/pos-graduacao\/santa-maria\/ppgcta\/wp-content\/uploads\/sites\/522\/2019\/03\/2019-02-04_-Ata-da-Reuni\u00e3o-da-Comiss\u00e3o-Cient\u00edfica-01-2019.pdf\" target=\"_blank\" rel=\"noopener\">Ata 01\/2019<\/a><\/li>\n<li><a href=\"https:\/\/www.ufsm.br\/cursos\/pos-graduacao\/santa-maria\/ppgcta\/wp-content\/uploads\/sites\/522\/2019\/07\/2019-03-28_-Ata-da-Reuni\u00e3o-da-Comiss\u00e3o-Cient\u00edfica-02-2019.pdf\" target=\"_blank\" rel=\"noopener\">Ata 02\/2019<\/a><\/li>\n<li><a href=\"https:\/\/www.ufsm.br\/cursos\/pos-graduacao\/santa-maria\/ppgcta\/wp-content\/uploads\/sites\/522\/2019\/07\/2019-04-23_-Ata-da-Reuni\u00e3o-da-Comiss\u00e3o-Cient\u00edfica-03-2019.pdf\" target=\"_blank\" rel=\"noopener\">Ata 03\/2019<\/a><\/li>\n<\/ul>\n<p><!-- \/wp:tadv\/classic-paragraph --><\/p>\t\t\t\t\t\t<\/div>\n\t\t\t\t<\/div>\n\t\t\t\t\t<\/div>\n\t\t<\/div>\n\t\t\t\t\t<\/div>\n\t\t<\/section>\n\t\t\t\t<\/div>\n\t\t","protected":false},"excerpt":{"rendered":"<p>A partir de janeiro de 2022, as atas estar\u00e3o dispon\u00edveis atrav\u00e9s do Portal de Processos PEN-SIE. Em\u00a0https:\/\/portal.ufsm.br\/documentos\/publico\/processo\/consulta.html, no campo Descri\u00e7\u00e3o, pesquise por &#8220;Ata Colegiado PPGCTA&#8221; (sem as aspas). COLEGIADO \u00a0Ata 05\/2017 \u00a0Ata 06\/2017 \u00a0Ata 07\/2017 \u00a0Ata 08\/2017 \u00a0Ata 01\/2018 \u00a0Ata 02\/2018 \u00a0Ata 03\/2018 \u00a0Ata 04\/2018 \u00a0Ata 05\/2018 \u00a0Ata 06\/2018 \u00a0Ata 07\/2018 \u00a0Ata 08\/2018 \u00a0Ata 09\/2018 [&hellip;]<\/p>\n","protected":false},"author":118,"featured_media":0,"parent":0,"menu_order":0,"comment_status":"closed","ping_status":"closed","template":"","meta":{"footnotes":""},"categories":[],"tags":[],"class_list":["post-229","page","type-page","status-publish","hentry"],"acf":[],"_links":{"self":[{"href":"https:\/\/www.ufsm.br\/cursos\/pos-graduacao\/santa-maria\/ppgcta\/wp-json\/wp\/v2\/pages\/229","targetHints":{"allow":["GET"]}}],"collection":[{"href":"https:\/\/www.ufsm.br\/cursos\/pos-graduacao\/santa-maria\/ppgcta\/wp-json\/wp\/v2\/pages"}],"about":[{"href":"https:\/\/www.ufsm.br\/cursos\/pos-graduacao\/santa-maria\/ppgcta\/wp-json\/wp\/v2\/types\/page"}],"author":[{"embeddable":true,"href":"https:\/\/www.ufsm.br\/cursos\/pos-graduacao\/santa-maria\/ppgcta\/wp-json\/wp\/v2\/users\/118"}],"replies":[{"embeddable":true,"href":"https:\/\/www.ufsm.br\/cursos\/pos-graduacao\/santa-maria\/ppgcta\/wp-json\/wp\/v2\/comments?post=229"}],"version-history":[{"count":0,"href":"https:\/\/www.ufsm.br\/cursos\/pos-graduacao\/santa-maria\/ppgcta\/wp-json\/wp\/v2\/pages\/229\/revisions"}],"wp:attachment":[{"href":"https:\/\/www.ufsm.br\/cursos\/pos-graduacao\/santa-maria\/ppgcta\/wp-json\/wp\/v2\/media?parent=229"}],"wp:term":[{"taxonomy":"category","embeddable":true,"href":"https:\/\/www.ufsm.br\/cursos\/pos-graduacao\/santa-maria\/ppgcta\/wp-json\/wp\/v2\/categories?post=229"},{"taxonomy":"post_tag","embeddable":true,"href":"https:\/\/www.ufsm.br\/cursos\/pos-graduacao\/santa-maria\/ppgcta\/wp-json\/wp\/v2\/tags?post=229"}],"curies":[{"name":"wp","href":"https:\/\/api.w.org\/{rel}","templated":true}]}}