{"id":277,"date":"2019-02-05T12:32:18","date_gmt":"2019-02-05T14:32:18","guid":{"rendered":"https:\/\/www.ufsm.br\/cursos\/pos-graduacao\/santa-maria\/ppgcta\/?page_id=277"},"modified":"2023-05-26T11:31:56","modified_gmt":"2023-05-26T14:31:56","slug":"teste-de-suficiencia","status":"publish","type":"page","link":"https:\/\/www.ufsm.br\/cursos\/pos-graduacao\/santa-maria\/ppgcta\/teste-de-suficiencia","title":{"rendered":"Teste de Sufici\u00eancia"},"content":{"rendered":"\t\t<div data-elementor-type=\"wp-page\" data-elementor-id=\"277\" class=\"elementor elementor-277\">\n\t\t\t\t\t\t<section class=\"elementor-section elementor-top-section elementor-element elementor-element-3269d44b elementor-section-boxed elementor-section-height-default elementor-section-height-default\" data-id=\"3269d44b\" data-element_type=\"section\">\n\t\t\t\t\t\t<div class=\"elementor-container elementor-column-gap-default\">\n\t\t\t\t\t<div class=\"elementor-column elementor-col-100 elementor-top-column elementor-element elementor-element-61506489\" data-id=\"61506489\" data-element_type=\"column\">\n\t\t\t<div class=\"elementor-widget-wrap elementor-element-populated\">\n\t\t\t\t\t\t<div class=\"elementor-element elementor-element-60a2b7c5 elementor-widget elementor-widget-text-editor\" data-id=\"60a2b7c5\" data-element_type=\"widget\" data-widget_type=\"text-editor.default\">\n\t\t\t\t<div class=\"elementor-widget-container\">\n\t\t\t\t\t\t\t<!-- wp:tadv\/classic-paragraph -->\n<p>\u00c9 recomendado que os alunos realizem o Teste de Sufici\u00eancia em L\u00edngua Estrangeira (TESLLE) no primeiro semestre em que realizarem a matr\u00edcula, pois assim haver\u00e1 tempo suficiente para repetir o exame em caso de reprova\u00e7\u00e3o.<\/p>\n<p>Informa\u00e7\u00f5es necess\u00e1rias para realizar o TESLLE podem ser obtidas no seguinte link: <a href=\"https:\/\/www.ufsm.br\/pro-reitorias\/prpgp\/teslle\">TESTE DE PROFICI\u00caNCIA<\/a><\/p>\n<p>Para os alunos do Curso de Mestrado \u00e9 exigido a aprova\u00e7\u00e3o no Teste de Sufici\u00eancia em Ingl\u00eas.<\/p>\n<p>Para os alunos do Curso de Doutorado, al\u00e9m do Ingl\u00eas, tamb\u00e9m \u00e9 exigido a aprova\u00e7\u00e3o no Teste de Sufici\u00eancia em Espanhol ou Franc\u00eas ou Italiano ou Alem\u00e3o.<\/p>\n<p><strong>Tutorial Teste de profici\u00eancia.<\/strong> <a href=\"https:\/\/www.ufsm.br\/pro-reitorias\/prpgp\/servicos\/comprovacao-de-suficiencia-em-lingua-estrangeira\">Clique Aqui.<\/a><\/p>\n<!-- \/wp:tadv\/classic-paragraph -->\t\t\t\t\t\t<\/div>\n\t\t\t\t<\/div>\n\t\t\t\t\t<\/div>\n\t\t<\/div>\n\t\t\t\t\t<\/div>\n\t\t<\/section>\n\t\t\t\t<section class=\"elementor-section elementor-top-section elementor-element elementor-element-07579b0 elementor-section-boxed elementor-section-height-default elementor-section-height-default\" data-id=\"07579b0\" data-element_type=\"section\">\n\t\t\t\t\t\t<div class=\"elementor-container elementor-column-gap-default\">\n\t\t\t\t\t<div class=\"elementor-column elementor-col-100 elementor-top-column elementor-element elementor-element-5b69f1f\" data-id=\"5b69f1f\" data-element_type=\"column\">\n\t\t\t<div class=\"elementor-widget-wrap elementor-element-populated\">\n\t\t\t\t\t\t<div class=\"elementor-element elementor-element-745e27d elementor-align-center elementor-widget elementor-widget-button\" data-id=\"745e27d\" data-element_type=\"widget\" data-widget_type=\"button.default\">\n\t\t\t\t<div class=\"elementor-widget-container\">\n\t\t\t\t\t\t\t<div class=\"elementor-button-wrapper\">\n\t\t\t\t\t<a class=\"elementor-button elementor-button-link elementor-size-sm\" href=\"https:\/\/www.ufsm.br\/app\/uploads\/sites\/522\/2023\/05\/Requerimento_Comprovacao_Suf_Lingua_Estrangeira_NCAPG-1.docx\">\n\t\t\t\t\t\t<span class=\"elementor-button-content-wrapper\">\n\t\t\t\t\t\t\t\t\t<span class=\"elementor-button-text\">Formul\u00e1rio Teste de Sufici\u00eancia em L\u00edngua Estrangeira<\/span>\n\t\t\t\t\t<\/span>\n\t\t\t\t\t<\/a>\n\t\t\t\t<\/div>\n\t\t\t\t\t\t<\/div>\n\t\t\t\t<\/div>\n\t\t\t\t\t<\/div>\n\t\t<\/div>\n\t\t\t\t\t<\/div>\n\t\t<\/section>\n\t\t\t\t<\/div>\n\t\t","protected":false},"excerpt":{"rendered":"<p>\u00c9 recomendado que os alunos realizem o Teste de Sufici\u00eancia em L\u00edngua Estrangeira (TESLLE) no primeiro semestre em que realizarem a matr\u00edcula, pois assim haver\u00e1 tempo suficiente para repetir o exame em caso de reprova\u00e7\u00e3o. Informa\u00e7\u00f5es necess\u00e1rias para realizar o TESLLE podem ser obtidas no seguinte link: TESTE DE PROFICI\u00caNCIA Para os alunos do Curso [&hellip;]<\/p>\n","protected":false},"author":118,"featured_media":0,"parent":0,"menu_order":0,"comment_status":"closed","ping_status":"closed","template":"","meta":{"footnotes":""},"categories":[],"tags":[],"class_list":["post-277","page","type-page","status-publish","hentry"],"acf":[],"_links":{"self":[{"href":"https:\/\/www.ufsm.br\/cursos\/pos-graduacao\/santa-maria\/ppgcta\/wp-json\/wp\/v2\/pages\/277","targetHints":{"allow":["GET"]}}],"collection":[{"href":"https:\/\/www.ufsm.br\/cursos\/pos-graduacao\/santa-maria\/ppgcta\/wp-json\/wp\/v2\/pages"}],"about":[{"href":"https:\/\/www.ufsm.br\/cursos\/pos-graduacao\/santa-maria\/ppgcta\/wp-json\/wp\/v2\/types\/page"}],"author":[{"embeddable":true,"href":"https:\/\/www.ufsm.br\/cursos\/pos-graduacao\/santa-maria\/ppgcta\/wp-json\/wp\/v2\/users\/118"}],"replies":[{"embeddable":true,"href":"https:\/\/www.ufsm.br\/cursos\/pos-graduacao\/santa-maria\/ppgcta\/wp-json\/wp\/v2\/comments?post=277"}],"version-history":[{"count":0,"href":"https:\/\/www.ufsm.br\/cursos\/pos-graduacao\/santa-maria\/ppgcta\/wp-json\/wp\/v2\/pages\/277\/revisions"}],"wp:attachment":[{"href":"https:\/\/www.ufsm.br\/cursos\/pos-graduacao\/santa-maria\/ppgcta\/wp-json\/wp\/v2\/media?parent=277"}],"wp:term":[{"taxonomy":"category","embeddable":true,"href":"https:\/\/www.ufsm.br\/cursos\/pos-graduacao\/santa-maria\/ppgcta\/wp-json\/wp\/v2\/categories?post=277"},{"taxonomy":"post_tag","embeddable":true,"href":"https:\/\/www.ufsm.br\/cursos\/pos-graduacao\/santa-maria\/ppgcta\/wp-json\/wp\/v2\/tags?post=277"}],"curies":[{"name":"wp","href":"https:\/\/api.w.org\/{rel}","templated":true}]}}