{"id":280,"date":"2019-02-05T12:35:14","date_gmt":"2019-02-05T14:35:14","guid":{"rendered":"https:\/\/www.ufsm.br\/cursos\/pos-graduacao\/santa-maria\/ppgcta\/?page_id=280"},"modified":"2023-05-26T11:20:09","modified_gmt":"2023-05-26T14:20:09","slug":"plano-de-estudos","status":"publish","type":"page","link":"https:\/\/www.ufsm.br\/cursos\/pos-graduacao\/santa-maria\/ppgcta\/plano-de-estudos","title":{"rendered":"Plano de Estudos"},"content":{"rendered":"\t\t<div data-elementor-type=\"wp-page\" data-elementor-id=\"280\" class=\"elementor elementor-280\">\n\t\t\t\t\t\t<section class=\"elementor-section elementor-top-section elementor-element elementor-element-2e39d38e elementor-section-boxed elementor-section-height-default elementor-section-height-default\" data-id=\"2e39d38e\" data-element_type=\"section\">\n\t\t\t\t\t\t<div class=\"elementor-container elementor-column-gap-default\">\n\t\t\t\t\t<div class=\"elementor-column elementor-col-100 elementor-top-column elementor-element elementor-element-3853b909\" data-id=\"3853b909\" data-element_type=\"column\">\n\t\t\t<div class=\"elementor-widget-wrap elementor-element-populated\">\n\t\t\t\t\t\t<div class=\"elementor-element elementor-element-0789c64 elementor-align-center elementor-widget elementor-widget-button\" data-id=\"0789c64\" data-element_type=\"widget\" data-widget_type=\"button.default\">\n\t\t\t\t<div class=\"elementor-widget-container\">\n\t\t\t\t\t\t\t<div class=\"elementor-button-wrapper\">\n\t\t\t\t\t<a class=\"elementor-button elementor-button-link elementor-size-sm\" href=\"https:\/\/www.ufsm.br\/pro-reitorias\/prpgp\/servicos\/procedimentos-ao-preenchimento-do-plano-de-estudos-on-line\">\n\t\t\t\t\t\t<span class=\"elementor-button-content-wrapper\">\n\t\t\t\t\t\t\t\t\t<span class=\"elementor-button-text\">Tutorial Plano de Estudos<\/span>\n\t\t\t\t\t<\/span>\n\t\t\t\t\t<\/a>\n\t\t\t\t<\/div>\n\t\t\t\t\t\t<\/div>\n\t\t\t\t<\/div>\n\t\t\t\t<div class=\"elementor-element elementor-element-11fb7b6a elementor-widget elementor-widget-text-editor\" data-id=\"11fb7b6a\" data-element_type=\"widget\" data-widget_type=\"text-editor.default\">\n\t\t\t\t<div class=\"elementor-widget-container\">\n\t\t\t\t\t\t\t<!-- wp:tadv\/classic-paragraph -->\n<p>Os alunos ingressantes dever\u00e3o fazer o Plano de Estudos previamente elaborado com o aux\u00edlio e aprova\u00e7\u00e3o do seu respectivo orientador. Para acessar ou reformular o Plano de\u00a0Estudos, o aluno dever\u00e1 entrar no Portal do Aluno no site da UFSM. A n\u00e3o realiza\u00e7\u00e3o do Plano de Estudos impede a matr\u00edcula para o semestre subsequente.<\/p>\n<p><strong>Mestrado:<\/strong><\/p>\n<p>As disciplinas obrigat\u00f3rias para os alunos de mestrado s\u00e3o: Semin\u00e1rios I e Problemas Especiais.<\/p>\n<p>Cr\u00e9ditos: 24<\/p>\n<p>\u00a0<\/p>\n<p><strong>Doutorado:<\/strong><\/p>\n<p>As disciplinas obrigat\u00f3rias para os alunos de doutorado s\u00e3o: Semin\u00e1rios II e Semin\u00e1rios III.<\/p>\n<p>Cr\u00e9ditos: 36<\/p>\n<p>\u00a0<\/p>\n<div>1- Todas as disciplinas constantes no plano devem ser cursadas.\u00a0<strong>O plano apenas necessita ser reformulado caso o aluno desista de cursar alguma disciplina que tenha sido inclu\u00edda inicialmente no plano de estudos.<\/strong><\/div>\n<div>\u00a0<\/div>\n<div>2- O aluno pode cursar disciplinas que est\u00e3o fora do plano.\u00a0<strong>N\u00e3o \u00e9 necess\u00e1rio reformular o plano para cursar estas disciplinas.<\/strong>\u00a0Elas v\u00e3o aparecer no seu hist\u00f3rico escolar.<\/div>\n<div>\u00a0<\/div>\n<div>3- N\u00e3o devem ser inclu\u00eddas disciplinas com c\u00f3digo EDT ou SLE (Teste de Sufici\u00eancia) no Plano de Estudos . Apenas deve-se marcar a op\u00e7\u00e3o de l\u00edngua estrangeira escolhida.\u00a0<\/div>\n<div>\u00a0<\/div>\n<div>4- Os Planos de alunos de mestrado devem obrigatoriamente conter as disciplinas: Semin\u00e1rio I e Problemas Especiais e totalizar no m\u00ednimo 24 cr\u00e9ditos.<\/div>\n<div>\u00a0<\/div>\n<div>5- Os planos de alunos de doutorado devem obrigatoriamente conter as disciplinas: Semin\u00e1rio II e Semin\u00e1rio III e totalizar no m\u00ednimo 36 cr\u00e9ditos.<\/div>\n<p>\u00a0<\/p>\n<p>\u00a0<\/p>\n<p>A data limite para os ingressantes no 1\u00ba semestre do ano letivo \u00e9\u00a0<strong>1\u00ba de junho<\/strong>.<\/p>\n<p>A data limite para os ingressantes no 2\u00ba semestre do ano letivo \u00e9\u00a0<strong>1\u00ba de dezembro<\/strong>.<\/p>\n<!-- \/wp:tadv\/classic-paragraph -->\t\t\t\t\t\t<\/div>\n\t\t\t\t<\/div>\n\t\t\t\t\t<\/div>\n\t\t<\/div>\n\t\t\t\t\t<\/div>\n\t\t<\/section>\n\t\t\t\t<\/div>\n\t\t","protected":false},"excerpt":{"rendered":"<p>Tutorial Plano de Estudos Os alunos ingressantes dever\u00e3o fazer o Plano de Estudos previamente elaborado com o aux\u00edlio e aprova\u00e7\u00e3o do seu respectivo orientador. Para acessar ou reformular o Plano de\u00a0Estudos, o aluno dever\u00e1 entrar no Portal do Aluno no site da UFSM. A n\u00e3o realiza\u00e7\u00e3o do Plano de Estudos impede a matr\u00edcula para o [&hellip;]<\/p>\n","protected":false},"author":118,"featured_media":0,"parent":0,"menu_order":0,"comment_status":"closed","ping_status":"closed","template":"","meta":{"footnotes":""},"categories":[],"tags":[],"class_list":["post-280","page","type-page","status-publish","hentry"],"acf":[],"_links":{"self":[{"href":"https:\/\/www.ufsm.br\/cursos\/pos-graduacao\/santa-maria\/ppgcta\/wp-json\/wp\/v2\/pages\/280","targetHints":{"allow":["GET"]}}],"collection":[{"href":"https:\/\/www.ufsm.br\/cursos\/pos-graduacao\/santa-maria\/ppgcta\/wp-json\/wp\/v2\/pages"}],"about":[{"href":"https:\/\/www.ufsm.br\/cursos\/pos-graduacao\/santa-maria\/ppgcta\/wp-json\/wp\/v2\/types\/page"}],"author":[{"embeddable":true,"href":"https:\/\/www.ufsm.br\/cursos\/pos-graduacao\/santa-maria\/ppgcta\/wp-json\/wp\/v2\/users\/118"}],"replies":[{"embeddable":true,"href":"https:\/\/www.ufsm.br\/cursos\/pos-graduacao\/santa-maria\/ppgcta\/wp-json\/wp\/v2\/comments?post=280"}],"version-history":[{"count":0,"href":"https:\/\/www.ufsm.br\/cursos\/pos-graduacao\/santa-maria\/ppgcta\/wp-json\/wp\/v2\/pages\/280\/revisions"}],"wp:attachment":[{"href":"https:\/\/www.ufsm.br\/cursos\/pos-graduacao\/santa-maria\/ppgcta\/wp-json\/wp\/v2\/media?parent=280"}],"wp:term":[{"taxonomy":"category","embeddable":true,"href":"https:\/\/www.ufsm.br\/cursos\/pos-graduacao\/santa-maria\/ppgcta\/wp-json\/wp\/v2\/categories?post=280"},{"taxonomy":"post_tag","embeddable":true,"href":"https:\/\/www.ufsm.br\/cursos\/pos-graduacao\/santa-maria\/ppgcta\/wp-json\/wp\/v2\/tags?post=280"}],"curies":[{"name":"wp","href":"https:\/\/api.w.org\/{rel}","templated":true}]}}