{"id":281,"date":"2019-02-05T13:38:20","date_gmt":"2019-02-05T15:38:20","guid":{"rendered":"https:\/\/www.ufsm.br\/cursos\/pos-graduacao\/santa-maria\/ppgcta\/?page_id=281"},"modified":"2025-05-09T16:05:57","modified_gmt":"2025-05-09T19:05:57","slug":"docencia-orientada","status":"publish","type":"page","link":"https:\/\/www.ufsm.br\/cursos\/pos-graduacao\/santa-maria\/ppgcta\/docencia-orientada","title":{"rendered":"Doc\u00eancia Orientada"},"content":{"rendered":"\n<div><strong>PASSO A PASSO PARA ABERTURA DO PROCESSO DE DOC\u00caNCIA ORIENTADA\u00a0<\/strong><br \/><br \/>A solicita\u00e7\u00e3o de doc\u00eancia orientada deve ser encaminhada como um processo PEN aberto pelo discente de PG no Portal Estudantil ou no Portal Documentos da UFSM, contendo o Plano de Doc\u00eancia que dever\u00e1 ser aprovado pelo orientador do aluno, pelo docente respons\u00e1vel pela disciplina de gradua\u00e7\u00e3o, pelo colegiado do curso de p\u00f3s-gradua\u00e7\u00e3o de v\u00ednculo do discente e pelo colegiado(s) do(s) curso(s) de gradua\u00e7\u00e3o para o(s) qual(ais) a disciplina \u00e9 ofertada, conforme a seguinte tramita\u00e7\u00e3o:<br \/><br \/><b>Discente interessado:<\/b>\u00a0Abre o PEN no Portal Estudantil ou no Portal Documentos da UFSM, assina o <a href=\"https:\/\/www.ufsm.br\/app\/uploads\/sites\/522\/2025\/05\/Formulario_Docencia_Orientada_Padronizado-2.docx\"><strong>plano de doc\u00eancia<\/strong><\/a> anexado e tramita o processo para o seu orientador.<br \/>No Portal Documentos, na tela de \u201cNovo Processo\u201d, o primeiro campo a ser informado \u00e9 o de \u201cV\u00ednculo\u201d, que mostrar\u00e1 todos os tipos de v\u00ednculos que o(a) usu\u00e1rio(a) possui com a UFSM e cada usu\u00e1rio deve selecionar o v\u00ednculo desejado.<br \/>No Portal Documentos: Clica em Novo &gt; Processo&gt; seleciona o V\u00cdNCULO DESEJADO e o PEN com tipo documental \u201cProcesso de doc\u00eancia orientada\u201d.<\/div>\n<div><br \/><b>Orientador<\/b>: Assina o plano de doc\u00eancia e tramita o processo para o docente respons\u00e1vel pela disciplina da gradua\u00e7\u00e3o.<\/div>\n<div><br \/><b>Docente respons\u00e1vel pela disciplina da gradua\u00e7\u00e3o<\/b>: Assina o plano de doc\u00eancia e tramita o processo para o curso de p\u00f3s-gradua\u00e7\u00e3o de v\u00ednculo do discente.<br \/>Curso de P\u00f3s-gradua\u00e7\u00e3o: aprecia o processo no colegiado, anexa ao processo a ata de aprova\u00e7\u00e3o do plano de doc\u00eancia e tramita para o curso de gradua\u00e7\u00e3o para o qual a disciplina ser\u00e1 ministrada.<\/div>\n<div><br \/><b>Curso de gradua\u00e7\u00e3o:<\/b>\u00a0aprecia o processo no colegiado, anexa ao processo a ata de aprova\u00e7\u00e3o do plano de doc\u00eancia e retorna o processo ao curso de p\u00f3s-gradua\u00e7\u00e3o. Caso a disciplina atenda mais de um curso de gradua\u00e7\u00e3o, o processo dever\u00e1 ser apreciado nos dois colegiados antes de retornar ao curso de p\u00f3s-gradua\u00e7\u00e3o.<\/div>\n<div><br \/><b>Curso de p\u00f3s-gradua\u00e7\u00e3o<\/b>: Oferta a disciplina de doc\u00eancia orientada e retorna o processo ao discente para conhecimento e autoriza\u00e7\u00e3o da matr\u00edcula na disciplina de doc\u00eancia orientada.<\/div>\n<div><br \/><b>Discente interessado<\/b>: Ap\u00f3s ci\u00eancia, realiza matr\u00edcula na disciplina de doc\u00eancia orientada. Retorna o processo ao curso para arquivamento. No caso de cursos que exigem relat\u00f3rio de doc\u00eancia orientada, o processo permanece com o discente at\u00e9 a conclus\u00e3o da doc\u00eancia, quando ent\u00e3o, dever\u00e1 anexar o relat\u00f3rio de doc\u00eancia orientada e tramitar o processo ao curso para registro da nota e arquivamento.<\/div>\n<div>\u00a0<\/div>\n<div><a href=\"https:\/\/www.ufsm.br\/app\/uploads\/sites\/522\/2025\/05\/Formulario_Docencia_Orientada_Padronizado-2.docx\"><strong>FORMUL\u00c1RIO PLANO DE DOC\u00caNCIA<\/strong><\/a><\/div>\n<div>\u00a0<\/div>\n<div>\u00a0<\/div>\n<div>\u00a0<\/div>\n","protected":false},"excerpt":{"rendered":"<p>PASSO A PASSO PARA ABERTURA DO PROCESSO DE DOC\u00caNCIA ORIENTADA\u00a0 A solicita\u00e7\u00e3o de doc\u00eancia orientada deve ser encaminhada como um processo PEN aberto pelo discente de PG no Portal Estudantil ou no Portal Documentos da UFSM, contendo o Plano de Doc\u00eancia que dever\u00e1 ser aprovado pelo orientador do aluno, pelo docente respons\u00e1vel pela disciplina de [&hellip;]<\/p>\n","protected":false},"author":118,"featured_media":0,"parent":0,"menu_order":0,"comment_status":"closed","ping_status":"closed","template":"","meta":{"footnotes":""},"categories":[],"tags":[],"class_list":["post-281","page","type-page","status-publish","hentry"],"acf":[],"_links":{"self":[{"href":"https:\/\/www.ufsm.br\/cursos\/pos-graduacao\/santa-maria\/ppgcta\/wp-json\/wp\/v2\/pages\/281","targetHints":{"allow":["GET"]}}],"collection":[{"href":"https:\/\/www.ufsm.br\/cursos\/pos-graduacao\/santa-maria\/ppgcta\/wp-json\/wp\/v2\/pages"}],"about":[{"href":"https:\/\/www.ufsm.br\/cursos\/pos-graduacao\/santa-maria\/ppgcta\/wp-json\/wp\/v2\/types\/page"}],"author":[{"embeddable":true,"href":"https:\/\/www.ufsm.br\/cursos\/pos-graduacao\/santa-maria\/ppgcta\/wp-json\/wp\/v2\/users\/118"}],"replies":[{"embeddable":true,"href":"https:\/\/www.ufsm.br\/cursos\/pos-graduacao\/santa-maria\/ppgcta\/wp-json\/wp\/v2\/comments?post=281"}],"version-history":[{"count":0,"href":"https:\/\/www.ufsm.br\/cursos\/pos-graduacao\/santa-maria\/ppgcta\/wp-json\/wp\/v2\/pages\/281\/revisions"}],"wp:attachment":[{"href":"https:\/\/www.ufsm.br\/cursos\/pos-graduacao\/santa-maria\/ppgcta\/wp-json\/wp\/v2\/media?parent=281"}],"wp:term":[{"taxonomy":"category","embeddable":true,"href":"https:\/\/www.ufsm.br\/cursos\/pos-graduacao\/santa-maria\/ppgcta\/wp-json\/wp\/v2\/categories?post=281"},{"taxonomy":"post_tag","embeddable":true,"href":"https:\/\/www.ufsm.br\/cursos\/pos-graduacao\/santa-maria\/ppgcta\/wp-json\/wp\/v2\/tags?post=281"}],"curies":[{"name":"wp","href":"https:\/\/api.w.org\/{rel}","templated":true}]}}