{"id":293,"date":"2019-02-05T13:58:47","date_gmt":"2019-02-05T15:58:47","guid":{"rendered":"https:\/\/www.ufsm.br\/cursos\/pos-graduacao\/santa-maria\/ppgcta\/?page_id=293"},"modified":"2019-02-05T13:58:50","modified_gmt":"2019-02-05T15:58:50","slug":"solicitacao-de-co-orientacao","status":"publish","type":"page","link":"https:\/\/www.ufsm.br\/cursos\/pos-graduacao\/santa-maria\/ppgcta\/solicitacao-de-co-orientacao","title":{"rendered":"Solicita\u00e7\u00e3o de Co-orienta\u00e7\u00e3o"},"content":{"rendered":"\n<div>Para solicita\u00e7\u00e3o de inclus\u00e3o de co-orientador deve-se encaminhar ao Colegiado do Programa a seguinte documenta\u00e7\u00e3o:<\/div>\n<div>\u00a0<\/div>\n<div>1- Carta de solicita\u00e7\u00e3o contendo a justificativa do pedido. A carta deve ser assinada pelo aluno, pelo professor orientador e conter o de acordo (com assinatura) do co-orientador indicado.<\/div>\n<div>\u00a0<\/div>\n<div>2- C\u00f3pia do curr\u00edculo do co-orientador indicado.<\/div>\n","protected":false},"excerpt":{"rendered":"<p>Para solicita\u00e7\u00e3o de inclus\u00e3o de co-orientador deve-se encaminhar ao Colegiado do Programa a seguinte documenta\u00e7\u00e3o: \u00a0 1- Carta de solicita\u00e7\u00e3o contendo a justificativa do pedido. A carta deve ser assinada pelo aluno, pelo professor orientador e conter o de acordo (com assinatura) do co-orientador indicado. \u00a0 2- C\u00f3pia do curr\u00edculo do co-orientador indicado.<\/p>\n","protected":false},"author":118,"featured_media":0,"parent":0,"menu_order":0,"comment_status":"closed","ping_status":"closed","template":"","meta":{"footnotes":""},"categories":[],"tags":[],"class_list":["post-293","page","type-page","status-publish","hentry"],"acf":[],"_links":{"self":[{"href":"https:\/\/www.ufsm.br\/cursos\/pos-graduacao\/santa-maria\/ppgcta\/wp-json\/wp\/v2\/pages\/293","targetHints":{"allow":["GET"]}}],"collection":[{"href":"https:\/\/www.ufsm.br\/cursos\/pos-graduacao\/santa-maria\/ppgcta\/wp-json\/wp\/v2\/pages"}],"about":[{"href":"https:\/\/www.ufsm.br\/cursos\/pos-graduacao\/santa-maria\/ppgcta\/wp-json\/wp\/v2\/types\/page"}],"author":[{"embeddable":true,"href":"https:\/\/www.ufsm.br\/cursos\/pos-graduacao\/santa-maria\/ppgcta\/wp-json\/wp\/v2\/users\/118"}],"replies":[{"embeddable":true,"href":"https:\/\/www.ufsm.br\/cursos\/pos-graduacao\/santa-maria\/ppgcta\/wp-json\/wp\/v2\/comments?post=293"}],"version-history":[{"count":0,"href":"https:\/\/www.ufsm.br\/cursos\/pos-graduacao\/santa-maria\/ppgcta\/wp-json\/wp\/v2\/pages\/293\/revisions"}],"wp:attachment":[{"href":"https:\/\/www.ufsm.br\/cursos\/pos-graduacao\/santa-maria\/ppgcta\/wp-json\/wp\/v2\/media?parent=293"}],"wp:term":[{"taxonomy":"category","embeddable":true,"href":"https:\/\/www.ufsm.br\/cursos\/pos-graduacao\/santa-maria\/ppgcta\/wp-json\/wp\/v2\/categories?post=293"},{"taxonomy":"post_tag","embeddable":true,"href":"https:\/\/www.ufsm.br\/cursos\/pos-graduacao\/santa-maria\/ppgcta\/wp-json\/wp\/v2\/tags?post=293"}],"curies":[{"name":"wp","href":"https:\/\/api.w.org\/{rel}","templated":true}]}}