{"id":296,"date":"2019-02-07T09:06:42","date_gmt":"2019-02-07T11:06:42","guid":{"rendered":"https:\/\/www.ufsm.br\/cursos\/pos-graduacao\/santa-maria\/ppgcta\/?page_id=296"},"modified":"2023-05-26T11:24:31","modified_gmt":"2023-05-26T14:24:31","slug":"solicitacao-de-aproveitamento-de-disciplinas","status":"publish","type":"page","link":"https:\/\/www.ufsm.br\/cursos\/pos-graduacao\/santa-maria\/ppgcta\/solicitacao-de-aproveitamento-de-disciplinas","title":{"rendered":"Aproveitamento de Disciplinas e de Teste de Sufici\u00eancia"},"content":{"rendered":"\t\t<div data-elementor-type=\"wp-page\" data-elementor-id=\"296\" class=\"elementor elementor-296\">\n\t\t\t\t\t\t<section class=\"elementor-section elementor-top-section elementor-element elementor-element-5a28fae elementor-section-boxed elementor-section-height-default elementor-section-height-default\" data-id=\"5a28fae\" data-element_type=\"section\">\n\t\t\t\t\t\t<div class=\"elementor-container elementor-column-gap-default\">\n\t\t\t\t\t<div class=\"elementor-column elementor-col-100 elementor-top-column elementor-element elementor-element-da4f55e\" data-id=\"da4f55e\" data-element_type=\"column\">\n\t\t\t<div class=\"elementor-widget-wrap elementor-element-populated\">\n\t\t\t\t\t\t<div class=\"elementor-element elementor-element-440c4b4 elementor-align-center elementor-widget elementor-widget-button\" data-id=\"440c4b4\" data-element_type=\"widget\" data-widget_type=\"button.default\">\n\t\t\t\t<div class=\"elementor-widget-container\">\n\t\t\t\t\t\t\t<div class=\"elementor-button-wrapper\">\n\t\t\t\t\t<a class=\"elementor-button elementor-button-link elementor-size-sm\" href=\"https:\/\/www.ufsm.br\/pro-reitorias\/prpgp\/servicos\/dispensa-aproveitamento-de-disciplinas-de-pos-graduacao\">\n\t\t\t\t\t\t<span class=\"elementor-button-content-wrapper\">\n\t\t\t\t\t\t\t\t\t<span class=\"elementor-button-text\">Tutorial  Aproveitamento de Disciplinas<\/span>\n\t\t\t\t\t<\/span>\n\t\t\t\t\t<\/a>\n\t\t\t\t<\/div>\n\t\t\t\t\t\t<\/div>\n\t\t\t\t<\/div>\n\t\t\t\t\t<\/div>\n\t\t<\/div>\n\t\t\t\t\t<\/div>\n\t\t<\/section>\n\t\t\t\t<section class=\"elementor-section elementor-top-section elementor-element elementor-element-7ed62daa elementor-section-boxed elementor-section-height-default elementor-section-height-default\" data-id=\"7ed62daa\" data-element_type=\"section\">\n\t\t\t\t\t\t<div class=\"elementor-container elementor-column-gap-default\">\n\t\t\t\t\t<div class=\"elementor-column elementor-col-100 elementor-top-column elementor-element elementor-element-3094a60b\" data-id=\"3094a60b\" data-element_type=\"column\">\n\t\t\t<div class=\"elementor-widget-wrap elementor-element-populated\">\n\t\t\t\t\t\t<div class=\"elementor-element elementor-element-45cbe868 elementor-widget elementor-widget-text-editor\" data-id=\"45cbe868\" data-element_type=\"widget\" data-widget_type=\"text-editor.default\">\n\t\t\t\t<div class=\"elementor-widget-container\">\n\t\t\t\t\t\t\t<p style=\"color: #1c1c1c;font-size: 16px;text-align: justify\"><span style=\"color: #1c1c1c;font-size: 16px;background-color: var(--bs-body-bg)\">O aproveitamento ou a dispensa de disciplinas cursadas na UFSM (aluno especial ou aluno regular) e de disciplinas realizadas em outras institui\u00e7\u00f5es de ensino superior deve ser solicitado pelo PEN-SIE.<\/span><\/p><p style=\"color: #1c1c1c;font-size: 16px;text-align: justify\"><span style=\"color: #1c1c1c;font-size: 16px;background-color: var(--bs-body-bg)\">O aluno dever\u00e1 realizar o seguinte:<\/span><\/p><p style=\"color: #1c1c1c;font-size: 16px;text-align: justify\"><b>1- No PEN-SIE\u00a0<span style=\"color: #000000;font-size: 16px;background-color: var(--bs-body-bg)\">(<\/span><a style=\"font-size: 16px;background-color: var(--bs-body-bg);color: #204c90\" href=\"https:\/\/portal.ufsm.br\/documentos\/login.html\" target=\"_blank\" rel=\"noopener\"><u>https:\/\/portal.ufsm.br\/documentos\/login.html<\/u><\/a><span style=\"color: #000000;font-size: 16px;background-color: var(--bs-body-bg)\">), a<\/span><\/b><span style=\"color: #000000;font-size: 16px;font-weight: bold;background-color: var(--bs-body-bg)\">brir um novo processo (NOVO &gt; PROCESSO)<\/span><span style=\"color: #000000;font-size: 16px;font-weight: bold;background-color: var(--bs-body-bg)\">\u00a0:<\/span><\/p><p style=\"color: #1c1c1c;font-size: 16px;text-align: justify\"><u>Informa\u00e7\u00f5es para preenchimento:\u00a0<\/u><\/p><p style=\"color: #1c1c1c;font-size: 16px;text-align: justify\">T<span style=\"font-family: arial, sans-serif;color: #222222;font-size: small;background-color: var(--bs-body-bg);text-align: var(--bs-body-text-align)\">ipo documental: Solicita\u00e7\u00e3o de aproveitamento de disciplinas de p\u00f3s-gradua\u00e7\u00e3o &#8211; APG (134.23)<\/span><\/p><p style=\"color: #1c1c1c;font-size: 16px;text-align: justify\"><span style=\"font-family: arial, sans-serif;color: #1c1c1c;font-size: small;background-color: var(--bs-body-bg);text-align: var(--bs-body-text-align)\">Interessado: Colocar o nome do <\/span><span style=\"font-family: arial, sans-serif;color: #1c1c1c;font-size: small;background-color: var(--bs-body-bg);text-align: var(--bs-body-text-align)\">aluno<\/span><\/p><p style=\"color: #1c1c1c;font-size: 16px;text-align: justify\"><span style=\"font-family: arial, sans-serif;color: #1c1c1c;font-size: small;background-color: var(--bs-body-bg);text-align: var(--bs-body-text-align)\">A<\/span><span style=\"font-family: arial, sans-serif;color: #1c1c1c;font-size: small;background-color: var(--bs-body-bg);text-align: var(--bs-body-text-align)\">utor:\u00a0<\/span><span style=\"color: #000000;font-size: 16px;background-color: var(--bs-body-bg)\">Colocar o nome do aluno<\/span><\/p><p style=\"color: #1c1c1c;font-size: 16px;text-align: justify\"><span style=\"color: #000000;font-size: 16px;background-color: var(--bs-body-bg)\">Descri\u00e7\u00e3o: Solicita\u00e7\u00e3o de aproveitamento de disciplinas<\/span><\/p><p style=\"color: #1c1c1c;font-size: 16px;text-align: justify\"><span style=\"color: #000000;font-size: 16px;background-color: var(--bs-body-bg)\"><b>2 &#8211; Apertar no bot\u00e3o salvar<\/b><\/span><\/p><p style=\"color: #1c1c1c;font-size: 16px;text-align: justify\"><span style=\"color: #000000;font-size: 16px;background-color: var(--bs-body-bg)\"><b>3 &#8211; Inserir os documentos necess\u00e1rios<\/b><\/span><\/p><p style=\"color: #1c1c1c;font-size: 16px;text-align: justify\"><span style=\"font-size: 16px;background-color: var(--bs-body-bg)\">a)\u00a0<\/span><a style=\"font-size: 16px;background-color: var(--bs-body-bg)\" href=\"https:\/\/www.ufsm.br\/app\/uploads\/sites\/522\/2023\/05\/Requerimento_de_Dispensa_ou_Aproveitamento_de_Disciplinas-NCAPG-1.docx\"><u>Requerimento de Dispensa ou Aproveitamento de Disciplinas<\/u><\/a>\u00a0(para s<span style=\"color: #000000;font-size: 16px;background-color: var(--bs-body-bg)\">olicita\u00e7\u00e3o de dispensa\/aproveitamento de disciplinas ou\u00a0<\/span><span style=\"color: #000000;font-size: 16px;background-color: var(--bs-body-bg)\">solicita\u00e7\u00e3o de teste de sufici\u00eancia)<\/span><\/p><p style=\"font-size: 16px;text-align: justify\">b) Hist\u00f3rico escolar (se for solicita\u00e7\u00e3o de dispensa\/aproveitamento de disciplinas);<\/p><p style=\"font-size: 16px;text-align: justify\">c) Certificado do Teste de Sufici\u00eancia (se for solicita\u00e7\u00e3o de teste de sufici\u00eancia);<\/p><p style=\"font-size: 16px;text-align: justify\">d) Ementa da disciplina (somente para disciplinas cursadas em outras institui\u00e7\u00f5es).<\/p><p style=\"color: #1c1c1c;font-size: 16px;text-align: justify\"><b>4 &#8211; Assinar digitalmente todos os documentos inseridos<\/b><\/p><p style=\"text-align: justify\"><span style=\"color: #000000;font-size: 16px;background-color: var(--bs-body-bg)\"><b>5 &#8211; Tramitar para a unidade administrativa &#8220;<\/b><\/span><span style=\"background-color: var(--bs-body-bg);text-align: var(--bs-body-text-align)\"><b>CURSO-PROGRAMA PG e CI\u00caNCIA E TECNOLOGIA DE ALIMENTOS &#8211; CPPGCTA (03.10.07.00.0.0)&#8221;<\/b><\/span><\/p><p style=\"text-align: justify\"><span style=\"background-color: var(--bs-body-bg);text-align: var(--bs-body-text-align)\"><b>Prazo previsto para conclus\u00e3o da solicita\u00e7\u00e3o: 10 dias \u00fateis.<\/b><\/span><\/p>\t\t\t\t\t\t<\/div>\n\t\t\t\t<\/div>\n\t\t\t\t\t<\/div>\n\t\t<\/div>\n\t\t\t\t\t<\/div>\n\t\t<\/section>\n\t\t\t\t<\/div>\n\t\t","protected":false},"excerpt":{"rendered":"<p>Tutorial Aproveitamento de Disciplinas O aproveitamento ou a dispensa de disciplinas cursadas na UFSM (aluno especial ou aluno regular) e de disciplinas realizadas em outras institui\u00e7\u00f5es de ensino superior deve ser solicitado pelo PEN-SIE. O aluno dever\u00e1 realizar o seguinte: 1- No PEN-SIE\u00a0(https:\/\/portal.ufsm.br\/documentos\/login.html), abrir um novo processo (NOVO &gt; PROCESSO)\u00a0: Informa\u00e7\u00f5es para preenchimento:\u00a0 Tipo documental: [&hellip;]<\/p>\n","protected":false},"author":118,"featured_media":0,"parent":0,"menu_order":0,"comment_status":"closed","ping_status":"closed","template":"","meta":{"footnotes":""},"categories":[],"tags":[],"class_list":["post-296","page","type-page","status-publish","hentry"],"acf":[],"_links":{"self":[{"href":"https:\/\/www.ufsm.br\/cursos\/pos-graduacao\/santa-maria\/ppgcta\/wp-json\/wp\/v2\/pages\/296","targetHints":{"allow":["GET"]}}],"collection":[{"href":"https:\/\/www.ufsm.br\/cursos\/pos-graduacao\/santa-maria\/ppgcta\/wp-json\/wp\/v2\/pages"}],"about":[{"href":"https:\/\/www.ufsm.br\/cursos\/pos-graduacao\/santa-maria\/ppgcta\/wp-json\/wp\/v2\/types\/page"}],"author":[{"embeddable":true,"href":"https:\/\/www.ufsm.br\/cursos\/pos-graduacao\/santa-maria\/ppgcta\/wp-json\/wp\/v2\/users\/118"}],"replies":[{"embeddable":true,"href":"https:\/\/www.ufsm.br\/cursos\/pos-graduacao\/santa-maria\/ppgcta\/wp-json\/wp\/v2\/comments?post=296"}],"version-history":[{"count":0,"href":"https:\/\/www.ufsm.br\/cursos\/pos-graduacao\/santa-maria\/ppgcta\/wp-json\/wp\/v2\/pages\/296\/revisions"}],"wp:attachment":[{"href":"https:\/\/www.ufsm.br\/cursos\/pos-graduacao\/santa-maria\/ppgcta\/wp-json\/wp\/v2\/media?parent=296"}],"wp:term":[{"taxonomy":"category","embeddable":true,"href":"https:\/\/www.ufsm.br\/cursos\/pos-graduacao\/santa-maria\/ppgcta\/wp-json\/wp\/v2\/categories?post=296"},{"taxonomy":"post_tag","embeddable":true,"href":"https:\/\/www.ufsm.br\/cursos\/pos-graduacao\/santa-maria\/ppgcta\/wp-json\/wp\/v2\/tags?post=296"}],"curies":[{"name":"wp","href":"https:\/\/api.w.org\/{rel}","templated":true}]}}