{"id":299,"date":"2019-02-07T09:11:43","date_gmt":"2019-02-07T11:11:43","guid":{"rendered":"https:\/\/www.ufsm.br\/cursos\/pos-graduacao\/santa-maria\/ppgcta\/?page_id=299"},"modified":"2025-05-09T15:43:13","modified_gmt":"2025-05-09T18:43:13","slug":"exame-de-qualificacao","status":"publish","type":"page","link":"https:\/\/www.ufsm.br\/cursos\/pos-graduacao\/santa-maria\/ppgcta\/exame-de-qualificacao","title":{"rendered":"Exame de Qualifica\u00e7\u00e3o de Doutorado"},"content":{"rendered":"\n<p>O Exame de Qualifica\u00e7\u00e3o de doutorado tem o objetivo de avaliar e qualificar o projeto de pesquisa,\u00a0 os resultados obtidos e conhecimentos gerais na \u00e1rea de Ci\u00eancia e Tecnologia de Alimentos, bem como a capacidade do doutorando em sua consecu\u00e7\u00e3o.<\/p>\n<p>O documento a ser apresentado para Banca Examinadora deve ter o seguinte formato:<\/p>\n<div><strong>1. Projeto da tese de doutorado:\u00a0<\/strong>O projeto\u00a0deve estar no formato exigido para registro no Gabinete de Projetos (GAP) do CCR, mas pode ser uma vers\u00e3o atualizada do projeto,\u00a0para contemplar eventuais mudan\u00e7as de rumo que tenham ocorrido desde o seu registro.\u00a0<\/div>\n<div>\u00a0<\/div>\n<div><strong>2. Resultados obtidos:\u00a0<\/strong>Os resultados obtidos devem ser redigidos em forma de pelo menos 1 (um) manuscrito (por exemplo: t\u00edtulo, resumo, introdu\u00e7\u00e3o, material e m\u00e9todos, resultados e discuss\u00e3o, conclus\u00e3o e refer\u00eancias bibliogr\u00e1ficas) no formato de uma revista escolhida, qualificada no estrato da faixa A1 a A4, da \u00e1rea Ci\u00eancia e Tecnologia dos Alimentos, para onde o manuscrito provavelmente ser\u00e1 submetido. Artigos referentes ao projeto j\u00e1 submetidos\/aceitos podem ser inclu\u00eddos. O formato poder\u00e1 ser como &#8220;<i>short communication<\/i>&#8221;\u00a0ou\u00a0&#8220;<i>full paper<\/i>&#8220;,\u00a0mas n\u00e3o revis\u00e3o bibliogr\u00e1fica.<\/div>\n<div>\n<p>Resultados adicionais podem ser inclu\u00eddos como material suplementar, bem como a inclus\u00e3o de mais de um manuscrito. O texto deve ser redigido usando tempo verbal no passado.<\/p>\n<p><strong>3. Conclus\u00e3o e sequ\u00eancia do trabalho:<\/strong>\u00a0Conclus\u00f5es parciais e descri\u00e7\u00e3o das pr\u00f3ximas etapas do trabalho. No m\u00e1ximo 5 p\u00e1ginas.\u00a0O texto deve ser redigido usando tempo verbal no futuro.<\/p>\n<\/div>\n<div><strong>4. Anexos:\u00a0<\/strong><\/div>\n<div>\u00a0<\/div>\n<div>4.1. Relat\u00f3rio de projeto (referente ao projeto de Tese registrado no SIE) dispon\u00edvel em\u00a0<a href=\"https:\/\/portal.ufsm.br\/projetos\/login.html\" target=\"_blank\" rel=\"noopener\">https:\/\/portal.ufsm.br\/projetos\/login.html<\/a>\u00a0<\/div>\n<div>\u00a0<\/div>\n<div>4.2. Plano de estudos do aluno<\/div>\n<div>\u00a0<\/div>\n<div>4.3. Hist\u00f3rico escolar do aluno<\/div>\n<div>\u00a0<\/div>\n<div>\u00a0<\/div>\n<div><strong>Orienta\u00e7\u00f5es quanto \u00e0 formata\u00e7\u00e3o:<\/strong><\/div>\n<div>\u00a0<\/div>\n<div>A Estrutura dos elementos pr\u00e9-textuais do documento pode seguir o formato semelhante ao de uma tese (MDT).<\/div>\n<div>\u00a0<\/div>\n<div>O documento deve ser redigido em papel formato A4, em fonte Times New Roman, tamanho 12, espa\u00e7amento 1,5, com 2 cm de margem em cada extremidade.\u00a0<\/div>\n<p>\u00a0<\/p>\n<p><strong>O tutorial com informa\u00e7\u00f5es de como abrir o processo de qualifica\u00e7\u00e3o pode ser acessado <a href=\"https:\/\/www.ufsm.br\/app\/uploads\/sites\/522\/2025\/05\/Tutorial-Abertura-do-processo-de-defesa.pdf\">AQUI<\/a>.<\/strong><\/p>\n","protected":false},"excerpt":{"rendered":"<p>O Exame de Qualifica\u00e7\u00e3o de doutorado tem o objetivo de avaliar e qualificar o projeto de pesquisa,\u00a0 os resultados obtidos e conhecimentos gerais na \u00e1rea de Ci\u00eancia e Tecnologia de Alimentos, bem como a capacidade do doutorando em sua consecu\u00e7\u00e3o. O documento a ser apresentado para Banca Examinadora deve ter o seguinte formato: 1. Projeto [&hellip;]<\/p>\n","protected":false},"author":118,"featured_media":0,"parent":0,"menu_order":0,"comment_status":"closed","ping_status":"closed","template":"","meta":{"footnotes":""},"categories":[],"tags":[],"class_list":["post-299","page","type-page","status-publish","hentry"],"acf":[],"_links":{"self":[{"href":"https:\/\/www.ufsm.br\/cursos\/pos-graduacao\/santa-maria\/ppgcta\/wp-json\/wp\/v2\/pages\/299","targetHints":{"allow":["GET"]}}],"collection":[{"href":"https:\/\/www.ufsm.br\/cursos\/pos-graduacao\/santa-maria\/ppgcta\/wp-json\/wp\/v2\/pages"}],"about":[{"href":"https:\/\/www.ufsm.br\/cursos\/pos-graduacao\/santa-maria\/ppgcta\/wp-json\/wp\/v2\/types\/page"}],"author":[{"embeddable":true,"href":"https:\/\/www.ufsm.br\/cursos\/pos-graduacao\/santa-maria\/ppgcta\/wp-json\/wp\/v2\/users\/118"}],"replies":[{"embeddable":true,"href":"https:\/\/www.ufsm.br\/cursos\/pos-graduacao\/santa-maria\/ppgcta\/wp-json\/wp\/v2\/comments?post=299"}],"version-history":[{"count":0,"href":"https:\/\/www.ufsm.br\/cursos\/pos-graduacao\/santa-maria\/ppgcta\/wp-json\/wp\/v2\/pages\/299\/revisions"}],"wp:attachment":[{"href":"https:\/\/www.ufsm.br\/cursos\/pos-graduacao\/santa-maria\/ppgcta\/wp-json\/wp\/v2\/media?parent=299"}],"wp:term":[{"taxonomy":"category","embeddable":true,"href":"https:\/\/www.ufsm.br\/cursos\/pos-graduacao\/santa-maria\/ppgcta\/wp-json\/wp\/v2\/categories?post=299"},{"taxonomy":"post_tag","embeddable":true,"href":"https:\/\/www.ufsm.br\/cursos\/pos-graduacao\/santa-maria\/ppgcta\/wp-json\/wp\/v2\/tags?post=299"}],"curies":[{"name":"wp","href":"https:\/\/api.w.org\/{rel}","templated":true}]}}