{"id":319,"date":"2019-02-07T09:37:58","date_gmt":"2019-02-07T11:37:58","guid":{"rendered":"https:\/\/www.ufsm.br\/cursos\/pos-graduacao\/santa-maria\/ppgcta\/?page_id=319"},"modified":"2022-10-10T14:01:30","modified_gmt":"2022-10-10T17:01:30","slug":"documentacao-para-bolsa","status":"publish","type":"page","link":"https:\/\/www.ufsm.br\/cursos\/pos-graduacao\/santa-maria\/ppgcta\/documentacao-para-bolsa","title":{"rendered":"Documenta\u00e7\u00e3o para Bolsa"},"content":{"rendered":"\t\t<div data-elementor-type=\"wp-post\" data-elementor-id=\"319\" class=\"elementor elementor-319\">\n\t\t\t\t\t\t<section class=\"elementor-section elementor-top-section elementor-element elementor-element-1984b08f elementor-section-boxed elementor-section-height-default elementor-section-height-default\" data-id=\"1984b08f\" data-element_type=\"section\">\n\t\t\t\t\t\t<div class=\"elementor-container elementor-column-gap-default\">\n\t\t\t\t\t<div class=\"elementor-column elementor-col-100 elementor-top-column elementor-element elementor-element-125fa4b9\" data-id=\"125fa4b9\" data-element_type=\"column\">\n\t\t\t<div class=\"elementor-widget-wrap elementor-element-populated\">\n\t\t\t\t\t\t<div class=\"elementor-element elementor-element-3b5aed79 elementor-widget elementor-widget-text-editor\" data-id=\"3b5aed79\" data-element_type=\"widget\" data-widget_type=\"text-editor.default\">\n\t\t\t\t<div class=\"elementor-widget-container\">\n\t\t\t\t\t\t\t<p><!-- wp:tadv\/classic-paragraph --><\/p>\n<p>\u00a0O aluno contemplado com bolsa dever\u00e1 seguir o tutorial:\u00a0<strong><a style=\"font-size: 1rem;background-color: var(--bs-body-bg);text-align: var(--bs-body-text-align)\" href=\"https:\/\/www.ufsm.br\/pro-reitorias\/prpgp\/servicos\/1-cadastro-de-bolsa-demanda-social-capes\/\" target=\"_blank\" rel=\"noopener\">https:\/\/www.ufsm.br\/pro-reitorias\/prpgp\/servicos\/1-cadastro-de-bolsa-demanda-social-capes\/<\/a><\/strong><\/p>\n<p>\u00a0<\/p>\n<p><span style=\"color: #000000;font-size: 1rem;background-color: var(--bs-body-bg);text-align: var(--bs-body-text-align)\">Al\u00e9m do\u00a0<\/span><a style=\"font-size: 1rem;background-color: var(--bs-body-bg);text-align: var(--bs-body-text-align)\" href=\"https:\/\/www.ufsm.br\/cursos\/pos-graduacao\/santa-maria\/ppgcta\/wp-content\/uploads\/sites\/522\/2019\/03\/CADBOL.xls\" target=\"_blank\" rel=\"noopener\">Cadastro de Bolsista<\/a>\u00a0(d<span style=\"color: #000000;font-size: 1rem;background-color: var(--bs-body-bg);text-align: var(--bs-body-text-align)\">ownload atrav\u00e9s do site do tutorial), o aluno deve anexar ao processo os documentos abaixo:<\/span><\/p>\n<p>\u00a0<\/p>\n<p>1)\u00a0<a href=\"https:\/\/www.ufsm.br\/cursos\/pos-graduacao\/santa-maria\/ppgcta\/wp-content\/uploads\/sites\/522\/2019\/02\/DECLARA\u00c7\u00c3O_DESEMPENHO.doc\" target=\"_blank\" rel=\"noopener noreferrer\">Declara\u00e7\u00e3o<\/a>\u00a0de ci\u00eancia dos crit\u00e9rios de desempenho acad\u00eamico satisfat\u00f3rio com as devidas assinaturas.<\/p>\n<p>\u00a0<\/p>\n<p>2) C\u00f3pia do Cart\u00e3o do Banco (omitir o CVV)<\/p>\n<p><span style=\"font-size: 1rem;background-color: var(--bs-body-bg);text-align: var(--bs-body-text-align)\">Para os que ainda n\u00e3o possuem o cart\u00e3o, ser\u00e1 aceito o contrato firmado junto ao banco onde conste os dados banc\u00e1rios.<\/span><\/p>\n<p>\u00a0<\/p>\n<p>3) C\u00f3pia do\u00a0RG e do CPF<\/p>\n<p>4) Comprovante de resid\u00eancia (em seu nome) ou comprovante de resid\u00eancia com a declara\u00e7\u00e3o que reside no mesmo im\u00f3vel do titular. No caso em que precisar a declara\u00e7\u00e3o, ela deve estar assinada pelo titular do comprovante de resid\u00eancia e pelo bolsista.<\/p>\n<p>\u00a0<\/p>\n<p>Observa\u00e7\u00e3o: O discente deve estar em dia com as entregas dos Relat\u00f3rios de Atividades Semestrais.<\/p>\n<p><!-- \/wp:tadv\/classic-paragraph --><\/p>\t\t\t\t\t\t<\/div>\n\t\t\t\t<\/div>\n\t\t\t\t\t<\/div>\n\t\t<\/div>\n\t\t\t\t\t<\/div>\n\t\t<\/section>\n\t\t\t\t<\/div>\n\t\t","protected":false},"excerpt":{"rendered":"<p>\u00a0O aluno contemplado com bolsa dever\u00e1 seguir o tutorial:\u00a0https:\/\/www.ufsm.br\/pro-reitorias\/prpgp\/servicos\/1-cadastro-de-bolsa-demanda-social-capes\/ \u00a0 Al\u00e9m do\u00a0Cadastro de Bolsista\u00a0(download atrav\u00e9s do site do tutorial), o aluno deve anexar ao processo os documentos abaixo: \u00a0 1)\u00a0Declara\u00e7\u00e3o\u00a0de ci\u00eancia dos crit\u00e9rios de desempenho acad\u00eamico satisfat\u00f3rio com as devidas assinaturas. \u00a0 2) C\u00f3pia do Cart\u00e3o do Banco (omitir o CVV) Para os que ainda [&hellip;]<\/p>\n","protected":false},"author":118,"featured_media":0,"parent":0,"menu_order":0,"comment_status":"closed","ping_status":"closed","template":"","meta":{"footnotes":""},"categories":[],"tags":[],"class_list":["post-319","page","type-page","status-publish","hentry"],"acf":[],"_links":{"self":[{"href":"https:\/\/www.ufsm.br\/cursos\/pos-graduacao\/santa-maria\/ppgcta\/wp-json\/wp\/v2\/pages\/319","targetHints":{"allow":["GET"]}}],"collection":[{"href":"https:\/\/www.ufsm.br\/cursos\/pos-graduacao\/santa-maria\/ppgcta\/wp-json\/wp\/v2\/pages"}],"about":[{"href":"https:\/\/www.ufsm.br\/cursos\/pos-graduacao\/santa-maria\/ppgcta\/wp-json\/wp\/v2\/types\/page"}],"author":[{"embeddable":true,"href":"https:\/\/www.ufsm.br\/cursos\/pos-graduacao\/santa-maria\/ppgcta\/wp-json\/wp\/v2\/users\/118"}],"replies":[{"embeddable":true,"href":"https:\/\/www.ufsm.br\/cursos\/pos-graduacao\/santa-maria\/ppgcta\/wp-json\/wp\/v2\/comments?post=319"}],"version-history":[{"count":0,"href":"https:\/\/www.ufsm.br\/cursos\/pos-graduacao\/santa-maria\/ppgcta\/wp-json\/wp\/v2\/pages\/319\/revisions"}],"wp:attachment":[{"href":"https:\/\/www.ufsm.br\/cursos\/pos-graduacao\/santa-maria\/ppgcta\/wp-json\/wp\/v2\/media?parent=319"}],"wp:term":[{"taxonomy":"category","embeddable":true,"href":"https:\/\/www.ufsm.br\/cursos\/pos-graduacao\/santa-maria\/ppgcta\/wp-json\/wp\/v2\/categories?post=319"},{"taxonomy":"post_tag","embeddable":true,"href":"https:\/\/www.ufsm.br\/cursos\/pos-graduacao\/santa-maria\/ppgcta\/wp-json\/wp\/v2\/tags?post=319"}],"curies":[{"name":"wp","href":"https:\/\/api.w.org\/{rel}","templated":true}]}}