{"id":847,"date":"2021-05-21T15:48:36","date_gmt":"2021-05-21T18:48:36","guid":{"rendered":"https:\/\/www.ufsm.br\/cursos\/pos-graduacao\/santa-maria\/ppgcta\/?page_id=847"},"modified":"2021-05-24T16:14:12","modified_gmt":"2021-05-24T19:14:12","slug":"missao-visao-e-valores","status":"publish","type":"page","link":"https:\/\/www.ufsm.br\/cursos\/pos-graduacao\/santa-maria\/ppgcta\/missao-visao-e-valores","title":{"rendered":"Miss\u00e3o, vis\u00e3o e valores"},"content":{"rendered":"\n<p>O Programa de P\u00f3s-gradua\u00e7\u00e3o em Ci\u00eancia e Tecnologia dos Alimentos (PPGCTA) da Universidade Federal de Santa Maria (UFSM) tem como <strong><u>OBJETIVO <\/u><\/strong>qualificar e aprimorar profissionais para o exerc\u00edcio de atividades na pesquisa, ensino e extens\u00e3o, na \u00e1rea de Ci\u00eancia e Tecnologia de Alimentos, para atender \u00e0s metas do desenvolvimento cient\u00edfico e tecnol\u00f3gico. O Programa visa \u00e0 forma\u00e7\u00e3o de profissionais que utilizem o senso cr\u00edtico e conhecimento cient\u00edfico no planejamento e desenvolvimento de atividades acad\u00eamicas, de pesquisa cient\u00edfica e no uso de mat\u00e9rias-primas para o desenvolvimento da cadeia agroindustrial.<\/p>\n<p>A <strong><u>MISS\u00c3O<\/u><\/strong> do PPGCTA \u00e9 \u201cQualificar profissionais da \u00e1rea de Ci\u00eancia e Tecnologia de Alimentos para atuar de forma inovadora e sustent\u00e1vel na produ\u00e7\u00e3o e transfer\u00eancia de conhecimento para promover o desenvolvimento social e econ\u00f4mico.\u201d<\/p>\n<p>A <strong><u>VIS\u00c3O<\/u><\/strong> do PPGCTA \u00e9 \u201cSer um programa de excel\u00eancia na forma\u00e7\u00e3o de mestres e doutores na \u00e1rea de Ci\u00eancia e Tecnologia de Alimentos.\u201d<\/p>\n<p>O PPGCTA adota os mesmos <strong><u>VALORES<\/u><\/strong> da UFSM, comprometendo-se com a educa\u00e7\u00e3o e gera\u00e7\u00e3o de conhecimento pautada em: liberdade, democracia, \u00e9tica, justi\u00e7a, respeito \u00e0 identidade e \u00e0 diversidade, compromisso social, inova\u00e7\u00e3o e responsabilidade.<\/p>\n","protected":false},"excerpt":{"rendered":"<p>O Programa de P\u00f3s-gradua\u00e7\u00e3o em Ci\u00eancia e Tecnologia dos Alimentos (PPGCTA) da Universidade Federal de Santa Maria (UFSM) tem como OBJETIVO qualificar e aprimorar profissionais para o exerc\u00edcio de atividades na pesquisa, ensino e extens\u00e3o, na \u00e1rea de Ci\u00eancia e Tecnologia de Alimentos, para atender \u00e0s metas do desenvolvimento cient\u00edfico e tecnol\u00f3gico. O Programa visa [&hellip;]<\/p>\n","protected":false},"author":3844,"featured_media":0,"parent":0,"menu_order":0,"comment_status":"closed","ping_status":"closed","template":"","meta":{"footnotes":""},"categories":[],"tags":[],"class_list":["post-847","page","type-page","status-publish","hentry"],"acf":[],"_links":{"self":[{"href":"https:\/\/www.ufsm.br\/cursos\/pos-graduacao\/santa-maria\/ppgcta\/wp-json\/wp\/v2\/pages\/847","targetHints":{"allow":["GET"]}}],"collection":[{"href":"https:\/\/www.ufsm.br\/cursos\/pos-graduacao\/santa-maria\/ppgcta\/wp-json\/wp\/v2\/pages"}],"about":[{"href":"https:\/\/www.ufsm.br\/cursos\/pos-graduacao\/santa-maria\/ppgcta\/wp-json\/wp\/v2\/types\/page"}],"author":[{"embeddable":true,"href":"https:\/\/www.ufsm.br\/cursos\/pos-graduacao\/santa-maria\/ppgcta\/wp-json\/wp\/v2\/users\/3844"}],"replies":[{"embeddable":true,"href":"https:\/\/www.ufsm.br\/cursos\/pos-graduacao\/santa-maria\/ppgcta\/wp-json\/wp\/v2\/comments?post=847"}],"version-history":[{"count":0,"href":"https:\/\/www.ufsm.br\/cursos\/pos-graduacao\/santa-maria\/ppgcta\/wp-json\/wp\/v2\/pages\/847\/revisions"}],"wp:attachment":[{"href":"https:\/\/www.ufsm.br\/cursos\/pos-graduacao\/santa-maria\/ppgcta\/wp-json\/wp\/v2\/media?parent=847"}],"wp:term":[{"taxonomy":"category","embeddable":true,"href":"https:\/\/www.ufsm.br\/cursos\/pos-graduacao\/santa-maria\/ppgcta\/wp-json\/wp\/v2\/categories?post=847"},{"taxonomy":"post_tag","embeddable":true,"href":"https:\/\/www.ufsm.br\/cursos\/pos-graduacao\/santa-maria\/ppgcta\/wp-json\/wp\/v2\/tags?post=847"}],"curies":[{"name":"wp","href":"https:\/\/api.w.org\/{rel}","templated":true}]}}