{"id":864,"date":"2021-05-21T16:47:29","date_gmt":"2021-05-21T19:47:29","guid":{"rendered":"https:\/\/www.ufsm.br\/cursos\/pos-graduacao\/santa-maria\/ppgcta\/?page_id=864"},"modified":"2021-09-09T09:50:13","modified_gmt":"2021-09-09T12:50:13","slug":"internacionalizacao","status":"publish","type":"page","link":"https:\/\/www.ufsm.br\/cursos\/pos-graduacao\/santa-maria\/ppgcta\/internacionalizacao","title":{"rendered":"Internacionaliza\u00e7\u00e3o"},"content":{"rendered":"\n<p><a href=\"https:\/\/www.ufsm.br\/cursos\/pos-graduacao\/santa-maria\/ppgcta\/1058-2\/\">Coopera\u00e7\u00f5es Internacionais Formalizadas<\/a><\/p>\n<p><a href=\"https:\/\/www.ufsm.br\/cursos\/pos-graduacao\/santa-maria\/ppgcta\/1059-2\/\">Publica\u00e7\u00f5es em Colabora\u00e7\u00e3o com Pesquisadores Estrangeiros<\/a><\/p>\n<p><a href=\"https:\/\/www.ufsm.br\/cursos\/pos-graduacao\/santa-maria\/ppgcta\/1060-2\/\">Mobilidades Internacionais de Discentes<\/a><\/p>\n<p><a href=\"https:\/\/www.ufsm.br\/cursos\/pos-graduacao\/santa-maria\/ppgcta\/1061-2\/\">Mobilidades Internacionais de Docentes<\/a><\/p>\n<p><a href=\"https:\/\/www.ufsm.br\/projetos\/institucional\/capes-print\/estrategias-farmacologicas-e-nutricionais-para-promocao-da-saude\/\">Projeto Capes PrInt<\/a><\/p>\n","protected":false},"excerpt":{"rendered":"<p>Coopera\u00e7\u00f5es Internacionais Formalizadas Publica\u00e7\u00f5es em Colabora\u00e7\u00e3o com Pesquisadores Estrangeiros Mobilidades Internacionais de Discentes Mobilidades Internacionais de Docentes Projeto Capes PrInt<\/p>\n","protected":false},"author":3844,"featured_media":0,"parent":0,"menu_order":0,"comment_status":"closed","ping_status":"closed","template":"","meta":{"footnotes":""},"categories":[],"tags":[],"class_list":["post-864","page","type-page","status-publish","hentry"],"acf":[],"_links":{"self":[{"href":"https:\/\/www.ufsm.br\/cursos\/pos-graduacao\/santa-maria\/ppgcta\/wp-json\/wp\/v2\/pages\/864","targetHints":{"allow":["GET"]}}],"collection":[{"href":"https:\/\/www.ufsm.br\/cursos\/pos-graduacao\/santa-maria\/ppgcta\/wp-json\/wp\/v2\/pages"}],"about":[{"href":"https:\/\/www.ufsm.br\/cursos\/pos-graduacao\/santa-maria\/ppgcta\/wp-json\/wp\/v2\/types\/page"}],"author":[{"embeddable":true,"href":"https:\/\/www.ufsm.br\/cursos\/pos-graduacao\/santa-maria\/ppgcta\/wp-json\/wp\/v2\/users\/3844"}],"replies":[{"embeddable":true,"href":"https:\/\/www.ufsm.br\/cursos\/pos-graduacao\/santa-maria\/ppgcta\/wp-json\/wp\/v2\/comments?post=864"}],"version-history":[{"count":0,"href":"https:\/\/www.ufsm.br\/cursos\/pos-graduacao\/santa-maria\/ppgcta\/wp-json\/wp\/v2\/pages\/864\/revisions"}],"wp:attachment":[{"href":"https:\/\/www.ufsm.br\/cursos\/pos-graduacao\/santa-maria\/ppgcta\/wp-json\/wp\/v2\/media?parent=864"}],"wp:term":[{"taxonomy":"category","embeddable":true,"href":"https:\/\/www.ufsm.br\/cursos\/pos-graduacao\/santa-maria\/ppgcta\/wp-json\/wp\/v2\/categories?post=864"},{"taxonomy":"post_tag","embeddable":true,"href":"https:\/\/www.ufsm.br\/cursos\/pos-graduacao\/santa-maria\/ppgcta\/wp-json\/wp\/v2\/tags?post=864"}],"curies":[{"name":"wp","href":"https:\/\/api.w.org\/{rel}","templated":true}]}}