{"id":879,"date":"2021-05-21T18:46:39","date_gmt":"2021-05-21T21:46:39","guid":{"rendered":"https:\/\/www.ufsm.br\/cursos\/pos-graduacao\/santa-maria\/ppgcta\/?page_id=879"},"modified":"2021-09-09T10:13:45","modified_gmt":"2021-09-09T13:13:45","slug":"criterios-de-credenciamento-e-descredenciamento","status":"publish","type":"page","link":"https:\/\/www.ufsm.br\/cursos\/pos-graduacao\/santa-maria\/ppgcta\/criterios-de-credenciamento-e-descredenciamento","title":{"rendered":"Crit\u00e9rios de Credenciamento e Descredenciamento"},"content":{"rendered":"\n<p>Crit\u00e9rios de credenciamento: O credenciamento de novos docentes para atua\u00e7\u00e3o no Programa \u00e9 realizado atrav\u00e9s de Edital, aberto conforme as necessidades do Programa (Ata 10\/2017 do Colegiado do PPGCTA-UFSM).<\/p>\n<p>Crit\u00e9rios de descredenciamento: Os docentes credenciados s\u00e3o avaliados anualmente quanto a atividades de produ\u00e7\u00e3o cient\u00edfica, orienta\u00e7\u00e3o de alunos, ensino e atua\u00e7\u00e3o destacada na \u00e1rea de Ci\u00eancia de Alimentos desenvolvidos nos \u00faltimos 3 anos, gerando um \u00cdndice de Produtividade Docente. Baixo desempenho no \u00edndice de produtividade docente por 3 anos consecutivos resulta no descredenciamento do Programa.<\/p>\n","protected":false},"excerpt":{"rendered":"<p>Crit\u00e9rios de credenciamento: O credenciamento de novos docentes para atua\u00e7\u00e3o no Programa \u00e9 realizado atrav\u00e9s de Edital, aberto conforme as necessidades do Programa (Ata 10\/2017 do Colegiado do PPGCTA-UFSM). Crit\u00e9rios de descredenciamento: Os docentes credenciados s\u00e3o avaliados anualmente quanto a atividades de produ\u00e7\u00e3o cient\u00edfica, orienta\u00e7\u00e3o de alunos, ensino e atua\u00e7\u00e3o destacada na \u00e1rea de Ci\u00eancia [&hellip;]<\/p>\n","protected":false},"author":3844,"featured_media":0,"parent":0,"menu_order":0,"comment_status":"closed","ping_status":"closed","template":"","meta":{"footnotes":""},"categories":[],"tags":[],"class_list":["post-879","page","type-page","status-publish","hentry"],"acf":[],"_links":{"self":[{"href":"https:\/\/www.ufsm.br\/cursos\/pos-graduacao\/santa-maria\/ppgcta\/wp-json\/wp\/v2\/pages\/879","targetHints":{"allow":["GET"]}}],"collection":[{"href":"https:\/\/www.ufsm.br\/cursos\/pos-graduacao\/santa-maria\/ppgcta\/wp-json\/wp\/v2\/pages"}],"about":[{"href":"https:\/\/www.ufsm.br\/cursos\/pos-graduacao\/santa-maria\/ppgcta\/wp-json\/wp\/v2\/types\/page"}],"author":[{"embeddable":true,"href":"https:\/\/www.ufsm.br\/cursos\/pos-graduacao\/santa-maria\/ppgcta\/wp-json\/wp\/v2\/users\/3844"}],"replies":[{"embeddable":true,"href":"https:\/\/www.ufsm.br\/cursos\/pos-graduacao\/santa-maria\/ppgcta\/wp-json\/wp\/v2\/comments?post=879"}],"version-history":[{"count":0,"href":"https:\/\/www.ufsm.br\/cursos\/pos-graduacao\/santa-maria\/ppgcta\/wp-json\/wp\/v2\/pages\/879\/revisions"}],"wp:attachment":[{"href":"https:\/\/www.ufsm.br\/cursos\/pos-graduacao\/santa-maria\/ppgcta\/wp-json\/wp\/v2\/media?parent=879"}],"wp:term":[{"taxonomy":"category","embeddable":true,"href":"https:\/\/www.ufsm.br\/cursos\/pos-graduacao\/santa-maria\/ppgcta\/wp-json\/wp\/v2\/categories?post=879"},{"taxonomy":"post_tag","embeddable":true,"href":"https:\/\/www.ufsm.br\/cursos\/pos-graduacao\/santa-maria\/ppgcta\/wp-json\/wp\/v2\/tags?post=879"}],"curies":[{"name":"wp","href":"https:\/\/api.w.org\/{rel}","templated":true}]}}