{"id":889,"date":"2021-05-21T19:14:14","date_gmt":"2021-05-21T22:14:14","guid":{"rendered":"https:\/\/www.ufsm.br\/cursos\/pos-graduacao\/santa-maria\/ppgcta\/?page_id=889"},"modified":"2022-05-19T10:11:41","modified_gmt":"2022-05-19T13:11:41","slug":"prorrogacao-de-prazo-para-defesa","status":"publish","type":"page","link":"https:\/\/www.ufsm.br\/cursos\/pos-graduacao\/santa-maria\/ppgcta\/prorrogacao-de-prazo-para-defesa","title":{"rendered":"Prorroga\u00e7\u00e3o de Prazo para Defesa"},"content":{"rendered":"\t\t<div data-elementor-type=\"wp-page\" data-elementor-id=\"889\" class=\"elementor elementor-889\">\n\t\t\t\t\t\t<section class=\"elementor-section elementor-top-section elementor-element elementor-element-3be91cd3 elementor-section-boxed elementor-section-height-default elementor-section-height-default\" data-id=\"3be91cd3\" data-element_type=\"section\">\n\t\t\t\t\t\t<div class=\"elementor-container elementor-column-gap-default\">\n\t\t\t\t\t<div class=\"elementor-column elementor-col-100 elementor-top-column elementor-element elementor-element-7d3cbba5\" data-id=\"7d3cbba5\" data-element_type=\"column\">\n\t\t\t<div class=\"elementor-widget-wrap elementor-element-populated\">\n\t\t\t\t\t\t<div class=\"elementor-element elementor-element-4c1366bb elementor-widget elementor-widget-text-editor\" data-id=\"4c1366bb\" data-element_type=\"widget\" data-widget_type=\"text-editor.default\">\n\t\t\t\t<div class=\"elementor-widget-container\">\n\t\t\t\t\t\t\t<p><!-- wp:tadv\/classic-paragraph --><\/p>\n<p>A partir do ingresso, o aluno dever\u00e1 concluir o curso (disciplinas e disserta\u00e7\u00e3o ou tese) no prazo m\u00e1ximo de:<\/p>\n<p>I \u2013 vinte e quatro meses, para o Curso de Mestrado<\/p>\n<p>II \u2013 quarenta e oito meses, para o Curso de Doutorado<\/p>\n<p>Tanto os discentes de Mestrado quanto de Doutorado podem solicitar uma prorroga\u00e7\u00e3o de<strong> at\u00e9 seis meses<\/strong> para a conclus\u00e3o do curso.<\/p>\n<div><span style=\"font-family: arial, sans-serif\">De ordem da PRPGP, as solicita\u00e7\u00f5es de prorroga\u00e7\u00e3o de defesa (<b><u>disserta\u00e7\u00e3o ou tese<\/u><\/b>) devem ser realizadas via PEN-SIE.&nbsp;<b><u>O processo deve ser aberto pelo pr\u00f3prio aluno<\/u><\/b>&nbsp;que tramitar\u00e1 para o orientador.<\/span><\/div>\n<div><span style=\"font-family: arial, sans-serif\">&nbsp;<\/span><\/div>\n<div><span style=\"font-family: arial, sans-serif\">O tutorial na \u00edntegra est\u00e1 no site:&nbsp;<a href=\"https:\/\/www.ufsm.br\/pro-reitorias\/prpgp\/servicos\/prorrogacao-de-prazo-para-defesa\/\" target=\"_blank\" rel=\"noopener\" data-saferedirecturl=\"https:\/\/www.google.com\/url?q=https:\/\/www.ufsm.br\/pro-reitorias\/prpgp\/servicos\/prorrogacao-de-prazo-para-defesa\/&amp;source=gmail&amp;ust=1653050948538000&amp;usg=AOvVaw1w1UuQr3_sLI1YkcQ1y3-y\">https:\/\/www.ufsm.br\/pro-reitorias\/prpgp\/servicos\/prorrogacao-de-prazo-para-defesa\/<\/a><\/span><\/div>\n<div><span style=\"font-family: arial, sans-serif\">&nbsp;<\/span><\/div>\n<div><span style=\"font-family: arial, sans-serif\">Basicamente, o processo \u00e9 assim:<\/span><\/div>\n<div><span style=\"font-family: arial, sans-serif\">&nbsp;<\/span><\/div>\n<div><span style=\"font-family: arial, sans-serif\">1o) O aluno abre o processo no PEN(<a href=\"https:\/\/portal.ufsm.br\/documentos\/login.html\" target=\"_blank\" rel=\"noopener\" data-saferedirecturl=\"https:\/\/www.google.com\/url?q=https:\/\/portal.ufsm.br\/documentos\/login.html&amp;source=gmail&amp;ust=1653050948538000&amp;usg=AOvVaw38YjmrAyPvdnX8AIjIAXG9\">https:\/\/portal.ufsm.br\/documentos\/login.html<\/a>&nbsp;Clica em Novo &gt; Processo&gt; seleciona o PEN com tipo documental \u201cProcesso de prorroga\u00e7\u00e3o de prazo para defesa de disserta\u00e7\u00e3o\/tese (134.333))\u201d&nbsp;&nbsp;<\/span><\/div>\n<div><span style=\"font-family: arial, sans-serif\">&nbsp;<\/span><\/div>\n<div><span style=\"font-family: arial, sans-serif\">2o) Anexa&nbsp;e&nbsp;<b><u>ASSINA via PEN<\/u><\/b>&nbsp;o&nbsp;<\/span><a href=\"https:\/\/www.ufsm.br\/app\/uploads\/sites\/522\/2022\/05\/RequerimentoProrrogacaoPrazoDefesaStrictoSensu.pdf\" target=\"_blank\">formul\u00e1rio do requerimento\/solicita\u00e7\u00e3o de prorroga\u00e7\u00e3o<\/a><\/div>\n<div><span style=\"font-family: arial, sans-serif\">&nbsp;<\/span><\/div>\n<div><span style=\"font-family: arial, sans-serif\">3o) Aluno tramita para&nbsp;o orientador(a)<\/span><\/div>\n<div><span style=\"font-family: arial, sans-serif\">&nbsp;<\/span><\/div>\n<div><span style=\"font-family: arial, sans-serif\">4o) Orientador&nbsp;<b><u>ASSINA via PEN<\/u><\/b>&nbsp;e tramita ao Curso&nbsp;(unidade 03.10.07&nbsp;&nbsp;CURSO-PROGRAMA PG e CI\u00caNCIA E TECNOLOGIA DE ALIMENTOS)&nbsp;&nbsp;para an\u00e1lise do Colegiado<\/span><br><span style=\"font-family: arial, sans-serif\"><br><\/span><\/div>\n<p>O Colegiado do PPGCTA apreciar\u00e1 em reuni\u00e3o a solicita\u00e7\u00e3o, podendo aprovar ou reprovar o pedido de prorroga\u00e7\u00e3o.<\/p>\n<p><\/p>\n<p><!-- \/wp:tadv\/classic-paragraph --><\/p>\t\t\t\t\t\t<\/div>\n\t\t\t\t<\/div>\n\t\t\t\t\t<\/div>\n\t\t<\/div>\n\t\t\t\t\t<\/div>\n\t\t<\/section>\n\t\t\t\t<\/div>\n\t\t","protected":false},"excerpt":{"rendered":"<p>A partir do ingresso, o aluno dever\u00e1 concluir o curso (disciplinas e disserta\u00e7\u00e3o ou tese) no prazo m\u00e1ximo de: I \u2013 vinte e quatro meses, para o Curso de Mestrado II \u2013 quarenta e oito meses, para o Curso de Doutorado Tanto os discentes de Mestrado quanto de Doutorado podem solicitar uma prorroga\u00e7\u00e3o de at\u00e9 [&hellip;]<\/p>\n","protected":false},"author":3844,"featured_media":0,"parent":0,"menu_order":0,"comment_status":"closed","ping_status":"closed","template":"","meta":{"footnotes":""},"categories":[],"tags":[],"class_list":["post-889","page","type-page","status-publish","hentry"],"acf":[],"_links":{"self":[{"href":"https:\/\/www.ufsm.br\/cursos\/pos-graduacao\/santa-maria\/ppgcta\/wp-json\/wp\/v2\/pages\/889","targetHints":{"allow":["GET"]}}],"collection":[{"href":"https:\/\/www.ufsm.br\/cursos\/pos-graduacao\/santa-maria\/ppgcta\/wp-json\/wp\/v2\/pages"}],"about":[{"href":"https:\/\/www.ufsm.br\/cursos\/pos-graduacao\/santa-maria\/ppgcta\/wp-json\/wp\/v2\/types\/page"}],"author":[{"embeddable":true,"href":"https:\/\/www.ufsm.br\/cursos\/pos-graduacao\/santa-maria\/ppgcta\/wp-json\/wp\/v2\/users\/3844"}],"replies":[{"embeddable":true,"href":"https:\/\/www.ufsm.br\/cursos\/pos-graduacao\/santa-maria\/ppgcta\/wp-json\/wp\/v2\/comments?post=889"}],"version-history":[{"count":0,"href":"https:\/\/www.ufsm.br\/cursos\/pos-graduacao\/santa-maria\/ppgcta\/wp-json\/wp\/v2\/pages\/889\/revisions"}],"wp:attachment":[{"href":"https:\/\/www.ufsm.br\/cursos\/pos-graduacao\/santa-maria\/ppgcta\/wp-json\/wp\/v2\/media?parent=889"}],"wp:term":[{"taxonomy":"category","embeddable":true,"href":"https:\/\/www.ufsm.br\/cursos\/pos-graduacao\/santa-maria\/ppgcta\/wp-json\/wp\/v2\/categories?post=889"},{"taxonomy":"post_tag","embeddable":true,"href":"https:\/\/www.ufsm.br\/cursos\/pos-graduacao\/santa-maria\/ppgcta\/wp-json\/wp\/v2\/tags?post=889"}],"curies":[{"name":"wp","href":"https:\/\/api.w.org\/{rel}","templated":true}]}}