{"id":890,"date":"2021-05-21T19:15:27","date_gmt":"2021-05-21T22:15:27","guid":{"rendered":"https:\/\/www.ufsm.br\/cursos\/pos-graduacao\/santa-maria\/ppgcta\/?page_id=890"},"modified":"2025-05-09T15:50:16","modified_gmt":"2025-05-09T18:50:16","slug":"procedimentos-para-defesa-mestrado-e-doutorado","status":"publish","type":"page","link":"https:\/\/www.ufsm.br\/cursos\/pos-graduacao\/santa-maria\/ppgcta\/procedimentos-para-defesa-mestrado-e-doutorado","title":{"rendered":"Procedimentos para Defesa &#8211; Mestrado e Doutorado"},"content":{"rendered":"<h5>ORIENTA\u00c7\u00d5ES GERAIS<\/h5>\n<p>1 O discente preenche os formul\u00e1rios no Portal do Aluno e encaminha ao Professor Orientador;<\/p>\n<p>2 O professor Orientador acessa a solicita\u00e7\u00e3o, atrav\u00e9s do Portal do Professor, manifesta sua anu\u00eancia e encaminha \u00e0 Coordena\u00e7\u00e3o do Curso\/Programa;<\/p>\n<p>3 A Coordena\u00e7\u00e3o do Curso\/programa submete a solicita\u00e7\u00e3o ao Colegiado e, uma vez aprovada, encaminha ao DERCA;<\/p>\n<p>4 O DERCA verifica a situa\u00e7\u00e3o curricular e documental do acad\u00eamico e encaminha \u00e0 PRPGP;<\/p>\n<p>5 A PRPGP retorna a solicita\u00e7\u00e3o \u00e0 Coordena\u00e7\u00e3o do Curso\/Programa e anexa a documenta\u00e7\u00e3o pertinente (portaria, ata, certificados, memorandos);<\/p>\n<p>6 A Coordena\u00e7\u00e3o do Curso\/programa imprime a documenta\u00e7\u00e3o anexa e necess\u00e1ria \u00e0 realiza\u00e7\u00e3o da solicita\u00e7\u00e3o do discente e assina a Portaria \u00e0 constitui\u00e7\u00e3o da Banca examinadora e os Certificados de Participa\u00e7\u00e3o e disponibiliza a documenta\u00e7\u00e3o ao Presidente da Banca do Exame de Qualifica\u00e7\u00e3o ou Defesa de Monografia, Disserta\u00e7\u00e3o ou Tese;<\/p>\n<p>7 Realizado o Exame de Defesa de Disserta\u00e7\u00e3o ou Tese, toda a documenta\u00e7\u00e3o permanece junto \u00e0 Coordena\u00e7\u00e3o do Curso\/Programa at\u00e9 a entrega da vers\u00e3o final do trabalho, CD, autoriza\u00e7\u00e3o e artigo(s), conforme normas constantes no regulamento do Curso\/Programa;<\/p>\n<p>8 Atendidas as exig\u00eancias, a Coordena\u00e7\u00e3o do Curso\/Programa:<br \/>\na) envia protocolado \u00e0 PRPGP memorando de encaminhamento e c\u00f3pia da Ata de Defesa e tramita on line \u00e0 PRPGP a solicita\u00e7\u00e3o;<br \/>\nb) envia protocolado e acompanhado de memorando, um exemplar da D\/M\/T ou do trabalho final \u00e0 Biblioteca Central e Biblioteca Setorial, bem como a autoriza\u00e7\u00e3o para publica\u00e7\u00e3o.<br \/>\nA Coordena\u00e7\u00e3o do Curso\/Programa tamb\u00e9m deve observar:<br \/>\na) que o restante da documenta\u00e7\u00e3o\/c\u00f3pias exigidas deve permanecer em arquivo na Coordena\u00e7\u00e3o do Curso\/Programa;<br \/>\nb) se o t\u00edtulo do trabalho final \u00e9 id\u00eantico ao t\u00edtulo da Ata de Defesa;<br \/>\nc) verificar se o trabalho final cont\u00e9m as assinaturas dos membros da Comiss\u00e3o Examinadora;<\/p>\n<p>9 A PRPGP confere o recebimento da solicita\u00e7\u00e3o \u201con line\u201d com a c\u00f3pia f\u00edsica do memorando e da Ata de Defesa impressas e encaminhadas \u00e0 PRPGP pela Coordena\u00e7\u00e3o do Curso\/Programa;<\/p>\n<p>10 A PRPGP tramita a solicita\u00e7\u00e3o \u201con line\u201d para o DERCA e encaminha a c\u00f3pia f\u00edsica e impressa do memorando e da Ata de Defesa;<\/p>\n<p>11 O DERCA arquiva a c\u00f3pia f\u00edsica do memorando e da Ata de Defesa e emite o Diploma.<br \/>\nOBS: A Coordena\u00e7\u00e3o do Curso\/Programa tem acesso \u00e0 consulta e impress\u00e3o de documentos em qualquer momento da tramita\u00e7\u00e3o da solicita\u00e7\u00e3o, atrav\u00e9s do Portal Plano de Estudos.<\/p>\n<p><strong>Para acessar o Tutorial de Solicita\u00e7\u00e3o de Defesa clique\u00a0<a href=\"https:\/\/www.ufsm.br\/pro-reitorias\/prpgp\/servicos\/procedimentos-para-o-processo-de-defesa-de-mdt-online\">AQUI<\/a>.<\/strong><\/p>\n<p><b><u>Observa\u00e7\u00f5es:<\/u><\/b><\/p>\n<p>*\u00a0O aluno dever\u00e1 ter cursado TODAS as disciplinas que constam no seu Plano de Estudos, somando 24 cr\u00e9ditos para o curso de Mestrado e 36 para o curso de Doutorado, sem esquecer que, elabora\u00e7\u00e3o de disserta\u00e7\u00e3o\/tese e teste de sufici\u00eancia n\u00e3o somam cr\u00e9ditos. Alunos que tiveram bolsa devem obrigatoriamente ter cursado a disciplina de Doc\u00eancia Orientada.<\/p>\n<p>* Alunos de mestrado devem ter sido aprovados no teste de sufici\u00eancia em ingl\u00eas. Alunos de doutorado devem ter sido aprovados no teste de sufici\u00eancia em ingl\u00eas e em outra l\u00edngua estrangeira.<\/p>\n<p>* Alunos de doutorado devem ter obtido aprova\u00e7\u00e3o no exame de qualifica\u00e7\u00e3o e devem cumprir o seguinte\u00a0<b><strong>requisito de produ\u00e7\u00e3o cient\u00edfica<\/strong><\/b>: pelo menos um dos artigos resultantes da tese aceito para publica\u00e7\u00e3o ou publicado em peri\u00f3dicos que atendam a classifica\u00e7\u00e3o Qualis A1-A4 na \u00e1rea de Ci\u00eancia de Alimentos, no momento da submiss\u00e3o do artigo OU a tese ter resultado em \u201cdep\u00f3sito de patente na AGITTEC-UFSM e demais ag\u00eancias.<\/p>\n<h5 style=\"font-size: 1rem;width: 916px;color: #21376b !important\">\u00a0ORIENTA\u00c7\u00d5ES SOBRE DEFESA COM MEMBRO DE BANCA N\u00c3O PRESENCIAL<\/h5>\n<p>Acesse aqui as orienta\u00e7\u00f5es da PRPGP sobre defesas com membros de banca n\u00e3o presenciais (<a href=\"http:\/\/coral.ufsm.br\/ppgcta\/images\/banners\/Documentos\/12memo-circ.-08.2018-PRPGP0001.pdf\">Documento 1<\/a>)\u00a0 (<a href=\"http:\/\/coral.ufsm.br\/ppgcta\/images\/banners\/Documentos\/13memo-circ-05.2015-atas-digitalizadas-e-parecer0001.pdf\">Documento 2<\/a>)<\/p>\n<h5>\u00a0<b style=\"color: #21376b;font-size: 1rem\"><strong>ORIENTA\u00c7\u00d5ES SOBRE PROCEDIMENTOS DE DEFESAS DE DISSERTA\u00c7\u00d5ES OU TESES E PARA O EXAME DE QUALIFICA\u00c7\u00c3O COM INFORMA\u00c7\u00d5ES SIGILOSAS<\/strong><\/b><\/h5>\n<p>1.O discente preenche os formul\u00e1rios \u00e0 sua solicita\u00e7\u00e3o atrav\u00e9s do Portal do Aluno e encaminha ao Professor Orientador;<\/p>\n<p>2.Anexar ao processo um of\u00edcio assinado pelo Coordenador(a) do Programa e pelo orientador(a) do(a) aluno(a), com exposi\u00e7\u00e3o de motivos pelo qual o sigilo \u00e9 necess\u00e1rio. Normalmente, quando do exame de qualifica\u00e7\u00e3o, esta atitude j\u00e1 foi tomada. Por isso, neste caso, informar na solicita\u00e7\u00e3o da constitui\u00e7\u00e3o de banca para defesa, o n\u00famero do processo no NIT;<\/p>\n<p>3.Solicitar ao orientador que encaminhe diretamente aos membros da banca as c\u00f3pias das disserta\u00e7\u00f5es ou teses e, junto destas, o anexo 6 do Regimento da PG:\u00a0<a href=\"https:\/\/www.ufsm.br\/app\/uploads\/sites\/522\/2021\/06\/Termo-de-Confidencialidade-e-Sigilo-aprovado.doc\">Termo de Confidencialidade e Sigilo<\/a>, atendendo ao Art. 63, par\u00e1grafo oitavo do Regimento da PG. Isso facilita aos membros da banca o preenchimento e reconhecimento de firma antecipadamente. Estes Termos de Confidencialidade e Sigilo devem ser anexados ao processo, quando da defesa;<\/p>\n<p>4.Uma vez entregue o processo para constitui\u00e7\u00e3o de banca na PRPGP, esta encaminhar\u00e1 ao NIT para an\u00e1lise e parecer, atendendo ao Art. 73, par\u00e1grafo primeiro do Regimento da PG. Caso o parecer do NIT seja favor\u00e1vel, a PRPGP encaminhar\u00e1 o processo ao DERCA para libera\u00e7\u00e3o discente e, ap\u00f3s, retornar\u00e1 \u00e0 PRPGP para emiss\u00e3o da portaria de homologa\u00e7\u00e3o \u00e0 defesa;<\/p>\n<p>5.A defesa deve acontecer fechada ao p\u00fablico e obedecer aos demais procedimentos usuais e compat\u00edveis, definidos no regimento geral da PG;<\/p>\n<p>6.No encerramento da defesa, as vers\u00f5es encaminhadas anteriormente aos membros da banca devem ficar de posse do aluno para atender as sugest\u00f5es ou de posse do orientador, quando n\u00e3o houver sugest\u00f5es de membros da banca assinaladas na vers\u00e3o encaminhada;<\/p>\n<p>7.A vers\u00e3o final da Disserta\u00e7\u00e3o ou Tese deve ser apresentada ao Coordenador(a) pelo(a) orientador(a) para demonstrar a sua concord\u00e2ncia com a vers\u00e3o apresentada, bem com para que o Coordenado(a) do Programa tenha a liberdade de dar prosseguimento ao processo, encaminhando o mesmo, posteriormente, \u00e0 PRPGP para an\u00e1lise e esta para encaminhamento ao DERCA para emiss\u00e3o do Diploma;<\/p>\n<p>8.No encaminhamento do processo pela Coordena\u00e7\u00e3o do Programa \u00e0 PRPGP, n\u00e3o devem ser anexadas c\u00f3pias impressas ou eletr\u00f4nicas da Disserta\u00e7\u00e3o ou Tese, devendo a vers\u00e3o final ficar de posse da Coordena\u00e7\u00e3o do Programa, conforme Art. 63, par\u00e1grafo oitavo do Regimento da PG, ou, alternativamente, de posse do orientador, devendo isso ser definido no Regulamento do Programa.<\/p>\n<p>9.No caso do exame de qualifica\u00e7\u00e3o e havendo informa\u00e7\u00f5es sigilosas, este tamb\u00e9m poder\u00e1 ser fechado ao p\u00fablico. Quando da abertura do processo para o exame de qualifica\u00e7\u00e3o, devem ser observados os itens 2, 3 e 4, apenas considerando que o material a ser disponibilizado \u00e0 banca ser\u00e1 aquele preparado pelo candidato. Uma vez atendida a exig\u00eancia quanto ao Termo de Confidencialidade e Sigilo, quando da abertura do processo para o exame de qualifica\u00e7\u00e3o, e considerando que este deve ser o mesmo processo usado para, posteriormente, solicitar a constitui\u00e7\u00e3o da banca \u00e0 defesa de tese, este termo deve ser solicitado apenas para aqueles que ir\u00e3o fazer parte da banca de defesa e que n\u00e3o participaram do exame de qualifica\u00e7\u00e3o. No final do exame de qualifica\u00e7\u00e3o o material impresso entregue pelo candidato aos membros da banca deve ficar de posse do aluno e\/ou do orientador.<\/p>\n<h5>\u00a0<b style=\"color: #21376b;font-size: 1rem\"><strong>AN\u00c1LISE DO REQUISITO DE PRODU\u00c7\u00c3O CIENT\u00cdFICA PARA DEFESA DE TESE DE DOUTORADO<\/strong><\/b><\/h5>\n<p>Conforme decis\u00e3o aprovada no dia 13\/07\/2017 e registrada na Ata 05\/2017 do Colegiado do Programa de P\u00f3s-Gradua\u00e7\u00e3o em Ci\u00eancia e Tecnologia dos Alimentos, a partir de setembro de 2017, a an\u00e1lise do requisito de produ\u00e7\u00e3o cient\u00edfica para a abertura de processo de Defesa de Tese de Doutorado ser\u00e1 realizada pelo Comit\u00ea Cient\u00edfico do Programa, em at\u00e9 7 dias ap\u00f3s a entrega, na secretaria do Programa (em meio f\u00edsico ou via e-mail), da seguinte documenta\u00e7\u00e3o:<\/p>\n<p>1\u00ba)\u00a0<a href=\"https:\/\/www.ufsm.br\/app\/uploads\/sites\/522\/2023\/11\/REQUERIMENTO_DE_-ANALISE-PRODUCAO-CIENTIFICA-PPGCTA-2.doc\" rel=\"noopener\">FORMUL\u00c1RIO DE SOLICITA\u00c7\u00c3O DE AN\u00c1LISE DA PRODU\u00c7\u00c3O CIENT\u00cdFICA<\/a>, preenchido e assinado;<\/p>\n<p>2\u00ba) C\u00f3pia do artigo\/comprovante de dep\u00f3sito de patente para o qual est\u00e1 sendo solicitada a an\u00e1lise.<\/p>\n<p>A documenta\u00e7\u00e3o dever\u00e1 ser entregue pelo menos 7 dias antes do prazo limite para abertura do processo de Defesa de Tese.<\/p>\n<h5 style=\"font-size: 1rem;width: 916px;color: #21376b !important;text-align: justify\">NORMAS PARA A ELABORA\u00c7\u00c3O DE DISSERTA\u00c7\u00d5ES E TESES<\/h5>\n<p>Acesse aqui o\u00a0<a style=\"font-size: 1rem;background-color: #ffffff\" href=\"https:\/\/www.ufsm.br\/app\/uploads\/sites\/522\/2022\/04\/Manual-de-Dissertacoes-e-Teses_MDT.pdf\">Manual de Estrutura e Apresenta\u00e7\u00e3o de Monografias, Disserta\u00e7\u00f5es e Teses \u2013 MDT<\/a><\/p>\n","protected":false},"excerpt":{"rendered":"<p>ORIENTA\u00c7\u00d5ES GERAIS 1 O discente preenche os formul\u00e1rios no Portal do Aluno e encaminha ao Professor Orientador; 2 O professor Orientador acessa a solicita\u00e7\u00e3o, atrav\u00e9s do Portal do Professor, manifesta sua anu\u00eancia e encaminha \u00e0 Coordena\u00e7\u00e3o do Curso\/Programa; 3 A Coordena\u00e7\u00e3o do Curso\/programa submete a solicita\u00e7\u00e3o ao Colegiado e, uma vez aprovada, encaminha ao DERCA; [&hellip;]<\/p>\n","protected":false},"author":3844,"featured_media":0,"parent":0,"menu_order":0,"comment_status":"closed","ping_status":"closed","template":"","meta":{"footnotes":""},"categories":[],"tags":[],"class_list":["post-890","page","type-page","status-publish","hentry"],"acf":[],"_links":{"self":[{"href":"https:\/\/www.ufsm.br\/cursos\/pos-graduacao\/santa-maria\/ppgcta\/wp-json\/wp\/v2\/pages\/890","targetHints":{"allow":["GET"]}}],"collection":[{"href":"https:\/\/www.ufsm.br\/cursos\/pos-graduacao\/santa-maria\/ppgcta\/wp-json\/wp\/v2\/pages"}],"about":[{"href":"https:\/\/www.ufsm.br\/cursos\/pos-graduacao\/santa-maria\/ppgcta\/wp-json\/wp\/v2\/types\/page"}],"author":[{"embeddable":true,"href":"https:\/\/www.ufsm.br\/cursos\/pos-graduacao\/santa-maria\/ppgcta\/wp-json\/wp\/v2\/users\/3844"}],"replies":[{"embeddable":true,"href":"https:\/\/www.ufsm.br\/cursos\/pos-graduacao\/santa-maria\/ppgcta\/wp-json\/wp\/v2\/comments?post=890"}],"version-history":[{"count":0,"href":"https:\/\/www.ufsm.br\/cursos\/pos-graduacao\/santa-maria\/ppgcta\/wp-json\/wp\/v2\/pages\/890\/revisions"}],"wp:attachment":[{"href":"https:\/\/www.ufsm.br\/cursos\/pos-graduacao\/santa-maria\/ppgcta\/wp-json\/wp\/v2\/media?parent=890"}],"wp:term":[{"taxonomy":"category","embeddable":true,"href":"https:\/\/www.ufsm.br\/cursos\/pos-graduacao\/santa-maria\/ppgcta\/wp-json\/wp\/v2\/categories?post=890"},{"taxonomy":"post_tag","embeddable":true,"href":"https:\/\/www.ufsm.br\/cursos\/pos-graduacao\/santa-maria\/ppgcta\/wp-json\/wp\/v2\/tags?post=890"}],"curies":[{"name":"wp","href":"https:\/\/api.w.org\/{rel}","templated":true}]}}