{"id":892,"date":"2021-05-21T19:16:44","date_gmt":"2021-05-21T22:16:44","guid":{"rendered":"https:\/\/www.ufsm.br\/cursos\/pos-graduacao\/santa-maria\/ppgcta\/?page_id=892"},"modified":"2025-05-09T16:17:29","modified_gmt":"2025-05-09T19:17:29","slug":"procedimentos-para-expedicao-do-diploma","status":"publish","type":"page","link":"https:\/\/www.ufsm.br\/cursos\/pos-graduacao\/santa-maria\/ppgcta\/procedimentos-para-expedicao-do-diploma","title":{"rendered":"Procedimentos para Expedi\u00e7\u00e3o do Diploma"},"content":{"rendered":"\n<p>\u00a0<\/p>\n<p>Ap\u00f3s a defesa e dentro do prazo estabelecido pela Comiss\u00e3o Examinadora, o aluno ou seu orientador dever\u00e1 entregar na\u00a0Secretaria Integrada dos Cursos de P\u00f3s-Gradua\u00e7\u00e3o SIPG\/CCR\u00a0\u00a0a\u00a0<b>Ata de defesa <\/b>devidamente assinada pelos membros e <b>entregar via PEN a sua tese\/disserta\u00e7\u00e3o<\/b> conforme orienta\u00e7\u00f5es dispon\u00edveis em\u00a0<a href=\"https:\/\/www.ufsm.br\/pro-reitorias\/prpgp\/servicos\/ato-de-entrega-de-mdt-tutorial\">https:\/\/www.ufsm.br\/pro-reitorias\/prpgp\/servicos\/ato-de-entrega-de-mdt-tutorial<\/a>.\u00a0<\/p>\n<p>O aluno tamb\u00e9m dever\u00e1 enviar para o e-mail do PPGCTA (ppgcta@ufsm.br) os seguintes documentos:<\/p>\n<p>\u2013\u00a0<a style=\"font-size: 1rem;font-weight: var( --e-global-typography-text-font-weight );text-align: var(--bs-body-text-align)\" href=\"https:\/\/www.ufsm.br\/cursos\/pos-graduacao\/santa-maria\/ppgcta\/wp-content\/uploads\/sites\/522\/2019\/02\/FORMULRIO_TITULADOS-1.doc\" target=\"_blank\" rel=\"noopener\">Formul\u00e1rio de Titulado<\/a> em formato PDF<\/p>\n<p><a href=\"https:\/\/www.ufsm.br\/cursos\/pos-graduacao\/santa-maria\/ppgcta\/wp-content\/uploads\/sites\/522\/2019\/02\/CADASTRO_DE_PARTICIPANTE_DE_BANCA-1.doc\" target=\"_blank\" rel=\"noopener noreferrer\">\u2013 Cadastro de participante externo;<\/a><\/p>\n<p><a href=\"https:\/\/www.ufsm.br\/app\/uploads\/sites\/522\/2021\/06\/Relatorio-semestral-de-atividades.doc\">\u2013\u00a0Relat\u00f3rios de atividades semestrais<\/a> devidamente assinados.<\/p>\n<p><strong>**A folha de aprova\u00e7\u00e3o na disserta\u00e7\u00e3o\/tese n\u00e3o deve estar assinada.\u00a0<\/strong><\/p>\n<p><strong>Solicita\u00e7\u00e3o de expedi\u00e7\u00e3o de diploma com urg\u00eancia<\/strong>:\u00a0Enviar para o e-mail do PPGCTA o formul\u00e1rio de urg\u00eancia e o anexo que comprove a necessidade da urg\u00eancia (<a href=\"https:\/\/www.ufsm.br\/pro-reitorias\/prpgp\/servicos\/urgencia-para-emissao-de-diploma-da-pos-graduacao\/\" target=\"_blank\" rel=\"noopener\">https:\/\/www.ufsm.br\/pro-reitorias\/prpgp\/servicos\/urgencia-para-emissao-de-diploma-da-pos-graduacao\/<\/a>)<\/p>\n<p>O egresso poder\u00e1 acompanhar a emiss\u00e3o do diploma no consulta processos,\u00a0<a style=\"font-size: 1rem\" href=\"https:\/\/portal.ufsm.br\/processos\/captchaAuthentication.html\" target=\"_blank\" rel=\"noopener noreferrer\">aqui<\/a>.\u00a0<\/p>\n<p><strong>Informa\u00e7\u00f5es sobre as assinaturas eletr\u00f4nicas aceitas nas atas de defesa podem ser obtidas no memorando circular N. 004\/2024-PRPGP dispon\u00edvel <a href=\"https:\/\/www.ufsm.br\/app\/uploads\/sites\/522\/2025\/05\/Memorando_circular_n._04.2024_assinaturas_nas_atas_de_defesa_assinado.pdf\">AQUI<\/a>.<\/strong><\/p>\n<p>\u00a0<\/p>\n<p>\u00a0<\/p>\n","protected":false},"excerpt":{"rendered":"<p>\u00a0 Ap\u00f3s a defesa e dentro do prazo estabelecido pela Comiss\u00e3o Examinadora, o aluno ou seu orientador dever\u00e1 entregar na\u00a0Secretaria Integrada dos Cursos de P\u00f3s-Gradua\u00e7\u00e3o SIPG\/CCR\u00a0\u00a0a\u00a0Ata de defesa devidamente assinada pelos membros e entregar via PEN a sua tese\/disserta\u00e7\u00e3o conforme orienta\u00e7\u00f5es dispon\u00edveis em\u00a0https:\/\/www.ufsm.br\/pro-reitorias\/prpgp\/servicos\/ato-de-entrega-de-mdt-tutorial.\u00a0 O aluno tamb\u00e9m dever\u00e1 enviar para o e-mail do PPGCTA (ppgcta@ufsm.br) os [&hellip;]<\/p>\n","protected":false},"author":3844,"featured_media":0,"parent":0,"menu_order":0,"comment_status":"closed","ping_status":"closed","template":"","meta":{"footnotes":""},"categories":[],"tags":[],"class_list":["post-892","page","type-page","status-publish","hentry"],"acf":[],"_links":{"self":[{"href":"https:\/\/www.ufsm.br\/cursos\/pos-graduacao\/santa-maria\/ppgcta\/wp-json\/wp\/v2\/pages\/892","targetHints":{"allow":["GET"]}}],"collection":[{"href":"https:\/\/www.ufsm.br\/cursos\/pos-graduacao\/santa-maria\/ppgcta\/wp-json\/wp\/v2\/pages"}],"about":[{"href":"https:\/\/www.ufsm.br\/cursos\/pos-graduacao\/santa-maria\/ppgcta\/wp-json\/wp\/v2\/types\/page"}],"author":[{"embeddable":true,"href":"https:\/\/www.ufsm.br\/cursos\/pos-graduacao\/santa-maria\/ppgcta\/wp-json\/wp\/v2\/users\/3844"}],"replies":[{"embeddable":true,"href":"https:\/\/www.ufsm.br\/cursos\/pos-graduacao\/santa-maria\/ppgcta\/wp-json\/wp\/v2\/comments?post=892"}],"version-history":[{"count":0,"href":"https:\/\/www.ufsm.br\/cursos\/pos-graduacao\/santa-maria\/ppgcta\/wp-json\/wp\/v2\/pages\/892\/revisions"}],"wp:attachment":[{"href":"https:\/\/www.ufsm.br\/cursos\/pos-graduacao\/santa-maria\/ppgcta\/wp-json\/wp\/v2\/media?parent=892"}],"wp:term":[{"taxonomy":"category","embeddable":true,"href":"https:\/\/www.ufsm.br\/cursos\/pos-graduacao\/santa-maria\/ppgcta\/wp-json\/wp\/v2\/categories?post=892"},{"taxonomy":"post_tag","embeddable":true,"href":"https:\/\/www.ufsm.br\/cursos\/pos-graduacao\/santa-maria\/ppgcta\/wp-json\/wp\/v2\/tags?post=892"}],"curies":[{"name":"wp","href":"https:\/\/api.w.org\/{rel}","templated":true}]}}