{"id":158,"date":"2019-02-27T11:11:20","date_gmt":"2019-02-27T14:11:20","guid":{"rendered":"https:\/\/www.ufsm.br\/cursos\/pos-graduacao\/santa-maria\/ppgd\/?page_id=158"},"modified":"2026-03-31T14:27:26","modified_gmt":"2026-03-31T17:27:26","slug":"colegiado","status":"publish","type":"page","link":"https:\/\/www.ufsm.br\/cursos\/pos-graduacao\/santa-maria\/ppgd\/colegiado","title":{"rendered":"Colegiado"},"content":{"rendered":"\t\t<div data-elementor-type=\"wp-page\" data-elementor-id=\"158\" class=\"elementor elementor-158\">\n\t\t\t\t\t\t<section class=\"elementor-section elementor-top-section elementor-element elementor-element-44666924 elementor-section-boxed elementor-section-height-default elementor-section-height-default\" data-id=\"44666924\" data-element_type=\"section\">\n\t\t\t\t\t\t<div class=\"elementor-container elementor-column-gap-default\">\n\t\t\t\t\t<div class=\"elementor-column elementor-col-100 elementor-top-column elementor-element elementor-element-1866458c\" data-id=\"1866458c\" data-element_type=\"column\">\n\t\t\t<div class=\"elementor-widget-wrap elementor-element-populated\">\n\t\t\t\t\t\t<div class=\"elementor-element elementor-element-6482f283 elementor-widget elementor-widget-text-editor\" data-id=\"6482f283\" data-element_type=\"widget\" data-widget_type=\"text-editor.default\">\n\t\t\t\t<div class=\"elementor-widget-container\">\n\t\t\t\t\t\t\t<p><strong>Presidente do Colegiado:<br \/><\/strong><\/p><p><strong><a href=\"http:\/\/lattes.cnpq.br\/9933895574541972\">Rafael Santos de Oliveira<\/a><\/strong>\u00a0|\u00a0<a href=\"mailto:rafael.oliveira@ufsm.br\">rafael.oliveira@ufsm.br<\/a><\/p><p><strong>Coordenadora Substituta &#8211; Vice-Presidente<\/strong><\/p><p><strong><a href=\"http:\/\/lattes.cnpq.br\/8242346710380248\">\u00c2ngela Ara\u00fajo da Silveira Espindola<\/a><\/strong> | <a href=\"mailto:angela.espindola@ufsm.br\">angela.espindola@ufsm.br<\/a><\/p><p><strong>Direitos da sociobiodiversidade: desenvolvimento e dimens\u00f5es da sustentabilidade:<\/strong><\/p><p><a href=\"http:\/\/lattes.cnpq.br\/8286207405188331\"><strong>Daniela Richter<\/strong><\/a> | <a href=\"mailto:daniela.richter@ufsm.br\">daniela.richter@ufsm.br<\/a><\/p><p><a style=\"color: #204c90\" href=\"http:\/\/lattes.cnpq.br\/6674587928301231\"><span style=\"font-weight: bolder\">F<\/span><\/a><a href=\"https:\/\/buscatextual.cnpq.br\/buscatextual\/visualizacv.do?id=K4486792H3&amp;tokenCaptchar=03AFcWeA6PhQAKskfV1JHq6QsQExS385DfMCHKNwzmtwwsEAC5FMsB01QytsyznA9Iw14gsltrrw2gkV3u6f1ah1BFEv3LdeLKtRYOyw2o81nXBw0WvyAkmgEH3qXUJGEtSgO2CCjHqzHlmvV_Y8XVU120KDo6LiR8QimXcIzYcF7gzyFGFIl8qjsXEkFiVkuD8WtX0v9SW9QM5nY2KFkVCVzRqtd5Xgg8qaq39QcAFKUC3fJ_t3gC2E0bZidenry3zDTzdMriTqaMxk8juSkUZrlpnNz3NLiq94VGGhSO8q71obWHzesJApmGlIoeV3nWTqKYQtEguOcP0gZrUNCvcbpNn5eZUpZJGRtTruMLdNKDujaEWnVTlykvo_NMqs59IH5kT9ZBa7tV0mloCKD_0N4jnUY4V2P-RC0NiwjesHYJ3AYnk_tUljw1iIRfKFfrrmKIl9-ijfYje0lxAom-p-9eED5b2jJ2E1mK1eV7SHXJBqQY7-ZALCkZUqJIonqRkCTl9flfBpdlrrJshT-7j_F-k_BCC8tQt-7QIp03axHwJda4R8PUTXxAUycZmgruFulcZxy4nFyMRPjfB4g08RwbL6oLeyQu_Iytwdgmx5qlZVWhR7cWXhfkhrEQNce5bLJC8RaBL11r9XXMCDOhX8IrVTXYTS7TkYw8jSorjdBu6yfNIy-i4RiOnXSXEeMxOXZxHSQsYAD8-RMRhmkGm_9kejm2CnISQsQYPsk4RniTaIzTgzbXVGD2rgSkIdDZ-J_tSy9Rs9Sy-Rjhs_KTUS5iXELq3771vRRBoGPCJQ5QfsIv3QqgZdla-V433tW6bzLXRPNAnTxdd8BYsPZlty6tvCbvri917A\" target=\"_blank\" rel=\"noopener\"><b>rancielle Benini Agne Tybusch<\/b><\/a>\u00a0|\u00a0<a style=\"font-size: 1rem;font-weight: var( --e-global-typography-text-font-weight );text-align: var(--bs-body-text-align)\" href=\"mailto:francielle.tybusch@ufsm.br\" target=\"_blank\" rel=\"noopener\">francielle.tybusch@ufsm.br<\/a><\/p><p><strong><a href=\"http:\/\/lattes.cnpq.br\/3613134514590708\">Isabel Christine Silva de Gregori<\/a><\/strong> | <a href=\"mailto:isabel.gregori@ufsm.br\">isabel.gregori@ufsm.br<\/a><\/p><p><strong><a href=\"http:\/\/lattes.cnpq.br\/6477064173761427\">Jer\u00f4nimo Siqueira Tybusch<\/a><\/strong>\u00a0|\u00a0<a href=\"mailto:jeronimotybusch@ufsm.br\">jeronimotybusch@ufsm.br<\/a><\/p><p><strong><a href=\"http:\/\/lattes.cnpq.br\/7964995474008653\">Nina Tr\u00edcia Disconzi Rodrigues<\/a><\/strong> | <a href=\"mailto:maria.dornellas@ufsm.br\">maria.dornellas@ufsm.br<\/a><\/p><p><a href=\"http:\/\/lattes.cnpq.br\/8133456987270036\"><strong>Yuri Schneider<\/strong><\/a> | <a href=\"mailto:yuri.schneider@ufsm.br\">yuri.schneider@ufsm.br<\/a><\/p><p><strong>Direitos na sociedade em rede: atores, fatores e processos na mundializa\u00e7\u00e3o:<\/strong><\/p><p><span style=\"color: #000080\"><a href=\"http:\/\/lattes.cnpq.br\/4258827931942666\"><strong>Fernanda Martins<\/strong><\/a> | <a style=\"color: #000080\" href=\"mailto:fernanda.martins@ufsm.br\">fernanda.martins@ufsm.br<\/a><\/span><\/p><p><a href=\"http:\/\/lattes.cnpq.br\/6674587928301231\"><strong>Fernando Hoffmam<\/strong><\/a> | <a href=\"mailto:fernando.hoffmam@ufsm.br\">fernando.hoffmam@ufsm.br<\/a><\/p><p><strong><a href=\"http:\/\/lattes.cnpq.br\/7014542059521058\">Luis Gustavo Durigon<\/a><\/strong> | <a href=\"mailto:durigon.lgustavo@ufsm.br\">durigon.lgustavo@ufsm.br<\/a><\/p><p><a href=\"http:\/\/lattes.cnpq.br\/8344521221985244\"><strong>Maria Cristina Gomes da Silva D\u2019Ornellas<\/strong><\/a> | <a href=\"mailto:maria.dornellas@ufsm.br\">maria.dornellas@ufsm.br<\/a><\/p><p><strong><a href=\"http:\/\/lattes.cnpq.br\/0410655246566679\">Nathalie Kuczura<\/a><\/strong> | <a href=\"mailto:nathalie.kuczura@ufsm.br\">nathalie.kuczura@ufsm.br<\/a><\/p><p><strong><a href=\"http:\/\/lattes.cnpq.br\/1218962383221912\">Rosane da Silva Leal<\/a><\/strong> | <a href=\"mailto:rosane-leal.da-silva@ufsm.br\">rosane-leal.da-silva@ufsm.br<\/a><\/p><p><strong><a href=\"http:\/\/lattes.cnpq.br\/6294253776126361\">Val\u00e9ria Ribas do Nascimento<\/a><\/strong> | <a href=\"mailto:valeria.nascimento@ufsm.br\">valeria.nascimento@ufsm.br<\/a><\/p><p><strong>Acesso global \u00e0 justi\u00e7a: solu\u00e7\u00f5es plurais em sociedades democr\u00e1ticas:<\/strong><\/p><p><strong><a href=\"http:\/\/lattes.cnpq.br\/9984273133597587\">Ademar Pozzatti Junior<\/a><\/strong> | <a href=\"mailto:ademar.pozzatti@ufsm.br\">ademar.pozzatti@ufsm.br<\/a><\/p><p><strong><a href=\"http:\/\/lattes.cnpq.br\/1677439477708820\">Cristiano Becker Isaia<\/a><\/strong> | <a href=\"mailto:cristiano.isaia@ufsm.br\">cristiano.isaia@ufsm.br<\/a><\/p><p><a href=\"http:\/\/lattes.cnpq.br\/2298217007407061\"><strong>Giuliana Redin<\/strong><\/a> | <a href=\"mailto:giuliana.redin@ufsm.br\">giuliana.redin@ufsm.br<\/a><\/p><p><strong>Discentes:<\/strong><\/p><p><strong>Titular &#8211; Mestrado: Manuela Nunes Pereira\u00a0|<\/strong> <a href=\"mailto:manuela.pereira@acad.ufsm.br\"><strong>manuela.pereira@acad.ufsm.br<\/strong><\/a><\/p><p><strong>Suplente &#8211; Mestrado: Gabriel de Oliveira Soares | <a href=\"mailto:gabriel_soa@hotmail.com\">gabriel_soa@hotmail.com<\/a><\/strong><\/p><p><strong>Titular &#8211; Doutorado: Isabela Quartieri da Rosa |<\/strong> <a href=\"mailto:isabela.quartieri@acad.ufsm.br\"><strong>isabela.quartieri@acad.ufsm.br<\/strong><\/a>\u00a0<\/p><p><strong>Suplente &#8211; Doutorado: Vinicius Garcia Vieira<\/strong> <strong>| <a href=\"mailto:vigarciavieira@gmail.com\">vigarciavieira@gmail.com<\/a><\/strong><\/p><p>Base Legal:\u00a0<\/p><p><a href=\"https:\/\/www.ufsm.br\/app\/uploads\/sites\/563\/2026\/03\/APOST_PORT_CCSH_2025_170.pdf\">APOST_PORT_CCSH_2025_170<\/a><\/p><p><a href=\"https:\/\/www.ufsm.br\/app\/uploads\/sites\/563\/2025\/05\/Portaria-Colegiado-PPGD-170-CCSH-2025.pdf\">Portaria Colegiado PPGD 170-CCSH 2025<\/a><\/p><h2><a href=\"https:\/\/www.ufsm.br\/cursos\/pos-graduacao\/santa-maria\/ppgd\/atas-colegiado\">Atas do Colegiado<\/a><\/h2><p><!-- \/wp:tadv\/classic-paragraph --><\/p>\t\t\t\t\t\t<\/div>\n\t\t\t\t<\/div>\n\t\t\t\t\t<\/div>\n\t\t<\/div>\n\t\t\t\t\t<\/div>\n\t\t<\/section>\n\t\t\t\t<\/div>\n\t\t","protected":false},"excerpt":{"rendered":"<p>Presidente do Colegiado: Rafael Santos de Oliveira\u00a0|\u00a0rafael.oliveira@ufsm.br Coordenadora Substituta &#8211; Vice-Presidente \u00c2ngela Ara\u00fajo da Silveira Espindola | angela.espindola@ufsm.br Direitos da sociobiodiversidade: desenvolvimento e dimens\u00f5es da sustentabilidade: Daniela Richter | daniela.richter@ufsm.br Francielle Benini Agne Tybusch\u00a0|\u00a0francielle.tybusch@ufsm.br Isabel Christine Silva de Gregori | isabel.gregori@ufsm.br Jer\u00f4nimo Siqueira Tybusch\u00a0|\u00a0jeronimotybusch@ufsm.br Nina Tr\u00edcia Disconzi Rodrigues | maria.dornellas@ufsm.br Yuri Schneider | yuri.schneider@ufsm.br Direitos [&hellip;]<\/p>\n","protected":false},"author":115,"featured_media":0,"parent":0,"menu_order":0,"comment_status":"closed","ping_status":"closed","template":"","meta":{"footnotes":""},"categories":[],"tags":[],"class_list":["post-158","page","type-page","status-publish","hentry"],"acf":[],"_links":{"self":[{"href":"https:\/\/www.ufsm.br\/cursos\/pos-graduacao\/santa-maria\/ppgd\/wp-json\/wp\/v2\/pages\/158","targetHints":{"allow":["GET"]}}],"collection":[{"href":"https:\/\/www.ufsm.br\/cursos\/pos-graduacao\/santa-maria\/ppgd\/wp-json\/wp\/v2\/pages"}],"about":[{"href":"https:\/\/www.ufsm.br\/cursos\/pos-graduacao\/santa-maria\/ppgd\/wp-json\/wp\/v2\/types\/page"}],"author":[{"embeddable":true,"href":"https:\/\/www.ufsm.br\/cursos\/pos-graduacao\/santa-maria\/ppgd\/wp-json\/wp\/v2\/users\/115"}],"replies":[{"embeddable":true,"href":"https:\/\/www.ufsm.br\/cursos\/pos-graduacao\/santa-maria\/ppgd\/wp-json\/wp\/v2\/comments?post=158"}],"version-history":[{"count":0,"href":"https:\/\/www.ufsm.br\/cursos\/pos-graduacao\/santa-maria\/ppgd\/wp-json\/wp\/v2\/pages\/158\/revisions"}],"wp:attachment":[{"href":"https:\/\/www.ufsm.br\/cursos\/pos-graduacao\/santa-maria\/ppgd\/wp-json\/wp\/v2\/media?parent=158"}],"wp:term":[{"taxonomy":"category","embeddable":true,"href":"https:\/\/www.ufsm.br\/cursos\/pos-graduacao\/santa-maria\/ppgd\/wp-json\/wp\/v2\/categories?post=158"},{"taxonomy":"post_tag","embeddable":true,"href":"https:\/\/www.ufsm.br\/cursos\/pos-graduacao\/santa-maria\/ppgd\/wp-json\/wp\/v2\/tags?post=158"}],"curies":[{"name":"wp","href":"https:\/\/api.w.org\/{rel}","templated":true}]}}