{"id":161,"date":"2019-02-27T11:17:02","date_gmt":"2019-02-27T14:17:02","guid":{"rendered":"https:\/\/www.ufsm.br\/cursos\/pos-graduacao\/santa-maria\/ppgd\/?page_id=161"},"modified":"2019-02-27T11:20:50","modified_gmt":"2019-02-27T14:20:50","slug":"convenios","status":"publish","type":"page","link":"https:\/\/www.ufsm.br\/cursos\/pos-graduacao\/santa-maria\/ppgd\/convenios","title":{"rendered":"Conv\u00eanios"},"content":{"rendered":"\t\t<div data-elementor-type=\"wp-post\" data-elementor-id=\"161\" class=\"elementor elementor-161 elementor-bc-flex-widget\">\n\t\t\t\t\t\t<section class=\"elementor-section elementor-top-section elementor-element elementor-element-3bec85c8 elementor-section-boxed elementor-section-height-default elementor-section-height-default\" data-id=\"3bec85c8\" data-element_type=\"section\">\n\t\t\t\t\t\t<div class=\"elementor-container elementor-column-gap-default\">\n\t\t\t\t\t<div class=\"elementor-column elementor-col-100 elementor-top-column elementor-element elementor-element-f7d406c\" data-id=\"f7d406c\" data-element_type=\"column\">\n\t\t\t<div class=\"elementor-widget-wrap elementor-element-populated\">\n\t\t\t\t\t\t<div class=\"elementor-element elementor-element-c18c4f9 elementor-widget elementor-widget-heading\" data-id=\"c18c4f9\" data-element_type=\"widget\" data-widget_type=\"heading.default\">\n\t\t\t\t<div class=\"elementor-widget-container\">\n\t\t\t<h5 class=\"elementor-heading-title elementor-size-default\">Institui\u00e7\u00f5es Estrangeiras<\/h5>\t\t<\/div>\n\t\t\t\t<\/div>\n\t\t\t\t<div class=\"elementor-element elementor-element-e6dbebe elementor-widget elementor-widget-text-editor\" data-id=\"e6dbebe\" data-element_type=\"widget\" data-widget_type=\"text-editor.default\">\n\t\t\t\t<div class=\"elementor-widget-container\">\n\t\t\t\t\t\t\t<p><strong>CO<\/strong><strong>NV\u00caNIO CO<\/strong><strong>M A UNIVERSIDADE DO MINHO\/PORTUGAL<\/strong><\/p>\n<p><strong>CONV\u00caNIO COM A UNIVERSIDAD DE SEVILHA\/ESPANHA<\/strong><\/p>\n<p><strong>CONV\u00caNIO COM A UNIVERSITAD DE VAL\u00caNCIA\/ESPANHA<\/strong><\/p>\n<p><strong>CONV\u00caNIO COM A UNIVERSIDADE DE SANTIAGO DO CHILE (USACH)\/CHILE &#8211; INSTITUTO DE ESTUDIOS AVANZADOS (IDEA\/USACH) E DOUTORADO EM ESTUDIOS AMERICANOS<\/strong><\/p>\n<p><strong>CONV\u00caNIO COM A UNIVERSIDAD CATOLICA DE TEMUCO\/CHILE<\/strong><\/p>\n<p><strong>CONV\u00caNIO COM A UNIVERSIDADE DE CHIAPAS\/M\u00c9XICO<\/strong><\/p>\n<p><strong>CONV\u00caNIO COM A UNIVERSIDAD NACIONAL DE LA PLATA\/ARGENTINA<\/strong><\/p>\n<p><strong>CONV\u00caNIO EM ANDAMENTO COM A UNIVERSIDAD NACIONAL DE COSTA RICA (UNA)<\/strong><\/p>\n<p><strong>CONV\u00caNIO DE COOPERA\u00c7\u00c3O ENTRE A UNIVERSIDADE DE ZARAGOZA (ESPANHA)<\/strong><\/p>\n<p><strong>INTERC\u00c2MBIO COM A ASSOCIA\u00c7\u00c3O DE UNIVERSIDADES DO GRUPO MONTEVID\u00c9U (AUGM)<\/strong><\/p>\n<p><strong>PARCERIA ENTRE A UFSM E A REDE IBEROAMERICANA DE UNIVERSIDADES E INSTITUTOS COM INVESTIGA\u00c7\u00c3O EM DIREITO E INFORM\u00c1TICA (RED CIIDDI)<\/strong><\/p>\n<p><strong>UNIVERSIDAD DE SANTIAGO DE CHILE E INSTITUTO DE ESTUDIOS AVANZADOS<\/strong><\/p>\n<p><strong>UNIVERSIDADE CAT\u00d3LICA DE TEMUCO &#8211; CHILE<\/strong><\/p>\n<p><strong>\u00a0UNIVERSIDADES DE VAL\u00caNCIA &#8211; ESPANHA<\/strong><\/p>\n<p><strong>UNIVERSIDADE DE ZARAGOZA &#8211; ESPANHA<\/strong><\/p>\n<p><strong>UNIVERSIDAD DE SEVILHA &#8211; ESPANHA<\/strong><\/p>\n<p><strong>UNIVERSIDADE NACIONAL DE BUENOS AIRES &#8211; UBA\u00a0<\/strong><\/p>\n<p><strong>\u00a0UNIVERSIDADE DE CHIAPAS, M\u00c9XICO<\/strong><\/p>\n<p><strong>IHEAL \u2013 INSTITUT DES HAUTES \u00c9TUDES DE\u00a0L\u2019AM\u00c9RIQUE\u00a0LATINE, VINCULADO \u00c0 UNIVERSIT\u00c9 SORBONNE PARIS III<\/strong><\/p>\n<p><strong>UNIVERSIDAD NACIONAL DE COSTA RICA (UNA)<\/strong><\/p>\n<p><strong>SALIENTA-SE INTERCAMBIO ENTRE BRASILEIROS, CHILENOS, PERUANOS, COLOMBIANOS, URUGUAIOS E ARGENTINOS<\/strong><\/p>\n<p><strong>C\u00c1TEDRA S\u00c9RGIO VIEIRA DE MELO (PERTENCENTE \u00c0 ACNUR)<\/strong><\/p>\t\t\t\t\t\t<\/div>\n\t\t\t\t<\/div>\n\t\t\t\t\t<\/div>\n\t\t<\/div>\n\t\t\t\t\t<\/div>\n\t\t<\/section>\n\t\t\t\t<\/div>\n\t\t","protected":false},"excerpt":{"rendered":"<p>Institui\u00e7\u00f5es Estrangeiras CONV\u00caNIO COM A UNIVERSIDADE DO MINHO\/PORTUGAL CONV\u00caNIO COM A UNIVERSIDAD DE SEVILHA\/ESPANHA CONV\u00caNIO COM A UNIVERSITAD DE VAL\u00caNCIA\/ESPANHA CONV\u00caNIO COM A UNIVERSIDADE DE SANTIAGO DO CHILE (USACH)\/CHILE &#8211; INSTITUTO DE ESTUDIOS AVANZADOS (IDEA\/USACH) E DOUTORADO EM ESTUDIOS AMERICANOS CONV\u00caNIO COM A UNIVERSIDAD CATOLICA DE TEMUCO\/CHILE CONV\u00caNIO COM A UNIVERSIDADE DE CHIAPAS\/M\u00c9XICO CONV\u00caNIO COM [&hellip;]<\/p>\n","protected":false},"author":115,"featured_media":0,"parent":0,"menu_order":0,"comment_status":"closed","ping_status":"closed","template":"","meta":{"footnotes":""},"categories":[],"tags":[],"class_list":["post-161","page","type-page","status-publish","hentry"],"acf":[],"_links":{"self":[{"href":"https:\/\/www.ufsm.br\/cursos\/pos-graduacao\/santa-maria\/ppgd\/wp-json\/wp\/v2\/pages\/161","targetHints":{"allow":["GET"]}}],"collection":[{"href":"https:\/\/www.ufsm.br\/cursos\/pos-graduacao\/santa-maria\/ppgd\/wp-json\/wp\/v2\/pages"}],"about":[{"href":"https:\/\/www.ufsm.br\/cursos\/pos-graduacao\/santa-maria\/ppgd\/wp-json\/wp\/v2\/types\/page"}],"author":[{"embeddable":true,"href":"https:\/\/www.ufsm.br\/cursos\/pos-graduacao\/santa-maria\/ppgd\/wp-json\/wp\/v2\/users\/115"}],"replies":[{"embeddable":true,"href":"https:\/\/www.ufsm.br\/cursos\/pos-graduacao\/santa-maria\/ppgd\/wp-json\/wp\/v2\/comments?post=161"}],"version-history":[{"count":0,"href":"https:\/\/www.ufsm.br\/cursos\/pos-graduacao\/santa-maria\/ppgd\/wp-json\/wp\/v2\/pages\/161\/revisions"}],"wp:attachment":[{"href":"https:\/\/www.ufsm.br\/cursos\/pos-graduacao\/santa-maria\/ppgd\/wp-json\/wp\/v2\/media?parent=161"}],"wp:term":[{"taxonomy":"category","embeddable":true,"href":"https:\/\/www.ufsm.br\/cursos\/pos-graduacao\/santa-maria\/ppgd\/wp-json\/wp\/v2\/categories?post=161"},{"taxonomy":"post_tag","embeddable":true,"href":"https:\/\/www.ufsm.br\/cursos\/pos-graduacao\/santa-maria\/ppgd\/wp-json\/wp\/v2\/tags?post=161"}],"curies":[{"name":"wp","href":"https:\/\/api.w.org\/{rel}","templated":true}]}}