{"id":177,"date":"2019-02-27T12:37:56","date_gmt":"2019-02-27T15:37:56","guid":{"rendered":"https:\/\/www.ufsm.br\/cursos\/pos-graduacao\/santa-maria\/ppgd\/?page_id=177"},"modified":"2024-07-09T10:00:38","modified_gmt":"2024-07-09T13:00:38","slug":"contato-2","status":"publish","type":"page","link":"https:\/\/www.ufsm.br\/cursos\/pos-graduacao\/santa-maria\/ppgd\/contato-2","title":{"rendered":"Contato"},"content":{"rendered":"\n<p><strong>Secretaria Integrada de P\u00f3s-gradua\u00e7\u00e3o do CCSH (SIPOS-CCSH)<\/strong><\/p>\n<p>E-mail: <span style=\"background: white\">sipos.ccsh@ufsm.b<\/span>r<strong><span style=\"color: blue\"><br \/><\/span><\/strong>Telefone: <span style=\"color: #000000\">(55) 3220-9329<\/span><br \/>Hor\u00e1rio de Atendimento:<strong><br \/><\/strong>De segunda a sexta-feira<br \/>Das 8h \u00e0s 12h e das 13h \u00e0s 17h<\/p>\n<p><b>Coordena\u00e7\u00e3o do PPGD (exclusivamente para assuntos acad\u00eamicos; demandas administravas devem ser encaminhadas pelo e-mail\u00a0da Secretaria Integrada):<\/b><br \/>E-mail: coordenacao.ppgd@ufsm.br<\/p>\n<p>\u00a0<\/p>\n<p>\u00a0<\/p>\n","protected":false},"excerpt":{"rendered":"<p>Secretaria Integrada de P\u00f3s-gradua\u00e7\u00e3o do CCSH (SIPOS-CCSH) E-mail: sipos.ccsh@ufsm.brTelefone: (55) 3220-9329Hor\u00e1rio de Atendimento:De segunda a sexta-feiraDas 8h \u00e0s 12h e das 13h \u00e0s 17h Coordena\u00e7\u00e3o do PPGD (exclusivamente para assuntos acad\u00eamicos; demandas administravas devem ser encaminhadas pelo e-mail\u00a0da Secretaria Integrada):E-mail: coordenacao.ppgd@ufsm.br \u00a0 \u00a0<\/p>\n","protected":false},"author":115,"featured_media":0,"parent":0,"menu_order":0,"comment_status":"closed","ping_status":"closed","template":"","meta":{"footnotes":""},"categories":[],"tags":[],"class_list":["post-177","page","type-page","status-publish","hentry"],"acf":[],"_links":{"self":[{"href":"https:\/\/www.ufsm.br\/cursos\/pos-graduacao\/santa-maria\/ppgd\/wp-json\/wp\/v2\/pages\/177","targetHints":{"allow":["GET"]}}],"collection":[{"href":"https:\/\/www.ufsm.br\/cursos\/pos-graduacao\/santa-maria\/ppgd\/wp-json\/wp\/v2\/pages"}],"about":[{"href":"https:\/\/www.ufsm.br\/cursos\/pos-graduacao\/santa-maria\/ppgd\/wp-json\/wp\/v2\/types\/page"}],"author":[{"embeddable":true,"href":"https:\/\/www.ufsm.br\/cursos\/pos-graduacao\/santa-maria\/ppgd\/wp-json\/wp\/v2\/users\/115"}],"replies":[{"embeddable":true,"href":"https:\/\/www.ufsm.br\/cursos\/pos-graduacao\/santa-maria\/ppgd\/wp-json\/wp\/v2\/comments?post=177"}],"version-history":[{"count":0,"href":"https:\/\/www.ufsm.br\/cursos\/pos-graduacao\/santa-maria\/ppgd\/wp-json\/wp\/v2\/pages\/177\/revisions"}],"wp:attachment":[{"href":"https:\/\/www.ufsm.br\/cursos\/pos-graduacao\/santa-maria\/ppgd\/wp-json\/wp\/v2\/media?parent=177"}],"wp:term":[{"taxonomy":"category","embeddable":true,"href":"https:\/\/www.ufsm.br\/cursos\/pos-graduacao\/santa-maria\/ppgd\/wp-json\/wp\/v2\/categories?post=177"},{"taxonomy":"post_tag","embeddable":true,"href":"https:\/\/www.ufsm.br\/cursos\/pos-graduacao\/santa-maria\/ppgd\/wp-json\/wp\/v2\/tags?post=177"}],"curies":[{"name":"wp","href":"https:\/\/api.w.org\/{rel}","templated":true}]}}