{"id":2297,"date":"2019-05-30T16:27:44","date_gmt":"2019-05-30T19:27:44","guid":{"rendered":"https:\/\/www.ufsm.br\/cursos\/pos-graduacao\/santa-maria\/ppgd\/?page_id=2297"},"modified":"2025-03-22T18:44:17","modified_gmt":"2025-03-22T21:44:17","slug":"acompanhamento-dos-egressos","status":"publish","type":"page","link":"https:\/\/www.ufsm.br\/cursos\/pos-graduacao\/santa-maria\/ppgd\/acompanhamento-dos-egressos","title":{"rendered":"Acompanhamento dos egressos"},"content":{"rendered":"\t\t<div data-elementor-type=\"wp-page\" data-elementor-id=\"2297\" class=\"elementor elementor-2297\">\n\t\t\t\t\t\t<section class=\"elementor-section elementor-top-section elementor-element elementor-element-4d75a0f8 elementor-section-boxed elementor-section-height-default elementor-section-height-default\" data-id=\"4d75a0f8\" data-element_type=\"section\">\n\t\t\t\t\t\t<div class=\"elementor-container elementor-column-gap-default\">\n\t\t\t\t\t<div class=\"elementor-column elementor-col-100 elementor-top-column elementor-element elementor-element-75445f65\" data-id=\"75445f65\" data-element_type=\"column\">\n\t\t\t<div class=\"elementor-widget-wrap elementor-element-populated\">\n\t\t\t\t\t\t<div class=\"elementor-element elementor-element-1b827d09 elementor-widget elementor-widget-text-editor\" data-id=\"1b827d09\" data-element_type=\"widget\" data-widget_type=\"text-editor.default\">\n\t\t\t\t<div class=\"elementor-widget-container\">\n\t\t\t\t\t\t\t<p style=\"text-align: justify\"><span style=\"font-weight: 400\">O Programa de P\u00f3s-Gradua\u00e7\u00e3o em Direito da UFSM acompanha os seus egressos e os incentiva a realizar atividades em parceria constante na UFSM, prova disso \u00e9 que muitos alunos mant\u00e9m v\u00ednculo com os grupos de pesquisa e continuam participando de bancas de monografia de gradua\u00e7\u00e3o.\u00a0<\/span><\/p>\n<p style=\"text-align: justify\">O acompanhamento aos egressos ocorre de duas formas junto ao PPGD. A primeira delas por meio do Volver.\u00a0 O Volver \u00e9 um programa institucional da Universidade Federal de Santa Maria e tem como objetivo preservar o relacionamento entre a institui\u00e7\u00e3o e seus egressos. Podem participar do Programa Volver todos aqueles que conclu\u00edram algum curso na UFSM, seja em n\u00edvel de gradua\u00e7\u00e3o, p\u00f3s-gradua\u00e7\u00e3o, m\u00e9dio ou t\u00e9cnico.\u00a0 No Volver \u00e9 poss\u00edvel reencontrar colegas, divulgar o trabalho do egresso, al\u00e9m de compartilhar outras experi\u00eancias atrav\u00e9s do Programa.<\/p>\n<p>Mais informa\u00e7\u00f5es voc\u00ea pode acessar os links:<a href=\"https:\/\/www.ufsm.br\/pro-reitorias\/prograd\/egressos\/?fbclid=IwAR2yRXUJjtDQDgjSSUYiyrzd5ScaiwzEriQ8oZY9MVLnqshVOcHGwzpiJZI\"> Volver UFSM<\/a>\u00a0 \u00a0\/ \u00a0<a href=\"https:\/\/www.facebook.com\/projetovolver\">Facebook<\/a><\/p>\n<p style=\"text-align: justify\">A segunda forma de acompanhamento aos egressos do PPGD \u00e9 conduzida diretamente pelo Programa e \u00e9 realizado mediante a atualiza\u00e7\u00e3o de seus dados cadastrais junto \u00e0 Secretaria do curso e manuten\u00e7\u00e3o de um banco de dados para gera\u00e7\u00e3o de informa\u00e7\u00f5es relativas ao perfil egresso.<\/p>\n<p><a href=\"https:\/\/docs.google.com\/forms\/d\/1niGCsWDdaCL_yEWOlLqKCPxRHQ8jb3CBhyyh82DiqR0\/edit?ts=5ce5b35d\"><img decoding=\"async\" class=\"wp-image-2347 size-medium aligncenter\" src=\"https:\/\/www.ufsm.br\/cursos\/pos-graduacao\/santa-maria\/ppgd\/wp-content\/uploads\/sites\/563\/2019\/07\/egressos-5-300x120.png\" alt=\"\" width=\"300\" height=\"120\" srcset=\"https:\/\/www.ufsm.br\/app\/uploads\/sites\/563\/2019\/07\/egressos-5-300x120.png 300w, https:\/\/www.ufsm.br\/app\/uploads\/sites\/563\/2019\/07\/egressos-5.png 387w\" sizes=\"(max-width: 300px) 100vw, 300px\" \/><\/a><\/p>\n<p style=\"text-align: justify\">Os egressos podem participar da pesquisa preenchendo o question\u00e1rio dispon\u00edvel em: <em><strong><a href=\"https:\/\/docs.google.com\/forms\/d\/1niGCsWDdaCL_yEWOlLqKCPxRHQ8jb3CBhyyh82DiqR0\/edit?ts=5ce5b35d\">QUESTION\u00c1RIO EGRESSOS DO PPGD<\/a><\/strong><\/em>\u00a0<\/p>\n<p style=\"text-align: justify\"><span style=\"font-weight: 400\">Atualmente o PPGD UFSM est\u00e1 desenvolvendo projeto e plataforma virtual para acompanhamento de egressos, dedicando uma se\u00e7\u00e3o do site especificamente a isso:<\/span><\/p>\n<p><a href=\"https:\/\/www.ufsm.br\/cursos\/pos-graduacao\/santa-maria\/ppgd\/acompanhamento-dos-egressos\"><span style=\"font-weight: 400\">https:\/\/www.ufsm.br\/cursos\/pos-graduacao\/santa-maria\/ppgd\/acompanhamento-dos-egressos<\/span><\/a><\/p>\n<p style=\"text-align: justify\"><span style=\"font-weight: 400\">Para tanto, h\u00e1 uma atualiza\u00e7\u00e3o dos dados cadastrais dos egressos junto \u00e0 Secretaria do Programa e cadastramento em banco de dados para gera\u00e7\u00e3o de informa\u00e7\u00f5es relativas ao perfil egresso.\u00a0<\/span><\/p>\n<p style=\"text-align: justify\"><span style=\"font-weight: 400\">Desde a cria\u00e7\u00e3o do PPGD em 2013, at\u00e9 o in\u00edcio do ano de 2025, foram titulados mais de 220 mestres em Direito.<\/span><\/p>\n<p style=\"text-align: justify\"><span style=\"font-weight: 400\">Para elabora\u00e7\u00e3o de um banco de dados com vista a acompanhar a trajet\u00f3ria dos egressos foi institu\u00eddo, em 2019, uma ampla pesquisa com todos os egressos. Essa pesquisa ainda est\u00e1 em andamento, j\u00e1 teve, at\u00e9 o momento, um \u00edndice de resposta de 90% do total dos egressos.<\/span><\/p>\n<p style=\"text-align: justify\"><span style=\"font-weight: 400\">Al\u00e9m dessa busca por informa\u00e7\u00f5es atualizadas dos egressos, o PPGD busca constantemente valorizar e reconhecer os profissionais formados em nosso curso por meio da sua participa\u00e7\u00e3o em semin\u00e1rios, debates, encontros, e outros eventos vivenciais que proporcionem espa\u00e7os de reflex\u00e3o cr\u00edtica perante a comunidade acad\u00eamica. Tamb\u00e9m dedicamos uma se\u00e7\u00e3o especial para divulgar os livros que foram publicados pelos egressos como resultado de suas disserta\u00e7\u00f5es.<\/span><\/p>\n<p style=\"text-align: justify\"><span style=\"font-weight: 400\">Os dados desse levantamento revelam que muitos dos egressos da UFSM seguiram na carreira acad\u00eamica e est\u00e3o cursando doutorado e alguns j\u00e1 se encontram trabalhando como docentes em institui\u00e7\u00f5es de ensino de Santa Maria e regi\u00e3o. Alguns egressos tamb\u00e9m j\u00e1 trabalharam como professores substitutos junto ao Curso de Direito da UFSM.\u00a0<\/span><\/p>\n<p style=\"text-align: justify\"><span style=\"font-weight: 400\">Pesquisa em andamento sobre as atividades atuais dos egressos, com \u00edndice de 95% de resposta destes, demonstra algumas informa\u00e7\u00f5es relevantes sobre a inser\u00e7\u00e3o social dos formados mestres em Direito pela UFSM: 27 ingressaram em programas de doutorado de outras Institui\u00e7\u00f5es de Ensino Superior, como UFRGS, UNISINOS, UNISC, URI Santo \u00c2ngelo, FEEVALE, UCS, UFRJ, UFPR, inclusive em universidades estrangeiras, como a Universidad de Burgos (Espanha); pelo menos 30 egressos publicaram sua disserta\u00e7\u00e3o em <a href=\"https:\/\/www.ufsm.br\/cursos\/pos-graduacao\/santa-maria\/ppgd\/livros-de-egressos\">livro<\/a>; 39 egressos publicaram, integral ou parcialmente, sua disserta\u00e7\u00e3o em revista; 47 egressos palestraram sobre o tema da sua disserta\u00e7\u00e3o; 56 egressos atuaram\/atuam na doc\u00eancia, em institui\u00e7\u00f5es p\u00fablicas e privadas, citando-se como exemplos n\u00e3o exaustivos a UFSM, FURG, FADISMA, FAPAS, UFN, AMF, ULBRA, entre outras; a pesquisa ainda revela que os egressos do PPGD-UFSM possuem v\u00ednculos profissionais variados, como docentes, servidores p\u00fablicos e advogados, entre outros.\u00a0<\/span><\/p>\n<p style=\"text-align: justify\"><span style=\"font-weight: 400\">Os dados acima informados demonstram, portanto, que o Programa tem inserido os seus egressos em tr\u00eas ambientes: o acad\u00eamico, impulsionando tanto o aprofundamento de seus estudos a n\u00edvel de doutorado quanto a pr\u00e1tica docente em Institui\u00e7\u00f5es de Ensino Superior; o profissional, auxiliando no enriquecimento curricular para fins de melhor coloca\u00e7\u00e3o no mercado de trabalho; e o social, atrav\u00e9s da publica\u00e7\u00e3o de suas disserta\u00e7\u00f5es e promo\u00e7\u00e3o de palestras oriundas da tem\u00e1tica pesquisada no PPGD-UFSM, contribuindo para a democratiza\u00e7\u00e3o do conhecimento na comunidade onde est\u00e3o inseridos.<\/span><\/p>\n<p style=\"text-align: justify\"><span style=\"font-weight: 400\">Nesse ponto, cumpre salientar a variabilidade na distribui\u00e7\u00e3o geogr\u00e1fica dos egressos ap\u00f3s sua forma\u00e7\u00e3o em n\u00edvel de Mestrado em Direito na UFSM. Estes atualmente se distribuem em 17 cidades ga\u00fachas,\u00a0 e demais cidades nos estados de Santa Catarina, Paran\u00e1, S\u00e3o Paulo, Minas Gerais, Par\u00e1, Distrito Federal, demonstrando a contribui\u00e7\u00e3o acad\u00eamica do Programa em \u00e2mbito regional.\u00a0<\/span><\/p>\n<p style=\"text-align: justify\"><span style=\"font-weight: 400\">Tal distribui\u00e7\u00e3o geogr\u00e1fica demonstra a import\u00e2ncia do Programa em \u00e2mbito local, regional, nacional, atrav\u00e9s da inser\u00e7\u00e3o dos egressos em diversos locais do pa\u00eds.<\/span><\/p>\n<p style=\"text-align: justify\"><span style=\"font-weight: 400\">Ainda, o PPGD UFSM possui uma se\u00e7\u00e3o especial em seu site (<\/span><a href=\"https:\/\/www.ufsm.br\/cursos\/pos-graduacao\/santa-maria\/ppgd\/livros-de-egressos\/\"><span style=\"font-weight: 400\">https:\/\/www.ufsm.br\/cursos\/pos-graduacao\/santa-maria\/ppgd\/livros-de-egressos\/<\/span><\/a><span style=\"font-weight: 400\">) voltada para a divulga\u00e7\u00e3o dos livros publicados pelos egressos como resultado de suas disserta\u00e7\u00f5es, com intuito de valorizar e reconhecer os profissionais formados pelo programa, bem como publicizar a produ\u00e7\u00e3o acad\u00eamica oriunda de pesquisas realizadas no Programa, ampliando o acesso da popula\u00e7\u00e3o em geral ao PPGD-UFSM. Apenas nos \u00faltimos quatro anos de levantamento bibliogr\u00e1fico feito pelo Programa, foram publicados dezenas de livros como resultado da pesquisa de disserta\u00e7\u00e3o dos egressos.\u00a0<\/span><\/p>\n<p style=\"text-align: justify\">\u00a0<\/p>\n<p style=\"text-align: justify\">No mapa a seguir, \u00e9 poss\u00edvel visualizar os locais onde atualmente nossos egressos est\u00e3o desenvolvendo suas atividades profissionais. [\u00faltima atualiza\u00e7\u00e3o do mapa em 22.03.2025]<\/p>\n<p>\u00a0<\/p>\n<p style=\"text-align: center\"><iframe src=\"https:\/\/www.google.com\/maps\/d\/embed?mid=1fst-3xqWX4bf1R7VfyrSJncz4laky74e&amp;hl=pt-BR\" width=\"600\" height=\"600\"><\/iframe><\/p>\n<p>\u00a0<\/p>\n<p><!-- \/wp:tadv\/classic-paragraph --><!-- wp:tadv\/classic-paragraph \/--><!-- wp:tadv\/classic-paragraph --><\/p>\n<p style=\"text-align: center\"><strong>GR\u00c1FICOS COM RESULTADOS DOS QUESTION\u00c1RIOS RESPONDIDOS PELOS EGRESOS DO PPGD\u00a0<\/strong>[gr\u00e1ficos atualizados automaticamente conforme recebimento de novas respostas]<\/p>\n<p>\u00a0<\/p>\n<p><!-- \/wp:tadv\/classic-paragraph --><\/p>\t\t\t\t\t\t<\/div>\n\t\t\t\t<\/div>\n\t\t\t\t\t<\/div>\n\t\t<\/div>\n\t\t\t\t\t<\/div>\n\t\t<\/section>\n\t\t\t\t<section class=\"elementor-section elementor-top-section elementor-element elementor-element-4d4d9f0 elementor-section-boxed elementor-section-height-default elementor-section-height-default\" data-id=\"4d4d9f0\" data-element_type=\"section\">\n\t\t\t\t\t\t<div class=\"elementor-container elementor-column-gap-default\">\n\t\t\t\t\t<div class=\"elementor-column elementor-col-100 elementor-top-column elementor-element elementor-element-d530d9b\" data-id=\"d530d9b\" data-element_type=\"column\">\n\t\t\t<div class=\"elementor-widget-wrap elementor-element-populated\">\n\t\t\t\t\t\t<div class=\"elementor-element elementor-element-1070a53 elementor-widget elementor-widget-text-editor\" data-id=\"1070a53\" data-element_type=\"widget\" data-widget_type=\"text-editor.default\">\n\t\t\t\t<div class=\"elementor-widget-container\">\n\t\t\t\t\t\t\t<p><iframe src=\"https:\/\/docs.google.com\/spreadsheets\/d\/e\/2PACX-1vSmeCoxABfKrqblczmIBFCcn-q5jTTwKzDFaGgwU1Fz8gmOxl1Zr5qN_lcXUE0hmTwmWF32uyOxY_N8\/pubchart?oid=1895021756&amp;format=interactive\" width=\"600\" height=\"400\"><\/iframe><\/p>\n<p><iframe src=\"https:\/\/docs.google.com\/spreadsheets\/d\/e\/2PACX-1vSmeCoxABfKrqblczmIBFCcn-q5jTTwKzDFaGgwU1Fz8gmOxl1Zr5qN_lcXUE0hmTwmWF32uyOxY_N8\/pubchart?oid=1418045338&amp;format=interactive\" width=\"600\" height=\"400\"><\/iframe><\/p>\n<p>\u00a0<\/p>\n<p><iframe src=\"https:\/\/docs.google.com\/spreadsheets\/d\/e\/2PACX-1vSmeCoxABfKrqblczmIBFCcn-q5jTTwKzDFaGgwU1Fz8gmOxl1Zr5qN_lcXUE0hmTwmWF32uyOxY_N8\/pubchart?oid=1713321474&amp;format=interactive\" width=\"600\" height=\"400\"><\/iframe><\/p>\n<p>\u00a0<\/p>\n<p><iframe src=\"https:\/\/docs.google.com\/spreadsheets\/d\/e\/2PACX-1vSmeCoxABfKrqblczmIBFCcn-q5jTTwKzDFaGgwU1Fz8gmOxl1Zr5qN_lcXUE0hmTwmWF32uyOxY_N8\/pubchart?oid=816997907&amp;format=interactive\" width=\"600\" height=\"400\"><\/iframe><\/p>\n<p><iframe src=\"https:\/\/docs.google.com\/spreadsheets\/d\/e\/2PACX-1vSmeCoxABfKrqblczmIBFCcn-q5jTTwKzDFaGgwU1Fz8gmOxl1Zr5qN_lcXUE0hmTwmWF32uyOxY_N8\/pubchart?oid=1976917541&amp;format=interactive\" width=\"600\" height=\"400\"><\/iframe><\/p>\t\t\t\t\t\t<\/div>\n\t\t\t\t<\/div>\n\t\t\t\t\t<\/div>\n\t\t<\/div>\n\t\t\t\t\t<\/div>\n\t\t<\/section>\n\t\t\t\t<\/div>\n\t\t","protected":false},"excerpt":{"rendered":"<p>O Programa de P\u00f3s-Gradua\u00e7\u00e3o em Direito da UFSM acompanha os seus egressos e os incentiva a realizar atividades em parceria constante na UFSM, prova disso \u00e9 que muitos alunos mant\u00e9m v\u00ednculo com os grupos de pesquisa e continuam participando de bancas de monografia de gradua\u00e7\u00e3o.\u00a0 O acompanhamento aos egressos ocorre de duas formas junto ao [&hellip;]<\/p>\n","protected":false},"author":536,"featured_media":0,"parent":0,"menu_order":0,"comment_status":"closed","ping_status":"closed","template":"","meta":{"footnotes":""},"categories":[],"tags":[],"class_list":["post-2297","page","type-page","status-publish","hentry"],"acf":[],"_links":{"self":[{"href":"https:\/\/www.ufsm.br\/cursos\/pos-graduacao\/santa-maria\/ppgd\/wp-json\/wp\/v2\/pages\/2297","targetHints":{"allow":["GET"]}}],"collection":[{"href":"https:\/\/www.ufsm.br\/cursos\/pos-graduacao\/santa-maria\/ppgd\/wp-json\/wp\/v2\/pages"}],"about":[{"href":"https:\/\/www.ufsm.br\/cursos\/pos-graduacao\/santa-maria\/ppgd\/wp-json\/wp\/v2\/types\/page"}],"author":[{"embeddable":true,"href":"https:\/\/www.ufsm.br\/cursos\/pos-graduacao\/santa-maria\/ppgd\/wp-json\/wp\/v2\/users\/536"}],"replies":[{"embeddable":true,"href":"https:\/\/www.ufsm.br\/cursos\/pos-graduacao\/santa-maria\/ppgd\/wp-json\/wp\/v2\/comments?post=2297"}],"version-history":[{"count":0,"href":"https:\/\/www.ufsm.br\/cursos\/pos-graduacao\/santa-maria\/ppgd\/wp-json\/wp\/v2\/pages\/2297\/revisions"}],"wp:attachment":[{"href":"https:\/\/www.ufsm.br\/cursos\/pos-graduacao\/santa-maria\/ppgd\/wp-json\/wp\/v2\/media?parent=2297"}],"wp:term":[{"taxonomy":"category","embeddable":true,"href":"https:\/\/www.ufsm.br\/cursos\/pos-graduacao\/santa-maria\/ppgd\/wp-json\/wp\/v2\/categories?post=2297"},{"taxonomy":"post_tag","embeddable":true,"href":"https:\/\/www.ufsm.br\/cursos\/pos-graduacao\/santa-maria\/ppgd\/wp-json\/wp\/v2\/tags?post=2297"}],"curies":[{"name":"wp","href":"https:\/\/api.w.org\/{rel}","templated":true}]}}