{"id":2440,"date":"2019-08-22T12:34:46","date_gmt":"2019-08-22T15:34:46","guid":{"rendered":"https:\/\/www.ufsm.br\/cursos\/pos-graduacao\/santa-maria\/ppgd\/?page_id=2440"},"modified":"2025-08-25T10:13:36","modified_gmt":"2025-08-25T13:13:36","slug":"docentes-por-linha-de-pesquisa","status":"publish","type":"page","link":"https:\/\/www.ufsm.br\/cursos\/pos-graduacao\/santa-maria\/ppgd\/docentes-por-linha-de-pesquisa","title":{"rendered":"Docentes por linha de pesquisa"},"content":{"rendered":"<\/p>\n\n\n<p>\u00a0<\/p>\n<table style=\"border-collapse: collapse;width: 103.944%\">\n<tbody>\n<tr>\n<td style=\"width: 100%;background-color: #e3e3e3\">\n<h5 style=\"text-align: justify\"><strong>Linha de pesquisa 1 &#8211; Direitos da sociobiodiversidade: desenvolvimento e dimens\u00f5es da sustentabilidade.<\/strong><\/h5>\n<\/td>\n<\/tr>\n<\/tbody>\n<\/table>\n<p><strong style=\"font-size: revert;color: initial\">\u00a0DOCENTES:<\/strong><\/p>\n<ul style=\"list-style-type: circle\">\n<li>\n<p>Daniela Richter \/ <a href=\"http:\/\/lattes.cnpq.br\/8286207405188331\">http:\/\/lattes.cnpq.br\/8286207405188331<\/a><\/p>\n<\/li>\n<li>Francielle Benini Agne Tybusch \/ <a href=\"http:\/\/lattes.cnpq.br\/4400702817251869\">http:\/\/lattes.cnpq.br\/4400702817251869<\/a><\/li>\n<li>\n<p>Isabel Christine Silva de Gregori\u00a0 \/ <a href=\"http:\/\/lattes.cnpq.br\/3613134514590708\">http:\/\/lattes.cnpq.br\/3613134514590708<\/a><\/p>\n<\/li>\n<li>\n<p>JERONIMO SIQUEIRA TYBUSCH\u00a0 \/ <a href=\"http:\/\/lattes.cnpq.br\/6477064173761427\">http:\/\/lattes.cnpq.br\/6477064173761427<\/a><\/p>\n<\/li>\n<\/ul>\n<h3><iframe src=\"https:\/\/www.youtube.com\/embed\/ZqWUFKsKVlU\" width=\"560\" height=\"315\" frameborder=\"0\" allowfullscreen=\"allowfullscreen\"><\/iframe><\/h3>\n<ul style=\"list-style-type: circle\">\n<li><strong>NINA TR\u00cdCIA DISCONZI RODRIGUES PIGATO\u00a0<\/strong> \/ <a href=\"http:\/\/lattes.cnpq.br\/7964995474008653\">http:\/\/lattes.cnpq.br\/7964995474008653<\/a><\/li>\n<li><strong>YURI SCHNEIDER<\/strong>\u00a0 \u00a0\/\u00a0 <a href=\"https:\/\/ufsmpublica.ufsm.br\/docente\/23279\" target=\"_blank\" rel=\"noopener\">http:\/\/lattes.cnpq.br\/8133456987270036<\/a><\/li>\n<\/ul>\n<p>\u00a0<\/p>\n<table style=\"border-collapse: collapse;width: 100%\">\n<tbody>\n<tr>\n<td style=\"width: 100%;background-color: #dbd9d9\">\n<h5 style=\"text-align: justify\"><strong>Linha de pesquisa 2 &#8211; Direitos na sociedade em rede: atores, fatores e processos na mundializa\u00e7\u00e3o.<\/strong><\/h5>\n<\/td>\n<\/tr>\n<\/tbody>\n<\/table>\n<p><strong>DOCENTES:<\/strong><\/p>\n<ul style=\"list-style-type: circle\">\n<li>Fernanda Martins \/ <a href=\"http:\/\/lattes.cnpq.br\/4258827931942666\">http:\/\/lattes.cnpq.br\/4258827931942666<\/a><\/li>\n<li>Fernando Hoffmam\u00a0 \/ <a href=\"http:\/\/lattes.cnpq.br\/6674587928301231\">http:\/\/lattes.cnpq.br\/6674587928301231<\/a><\/li>\n<li>Lu\u00eds Gustavo Durigon \/ <a href=\"http:\/\/lattes.cnpq.br\/7014542059521058\">http:\/\/lattes.cnpq.br\/7014542059521058<\/a><\/li>\n<li>Maria Cristina Gomes da Silva D&#8217;Ornellas \/ <a href=\"https:\/\/lattes.cnpq.br\/8344521221985244\">https:\/\/lattes.cnpq.br\/8344521221985244<\/a><\/li>\n<li>NATHALIE KUCZURA NEDEL \/\u00a0 <a href=\"https:\/\/ufsmpublica.ufsm.br\/docente\/26125\" target=\"_blank\" rel=\"noopener\">http:\/\/lattes.cnpq.br\/0410655246566679<\/a><\/li>\n<li>Rafael Santos de Oliveira\u00a0 \/\u00a0 <a href=\"https:\/\/orcid.org\/0000-0001-5060-9779\">https:\/\/orcid.org\/0000-0001-5060-9779<\/a> \/\u00a0 <a href=\"http:\/\/lattes.cnpq.br\/9933895574541972\">http:\/\/lattes.cnpq.br\/9933895574541972<\/a><\/li>\n<\/ul>\n<p><iframe src=\"https:\/\/www.youtube.com\/embed\/0CzV1vcwGGg\" width=\"560\" height=\"315\" frameborder=\"0\" allowfullscreen=\"allowfullscreen\"><\/iframe><\/p>\n<ul style=\"list-style-type: circle\">\n<li>Rosane Leal da Silva <strong>\/ <\/strong><a href=\"http:\/\/lattes.cnpq.br\/1218962383221912\">http:\/\/lattes.cnpq.br\/1218962383221912<\/a> \/ <a href=\"https:\/\/ufsm.academia.edu\/RosaneLealdaSilva\">https:\/\/ufsm.academia.edu\/RosaneLealdaSilva<\/a>\u00a0<\/li>\n<\/ul>\n<p><iframe src=\"https:\/\/www.youtube.com\/embed\/aAqR87ImfyA\" width=\"560\" height=\"315\" frameborder=\"0\" allowfullscreen=\"allowfullscreen\"><\/iframe><\/p>\n<ul style=\"list-style-type: circle\">\n<li>Valeria Ribas do Nascimento\u00a0 \/ <a href=\"http:\/\/lattes.cnpq.br\/6294253776126361\">http:\/\/lattes.cnpq.br\/6294253776126361<\/a> \/ <a href=\"https:\/\/ufsm.academia.edu\/Val%C3%A9riaRibasDoNascimento\">https:\/\/ufsm.academia.edu\/Val%C3%A9riaRibasDoNascimento<\/a><\/li>\n<\/ul>\n<p><iframe src=\"https:\/\/www.youtube.com\/embed\/zaCIuTHpK_c\" width=\"560\" height=\"315\" frameborder=\"0\" allowfullscreen=\"allowfullscreen\"><\/iframe><\/p>\n<h2>\u00a0<\/h2>\n<table style=\"border-collapse: collapse;width: 100%\">\n<tbody>\n<tr>\n<td style=\"width: 100%;background-color: #e3e1e1\">\n<h5><strong>Linha de pesquisa 3 &#8211; Acesso global \u00e0 justi\u00e7a: solu\u00e7\u00f5es plurais em sociedades democr\u00e1ticas.<\/strong><\/h5>\n<\/td>\n<\/tr>\n<\/tbody>\n<\/table>\n<p><strong>DOCENTES:<\/strong><\/p>\n<ul style=\"list-style-type: circle\">\n<li><strong>ADEMAR POZZATTI J\u00daNIOR<\/strong>\u00a0 \/\u00a0 <a href=\"http:\/\/lattes.cnpq.br\/9984273133597587\">http:\/\/lattes.cnpq.br\/9984273133597587<\/a>\u00a0 \/ \u00a0<a href=\"https:\/\/ufsm.academia.edu\/AdemarPozzatti\">https:\/\/ufsm.academia.edu\/AdemarPozzatti<\/a><\/li>\n<li><strong>ANGELA ARAUJO DA SILVEIRA ESPINDOLA<\/strong>\u00a0 \/\u00a0 <a href=\"http:\/\/lattes.cnpq.br\/8242346710380248\">http:\/\/lattes.cnpq.br\/8242346710380248<\/a> \/ <a href=\"https:\/\/ufsm.academia.edu\/angelaespindola\">https:\/\/ufsm.academia.edu\/angelaespindola<\/a>\u00a0<\/li>\n<\/ul>\n<p><iframe src=\"https:\/\/www.youtube.com\/embed\/E-HuLWznJQI\" width=\"560\" height=\"315\" frameborder=\"0\" allowfullscreen=\"allowfullscreen\"><\/iframe><\/p>\n<ul style=\"list-style-type: circle\">\n<li><strong>CRISTIANO BECKER ISAIA<\/strong>\u00a0 \/ <a href=\"http:\/\/lattes.cnpq.br\/1677439477708820\">http:\/\/lattes.cnpq.br\/1677439477708820<\/a><\/li>\n<\/ul>\n<p><iframe src=\"https:\/\/www.youtube.com\/embed\/bQ7oraEPiaQ\" width=\"560\" height=\"315\" frameborder=\"0\" allowfullscreen=\"allowfullscreen\"><\/iframe>\u00a0<\/p>\n<ul style=\"list-style-type: circle\">\n<li><strong>GIULIANA REDIN\u00a0<\/strong> \/ <a href=\"http:\/\/lattes.cnpq.br\/2298217007407061\">http:\/\/lattes.cnpq.br\/2298217007407061<\/a><\/li>\n<\/ul>\n<p><iframe src=\"https:\/\/www.youtube.com\/embed\/tuo5ZTKsrJY\" width=\"560\" height=\"315\" frameborder=\"0\" allowfullscreen=\"allowfullscreen\"><\/iframe><\/p>\n<ul style=\"list-style-type: circle\">\n<li><strong>J\u00c2NIA MARIA LOPES SALDANHA \/ <\/strong><a href=\"http:\/\/lattes.cnpq.br\/9285450415334580\">http:\/\/lattes.cnpq.br\/9285450415334580<\/a><\/li>\n<\/ul>\n<p>\u00a0<\/p>\n<h2>\u00a0<\/h2>\n<p>\u00a0<\/p>\n<p>\u00a0<\/p>\n<p>\u00a0<\/p>\n<h2>\u00a0<\/h2>\n<p>\u00a0<\/p>\n<p>\u00a0<\/p>\n<p>\u00a0<\/p>\n\n\n<p><!-- \/wp:post-content --><\/p>","protected":false},"excerpt":{"rendered":"<p>\u00a0 Linha de pesquisa 1 &#8211; Direitos da sociobiodiversidade: desenvolvimento e dimens\u00f5es da sustentabilidade. \u00a0DOCENTES: Daniela Richter \/ http:\/\/lattes.cnpq.br\/8286207405188331 Francielle Benini Agne Tybusch \/ http:\/\/lattes.cnpq.br\/4400702817251869 Isabel Christine Silva de Gregori\u00a0 \/ http:\/\/lattes.cnpq.br\/3613134514590708 JERONIMO SIQUEIRA TYBUSCH\u00a0 \/ http:\/\/lattes.cnpq.br\/6477064173761427 NINA TR\u00cdCIA DISCONZI RODRIGUES PIGATO\u00a0 \/ http:\/\/lattes.cnpq.br\/7964995474008653 YURI SCHNEIDER\u00a0 \u00a0\/\u00a0 http:\/\/lattes.cnpq.br\/8133456987270036 \u00a0 Linha de pesquisa 2 &#8211; Direitos [&hellip;]<\/p>\n","protected":false},"author":536,"featured_media":0,"parent":0,"menu_order":0,"comment_status":"closed","ping_status":"closed","template":"","meta":{"footnotes":""},"categories":[],"tags":[],"class_list":["post-2440","page","type-page","status-publish","hentry"],"acf":[],"_links":{"self":[{"href":"https:\/\/www.ufsm.br\/cursos\/pos-graduacao\/santa-maria\/ppgd\/wp-json\/wp\/v2\/pages\/2440","targetHints":{"allow":["GET"]}}],"collection":[{"href":"https:\/\/www.ufsm.br\/cursos\/pos-graduacao\/santa-maria\/ppgd\/wp-json\/wp\/v2\/pages"}],"about":[{"href":"https:\/\/www.ufsm.br\/cursos\/pos-graduacao\/santa-maria\/ppgd\/wp-json\/wp\/v2\/types\/page"}],"author":[{"embeddable":true,"href":"https:\/\/www.ufsm.br\/cursos\/pos-graduacao\/santa-maria\/ppgd\/wp-json\/wp\/v2\/users\/536"}],"replies":[{"embeddable":true,"href":"https:\/\/www.ufsm.br\/cursos\/pos-graduacao\/santa-maria\/ppgd\/wp-json\/wp\/v2\/comments?post=2440"}],"version-history":[{"count":0,"href":"https:\/\/www.ufsm.br\/cursos\/pos-graduacao\/santa-maria\/ppgd\/wp-json\/wp\/v2\/pages\/2440\/revisions"}],"wp:attachment":[{"href":"https:\/\/www.ufsm.br\/cursos\/pos-graduacao\/santa-maria\/ppgd\/wp-json\/wp\/v2\/media?parent=2440"}],"wp:term":[{"taxonomy":"category","embeddable":true,"href":"https:\/\/www.ufsm.br\/cursos\/pos-graduacao\/santa-maria\/ppgd\/wp-json\/wp\/v2\/categories?post=2440"},{"taxonomy":"post_tag","embeddable":true,"href":"https:\/\/www.ufsm.br\/cursos\/pos-graduacao\/santa-maria\/ppgd\/wp-json\/wp\/v2\/tags?post=2440"}],"curies":[{"name":"wp","href":"https:\/\/api.w.org\/{rel}","templated":true}]}}