{"id":3007,"date":"2019-10-02T10:54:26","date_gmt":"2019-10-02T13:54:26","guid":{"rendered":"https:\/\/www.ufsm.br\/cursos\/pos-graduacao\/santa-maria\/ppgd\/?page_id=3007"},"modified":"2022-08-04T08:59:11","modified_gmt":"2022-08-04T11:59:11","slug":"as-doencas-psicossociais-uma-analise-a-partir-da-influencia-do-ambiente-laboral-frente-aos-novos-desafios-da-precarizacao-estrutural-do-trabalho","status":"publish","type":"page","link":"https:\/\/www.ufsm.br\/cursos\/pos-graduacao\/santa-maria\/ppgd\/as-doencas-psicossociais-uma-analise-a-partir-da-influencia-do-ambiente-laboral-frente-aos-novos-desafios-da-precarizacao-estrutural-do-trabalho","title":{"rendered":"AS DOEN\u00c7AS PSICOSSOCIAIS: UMA AN\u00c1LISE A PARTIR DA INFLU\u00caNCIA DO AMBIENTE LABORAL FRENTE AOS NOVOS DESAFIOS DA PRECARIZA\u00c7\u00c3O ESTRUTURAL DO TRABALHO"},"content":{"rendered":"\n<p style=\"text-align: center\">AUTORA: Fernanda Duarte da Silva<\/p>\n<p style=\"text-align: center\"><a href=\"mailto:fernanda@jecamargo.adv.br\">fernanda@jecamargo.adv.br<\/a><\/p>\n<p style=\"text-align: center\">ORIENTADOR: Ronaldo Busnello<\/p>\n<p style=\"text-align: justify\"><br \/>A pesquisa buscou compreender a realidade dos trabalhadores no contexto brasileiro, desde a revolu\u00e7\u00e3o industrial, passando por todas as mudan\u00e7as que foram ocorrendo ao longo dos anos, sobretudo ap\u00f3s a entrada em vigor da Reforma trabalhista. Todas estas altera\u00e7\u00f5es na rotina e na din\u00e2mica do trabalho, fizeram com que o sujeito se distanciasse do seu trabalho que at\u00e9 ent\u00e3o era artesanal e pessoal, j\u00e1 que passou a ser cada vez mais mecanizado e especifico. Estes fatores, ao longo dos anos, aliados a necessidade de sobreviv\u00eancia, ao surgimento das novas tecnologias e aos novos rumos que o direito do trabalho tomou, ocasionaram o surgimento de trabalhadores n\u00e3o satisfeitos com o seu labor, frustrados, sobrecarregados e\/ou que est\u00e3o em determinados setores apenas para sobreviver.Mas, independentemente da classe social, do posto de trabalho ocupado ou do grau de instru\u00e7\u00e3o, a frustra\u00e7\u00e3o e o descontentamento com o servi\u00e7o est\u00e3o presentes nas mais diversas profiss\u00f5es. Ocorre que, todo este descontentamento acaba por ocasionar o surgimento de doen\u00e7as, sobretudo doen\u00e7as de cunho psicol\u00f3gico, tais como a depress\u00e3o e a ansiedade. Doen\u00e7as estas que ser\u00e3o a maior causa de afastamento do trabalho at\u00e9 2021. Por isso, \u00e9 importante trazer \u00e0 tona o estudo da rela\u00e7\u00e3o destes problemas com o trabalho e a necessidade de empregadores, sociedade e familiares estarem aptos e moldados para auxiliar os trabalhadores que passar\u00e3o por estes problemas, relacionados ao ambiente de trabalho. Al\u00e9m disso, \u00e9 necess\u00e1rio que o direito se preocupe em resguardar os direitos do trabalhadores, principalmente quando o assunto \u00e9 doen\u00e7a mental.Por isso, o tema da presente disserta\u00e7\u00e3o se mostra importante de ser abordado para fomentar a discuss\u00e3o quanto as doen\u00e7as psicol\u00f3gicas e rela\u00e7\u00e3o com o trabalho, a fim de orientar a totalidade dos envolvidos. Mas tamb\u00e9m, se mostra primordial, para ressaltar a necessidade do direito atuar como fiscal e promovedor da lei.<\/p>\n<p>\u00a0<\/p>\n","protected":false},"excerpt":{"rendered":"<p>AUTORA: Fernanda Duarte da Silva fernanda@jecamargo.adv.br ORIENTADOR: Ronaldo Busnello A pesquisa buscou compreender a realidade dos trabalhadores no contexto brasileiro, desde a revolu\u00e7\u00e3o industrial, passando por todas as mudan\u00e7as que foram ocorrendo ao longo dos anos, sobretudo ap\u00f3s a entrada em vigor da Reforma trabalhista. Todas estas altera\u00e7\u00f5es na rotina e na din\u00e2mica do trabalho, [&hellip;]<\/p>\n","protected":false},"author":536,"featured_media":0,"parent":0,"menu_order":0,"comment_status":"closed","ping_status":"closed","template":"","meta":{"footnotes":""},"categories":[],"tags":[],"class_list":["post-3007","page","type-page","status-publish","hentry"],"acf":[],"_links":{"self":[{"href":"https:\/\/www.ufsm.br\/cursos\/pos-graduacao\/santa-maria\/ppgd\/wp-json\/wp\/v2\/pages\/3007","targetHints":{"allow":["GET"]}}],"collection":[{"href":"https:\/\/www.ufsm.br\/cursos\/pos-graduacao\/santa-maria\/ppgd\/wp-json\/wp\/v2\/pages"}],"about":[{"href":"https:\/\/www.ufsm.br\/cursos\/pos-graduacao\/santa-maria\/ppgd\/wp-json\/wp\/v2\/types\/page"}],"author":[{"embeddable":true,"href":"https:\/\/www.ufsm.br\/cursos\/pos-graduacao\/santa-maria\/ppgd\/wp-json\/wp\/v2\/users\/536"}],"replies":[{"embeddable":true,"href":"https:\/\/www.ufsm.br\/cursos\/pos-graduacao\/santa-maria\/ppgd\/wp-json\/wp\/v2\/comments?post=3007"}],"version-history":[{"count":0,"href":"https:\/\/www.ufsm.br\/cursos\/pos-graduacao\/santa-maria\/ppgd\/wp-json\/wp\/v2\/pages\/3007\/revisions"}],"wp:attachment":[{"href":"https:\/\/www.ufsm.br\/cursos\/pos-graduacao\/santa-maria\/ppgd\/wp-json\/wp\/v2\/media?parent=3007"}],"wp:term":[{"taxonomy":"category","embeddable":true,"href":"https:\/\/www.ufsm.br\/cursos\/pos-graduacao\/santa-maria\/ppgd\/wp-json\/wp\/v2\/categories?post=3007"},{"taxonomy":"post_tag","embeddable":true,"href":"https:\/\/www.ufsm.br\/cursos\/pos-graduacao\/santa-maria\/ppgd\/wp-json\/wp\/v2\/tags?post=3007"}],"curies":[{"name":"wp","href":"https:\/\/api.w.org\/{rel}","templated":true}]}}