{"id":3014,"date":"2019-10-07T13:15:09","date_gmt":"2019-10-07T16:15:09","guid":{"rendered":"https:\/\/www.ufsm.br\/cursos\/pos-graduacao\/santa-maria\/ppgd\/?page_id=3014"},"modified":"2019-10-07T13:15:14","modified_gmt":"2019-10-07T16:15:14","slug":"acervo-bibliografico","status":"publish","type":"page","link":"https:\/\/www.ufsm.br\/cursos\/pos-graduacao\/santa-maria\/ppgd\/acervo-bibliografico","title":{"rendered":"Acervo Bibliogr\u00e1fico"},"content":{"rendered":"\n<p>Atualmente, o N\u00facleo de Direito, Marxismo e Meio Ambiente (NuDMarx) conta com um acerco de 90 livros dispon\u00edveis na sala 305 para consulta local.<\/p>\n<p>ACERVO BIBLIOGR\u00c1FICO PESSOAL<\/p>\n<p>da Prof.\u00aa Dr.\u00aa Maria Beatriz Oliveira da Silva<\/p>\n<p>\u00daltima atualiza\u00e7\u00e3o: 16 de junho de 2017.<\/p>\n<table>\n<tbody>\n<tr>\n<td>\n<p>REGISTRO PROF.\u00aa BIA<\/p>\n<\/td>\n<td>\n<p><strong>REFER\u00caNCIA COMPLETA DA OBRA\u00a0<\/strong>(conforme ABNT)<\/p>\n<\/td>\n<\/tr>\n<tr>\n<td>\n<p><strong>B01<\/strong><\/p>\n<\/td>\n<td>\n<p>NAVES, M\u00e1rcio Bilharino Naves.\u00a0<strong>A quest\u00e3o do direito em Marx.<\/strong>\u00a0S\u00e3o Paulo: Express\u00e3o Popular, 2014.<\/p>\n<\/td>\n<\/tr>\n<tr>\n<td>\n<p><strong>B02<\/strong><\/p>\n<\/td>\n<td>\n<p>RODRIGUES, Le\u00f4ncio Martins Rodrigues; FIORE Ottaviano de.\u00a0<strong>Lenin:\u00a0<\/strong>capitalismo de Estado e burocracia. S\u00e3o Paulo: Perspectiva, 1978.<\/p>\n<\/td>\n<\/tr>\n<tr>\n<td>\n<p><strong>B03<\/strong><\/p>\n<\/td>\n<td>\n<p>MARX, Karl; ENGELS, Friedrich.\u00a0<strong>Manifesto do partido comunista.<\/strong>\u00a0Porto Alegre: L&amp;PM Pocket, 2002.<\/p>\n<\/td>\n<\/tr>\n<tr>\n<td>\n<p><strong>B04<\/strong><\/p>\n<\/td>\n<td>\n<p>BIOLAT, Guy.\u00a0<strong>Marxismo e meio ambiente.<\/strong>\u00a0Lisboa: Seara Nova, 1977.<\/p>\n<\/td>\n<\/tr>\n<tr>\n<td>\n<p><strong>B05<\/strong><\/p>\n<\/td>\n<td>\n<p>SILVA, Michel Goulart da.\u00a0<strong>Marxismo e natureza: ecologia, hist\u00f3ria e pol\u00edticas.\u00a0<\/strong>Par\u00e1 de Minas: Virtual books, 2010.<\/p>\n<\/td>\n<\/tr>\n<tr>\n<td>\n<p><strong>B06<\/strong><\/p>\n<\/td>\n<td>\n<p>POLITIZER, Georges.\u00a0<strong>Princ\u00edpios fundamentais da filosofia.\u00a0<\/strong>S\u00e3o Paulo: Hemus, 1970.<\/p>\n<\/td>\n<\/tr>\n<tr>\n<td>\n<p><strong>B07<\/strong><\/p>\n<\/td>\n<td>\n<p>LIMA, Mart\u00f4nio; BELLO, Enzo (Org.).\u00a0<strong>Direito e Marxismo.<\/strong>\u00a0Rio de Janeiro: Lumen Juris, 2010.<\/p>\n<\/td>\n<\/tr>\n<tr>\n<td>\n<p><strong>B08<\/strong><\/p>\n<\/td>\n<td>\n<p><strong>REVISTA DISCENSO.<\/strong>\u00a0Florian\u00f3polis: Funda\u00e7\u00e3o Boiteux, v. 5, n. 5, 2013.<\/p>\n<\/td>\n<\/tr>\n<tr>\n<td>\n<p><strong>B09<\/strong><\/p>\n<\/td>\n<td>\n<p>CARRION, Raul.\u00a0<strong>Para nunca mais esquecer!\u00a0<\/strong>1964-2014. Porto Alegre: Assembleia Legislativa do Estado do Rio Grande do Sul, 2014.<\/p>\n<\/td>\n<\/tr>\n<tr>\n<td>\n<p><strong>B10<\/strong><\/p>\n<\/td>\n<td>\n<p>ZIZEK, Slavoj.\u00a0<strong>Primeiro como trag\u00e9dia, depois como farsa.<\/strong>\u00a0S\u00e3o Paulo: Boitempo, 2011.<\/p>\n<\/td>\n<\/tr>\n<tr>\n<td>\n<p><strong>B11<\/strong><\/p>\n<\/td>\n<td>\n<p>PINHEIRO, Milton; FERREIRA, Muniz; MORENO, Ricardo (Org.).\u00a0<strong>Marx: int\u00e9rprete da contemporaneidade.\u00a0<\/strong>Salvador: Quarteto Editora, 2009.<\/p>\n<\/td>\n<\/tr>\n<tr>\n<td>\n<p><strong>B12<\/strong><\/p>\n<\/td>\n<td>\n<p>MORAES, Jo\u00e3o Quartim de; REIS FILHO, Daniel Aar\u00e3o.\u00a0<strong>Hist\u00f3ria do Marxismo no Brasil \u2013 Volume I:\u00a0<\/strong>o impacto das revolu\u00e7\u00f5es. Campinas: Unicamp, 2003.<\/p>\n<\/td>\n<\/tr>\n<tr>\n<td>\n<p><strong>B13<\/strong><\/p>\n<\/td>\n<td>\n<p>ZIZEK, Slavoj.\u00a0<strong>Vivendo no fim dos tempos<\/strong>. S\u00e3o Paulo: Boitempo, 2012.<\/p>\n<\/td>\n<\/tr>\n<tr>\n<td>\n<p><strong>B14<\/strong><\/p>\n<\/td>\n<td>\n<p>BAKHTIN, Mikhail.\u00a0<strong>Marxismo e filosofia da linguagem.\u00a0<\/strong>S\u00e3o Paulo: Hucitec, 2014.<\/p>\n<\/td>\n<\/tr>\n<tr>\n<td>\n<p><strong>B15<\/strong><\/p>\n<\/td>\n<td>\n<p>ENGELS, Fredrich.\u00a0<strong>A origem da fam\u00edlia, da propriedade privada e do Estado.<\/strong>\u00a0S\u00e3o Paulo: Civiliza\u00e7\u00e3o brasileira, 1974.<\/p>\n<\/td>\n<\/tr>\n<tr>\n<td>\n<p><strong>B16<\/strong><\/p>\n<\/td>\n<td>\n<p>BELLO, Enzo et al.\u00a0<strong>Direito e marxismo:\u00a0<\/strong>as novas tend\u00eancias constitucionais da Am\u00e9rica Latina. Caxias do Sul: EDUCS, 2014.<\/p>\n<\/td>\n<\/tr>\n<tr>\n<td>\n<p><strong>B17<\/strong><\/p>\n<\/td>\n<td>\n<p>ALVES, Ala\u00f4r Caff\u00e9.\u00a0<strong>Dial\u00e9tica e direito<\/strong>: linguagem, sentido e realidade. Barueri: Manole, 2010.<\/p>\n<\/td>\n<\/tr>\n<tr>\n<td>\n<p><strong>B18<\/strong><\/p>\n<\/td>\n<td>\n<p><strong>CR\u00cdTICA MARXISTA N\u00b0 40.<\/strong>\u00a0S\u00e3o Paulo: Unesp, 2015.<\/p>\n<\/td>\n<\/tr>\n<tr>\n<td>\n<p><strong>B19<\/strong><\/p>\n<\/td>\n<td>\n<p>LENIN, Vladmir Ilitch.\u00a0<strong>Sobre o direito das na\u00e7\u00f5es a disporem d e si pr\u00f3prias.\u00a0<\/strong>Lisboa: Estampa, 1975.<\/p>\n<\/td>\n<\/tr>\n<tr>\n<td>\n<p><strong>B20<\/strong><\/p>\n<\/td>\n<td>\n<p>MAGALH\u00c3ES, Fernando.\u00a0<strong>Dez li\u00e7\u00f5es sobre Marx.\u00a0<\/strong>Petr\u00f3polis: Vozes, 2013.<\/p>\n<\/td>\n<\/tr>\n<tr>\n<td>\n<p><strong>B21<\/strong><\/p>\n<\/td>\n<td>\n<p>GIANOTTI, Jos\u00e9 Arthur.\u00a0<strong>Marx:\u00a0<\/strong>vida e obra. Porto Alegre: L&amp;PM, 2000.<\/p>\n<\/td>\n<\/tr>\n<tr>\n<td>\n<p><strong>B22<\/strong><\/p>\n<\/td>\n<td>\n<p>LENIN, Vladmir Iitich.\u00a0<strong>O que \u00e9 marxismo?<\/strong>\u00a0Porto Alegre: Movimento, 1987.<\/p>\n<\/td>\n<\/tr>\n<tr>\n<td>\n<p><strong>B23<\/strong><\/p>\n<\/td>\n<td>\n<p>NAVES, M\u00e1rcio Bilharinho.\u00a0<strong>Marx:<\/strong>\u00a0ci\u00eancia e revolu\u00e7\u00e3o.\u00a0 S\u00e3o Paulo: Moderna, 2000.<\/p>\n<\/td>\n<\/tr>\n<tr>\n<td>\n<p><strong>B24<\/strong><\/p>\n<\/td>\n<td>\n<p><strong>CR\u00cdTICA MARXISTA N\u00b0 37.<\/strong>\u00a0S\u00e3o Paulo: Unesp, 2013.<\/p>\n<\/td>\n<\/tr>\n<tr>\n<td>\n<p><strong>B25<\/strong><\/p>\n<\/td>\n<td>\n<p>WOOD, Ellen Meiksins; FOSTER, John Bellamy (Org.).\u00a0<strong>Em defesa da hist\u00f3ria:<\/strong>\u00a0marxismo e p\u00f3s modernismo. Rio de Janeiro: Jorge Zahar, 1999.<\/p>\n<\/td>\n<\/tr>\n<tr>\n<td>\n<p><strong>B26<\/strong><\/p>\n<\/td>\n<td>\n<p>MARX, Karl.\u00a0<strong>Liberdade de imprensa.<\/strong>\u00a0Porto Alegre: L&amp;PM, 2009.<\/p>\n<\/td>\n<\/tr>\n<tr>\n<td>\n<p><strong>B27<\/strong><\/p>\n<\/td>\n<td>\n<p>THERBORN, G\u00f6ran.\u00a0<strong>Do marxismo ao p\u00f3s-marxismo?\u00a0<\/strong>\u00a0S\u00e3o Paulo: Boitempo, 2012.<\/p>\n<\/td>\n<\/tr>\n<tr>\n<td>\n<p><strong>B28<\/strong><\/p>\n<\/td>\n<td>\n<p>KARL, Marx.\u00a0<strong>Sobre o suic\u00eddio.\u00a0<\/strong>S\u00e3o Paulo: Boitempo, 2006.<\/p>\n<\/td>\n<\/tr>\n<tr>\n<td>\n<p><strong>B29<\/strong><\/p>\n<\/td>\n<td>\n<p>ENGELS, Friedrich.\u00a0<strong>Do socialismo ut\u00f3pico ao socialismo cient\u00edfico.\u00a0<\/strong>S\u00e3o Paulo: Global, 1980.<\/p>\n<\/td>\n<\/tr>\n<tr>\n<td>\n<p><strong>B30<\/strong><\/p>\n<\/td>\n<td>\n<p>L\u00caNIN, Vladmir Ilitch.\u00a0<strong>Obras escolhidas.\u00a0<\/strong>Lisboa: Avante, 1986.<\/p>\n<\/td>\n<\/tr>\n<tr>\n<td>\n<p><strong>B31<\/strong><\/p>\n<\/td>\n<td>\n<p>WOOD, Ellen Meiksins.\u00a0<strong>Democracia contra capitalismo:<\/strong>\u00a0a renova\u00e7\u00e3o do materialismo hist\u00f3rico. S\u00e3o Paulo: Boitempo, 2011.<\/p>\n<\/td>\n<\/tr>\n<tr>\n<td>\n<p><strong>B32<\/strong><\/p>\n<\/td>\n<td>\n<p>MARX, Karl.\u00a0<strong>Consequ\u00eancias s\u00f3cias do avan\u00e7o tecnol\u00f3gico.\u00a0<\/strong>S\u00e3o Paulo: Express\u00e3o popular, 1980.<\/p>\n<\/td>\n<\/tr>\n<tr>\n<td>\n<p><strong>B33<\/strong><\/p>\n<\/td>\n<td>\n<p>CARRION, Raul.\u00a0<strong>Coluna Prestes 90 anos -1924-2014.<\/strong>\u00a0Porto Alegre: Assembleia Legislativa do Estado do Rio Grande do Sul, 2014.<\/p>\n<\/td>\n<\/tr>\n<tr>\n<td>\n<p><strong>B34<\/strong><\/p>\n<\/td>\n<td>\n<p><strong>REVISTA JUR\u00cdDICA DIREITO &amp; REALIDADE.<\/strong>\u00a0Monte Carmelo: Fucamp, v. 1, n. 1, 2011. BORON, At\u00edlio A.; AMADEO, Javier; GONZ\u00c1LES, Sabrina.\u00a0<strong>A teoria marxista hoje:\u00a0<\/strong>problemas e perspectivas.<\/p>\n<\/td>\n<\/tr>\n<tr>\n<td>\n<p><strong>B35<\/strong><\/p>\n<\/td>\n<td>\n<p>BORON, At\u00edlio A.; AMADEO, Javier; GONZ\u00c1LES, Sabrina (Org.).\u00a0<strong>A teoria marxista hoje:\u00a0<\/strong>problemas e perspectivas.<\/p>\n<\/td>\n<\/tr>\n<tr>\n<td>\n<p><strong>B36<\/strong><\/p>\n<\/td>\n<td>\n<p>BELLO, Enzo; LIMA, Mart\u00f4nio Mont\u201dalverne Barreto; AUGUSTIN, S\u00e9rgio.\u00a0<strong>I congresso internacional de direito e marxismo.\u00a0<\/strong>Caxias do Sul: Plenum, 2011.<\/p>\n<\/td>\n<\/tr>\n<tr>\n<td>\n<p><strong>B37<\/strong><\/p>\n<\/td>\n<td>\n<p>BELLO, Enzo et al.\u00a0<strong>Direito e marxismo:\u00a0<\/strong>tend\u00eancias atuais. Caxias do Sul: EDUCS, 2012.<\/p>\n<\/td>\n<\/tr>\n<tr>\n<td>\n<p><strong>B38<\/strong><\/p>\n<\/td>\n<td>\n<p>HOBSBAWM, Eric.\u00a0<strong>Revolucion\u00e1rio.<\/strong>\u00a0S\u00e3o Paulo: Paz e terra, 1985.<\/p>\n<\/td>\n<\/tr>\n<tr>\n<td>\n<p><strong>B39<\/strong><\/p>\n<\/td>\n<td>\n<p>STRATERHN, Paul.\u00a0<strong>Marx em 90 minutos.\u00a0<\/strong>Rio de Janeiro, Zahar, 2006.<\/p>\n<\/td>\n<\/tr>\n<tr>\n<td>\n<p><strong>B40<\/strong><\/p>\n<\/td>\n<td>\n<p>MARX, Karl.\u00a0<strong>Cr\u00edtica da filosofia.<\/strong>\u00a0Lisboa: Presen\u00e7a, 1983.<\/p>\n<\/td>\n<\/tr>\n<tr>\n<td>\n<p><strong>B41<\/strong><\/p>\n<\/td>\n<td>\n<p>MARI\u00c1TEGUI, Jos\u00e9 Carlos.<strong>\u00a0Defesa do Marxismo.<\/strong>\u00a0S\u00e3o Paulo: Boitempo, 2011.<\/p>\n<\/td>\n<\/tr>\n<tr>\n<td>\n<p><strong>B42<\/strong><\/p>\n<\/td>\n<td>\n<p>MARX, Karl.<strong>\u00a0Sal\u00e1rio, pre\u00e7o e lucro.<\/strong>\u00a0S\u00e3o Paulo: Moraes, [s.d].<\/p>\n<\/td>\n<\/tr>\n<tr>\n<td>\n<p><strong>B43<\/strong><\/p>\n<\/td>\n<td>\n<p>MANDEL, Ernest.\u00a0<strong>O lugar do marxismo na hist\u00f3ria.\u00a0<\/strong>S\u00e3o Paulo: Xam\u00e3, 2001.<\/p>\n<\/td>\n<\/tr>\n<tr>\n<td>\n<p><strong>B44<\/strong><\/p>\n<\/td>\n<td>\n<p>LOSOVSKY, D.\u00a0<strong>Marx e os sindicatos.<\/strong>\u00a0S\u00e3o Paulo: Anita Garibaldi, 1989.<\/p>\n<\/td>\n<\/tr>\n<tr>\n<td>\n<p><strong>B45<\/strong><\/p>\n<\/td>\n<td>\n<p>DANTAS, Gilson.\u00a0<strong>Dossi\u00ea Rosa Luxemburgo:\u00a0<\/strong>90 anos. Bras\u00edlia: Centelha Cultural, 2009.<\/p>\n<\/td>\n<\/tr>\n<tr>\n<td>\n<p><strong>B46<\/strong><\/p>\n<\/td>\n<td>\n<p>Centro de Estudos Marxistas.\u00a0<strong>Luz e sombras:\u00a0<\/strong>ensaios de interpreta\u00e7\u00e3o marxista. Porto Alegre: Universidade Federal do Rio Grande do Sul, 1997.<\/p>\n<\/td>\n<\/tr>\n<tr>\n<td>\n<p><strong>B47<\/strong><\/p>\n<\/td>\n<td>\n<p>MARX, Karl.\u00a0<strong>O capital:\u00a0<\/strong>cole\u00e7\u00e3o de universidade de bolso. Rio de Janeiro, Ediouro, s\/d.<\/p>\n<\/td>\n<\/tr>\n<tr>\n<td>\n<p><strong>B48<\/strong><\/p>\n<\/td>\n<td>\n<p><strong>Contra a Corrente:\u00a0<\/strong>revista marxista de teoria, pol\u00edtica e hist\u00f3ria contempor\u00e2nea. S\u00e3o Paulo: Centro de estudos e pesquisas sociais de Bras\u00edlia, ano 3, n. 5, 2011.<\/p>\n<\/td>\n<\/tr>\n<tr>\n<td>\n<p><strong>B49<\/strong><\/p>\n<\/td>\n<td>\n<p>LYRA FILHO, Roberto.\u00a0<strong>Karl, meu amigo:\u00a0<\/strong>di\u00e1logos com Marx sobre direito. Bras\u00edlia: Centelha Cultural, 2011.<\/p>\n<\/td>\n<\/tr>\n<tr>\n<td>\n<p><strong>B50<\/strong><\/p>\n<\/td>\n<td>\n<p>PRADO JUNIOR, Caio.\u00a0<strong>Teoria marxista do conhecimento e m\u00e9todo dial\u00e9tico materialista.<\/strong>\u00a0[s.l]: Ridendo Castigat Mores, 2001.<\/p>\n<\/td>\n<\/tr>\n<tr>\n<td>\n<p><strong>B51<\/strong><\/p>\n<\/td>\n<td>\n<p>CUNHA, Sandra Baptista; GUERRA, Ant\u00f4nio Jos\u00e9 Teixeira.\u00a0<strong>A quest\u00e3o ambiental:\u00a0<\/strong>diferentes abordagens. Rio de Janeiro: Bertrand Brasil, 2003.<\/p>\n<\/td>\n<\/tr>\n<tr>\n<td>\n<p><strong>B52<\/strong><\/p>\n<\/td>\n<td>\n<p>BELLO, Enzo.\u00a0<strong>A cidadania na Luta Pol\u00edtica dos movimentos sociais urbanos.\u00a0<\/strong>Caxias do Sul: EDUCS, 2013.<\/p>\n<\/td>\n<\/tr>\n<tr>\n<td>\n<p><strong>B53<\/strong><\/p>\n<\/td>\n<td>\n<p>KEMPF, Herv\u00e9.\u00a0<strong>Como os ricos destroem o planeta.<\/strong>\u00a0S\u00e3o Paulo: Globo, 2010.<\/p>\n<\/td>\n<\/tr>\n<tr>\n<td>\n<p><strong>B54<\/strong><\/p>\n<\/td>\n<td>\n<p>BACHELET, Michel.\u00a0<strong>Inger\u00eancia ecol\u00f3gica:\u00a0<\/strong>direito ambiental em quest\u00e3o. Lisboa: Instituto PIAGET, 1995.<\/p>\n<\/td>\n<\/tr>\n<tr>\n<td>\n<p><strong>B55<\/strong><\/p>\n<\/td>\n<td>\n<p>BARRER\u00c9, Martine (coord.).\u00a0<strong>Terra, patrim\u00f4nio comum:<\/strong>\u00a0a ci\u00eancia a servi\u00e7o do meio ambiente e do desenvolvimento. S\u00e3o Paulo: Nobel, 1992.<\/p>\n<\/td>\n<\/tr>\n<tr>\n<td>\n<p><strong>B56<\/strong><\/p>\n<\/td>\n<td>\n<p>VALD\u00c9S, Eduardo Dev\u00e9s.\u00a0<strong>O pensamento latino-americano na virada do s\u00e9culo.\u00a0<\/strong>Iju\u00ed: Uniju\u00ed, 2012.<\/p>\n<\/td>\n<\/tr>\n<tr>\n<td>\n<p><strong>B57<\/strong><\/p>\n<\/td>\n<td>\n<p>KISHI, Sandra Akemi Shimada; SILVA, Solange Teles; SOARES, In\u00eas Virg\u00ednia Prado (org.).\u00a0<strong>Desafios do Direito ambiental no s\u00e9culo XXI:\u00a0<\/strong>estudos em homenagem a Paulo Affonso Leme Machado. S\u00e3o Paulo: Malheiros, 2005.<\/p>\n<\/td>\n<\/tr>\n<tr>\n<td>\n<p><strong>B58<\/strong><\/p>\n<\/td>\n<td>\n<p>MAGALH\u00c3ES, Juraci Perez.\u00a0<strong>A evolu\u00e7\u00e3o do direito ambiental no Brasil.\u00a0<\/strong>S\u00e3o Paulo: Juarez de Oliveira, 2002.<\/p>\n<\/td>\n<\/tr>\n<tr>\n<td>\n<p><strong>B59<\/strong><\/p>\n<\/td>\n<td>\n<p>KONDER, Leandro.\u00a0<strong>Marx:\u00a0<\/strong>vida e obra. S\u00e3o Paulo: Express\u00e3o Popular, 2015.<\/p>\n<\/td>\n<\/tr>\n<\/tbody>\n<\/table>\n<p>\u00a0<\/p>\n<p>ACERVO BIBLIOGR\u00c1FICO<\/p>\n<p>DO GRUPO DE PESQUISA<\/p>\n<p>\u00daltima atualiza\u00e7\u00e3o: 16 de junho de 2017<\/p>\n<table>\n<tbody>\n<tr>\n<td>\n<p>REGISTRO NUDMARX<\/p>\n<\/td>\n<td>\n<p><strong>REFER\u00caNCIA COMPLETA DA OBRA\u00a0<\/strong>(conforme ABNT)<\/p>\n<\/td>\n<\/tr>\n<tr>\n<td>\n<p><strong>N01<\/strong><\/p>\n<\/td>\n<td>\n<p>MARX, Karl.\u00a0<strong>O capital:<\/strong>\u00a0Livro I. S\u00e3o Paulo: Boitempo, 2013.<\/p>\n<\/td>\n<\/tr>\n<tr>\n<td>\n<p><strong>N02<\/strong><\/p>\n<\/td>\n<td>\n<p>MARX, Karl.\u00a0<strong>O capital:<\/strong>\u00a0Livro II. S\u00e3o Paulo: Boitempo, 2014.<\/p>\n<\/td>\n<\/tr>\n<tr>\n<td>\n<p><strong>N03<\/strong><\/p>\n<\/td>\n<td>\n<p>MARX, Karl; ENGELS, Friedrich.\u00a0<strong>A ideologia alem\u00e3.<\/strong>\u00a0S\u00e3o Paulo: Boitempo, 2007.<\/p>\n<\/td>\n<\/tr>\n<tr>\n<td>\n<p><strong>N04<\/strong><\/p>\n<\/td>\n<td>\n<p>ENGELS, Friedrich.\u00a0<strong>Anti-D\u00fchring.<\/strong>\u00a0S\u00e3o Paulo: Boitempo, 2015.<\/p>\n<\/td>\n<\/tr>\n<tr>\n<td>\n<p><strong>N05<\/strong><\/p>\n<\/td>\n<td>\n<p>MARX, Karl.\u00a0<strong>0 18 de brum\u00e1rio de Lu\u00eds Bonaparte.<\/strong>\u00a0S\u00e3o Paulo: Boitempo, 2011.<\/p>\n<\/td>\n<\/tr>\n<tr>\n<td>\n<p><strong>N06<\/strong><\/p>\n<\/td>\n<td>\n<p>ENGELS, Friedrich; KAUTSKY, Karl.\u00a0<strong>O socialismo jur\u00eddico.<\/strong>\u00a0S\u00e3o Paulo: Boitempo, 2012.<\/p>\n<\/td>\n<\/tr>\n<tr>\n<td>\n<p><strong>N07<\/strong><\/p>\n<\/td>\n<td>\n<p>MARX, Karl; ENGELS, Friedrich.\u00a0<strong>Luta de classes na Alemanha.<\/strong>\u00a0S\u00e3o Paulo: Boitempo, 2010.<\/p>\n<\/td>\n<\/tr>\n<tr>\n<td>\n<p><strong>N08<\/strong><\/p>\n<\/td>\n<td>\n<p>MARX, Karl.\u00a0<strong>As lutas de classes na Fran\u00e7a<\/strong>. S\u00e3o Paulo: Boitempo, 2012.<\/p>\n<\/td>\n<\/tr>\n<tr>\n<td>\n<p><strong>N09<\/strong><\/p>\n<\/td>\n<td>\n<p>MARX, Karl; ENGELS, Friedrich.\u00a0<strong>Lutas de classe na R\u00fassia<\/strong>. S\u00e3o Paulo: Boitempo, 2013.<\/p>\n<\/td>\n<\/tr>\n<tr>\n<td>\n<p><strong>N10<\/strong><\/p>\n<\/td>\n<td>\n<p>ENGELS, Frierich.\u00a0<strong>A situa\u00e7\u00e3o da classe trabalhadora na Inglaterra.<\/strong>\u00a0S\u00e3o Paulo: Boitempo, 2010.<\/p>\n<\/td>\n<\/tr>\n<tr>\n<td>\n<p><strong>N11<\/strong><\/p>\n<\/td>\n<td>\n<p>MARX, Karl.\u00a0<strong>Sobre a quest\u00e3o judaica.<\/strong>\u00a0S\u00e3o Paulo: Boitempo, 2010.<\/p>\n<\/td>\n<\/tr>\n<tr>\n<td>\n<p><strong>N12<\/strong><\/p>\n<\/td>\n<td>\n<p>MARX, Karl.\u00a0<strong>Cr\u00edtica do programa de Gotha.<\/strong>\u00a0S\u00e3o Paulo: Boitempo, 2012.<\/p>\n<\/td>\n<\/tr>\n<tr>\n<td>\n<p><strong>N13<\/strong><\/p>\n<\/td>\n<td>\n<p>MARX, Karl.\u00a0<strong>A sagrada fam\u00edlia.<\/strong>\u00a0S\u00e3o Paulo: Boitempo, 2011.<\/p>\n<\/td>\n<\/tr>\n<tr>\n<td>\n<p><strong>N14<\/strong><\/p>\n<\/td>\n<td>\n<p>MARX, Karl.<strong>\u00a0Cr\u00edtica da filosofia do Direito de Hegel.<\/strong>\u00a0S\u00e3o Paulo: Boitempo, 2013.<\/p>\n<\/td>\n<\/tr>\n<tr>\n<td>\n<p><strong>N15<\/strong><\/p>\n<\/td>\n<td>\n<p>ENGELS, Friedrich.\u00a0<strong>Sobre a quest\u00e3o da moradia.<\/strong>\u00a0S\u00e3o Paulo: Boitempo, 2015.<\/p>\n<\/td>\n<\/tr>\n<tr>\n<td>\n<p><strong>N16<\/strong><\/p>\n<\/td>\n<td>\n<p>MARX, Karl; ENGELS, Friedrich.\u00a0<strong>Manifesto comunista.<\/strong>\u00a0S\u00e3o Paulo: Boitempo. 2010.<\/p>\n<\/td>\n<\/tr>\n<tr>\n<td>\n<p><strong>N17<\/strong><\/p>\n<\/td>\n<td>\n<p>MARX, Karl.\u00a0<strong>Manuscritos Econ\u00f4micos-filos\u00f3ficos.<\/strong>\u00a0S\u00e3o Paulo: Boitempo, 2004.<\/p>\n<\/td>\n<\/tr>\n<tr>\n<td>\n<p><strong>N18<\/strong><\/p>\n<\/td>\n<td>\n<p>MARX, Karl.\u00a0<strong>Sobre o suic\u00eddio.<\/strong>\u00a0S\u00e3o Paulo: Boitempo, 2006.<\/p>\n<\/td>\n<\/tr>\n<tr>\n<td>\n<p><strong>N19<\/strong><\/p>\n<\/td>\n<td>\n<p>MARX, Karl.\u00a0<strong>A guerra civil na Fran\u00e7a.<\/strong>\u00a0S\u00e3o Paulo: Boitempo, 2011.<\/p>\n<\/td>\n<\/tr>\n<tr>\n<td>\n<p><strong>N20<\/strong><\/p>\n<\/td>\n<td>\n<p>MARX, Karl.\u00a0<strong>Grundrisse.<\/strong>\u00a0S\u00e3o Paulo: Boitempo, 2011.<\/p>\n<\/td>\n<\/tr>\n<tr>\n<td>\n<p><strong>N21<\/strong><\/p>\n<p><strong>\u00a0<\/strong><\/p>\n<\/td>\n<td>\n<p>KELLER, Rene J.\u00a0<strong>Direitos emergentes e cidadania<\/strong>: as lutas sociais urbanas por emancipa\u00e7\u00f5es no cotidiano do Capital. Rio de Janeiro: Lumen Juris, 2015.<\/p>\n<\/td>\n<\/tr>\n<tr>\n<td>\n<p><strong>N22<\/strong><\/p>\n<\/td>\n<td>\n<p>CASTRO, Matheus Felipe de.\u00a0<strong>Hist\u00f3ria ideol\u00f3gica e econ\u00f4mica das constitui\u00e7\u00f5es brasileiras<\/strong>. Belo Horizonte: Arraes, 2015.<\/p>\n<\/td>\n<\/tr>\n<tr>\n<td>\n<p><strong>N23<\/strong><\/p>\n<\/td>\n<td>\n<p>CASTRO, Matheus Felipe de.\u00a0\u00a0<strong>Capitalista Coletivo Ideal<\/strong>: o Estado, o Mercado e o Projeto de Desenvolvimento na Constitui\u00e7\u00e3o de 1988. Rio de Janeiro: Lumen Juris, 2016.<\/p>\n<\/td>\n<\/tr>\n<tr>\n<td>\n<p><strong>N24<\/strong><\/p>\n<\/td>\n<td>\n<p>PINHEIRO, La\u00edze Gabriela Bernardes.\u00a0<strong>O Ocupa Borel e a militariza\u00e7\u00e3o da vida: viola\u00e7\u00e3o de direitos humanos em uma favela militarmente ocupada<\/strong>. Rio de Janeiro: Lumen Juris, 2016.<\/p>\n<\/td>\n<\/tr>\n<tr>\n<td>\n<p><strong>N25<\/strong><\/p>\n<\/td>\n<td>\n<p>MASCARELLO, Renata Piroli.\u00a0<strong>Cidades \u00e0 venda:\u00a0<\/strong>a produ\u00e7\u00e3o capitalista do espa\u00e7o e do Direito no contexto da Copa do Mundo de 2014. Rio de Janeiro: Lumen Juris, 2016.<\/p>\n<\/td>\n<\/tr>\n<tr>\n<td>\n<p><strong>N26<\/strong><\/p>\n<\/td>\n<td>\n<p>BELLO, Enzo; SALM, Jo\u00e3o (orgs.).\u00a0<strong>Cidadania, justi\u00e7a restaurativa e meio ambiente:\u00a0<\/strong>um di\u00e1logo entre Brasil, Estados Unidos, Canad\u00e1, Espanha e It\u00e1lia. Rio de Janeiro: Lumen Juris, 2016.<\/p>\n<\/td>\n<\/tr>\n<tr>\n<td>\n<p><strong>N27<\/strong><\/p>\n<\/td>\n<td>\n<p>SANTOS, Milton.\u00a0<strong>T\u00e9cnica, espa\u00e7o, tempo:\u00a0<\/strong>globaliza\u00e7\u00e3o e meio t\u00e9cnico-cient\u00edfico-informacional. S\u00e3o Paulo: EDUSP, 2013.<\/p>\n<\/td>\n<\/tr>\n<tr>\n<td>\n<p><strong>N28<\/strong><\/p>\n<\/td>\n<td>\n<p>CALDAS, Camilo Onodas.\u00a0<strong>A teoria da deriva\u00e7\u00e3o do Estado e do Direito.\u00a0<\/strong>S\u00e3o Paulo: Outras express\u00f5es, 2015.<\/p>\n<\/td>\n<\/tr>\n<tr>\n<td>\n<p><strong>N29<\/strong><\/p>\n<\/td>\n<td>\n<p>BRAND\u00c3O, Clarissa; BELLO, Enzo.\u00a0<strong>Direitos humanos e cidadania no constitucionalismo latino-americano.\u00a0<\/strong>Rio de Janeiro: Lumen Juris, 2016.<\/p>\n<\/td>\n<\/tr>\n<tr>\n<td>\n<p><strong>N30<\/strong><\/p>\n<\/td>\n<td>\n<p>BELLO, Enzo.\u00a0<strong>A cidadania no constitucionalismo latino-americano.\u00a0<\/strong>Caxias do Sul: EDUCS, 2012.<\/p>\n<\/td>\n<\/tr>\n<tr>\n<td>\n<p><strong>N31<\/strong><\/p>\n<\/td>\n<td>\n<p>BELLO, Enzo; RIBEIRO, Samantha S. Moura.\u00a0<strong>Democracia nos meios de comunica\u00e7\u00e3o:\u00a0<\/strong>pluralismo, liberdade de express\u00e3o e informa\u00e7\u00e3o. Rio de Janeiro: Lumen Juris, 2016.<\/p>\n<\/td>\n<\/tr>\n<\/tbody>\n<\/table>\n<p><strong>\u00a0<\/strong><\/p>\n","protected":false},"excerpt":{"rendered":"<p>Atualmente, o N\u00facleo de Direito, Marxismo e Meio Ambiente (NuDMarx) conta com um acerco de 90 livros dispon\u00edveis na sala 305 para consulta local. ACERVO BIBLIOGR\u00c1FICO PESSOAL da Prof.\u00aa Dr.\u00aa Maria Beatriz Oliveira da Silva \u00daltima atualiza\u00e7\u00e3o: 16 de junho de 2017. REGISTRO PROF.\u00aa BIA REFER\u00caNCIA COMPLETA DA OBRA\u00a0(conforme ABNT) B01 NAVES, M\u00e1rcio Bilharino Naves.\u00a0A [&hellip;]<\/p>\n","protected":false},"author":115,"featured_media":0,"parent":0,"menu_order":0,"comment_status":"closed","ping_status":"closed","template":"","meta":{"footnotes":""},"categories":[],"tags":[],"class_list":["post-3014","page","type-page","status-publish","hentry"],"acf":[],"_links":{"self":[{"href":"https:\/\/www.ufsm.br\/cursos\/pos-graduacao\/santa-maria\/ppgd\/wp-json\/wp\/v2\/pages\/3014","targetHints":{"allow":["GET"]}}],"collection":[{"href":"https:\/\/www.ufsm.br\/cursos\/pos-graduacao\/santa-maria\/ppgd\/wp-json\/wp\/v2\/pages"}],"about":[{"href":"https:\/\/www.ufsm.br\/cursos\/pos-graduacao\/santa-maria\/ppgd\/wp-json\/wp\/v2\/types\/page"}],"author":[{"embeddable":true,"href":"https:\/\/www.ufsm.br\/cursos\/pos-graduacao\/santa-maria\/ppgd\/wp-json\/wp\/v2\/users\/115"}],"replies":[{"embeddable":true,"href":"https:\/\/www.ufsm.br\/cursos\/pos-graduacao\/santa-maria\/ppgd\/wp-json\/wp\/v2\/comments?post=3014"}],"version-history":[{"count":0,"href":"https:\/\/www.ufsm.br\/cursos\/pos-graduacao\/santa-maria\/ppgd\/wp-json\/wp\/v2\/pages\/3014\/revisions"}],"wp:attachment":[{"href":"https:\/\/www.ufsm.br\/cursos\/pos-graduacao\/santa-maria\/ppgd\/wp-json\/wp\/v2\/media?parent=3014"}],"wp:term":[{"taxonomy":"category","embeddable":true,"href":"https:\/\/www.ufsm.br\/cursos\/pos-graduacao\/santa-maria\/ppgd\/wp-json\/wp\/v2\/categories?post=3014"},{"taxonomy":"post_tag","embeddable":true,"href":"https:\/\/www.ufsm.br\/cursos\/pos-graduacao\/santa-maria\/ppgd\/wp-json\/wp\/v2\/tags?post=3014"}],"curies":[{"name":"wp","href":"https:\/\/api.w.org\/{rel}","templated":true}]}}