{"id":3246,"date":"2020-01-09T19:26:56","date_gmt":"2020-01-09T22:26:56","guid":{"rendered":"https:\/\/www.ufsm.br\/cursos\/pos-graduacao\/santa-maria\/ppgd\/?page_id=3246"},"modified":"2020-01-09T19:26:59","modified_gmt":"2020-01-09T22:26:59","slug":"corrupcao-e-violacao-dos-direitos-humanos-um-fenomeno-glocal-a-partir-da-nona-sinfonia-de-beethoven","status":"publish","type":"page","link":"https:\/\/www.ufsm.br\/cursos\/pos-graduacao\/santa-maria\/ppgd\/corrupcao-e-violacao-dos-direitos-humanos-um-fenomeno-glocal-a-partir-da-nona-sinfonia-de-beethoven","title":{"rendered":"CORRUP\u00c7\u00c3O E VIOLA\u00c7\u00c3O DOS DIREITOS HUMANOS: UM FEN\u00d4MENO \u201cGLOCAL\u201d A PARTIR DA NONA SINFONIA DE BEETHOVEN"},"content":{"rendered":"\n<p style=\"text-align: center\"><a href=\"carladalenogare@gmail.com\"><strong>Autora: Carla Dalenogare Castilho<\/strong><\/a><br \/>Orientadora: Dr. \u00aa Angela Araujo da Silveira Espindola<\/p>\n<p>A mencionada disserta\u00e7\u00e3o se trata de uma pesquisa voltada para o estudo acerca do \u00f3bice que a corrup\u00e7\u00e3o internacional representa para o Direito Global. Isso acontece porque ao negligenciar os Direitos Humanos, a corrup\u00e7\u00e3o internacional fragiliza as bases democr\u00e1ticas dos Estados.<\/p>\n<p>Ao se utilizar da met\u00e1fora da Nona Sinfonia de Ludwig van Beethoven, intentou-se uma constru\u00e7\u00e3o de uma pesquisa que tem como norte o direito e a literatura e, mais, por se tratar de uma narrativa que possui como base a m\u00fasica, unem-se direito e arte. Dada sinfonia \u00e9 relevante para tal pesquisa porque quando Beethoven a comp\u00f4s j\u00e1 estava absolutamente surdo e ao comp\u00f4-la, utilizou-se do poema \u201cOde \u00e0 Alegria\u201d de Friedrich Schiller, isso para dizer que todos n\u00f3s, seres humanos, somos irm\u00e3os vivendo abaixo do mesmo c\u00e9u estralado e que devemos promover o abra\u00e7o humano em todo o mundo.<\/p>\n<p>\u00c9 a\u00ed que tal obra se encaixa com o tema da corrup\u00e7\u00e3o internacional, visto que ela impossibilita dado \u201cabra\u00e7o\u201d, pois separa os sujeitos de direitos na medida em que os Direitos Humanos s\u00e3o negligenciados, o que de fato, gera \u00f3bices para a concretude do Direito Global.<\/p>\n<p>A pesquisa aborda quest\u00f5es tratando a corrup\u00e7\u00e3o internacional como um fen\u00f4meno \u201cglocal\u201d, ou seja, que surge em regi\u00f5es locais e se expande para al\u00e9m das geografias nacionais, de modo que os seus efeitos se proliferem por todo o globo.<\/p>\n<p>Como poss\u00edvel alternativa para dado fen\u00f4meno, a pesquisa apresenta a Margem Nacional de Aprecia\u00e7\u00e3o como cria\u00e7\u00e3o de um novo instituto jur\u00eddico que tutele as culturas locais para que o direito internacional n\u00e3o encontre amparo para \u201caberturas legislativas\u201d que legitimem desumanidades. Tal instituto foi criado pela Corte Europeia de Direitos Humanos e visa uma harmonia entre o direito nacional e o direito internacional propiciada pelo di\u00e1logo quando do conflito de normativas ou les\u00f5es aos Diretos Humanos no geral.<\/p>\n<p>Assim, abrem-se discuss\u00f5es acerca do debate sobre a humanidade como um valor. Partindo do estudo sobre as obras de Mireille Delmas-Marty, aponta-se a necessidade de constru\u00e7\u00e3o dos valores comuns da humanidade para que os Direitos Humanos n\u00e3o mais se tornem banalizados por discursos de poder, pr\u00e1ticas ilegais nem tampouco atua\u00e7\u00f5es p\u00fablicas e privadas que favorecem a corrup\u00e7\u00e3o.<\/p>\n","protected":false},"excerpt":{"rendered":"<p>Autora: Carla Dalenogare CastilhoOrientadora: Dr. \u00aa Angela Araujo da Silveira Espindola A mencionada disserta\u00e7\u00e3o se trata de uma pesquisa voltada para o estudo acerca do \u00f3bice que a corrup\u00e7\u00e3o internacional representa para o Direito Global. Isso acontece porque ao negligenciar os Direitos Humanos, a corrup\u00e7\u00e3o internacional fragiliza as bases democr\u00e1ticas dos Estados. Ao se utilizar [&hellip;]<\/p>\n","protected":false},"author":536,"featured_media":0,"parent":0,"menu_order":0,"comment_status":"closed","ping_status":"closed","template":"","meta":{"footnotes":""},"categories":[],"tags":[],"class_list":["post-3246","page","type-page","status-publish","hentry"],"acf":[],"_links":{"self":[{"href":"https:\/\/www.ufsm.br\/cursos\/pos-graduacao\/santa-maria\/ppgd\/wp-json\/wp\/v2\/pages\/3246","targetHints":{"allow":["GET"]}}],"collection":[{"href":"https:\/\/www.ufsm.br\/cursos\/pos-graduacao\/santa-maria\/ppgd\/wp-json\/wp\/v2\/pages"}],"about":[{"href":"https:\/\/www.ufsm.br\/cursos\/pos-graduacao\/santa-maria\/ppgd\/wp-json\/wp\/v2\/types\/page"}],"author":[{"embeddable":true,"href":"https:\/\/www.ufsm.br\/cursos\/pos-graduacao\/santa-maria\/ppgd\/wp-json\/wp\/v2\/users\/536"}],"replies":[{"embeddable":true,"href":"https:\/\/www.ufsm.br\/cursos\/pos-graduacao\/santa-maria\/ppgd\/wp-json\/wp\/v2\/comments?post=3246"}],"version-history":[{"count":0,"href":"https:\/\/www.ufsm.br\/cursos\/pos-graduacao\/santa-maria\/ppgd\/wp-json\/wp\/v2\/pages\/3246\/revisions"}],"wp:attachment":[{"href":"https:\/\/www.ufsm.br\/cursos\/pos-graduacao\/santa-maria\/ppgd\/wp-json\/wp\/v2\/media?parent=3246"}],"wp:term":[{"taxonomy":"category","embeddable":true,"href":"https:\/\/www.ufsm.br\/cursos\/pos-graduacao\/santa-maria\/ppgd\/wp-json\/wp\/v2\/categories?post=3246"},{"taxonomy":"post_tag","embeddable":true,"href":"https:\/\/www.ufsm.br\/cursos\/pos-graduacao\/santa-maria\/ppgd\/wp-json\/wp\/v2\/tags?post=3246"}],"curies":[{"name":"wp","href":"https:\/\/api.w.org\/{rel}","templated":true}]}}