{"id":3248,"date":"2020-01-09T19:32:47","date_gmt":"2020-01-09T22:32:47","guid":{"rendered":"https:\/\/www.ufsm.br\/cursos\/pos-graduacao\/santa-maria\/ppgd\/?page_id=3248"},"modified":"2020-01-09T19:32:49","modified_gmt":"2020-01-09T22:32:49","slug":"dedos-que-condenam-os-linchamentos-simbolicos-frente-ao-principio-da-presuncao-de-inocencia-em-tempos-de-internet","status":"publish","type":"page","link":"https:\/\/www.ufsm.br\/cursos\/pos-graduacao\/santa-maria\/ppgd\/dedos-que-condenam-os-linchamentos-simbolicos-frente-ao-principio-da-presuncao-de-inocencia-em-tempos-de-internet","title":{"rendered":"DEDOS QUE CONDENAM\u201d: OS LINCHAMENTOS SIMB\u00d3LICOS FRENTE AO PRINC\u00cdPIO DA PRESUN\u00c7\u00c3O DE INOC\u00caNCIA EM TEMPOS DE INTERNET\u201d"},"content":{"rendered":"\n<p style=\"text-align: center\"><a href=\"andy_lf93@hotmail.com\"><strong>AUTORA: Andyara Ludovico de Freitas\u00a0\u00a0<\/strong><\/a><\/p>\n<p style=\"text-align: center\">Orientador: Prof. Rafael Santos de Oliveira<\/p>\n<p>A disserta\u00e7\u00e3o intitulada: \u201cDedos que condenam\u201d: os linchamentos simb\u00f3licos frente ao princ\u00edpio da presun\u00e7\u00e3o de inoc\u00eancia em tempos de internet\u201d, de autoria de Andyara Ludovico de Freitas aborda as diversas transforma\u00e7\u00f5es sociais que a internet trouxe para a vida contempor\u00e2nea, especialmente no que se refere a intera\u00e7\u00e3o e comunica\u00e7\u00e3o.<\/p>\n<p>\u00c9 nesse cen\u00e1rio que surgem os riscos provenientes de uma sociedade em rede, tratando como exemplo a degrada\u00e7\u00e3o dos Direitos Humanos a partir de discursos proferidos nas redes sociais virtuais e o fortalecimento do ideal de \u201cjusti\u00e7a com as pr\u00f3prias m\u00e3os\u201d. Essa pesquisa teve como questionamento norteador: qual o papel do Direito frente a relativiza\u00e7\u00e3o do princ\u00edpio da presun\u00e7\u00e3o de inoc\u00eancia atrav\u00e9s dos linchamentos simb\u00f3licos online em tempos de internet?<\/p>\n<p>Atualmente h\u00e1 uma forte ascens\u00e3o do apelo por seguran\u00e7a p\u00fablica na m\u00eddia televisa e, sobretudo na internet. A divulga\u00e7\u00e3o de que a criminalidade vem, supostamente, tomando propor\u00e7\u00f5es preocupantes em diversas partes do mundo, especialmente no Brasil acaba gerando na sociedade sentimentos como medo, \u00f3dio e inseguran\u00e7a. \u00c9 nesse contexto, que surgem os discursos e as a\u00e7\u00f5es em busca da justi\u00e7a a qualquer custo, sendo essa, muitas vezes, realizada atrav\u00e9s da rede evidenciando o fen\u00f4meno dos chamados linchamentos simb\u00f3licos <em>online<\/em>.<\/p>\n<p>Preocupados com a inseguran\u00e7a da popula\u00e7\u00e3o e inebriados por discursos que pregam a impunidade como caracter\u00edstica principal da sociedade brasileira, indiv\u00edduos acabam se utilizando da rede para efetivar o desejo social da justi\u00e7a. Dessa forma, buscando \u201capenas expressar\u201d as suas opini\u00f5es, tais pessoas fazem da internet um instrumento para expor pessoas, supostamente criminosas, de acordo com suas convic\u00e7\u00f5es individuais.<\/p>\n<p>Assim, diante da crise moral e social ora vigente, por vezes, a internet pode ser usada como mecanismo de puni\u00e7\u00e3o e exposi\u00e7\u00e3o de indiv\u00edduos. Dessa forma, pessoas t\u00eam seus Direitos Humanos e processuais violados atrav\u00e9s de condutas virtuais praticadas por seus pares. A ocorr\u00eancia dessas situa\u00e7\u00f5es deixa evidente o quanto o imagin\u00e1rio social est\u00e1 impregnado de punitivismos.<\/p>\n<p>N\u00e3o se pode negar que a sociedade brasileira est\u00e1 estruturada nos mais prim\u00f3rdios sentimentos de medo e \u00f3dio para com o \u201cbandido\u201d, sendo que tal cen\u00e1rio apenas visa mascarar os preconceitos raciais que ainda vigem na forma\u00e7\u00e3o social hodierna. A ideia de que determinadas pessoas merecem penas cru\u00e9is e, se poss\u00edvel a morte, apenas evidencia uma mentalidade inquisitorial que se faz presente no Brasil.<\/p>\n<p>A internet, devido a sua instantaneidade, torna-se o ambiente ideal para a propaga\u00e7\u00e3o de discursos e a\u00e7\u00f5es, gerando os denominados linchamentos simb\u00f3licos virtuais. Cabe ao Direito se posicionar frente a relativiza\u00e7\u00e3o da presun\u00e7\u00e3o de inoc\u00eancia ora ocorrida nas redes sociais virtuais, buscando preservar direitos caros a civilidade, caso n\u00e3o o fa\u00e7a, a barb\u00e1rie ganhar\u00e1 ainda mais for\u00e7a.<\/p>\n","protected":false},"excerpt":{"rendered":"<p>AUTORA: Andyara Ludovico de Freitas\u00a0\u00a0 Orientador: Prof. Rafael Santos de Oliveira A disserta\u00e7\u00e3o intitulada: \u201cDedos que condenam\u201d: os linchamentos simb\u00f3licos frente ao princ\u00edpio da presun\u00e7\u00e3o de inoc\u00eancia em tempos de internet\u201d, de autoria de Andyara Ludovico de Freitas aborda as diversas transforma\u00e7\u00f5es sociais que a internet trouxe para a vida contempor\u00e2nea, especialmente no que se [&hellip;]<\/p>\n","protected":false},"author":536,"featured_media":0,"parent":0,"menu_order":0,"comment_status":"closed","ping_status":"closed","template":"","meta":{"footnotes":""},"categories":[],"tags":[],"class_list":["post-3248","page","type-page","status-publish","hentry"],"acf":[],"_links":{"self":[{"href":"https:\/\/www.ufsm.br\/cursos\/pos-graduacao\/santa-maria\/ppgd\/wp-json\/wp\/v2\/pages\/3248","targetHints":{"allow":["GET"]}}],"collection":[{"href":"https:\/\/www.ufsm.br\/cursos\/pos-graduacao\/santa-maria\/ppgd\/wp-json\/wp\/v2\/pages"}],"about":[{"href":"https:\/\/www.ufsm.br\/cursos\/pos-graduacao\/santa-maria\/ppgd\/wp-json\/wp\/v2\/types\/page"}],"author":[{"embeddable":true,"href":"https:\/\/www.ufsm.br\/cursos\/pos-graduacao\/santa-maria\/ppgd\/wp-json\/wp\/v2\/users\/536"}],"replies":[{"embeddable":true,"href":"https:\/\/www.ufsm.br\/cursos\/pos-graduacao\/santa-maria\/ppgd\/wp-json\/wp\/v2\/comments?post=3248"}],"version-history":[{"count":0,"href":"https:\/\/www.ufsm.br\/cursos\/pos-graduacao\/santa-maria\/ppgd\/wp-json\/wp\/v2\/pages\/3248\/revisions"}],"wp:attachment":[{"href":"https:\/\/www.ufsm.br\/cursos\/pos-graduacao\/santa-maria\/ppgd\/wp-json\/wp\/v2\/media?parent=3248"}],"wp:term":[{"taxonomy":"category","embeddable":true,"href":"https:\/\/www.ufsm.br\/cursos\/pos-graduacao\/santa-maria\/ppgd\/wp-json\/wp\/v2\/categories?post=3248"},{"taxonomy":"post_tag","embeddable":true,"href":"https:\/\/www.ufsm.br\/cursos\/pos-graduacao\/santa-maria\/ppgd\/wp-json\/wp\/v2\/tags?post=3248"}],"curies":[{"name":"wp","href":"https:\/\/api.w.org\/{rel}","templated":true}]}}