{"id":3249,"date":"2020-01-09T19:36:05","date_gmt":"2020-01-09T22:36:05","guid":{"rendered":"https:\/\/www.ufsm.br\/cursos\/pos-graduacao\/santa-maria\/ppgd\/?page_id=3249"},"modified":"2020-01-09T19:36:06","modified_gmt":"2020-01-09T22:36:06","slug":"liberdade-de-expressao-e-discurso-de-odio-os-fundamentos-juridicos-da-impossibilidade-de-atribuicao-de-nota-zero-a-redacao-que-desrespeita-os-direitos-humanos-no-enem","status":"publish","type":"page","link":"https:\/\/www.ufsm.br\/cursos\/pos-graduacao\/santa-maria\/ppgd\/liberdade-de-expressao-e-discurso-de-odio-os-fundamentos-juridicos-da-impossibilidade-de-atribuicao-de-nota-zero-a-redacao-que-desrespeita-os-direitos-humanos-no-enem","title":{"rendered":"LIBERDADE DE EXPRESS\u00c3O E DISCURSO DE \u00d3DIO: OS FUNDAMENTOS JUR\u00cdDICOS DA (IM)POSSIBILIDADE DE ATRIBUI\u00c7\u00c3O DE NOTA ZERO \u00c0 REDA\u00c7\u00c3O QUE DESRESPEITA OS DIREITOS HUMANOS NO ENEM"},"content":{"rendered":"\n<p style=\"font-weight: 400;text-align: center\"><a href=\"mmartins.carlo@gmail.com\"><strong>AUTOR: CARLO MORAES MARTINS<\/strong><\/a><\/p>\n<p style=\"font-weight: 400;text-align: center\">ORIENTADOR: ADEMAR POZZATTI JUNIOR<\/p>\n<p style=\"font-weight: 400\">No Estado Democr\u00e1tico de Direito, observa-se que a liberdade de express\u00e3o constitui direito fundamental, pois inexiste vida digna sem que o indiv\u00edduo possa devidamente expressar seus desejos e convic\u00e7\u00f5es. A pluralidade de convic\u00e7\u00f5es, de cren\u00e7as e de formas de vida \u00e9 o fundamento da democracia cujas institui\u00e7\u00f5es republicanas estejam atentas em operacionalizar limites \u00e0s liberdades individuais para consagrar um ambiente de iguais liberdades para todos.<\/p>\n<p style=\"font-weight: 400\">Nesse sentido, o presente trabalho investiga os argumentos favor\u00e1veis e os contr\u00e1rios a a\u00e7\u00e3o judicial ingressada pela Associa\u00e7\u00e3o Escola Sem Partido em face do crit\u00e9rio que imp\u00f5e a anula\u00e7\u00e3o das reda\u00e7\u00f5es que violam os direitos humanos no Exame Nacional do Ensino M\u00e9dio (ENEM).<\/p>\n<p style=\"font-weight: 400\">A partir do embate entre liberdade de express\u00e3o e discurso de \u00f3dio, o trabalho evidencia quais s\u00e3o os fundamentos jur\u00eddicos que garantem a possibilidade e a impossibilidade de se atribuir nota zero \u00e0s reda\u00e7\u00f5es do ENEM que desrespeitam os direitos humanos. Buscou-se analisar a no\u00e7\u00e3o de liberdade para Immanuel Kant e John Rawls, para delinear os pressupostos da defesa da liberdade de express\u00e3o. No campo da liberdade da express\u00e3o, verificou-se que, para al\u00e9m de fundamentos morais e filos\u00f3ficos, existem tamb\u00e9m fundamentos jur\u00eddicos, internacionais e dom\u00e9sticos.<\/p>\n<p style=\"font-weight: 400\">Para examinar a tese contr\u00e1ria, na segunda parte buscou-se analisar os fundamentos para limitar a liberdade de express\u00e3o, especialmente nos casos de abuso que configuram o discurso de \u00f3dio. Explorou-se o Caso Siegfried Ellwanger, o qual determinou uma especial valora\u00e7\u00e3o a dignidade da pessoa humana em face a liberdade de express\u00e3o, e o debate entre Jeremy Waldron e Ronald Dworkin acerca dos alcances da restri\u00e7\u00e3o da liberdade de express\u00e3o.<\/p>\n<p style=\"font-weight: 400\">Na terceira parte do trabalho, foram investigados os argumentos dos atores envolvidos no presente caso, quais sejam o Escola Sem Partido, a Procuradoria-Geral da Rep\u00fablica, o INEP, assim como as decis\u00f5es judiciais de tr\u00eas inst\u00e2ncias que restaram proferidas. Os resultados da investiga\u00e7\u00e3o sugerem que a dignidade da pessoa humana e os direitos humanos possuem destaque no ordenamento brasileiro, logo a liberdade de express\u00e3o n\u00e3o pode prevalecer diante de casos de discurso de \u00f3dio, logo seria proporcional a anula\u00e7\u00e3o de reda\u00e7\u00f5es abusivas.<\/p>\n","protected":false},"excerpt":{"rendered":"<p>AUTOR: CARLO MORAES MARTINS ORIENTADOR: ADEMAR POZZATTI JUNIOR No Estado Democr\u00e1tico de Direito, observa-se que a liberdade de express\u00e3o constitui direito fundamental, pois inexiste vida digna sem que o indiv\u00edduo possa devidamente expressar seus desejos e convic\u00e7\u00f5es. A pluralidade de convic\u00e7\u00f5es, de cren\u00e7as e de formas de vida \u00e9 o fundamento da democracia cujas institui\u00e7\u00f5es [&hellip;]<\/p>\n","protected":false},"author":536,"featured_media":0,"parent":0,"menu_order":0,"comment_status":"closed","ping_status":"closed","template":"","meta":{"footnotes":""},"categories":[],"tags":[],"class_list":["post-3249","page","type-page","status-publish","hentry"],"acf":[],"_links":{"self":[{"href":"https:\/\/www.ufsm.br\/cursos\/pos-graduacao\/santa-maria\/ppgd\/wp-json\/wp\/v2\/pages\/3249","targetHints":{"allow":["GET"]}}],"collection":[{"href":"https:\/\/www.ufsm.br\/cursos\/pos-graduacao\/santa-maria\/ppgd\/wp-json\/wp\/v2\/pages"}],"about":[{"href":"https:\/\/www.ufsm.br\/cursos\/pos-graduacao\/santa-maria\/ppgd\/wp-json\/wp\/v2\/types\/page"}],"author":[{"embeddable":true,"href":"https:\/\/www.ufsm.br\/cursos\/pos-graduacao\/santa-maria\/ppgd\/wp-json\/wp\/v2\/users\/536"}],"replies":[{"embeddable":true,"href":"https:\/\/www.ufsm.br\/cursos\/pos-graduacao\/santa-maria\/ppgd\/wp-json\/wp\/v2\/comments?post=3249"}],"version-history":[{"count":0,"href":"https:\/\/www.ufsm.br\/cursos\/pos-graduacao\/santa-maria\/ppgd\/wp-json\/wp\/v2\/pages\/3249\/revisions"}],"wp:attachment":[{"href":"https:\/\/www.ufsm.br\/cursos\/pos-graduacao\/santa-maria\/ppgd\/wp-json\/wp\/v2\/media?parent=3249"}],"wp:term":[{"taxonomy":"category","embeddable":true,"href":"https:\/\/www.ufsm.br\/cursos\/pos-graduacao\/santa-maria\/ppgd\/wp-json\/wp\/v2\/categories?post=3249"},{"taxonomy":"post_tag","embeddable":true,"href":"https:\/\/www.ufsm.br\/cursos\/pos-graduacao\/santa-maria\/ppgd\/wp-json\/wp\/v2\/tags?post=3249"}],"curies":[{"name":"wp","href":"https:\/\/api.w.org\/{rel}","templated":true}]}}