{"id":3253,"date":"2020-01-27T12:05:25","date_gmt":"2020-01-27T15:05:25","guid":{"rendered":"https:\/\/www.ufsm.br\/cursos\/pos-graduacao\/santa-maria\/ppgd\/?page_id=3253"},"modified":"2025-09-09T14:02:51","modified_gmt":"2025-09-09T17:02:51","slug":"membros-da-comissao-de-selecao","status":"publish","type":"page","link":"https:\/\/www.ufsm.br\/cursos\/pos-graduacao\/santa-maria\/ppgd\/membros-da-comissao-de-selecao","title":{"rendered":"Membros da Comiss\u00e3o de Sele\u00e7\u00e3o"},"content":{"rendered":"\t\t<div data-elementor-type=\"wp-page\" data-elementor-id=\"3253\" class=\"elementor elementor-3253\">\n\t\t\t\t\t\t<section class=\"elementor-section elementor-top-section elementor-element elementor-element-d2eed8e elementor-section-boxed elementor-section-height-default elementor-section-height-default\" data-id=\"d2eed8e\" data-element_type=\"section\">\n\t\t\t\t\t\t<div class=\"elementor-container elementor-column-gap-default\">\n\t\t\t\t\t<div class=\"elementor-column elementor-col-100 elementor-top-column elementor-element elementor-element-37a2150f\" data-id=\"37a2150f\" data-element_type=\"column\">\n\t\t\t<div class=\"elementor-widget-wrap elementor-element-populated\">\n\t\t\t\t\t\t<div class=\"elementor-element elementor-element-2ebb1d43 elementor-widget elementor-widget-text-editor\" data-id=\"2ebb1d43\" data-element_type=\"widget\" data-widget_type=\"text-editor.default\">\n\t\t\t\t<div class=\"elementor-widget-container\">\n\t\t\t\t\t\t\t<!-- wp:tadv\/classic-paragraph -->\n<p><strong>Integrantes da Comiss\u00e3o de Sele\u00e7\u00e3o (Ano 2025 &#8211; MESTRADO e DOUTORADO ingresso 2026)<\/strong><\/p>\n<p>Prof. Rafael Santos de Oliveira &#8211; Presidente<\/p>\n<p>Prof. Ademar Pozzatti Junior<\/p>\n<p>Prof\u00aa \u00c2ngela Ara\u00fajo da Silveira Espindola<\/p>\n<p>Prof. Cristiano Becker Isaia<\/p>\n<p>Prof\u00aa Daniela Richter<\/p>\n<p>Profa.\u00a0 Fernanda Martins<\/p>\n<p>Prof. Fernando Hoffmam<\/p>\n<p>Profa. Francielle Benini Agne<\/p>\n<p>Profa. Isabel Christine Silva de Gregori<\/p>\n<p>Prof. Jeronimo Siqueira Tybusch<\/p>\n<p>Prof. Luis Gustavo Durigon<\/p>\n<p>Profa. Maria Cristina Gomes da Silva d\u2019Ornellas<\/p>\n<p>Profa. Nathalie Kuczura Nedel<\/p>\n<p>Prof\u00aa Nina Tr\u00edcia Disconzi Rodrigues<\/p>\n<p>Prof\u00aa. Rosane Leal da Silva<\/p>\n<p>Prof\u00aa Val\u00e9ria Ribas do Nascimento<\/p>\n<p>Yuri Schneider<\/p>\n<p>Portaria Pessoal n\u00ba. <strong><a href=\"https:\/\/www.ufsm.br\/app\/uploads\/sites\/563\/2025\/09\/PORT_CCSH_2025_323-Comissao-Selecao-PPGD.pdf\">PORT_CCSH_2025_323 Comiss\u00e3o Sele\u00e7\u00e3o PPGD<\/a><\/strong><\/p>\n<p>\u00a0<\/p>\n<p>\u00a0<\/p>\n<p>\u00a0<\/p>\n<p><strong>Integrantes da Comiss\u00e3o de Sele\u00e7\u00e3o (Ano 2024 &#8211; MESTRADO e DOUTORADO ingresso 2024)<\/strong><\/p>\n<p>Prof. Rafael Santos de Oliveira &#8211; Presidente<br \/>Prof. Ademar Pozzatti Junior<br \/>Prof\u00aa \u00c2ngela Ara\u00fajo da Silveira Espindola<br \/>Prof. Cristiano Becker Isaia<\/p>\n<p>Prof\u00aa Daniela Richter<br \/>Prof. Fernando Hoffmam<\/p>\n<p>Profa. Francielle Benini Agne<\/p>\n<p>Profa. Isabel Christine Silva de Gregori<\/p>\n<p>Prof. Jeronimo Siqueira Tybusch<\/p>\n<p>Prof. Luis Gustavo Durigon<\/p>\n<p>Profa. Maria Cristina Gomes da Silva d\u2019Ornellas<br \/>Prof\u00aa Nina Tr\u00edcia Disconzi Rodrigues<br \/>Prof\u00aa. Rosane Leal da Silva<br \/>Prof\u00aa Val\u00e9ria Ribas do Nascimento<\/p>\n<p>Portaria Pessoal n\u00ba.\u00a0<a href=\"https:\/\/www.ufsm.br\/app\/uploads\/sites\/563\/2024\/10\/PORT_CCSH_2024_214-1.pdf\">PORT_CCSH_2024_214<\/a><\/p>\n<p><a href=\"https:\/\/www.ufsm.br\/app\/uploads\/sites\/563\/2024\/11\/APOST_CCSH_2024_214.pdf\">APOST_CCSH_2024_214<\/a><\/p>\n<p>\u00a0<\/p>\n<p>\u00a0<\/p>\n<p><strong>Integrantes da Comiss\u00e3o de Sele\u00e7\u00e3o (Ano 2024 &#8211; DOUTORADO)<\/strong><\/p>\n<p>Prof\u00aa Rosane Leal da Silva &#8211; Presidente<br \/>Prof. Ademar Pozzatti Junior<br \/>Prof\u00aa \u00c2ngela Ara\u00fajo da Silveira Espindola<br \/>Prof. Cristiano Becker Isaia<br \/>Prof. Fernando Hoffmam<br \/>Prof\u00aa Nina Tr\u00edcia Disconzi Rodrigues<br \/>Prof\u00aa Daniela Richter<br \/>Prof\u00aa Val\u00e9ria Ribas do Nascimento<\/p>\n<p><a href=\"https:\/\/www.ufsm.br\/app\/uploads\/sites\/563\/2024\/07\/PORT_CCSH_2024_147-Comissao-Selecao-Doutorado-2024.pdf\">Portaria CCSH 2024 &#8211; 147<\/a><\/p>\n<p><a href=\"https:\/\/www.ufsm.br\/app\/uploads\/sites\/563\/2024\/08\/Apostila-a-Portaria-CCSH-2024-147.pdf\">Apostila \u00e0 Portaria CCSH 2024 -147<\/a><\/p>\n<p>\u00a0<\/p>\n<p>\u00a0<\/p>\n<blockquote>\n<p><strong>Integrantes da Comiss\u00e3o de Sele\u00e7\u00e3o (Ano 2024 &#8211; MESTRADO)<\/strong><\/p>\n<\/blockquote>\n<p>Rafael Santos de Oliveira &#8211; Presidente<\/p>\n<p>Ademar Pozzatti Junior<\/p>\n<p>\u00c2ngela Ara\u00fajo da Silveira Espindola<\/p>\n<p>Fernando Hoffmam<\/p>\n<p>Giuliana Redin<\/p>\n<p>Jer\u00f4nimo Siqueira Tybusch<\/p>\n<p><a href=\"https:\/\/www.ufsm.br\/app\/uploads\/sites\/563\/2023\/09\/PORT_CCSH_2023_287.pdf\">PORT_CCSH_2023_287<\/a><\/p>\n<blockquote>\n<p><strong>Integrantes da Comiss\u00e3o de Sele\u00e7\u00e3o (Ano 2023 &#8211; MESTRADO)<\/strong><\/p>\n<\/blockquote>\n<p>Rafael Santos de Oliveira ( Presidente)<\/p>\n<p>Cristiano Becker Isaia<\/p>\n<p>Isabel Christine Silva de Gregori<\/p>\n<p>Nina Tricia Disconzi Rodrigues<\/p>\n<p>Rosane Leal da Silva<\/p>\n<p>Val\u00e9ria Ribas do Nascimento<\/p>\n<p>\u00a0<\/p>\n<p><a href=\"https:\/\/www.ufsm.br\/app\/uploads\/sites\/563\/2022\/08\/PORT__PESS_CCSH_2022_263-Comissao-de-Selecao.pdf\">Portaria 263 \/ CCSH \/ UFSM<\/a><\/p>\n<p>\u00a0<\/p>\n<p>\u00a0<\/p>\n<blockquote>\n<p><strong>Integrantes da Comiss\u00e3o de Sele\u00e7\u00e3o (Ano 2022)<\/strong><\/p>\n<\/blockquote>\n<p>Rafael Santos de Oliveira ( Presidente)<\/p>\n<p>Ademar Pozzatti Junior<\/p>\n<p>Fernando Hoffmam<\/p>\n<p>\u00c2ngela Ara\u00fajo da Silveira Espindola<\/p>\n<p>Giuliana Redin<\/p>\n<p>Jer\u00f4nimo Siqueira Tybusch<\/p>\n<p>Ronaldo Busnello<\/p>\n<p><strong><a href=\"https:\/\/www.ufsm.br\/app\/uploads\/sites\/563\/2021\/11\/PORT_CCSH_324_2021-Comissao-de-Selecao-2021-2022-Correto.pdf\">PORT_CCSH_324_2021 &#8211; Comiss\u00e3o de Sele\u00e7\u00e3o 2021-2022<\/a><\/strong><\/p>\n<!-- \/wp:tadv\/classic-paragraph --><!-- wp:tadv\/classic-paragraph \/-->\t\t\t\t\t\t<\/div>\n\t\t\t\t<\/div>\n\t\t\t\t\t<\/div>\n\t\t<\/div>\n\t\t\t\t\t<\/div>\n\t\t<\/section>\n\t\t\t\t<\/div>\n\t\t","protected":false},"excerpt":{"rendered":"<p>Integrantes da Comiss\u00e3o de Sele\u00e7\u00e3o (Ano 2025 &#8211; MESTRADO e DOUTORADO ingresso 2026) Prof. Rafael Santos de Oliveira &#8211; Presidente Prof. Ademar Pozzatti Junior Prof\u00aa \u00c2ngela Ara\u00fajo da Silveira Espindola Prof. Cristiano Becker Isaia Prof\u00aa Daniela Richter Profa.\u00a0 Fernanda Martins Prof. Fernando Hoffmam Profa. Francielle Benini Agne Profa. Isabel Christine Silva de Gregori Prof. Jeronimo [&hellip;]<\/p>\n","protected":false},"author":536,"featured_media":0,"parent":0,"menu_order":0,"comment_status":"closed","ping_status":"closed","template":"","meta":{"footnotes":""},"categories":[],"tags":[],"class_list":["post-3253","page","type-page","status-publish","hentry"],"acf":[],"_links":{"self":[{"href":"https:\/\/www.ufsm.br\/cursos\/pos-graduacao\/santa-maria\/ppgd\/wp-json\/wp\/v2\/pages\/3253","targetHints":{"allow":["GET"]}}],"collection":[{"href":"https:\/\/www.ufsm.br\/cursos\/pos-graduacao\/santa-maria\/ppgd\/wp-json\/wp\/v2\/pages"}],"about":[{"href":"https:\/\/www.ufsm.br\/cursos\/pos-graduacao\/santa-maria\/ppgd\/wp-json\/wp\/v2\/types\/page"}],"author":[{"embeddable":true,"href":"https:\/\/www.ufsm.br\/cursos\/pos-graduacao\/santa-maria\/ppgd\/wp-json\/wp\/v2\/users\/536"}],"replies":[{"embeddable":true,"href":"https:\/\/www.ufsm.br\/cursos\/pos-graduacao\/santa-maria\/ppgd\/wp-json\/wp\/v2\/comments?post=3253"}],"version-history":[{"count":0,"href":"https:\/\/www.ufsm.br\/cursos\/pos-graduacao\/santa-maria\/ppgd\/wp-json\/wp\/v2\/pages\/3253\/revisions"}],"wp:attachment":[{"href":"https:\/\/www.ufsm.br\/cursos\/pos-graduacao\/santa-maria\/ppgd\/wp-json\/wp\/v2\/media?parent=3253"}],"wp:term":[{"taxonomy":"category","embeddable":true,"href":"https:\/\/www.ufsm.br\/cursos\/pos-graduacao\/santa-maria\/ppgd\/wp-json\/wp\/v2\/categories?post=3253"},{"taxonomy":"post_tag","embeddable":true,"href":"https:\/\/www.ufsm.br\/cursos\/pos-graduacao\/santa-maria\/ppgd\/wp-json\/wp\/v2\/tags?post=3253"}],"curies":[{"name":"wp","href":"https:\/\/api.w.org\/{rel}","templated":true}]}}