{"id":3446,"date":"2020-05-26T08:34:58","date_gmt":"2020-05-26T11:34:58","guid":{"rendered":"https:\/\/www.ufsm.br\/cursos\/pos-graduacao\/santa-maria\/ppgd\/?page_id=3446"},"modified":"2022-08-04T14:03:59","modified_gmt":"2022-08-04T17:03:59","slug":"infraestrutura","status":"publish","type":"page","link":"https:\/\/www.ufsm.br\/cursos\/pos-graduacao\/santa-maria\/ppgd\/infraestrutura","title":{"rendered":"Infraestrutura"},"content":{"rendered":"\n<p style=\"text-align: justify\">O Programa de P\u00f3s-Gradua\u00e7\u00e3o em Direito da UFSM est\u00e1 localizado no <strong>quarto andar do pr\u00e9dio 74 B<\/strong> do <a href=\"https:\/\/www.ufsm.br\/unidades-universitarias\/ccsh\/\">Centro de Ci\u00eancias Sociais e Humanas<\/a>, localizado no campus da universidade em Camobi.<\/p>\n<p style=\"text-align: justify\">Nesse andar ficam as salas de aula do Programa, salas de reuni\u00f5es, sala de videoconfer\u00eancia, gabinetes dos docentes, audit\u00f3rio, sala de estudos dos discentes, sala de conviv\u00eancia dos docentes, Secretaria Integrada das P\u00f3s-Gradua\u00e7\u00f5es do CCSH &#8211; SIPOS (sala <strong>2314 &#8211; Pr\u00e9dio 74 A)<\/strong> e Coordena\u00e7\u00e3o do PPGD (sala <strong>3454 Pr\u00e9dio 74 B)<\/strong>.<\/p>\n<p style=\"text-align: justify\">No pr\u00e9dio ao lado, 74C, fica localizado o laborat\u00f3rio de inform\u00e1tica e outro audit\u00f3rio. Ao lado do 74 C fica localizada a Biblioteca Setorial do CCSH<\/p>\n<p>\u00a0<\/p>\n<p><strong>Biblioteca Setorial do CCSH<\/strong><\/p>\n<p><img decoding=\"async\" src=\"https:\/\/www.ufsm.br\/unidades-universitarias\/ccsh\/wp-content\/uploads\/sites\/372\/2018\/10\/BiblioCCSH-Setembro-Amarelo-300x200.jpg\" \/><img fetchpriority=\"high\" decoding=\"async\" class=\"\" src=\"https:\/\/encrypted-tbn0.gstatic.com\/images?q=tbn:ANd9GcR3rQQKi_r3JK-7CEb576IIQgAFlZrP-gK2QOPE1kdew9DC4eRf4Q&amp;s\" width=\"295\" height=\"196\" \/><\/p>\n<p>\u00a0<\/p>\n<p style=\"text-align: justify\">A Biblioteca Setorial do Centro de Ci\u00eancias Sociais e Humanas objetiva atender \u00e0s necessidades da comunidade universit\u00e1ria, especialmente dos cursos de gradua\u00e7\u00e3o e p\u00f3s-gradua\u00e7\u00e3o do CCSH, no que se refere \u00e0 informa\u00e7\u00e3o bibliogr\u00e1fica. Sua estrutura conta com um pr\u00e9dio novo, localizado ao lado do pr\u00e9dio 74C e um anexo com livros, localizado no t\u00e9rreo do pr\u00e9dio da Antiga Reitoria. O acervo do anexo conta com todos os livros do Curso de Direito.<\/p>\n<p><strong>BIBLIOTEC\u00c1RIAS<\/strong><\/p>\n<p>Jus\u00e9lia Paula da Silva<\/p>\n<p>Carina Marques Milano<\/p>\n<p><strong>CONTATO<\/strong><br \/>Fones: (55) 3220 9285 (Dire\u00e7\u00e3o)\u00a0 (55) 3220 9293 (setor de empr\u00e9stimo) (55) 3220 9286 (Anexo no Centro)<br \/>Email:\u00a0<a target=\"_blank\" rel=\"noopener noreferrer\">biblioteca.ccsh@ufsm.br<\/a><a href=\"mailto:biblioccsh@smail.ufsm.br\"><br \/><\/a>Acesso aos cat\u00e1logos online:\u00a0<a href=\"http:\/\/bibweb.si.ufsm.br\/\" target=\"_blank\" rel=\"noopener noreferrer\">Link<br \/><\/a>Facebook:\u00a0<a href=\"https:\/\/www.facebook.com\/BibliotecaSetorialdoCCSH\" target=\"_blank\" rel=\"noopener noreferrer\">Link<\/a><\/p>\n<p><strong>HOR\u00c1RIO DE FUNCIONAMENTO<\/strong><br \/>De segunda a sexta-feira das 7h30 \u00e0s 21h15<\/p>\n<p><strong>LOCALIZA\u00c7\u00c3O<\/strong><br \/>Pr\u00e9dio da Biblioteca Setorial do CCSH \u2013 Ao lado do 74C\u201d<\/p>\n<p>Fonte: site do CCSH<\/p>\n<p>Site:<a href=\"https:\/\/www.ufsm.br\/unidades-universitarias\/ccsh\/biblioteca-setorial\/\">https:\/\/www.ufsm.br\/unidades-universitarias\/ccsh\/biblioteca-setorial\/<\/a><\/p>\n<p><strong>Bares\/restaurantes pr\u00f3ximos<\/strong><\/p>\n<p>Restaurante Oliveira \u2013 entre os pr\u00e9dios 74B e 74C<br \/>Expediente: de segunda a sexta-feira, das 7h30min \u00e0s 21h<\/p>\n<p><strong>Xerox<\/strong><\/p>\n<p>Xerox \u2013 2\u00b0 andar<br \/>Expediente: de segunda a sexta-feira, das 8h \u00e0s 12h e das 13h \u00e0s 21h<\/p>\n<p>\u00a0<\/p>\n<p>Para mais informa\u00e7\u00f5es acesse o\u00a0<strong>site do CCSH<\/strong>:<\/p>\n<p><a href=\"https:\/\/www.ufsm.br\/unidades-universitarias\/ccsh\/\">https:\/\/www.ufsm.br\/unidades-universitarias\/ccsh\/<\/a><\/p>\n<p>\u00a0<\/p>\n<p>\u00a0<\/p>\n<p>\u00a0<\/p>\n","protected":false},"excerpt":{"rendered":"<p>O Programa de P\u00f3s-Gradua\u00e7\u00e3o em Direito da UFSM est\u00e1 localizado no quarto andar do pr\u00e9dio 74 B do Centro de Ci\u00eancias Sociais e Humanas, localizado no campus da universidade em Camobi. Nesse andar ficam as salas de aula do Programa, salas de reuni\u00f5es, sala de videoconfer\u00eancia, gabinetes dos docentes, audit\u00f3rio, sala de estudos dos discentes, [&hellip;]<\/p>\n","protected":false},"author":536,"featured_media":0,"parent":0,"menu_order":0,"comment_status":"closed","ping_status":"closed","template":"","meta":{"footnotes":""},"categories":[],"tags":[],"class_list":["post-3446","page","type-page","status-publish","hentry"],"acf":[],"_links":{"self":[{"href":"https:\/\/www.ufsm.br\/cursos\/pos-graduacao\/santa-maria\/ppgd\/wp-json\/wp\/v2\/pages\/3446","targetHints":{"allow":["GET"]}}],"collection":[{"href":"https:\/\/www.ufsm.br\/cursos\/pos-graduacao\/santa-maria\/ppgd\/wp-json\/wp\/v2\/pages"}],"about":[{"href":"https:\/\/www.ufsm.br\/cursos\/pos-graduacao\/santa-maria\/ppgd\/wp-json\/wp\/v2\/types\/page"}],"author":[{"embeddable":true,"href":"https:\/\/www.ufsm.br\/cursos\/pos-graduacao\/santa-maria\/ppgd\/wp-json\/wp\/v2\/users\/536"}],"replies":[{"embeddable":true,"href":"https:\/\/www.ufsm.br\/cursos\/pos-graduacao\/santa-maria\/ppgd\/wp-json\/wp\/v2\/comments?post=3446"}],"version-history":[{"count":0,"href":"https:\/\/www.ufsm.br\/cursos\/pos-graduacao\/santa-maria\/ppgd\/wp-json\/wp\/v2\/pages\/3446\/revisions"}],"wp:attachment":[{"href":"https:\/\/www.ufsm.br\/cursos\/pos-graduacao\/santa-maria\/ppgd\/wp-json\/wp\/v2\/media?parent=3446"}],"wp:term":[{"taxonomy":"category","embeddable":true,"href":"https:\/\/www.ufsm.br\/cursos\/pos-graduacao\/santa-maria\/ppgd\/wp-json\/wp\/v2\/categories?post=3446"},{"taxonomy":"post_tag","embeddable":true,"href":"https:\/\/www.ufsm.br\/cursos\/pos-graduacao\/santa-maria\/ppgd\/wp-json\/wp\/v2\/tags?post=3446"}],"curies":[{"name":"wp","href":"https:\/\/api.w.org\/{rel}","templated":true}]}}