{"id":3856,"date":"2021-01-22T09:52:15","date_gmt":"2021-01-22T12:52:15","guid":{"rendered":"https:\/\/www.ufsm.br\/cursos\/pos-graduacao\/santa-maria\/ppgd\/?page_id=3856"},"modified":"2021-01-22T09:52:16","modified_gmt":"2021-01-22T12:52:16","slug":"democracia-aprisionada-o-controle-da-liberdade-de-navegacao-na-internet-e-os-riscos-a-justica-global","status":"publish","type":"page","link":"https:\/\/www.ufsm.br\/cursos\/pos-graduacao\/santa-maria\/ppgd\/democracia-aprisionada-o-controle-da-liberdade-de-navegacao-na-internet-e-os-riscos-a-justica-global","title":{"rendered":"DEMOCRACIA APRISIONADA: O CONTROLE DA LIBERDADE DE NAVEGA\u00c7\u00c3O NA INTERNET E OS RISCOS \u00c0 JUSTI\u00c7A GLOBAL"},"content":{"rendered":"\n<p style=\"text-align: center\">AUTOR: Fernando Gabbi Polli\u00a0 &#8211; fpolli13@hotmail.com\u00a0<br \/>ORIENTADOR: Ademar Pozzatti Junior<\/p>\n<p>A sociedade contempor\u00e2nea passou a incorporar o uso de tecnologias de informa\u00e7\u00e3o no seu cotidiano, organizando-se em rede. Esta engenharia tem um alcance global, visto que todos os indiv\u00edduos est\u00e3o interligados pol\u00edtica, social e economicamente, e, desta realidade, surgem novas quest\u00f5es que devem ser juridicamente tuteladas. Dentre estes direitos emergentes est\u00e3o aqueles inerentes ao uso da rede mundial de computadores, espa\u00e7o no qual os usu\u00e1rios buscam firmar rela\u00e7\u00f5es, sejam elas pessoais, negocias e\/ou informacionais. Esta nova realidade tem fortes impactos sociais, pol\u00edticos e jur\u00eddicos, especificamente aqueles advindos da utiliza\u00e7\u00e3o dos dados dos usu\u00e1rios da rede no direcionamento de sua navega\u00e7\u00e3o. <br \/>Assim, com base nesta realidade, surgem os seguintes questionamentos: o direcionamento da navega\u00e7\u00e3o na rede mundial de computadores, baseado na coleta de dados dos usu\u00e1rios, atenta contra os direitos humanos a liberdade de navega\u00e7\u00e3o e, consequentemente, a livre informa\u00e7\u00e3o e autodetermina\u00e7\u00e3o? E quais os reflexos desse direcionamento para as democracias contempor\u00e2neas? <br \/>Deste modo, o presente trabalho teve como objetivo analisar, criticamente, o meio virtual, a fim de verificar \u201cse\u201d e \u201ccomo\u201d a limita\u00e7\u00e3o da liberdade individual afeta a organiza\u00e7\u00e3o social justa e democr\u00e1tica. A partir da perspectiva do liberalismo igualit\u00e1rio, a presente pesquisa busca nos preceitos da justi\u00e7a global as categorias para analisar tal fen\u00f4meno. Para desenvolver o presente trabalho, foi utilizado o m\u00e9todo de abordagem dedutivo, desenvolvido sobre um racioc\u00ednio dial\u00e9tico. <br \/>Inicialmente, foram verificados os fundamentos morais e jur\u00eddicos que permitam afirmar que a livre navega\u00e7\u00e3o na internet \u00e9 um direito emergente exigido para a justi\u00e7a global e fundamental para o desenvolvimento da democracia. Em um segundo momento foi estudada a arquitetura da rede mundial de computadores atrav\u00e9s da identifica\u00e7\u00e3o dos atores inseridos neste meio, seus interesses e pr\u00e1ticas empreendidas que colaborem com o condicionamento da experi\u00eancia virtual do usu\u00e1rio, o que torna a internet um ambiente desigual quanto a distribui\u00e7\u00e3o das liberdades. Por fim, foram realizados estudos de casos das elei\u00e7\u00f5es presidenciais dos EUA em 2016 e do Brasil em 2018, as quais evidenciaram que a internet \u00e9 um instrumento de injusti\u00e7a, onde a liberdade individual do usu\u00e1rio \u00e9 limitada de tal modo que gera reflexos nas liberdades p\u00fablicas, em especial no exerc\u00edcio direto da democracia, o sufr\u00e1gio.<\/p>\n","protected":false},"excerpt":{"rendered":"<p>AUTOR: Fernando Gabbi Polli\u00a0 &#8211; fpolli13@hotmail.com\u00a0ORIENTADOR: Ademar Pozzatti Junior A sociedade contempor\u00e2nea passou a incorporar o uso de tecnologias de informa\u00e7\u00e3o no seu cotidiano, organizando-se em rede. Esta engenharia tem um alcance global, visto que todos os indiv\u00edduos est\u00e3o interligados pol\u00edtica, social e economicamente, e, desta realidade, surgem novas quest\u00f5es que devem ser juridicamente tuteladas. [&hellip;]<\/p>\n","protected":false},"author":536,"featured_media":0,"parent":0,"menu_order":0,"comment_status":"closed","ping_status":"closed","template":"","meta":{"footnotes":""},"categories":[],"tags":[],"class_list":["post-3856","page","type-page","status-publish","hentry"],"acf":[],"_links":{"self":[{"href":"https:\/\/www.ufsm.br\/cursos\/pos-graduacao\/santa-maria\/ppgd\/wp-json\/wp\/v2\/pages\/3856","targetHints":{"allow":["GET"]}}],"collection":[{"href":"https:\/\/www.ufsm.br\/cursos\/pos-graduacao\/santa-maria\/ppgd\/wp-json\/wp\/v2\/pages"}],"about":[{"href":"https:\/\/www.ufsm.br\/cursos\/pos-graduacao\/santa-maria\/ppgd\/wp-json\/wp\/v2\/types\/page"}],"author":[{"embeddable":true,"href":"https:\/\/www.ufsm.br\/cursos\/pos-graduacao\/santa-maria\/ppgd\/wp-json\/wp\/v2\/users\/536"}],"replies":[{"embeddable":true,"href":"https:\/\/www.ufsm.br\/cursos\/pos-graduacao\/santa-maria\/ppgd\/wp-json\/wp\/v2\/comments?post=3856"}],"version-history":[{"count":0,"href":"https:\/\/www.ufsm.br\/cursos\/pos-graduacao\/santa-maria\/ppgd\/wp-json\/wp\/v2\/pages\/3856\/revisions"}],"wp:attachment":[{"href":"https:\/\/www.ufsm.br\/cursos\/pos-graduacao\/santa-maria\/ppgd\/wp-json\/wp\/v2\/media?parent=3856"}],"wp:term":[{"taxonomy":"category","embeddable":true,"href":"https:\/\/www.ufsm.br\/cursos\/pos-graduacao\/santa-maria\/ppgd\/wp-json\/wp\/v2\/categories?post=3856"},{"taxonomy":"post_tag","embeddable":true,"href":"https:\/\/www.ufsm.br\/cursos\/pos-graduacao\/santa-maria\/ppgd\/wp-json\/wp\/v2\/tags?post=3856"}],"curies":[{"name":"wp","href":"https:\/\/api.w.org\/{rel}","templated":true}]}}