{"id":3859,"date":"2021-01-22T10:19:52","date_gmt":"2021-01-22T13:19:52","guid":{"rendered":"https:\/\/www.ufsm.br\/cursos\/pos-graduacao\/santa-maria\/ppgd\/?page_id=3859"},"modified":"2021-01-22T10:19:54","modified_gmt":"2021-01-22T13:19:54","slug":"jurisdicao-em-rede-para-porcos-espinhos-a-necessidade-de-instituicao-da-tese-da-resposta-correta-na-estrutura-do-estado-democratico-de-direito","status":"publish","type":"page","link":"https:\/\/www.ufsm.br\/cursos\/pos-graduacao\/santa-maria\/ppgd\/jurisdicao-em-rede-para-porcos-espinhos-a-necessidade-de-instituicao-da-tese-da-resposta-correta-na-estrutura-do-estado-democratico-de-direito","title":{"rendered":"JURISDI\u00c7\u00c3O EM REDE PARA PORCOS-ESPINHOS: A NECESSIDADE DE INSTITUI\u00c7\u00c3O DA TESE DA RESPOSTA CORRETA NA ESTRUTURA DO ESTADO DEMOCR\u00c1TICO DE DIREITO"},"content":{"rendered":"\n<p style=\"text-align: center\">AUTORA: Mariana Tonico Schalanski &#8211; mariana.schalanski@hotmail.com<\/p>\n<p style=\"text-align: center\">ORIENTADOR: Cristiano Becker Isaia<\/p>\n<p style=\"text-align: left\">A presente disserta\u00e7\u00e3o visa estabelecer bases para possibilitar a constru\u00e7\u00e3o de respostas corretas em Direito \u2013 <em>boas respostas<\/em>, hermeneuticamente adequadas \u00e0 Constitui\u00e7\u00e3o a partir de uma teoria democr\u00e1tica da decis\u00e3o jur\u00eddica. Para tanto, ser\u00e1 apresentado o argumento de que uma decis\u00e3o jur\u00eddica e democraticamente correta deve ter a sua legitimidade confirmada por dois modos: primeiro, atrav\u00e9s do cumprimento de um procedimento no qual se garanta a participa\u00e7\u00e3o (constitucionalmente adequada) de todos os interessados, aquilo que Dworkin denomina de <em>participa\u00e7\u00e3o moral; <\/em>segundo, por meio de decis\u00f5es jur\u00eddicas <em>respons\u00e1veis<\/em> perante \u00e0 integridade do Direito. A proposta que melhor atende as exig\u00eancias de uma decis\u00e3o jur\u00eddica como uma quest\u00e3o democr\u00e1tica ser\u00e1 a <em>Jurisdi\u00e7\u00e3o em Rede para Porco-Espinhos<\/em>, que por sua vez, tem como desiderato a constru\u00e7\u00e3o de uma unidade coerente, em que deva respeitar o seu <em>ser<\/em> enquanto integridade; essa \u00e9 a porta de entrada para formula\u00e7\u00e3o do c\u00edrculo hermen\u00eautico de sentidos que preserve o direito fundamental dos membros da comunidade pol\u00edtica \u00e0 garantia de uma decis\u00e3o coerente <em>fundada em princ\u00edpios<\/em> que fornecem a melhor justificativa da pr\u00e1tica jur\u00eddica como um todo.<\/p>\n<p>\u00a0<\/p>\n","protected":false},"excerpt":{"rendered":"<p>AUTORA: Mariana Tonico Schalanski &#8211; mariana.schalanski@hotmail.com ORIENTADOR: Cristiano Becker Isaia A presente disserta\u00e7\u00e3o visa estabelecer bases para possibilitar a constru\u00e7\u00e3o de respostas corretas em Direito \u2013 boas respostas, hermeneuticamente adequadas \u00e0 Constitui\u00e7\u00e3o a partir de uma teoria democr\u00e1tica da decis\u00e3o jur\u00eddica. Para tanto, ser\u00e1 apresentado o argumento de que uma decis\u00e3o jur\u00eddica e democraticamente correta [&hellip;]<\/p>\n","protected":false},"author":536,"featured_media":0,"parent":0,"menu_order":0,"comment_status":"closed","ping_status":"closed","template":"","meta":{"footnotes":""},"categories":[],"tags":[],"class_list":["post-3859","page","type-page","status-publish","hentry"],"acf":[],"_links":{"self":[{"href":"https:\/\/www.ufsm.br\/cursos\/pos-graduacao\/santa-maria\/ppgd\/wp-json\/wp\/v2\/pages\/3859","targetHints":{"allow":["GET"]}}],"collection":[{"href":"https:\/\/www.ufsm.br\/cursos\/pos-graduacao\/santa-maria\/ppgd\/wp-json\/wp\/v2\/pages"}],"about":[{"href":"https:\/\/www.ufsm.br\/cursos\/pos-graduacao\/santa-maria\/ppgd\/wp-json\/wp\/v2\/types\/page"}],"author":[{"embeddable":true,"href":"https:\/\/www.ufsm.br\/cursos\/pos-graduacao\/santa-maria\/ppgd\/wp-json\/wp\/v2\/users\/536"}],"replies":[{"embeddable":true,"href":"https:\/\/www.ufsm.br\/cursos\/pos-graduacao\/santa-maria\/ppgd\/wp-json\/wp\/v2\/comments?post=3859"}],"version-history":[{"count":0,"href":"https:\/\/www.ufsm.br\/cursos\/pos-graduacao\/santa-maria\/ppgd\/wp-json\/wp\/v2\/pages\/3859\/revisions"}],"wp:attachment":[{"href":"https:\/\/www.ufsm.br\/cursos\/pos-graduacao\/santa-maria\/ppgd\/wp-json\/wp\/v2\/media?parent=3859"}],"wp:term":[{"taxonomy":"category","embeddable":true,"href":"https:\/\/www.ufsm.br\/cursos\/pos-graduacao\/santa-maria\/ppgd\/wp-json\/wp\/v2\/categories?post=3859"},{"taxonomy":"post_tag","embeddable":true,"href":"https:\/\/www.ufsm.br\/cursos\/pos-graduacao\/santa-maria\/ppgd\/wp-json\/wp\/v2\/tags?post=3859"}],"curies":[{"name":"wp","href":"https:\/\/api.w.org\/{rel}","templated":true}]}}