{"id":3974,"date":"2021-06-24T11:27:37","date_gmt":"2021-06-24T14:27:37","guid":{"rendered":"https:\/\/www.ufsm.br\/cursos\/pos-graduacao\/santa-maria\/ppgd\/?page_id=3974"},"modified":"2021-06-24T11:27:38","modified_gmt":"2021-06-24T14:27:38","slug":"lawbot-e-a-entificacao-no-processo-judicial-os-desafios-da-advocacia-e-da-sociedade-em-rede-na-era-da-inteligencia-artificial","status":"publish","type":"page","link":"https:\/\/www.ufsm.br\/cursos\/pos-graduacao\/santa-maria\/ppgd\/lawbot-e-a-entificacao-no-processo-judicial-os-desafios-da-advocacia-e-da-sociedade-em-rede-na-era-da-inteligencia-artificial","title":{"rendered":"LAWBOT E A ENTIFICA\u00c7\u00c3O NO PROCESSO JUDICIAL: Os desafios da advocacia e da sociedade em rede na era da intelig\u00eancia artificial"},"content":{"rendered":"\n<p style=\"text-align: center\">Vital\u00ednio Lannes Guedes \/ vitaguedes@hotmail.com<\/p>\n<p>Diante da evolu\u00e7\u00e3o da sociedade e da advocacia, realizou-se um breve relato hist\u00f3rico das inova\u00e7\u00f5es tecnol\u00f3gicas, atrav\u00e9s da analogia da Revolu\u00e7\u00e3o Industrial com o desenvolvimento da web, at\u00e9 chegar \u00e0 atual Internet das Coisas (IoT). Com base nisso, investigou-se o fen\u00f4meno da robotiza\u00e7\u00e3o na sociedade em rede e na advocacia. <br \/>A verifica\u00e7\u00e3o do surgimento de advogados-rob\u00f4s mostra-se necess\u00e1ria, uma vez que, atrav\u00e9s de sua intelig\u00eancia artificial, visa emular a intelig\u00eancia humana, raz\u00e3o pela qual se deve compreender os desafios que essas m\u00e1quinas imp\u00f5em \u00e0 advocacia do amanh\u00e3. <br \/>Por esse motivo, partiu-se do estudo da c\u00e9lebre obra \u201cSer e Tempo\u201d para justificar o problema de pesquisa que se prop\u00f5e, qual seja, verificar em que medida a entifica\u00e7\u00e3o no processo judicial desafia a advocacia na era da intelig\u00eancia artificial. Frente \u00e0 sedu\u00e7\u00e3o da advocacia pela metaf\u00edsica objetivista cl\u00e1ssica, que designa as coisas com base em uma concep\u00e7\u00e3o pr\u00e9-ordenada, volta-se, ao apego que os advogados hodiernos possuem pelo objetivismo, relegando a compreens\u00e3o hermen\u00eautica. <br \/>Por esse motivo, visou-se entender como a advocacia, frente \u00e0 intelig\u00eancia artificial do rob\u00f4, poder\u00e1 continuar existindo. Para tanto, buscou-se relatar brevemente a hist\u00f3ria da advocacia, desde seus prim\u00f3rdios at\u00e9 a concep\u00e7\u00e3o do advogado-rob\u00f4. Al\u00e9m disso, foram referidos os desafios que a evolu\u00e7\u00e3o da tecnologia imp\u00f5e \u00e0 sociedade em rede, frente ao universo Big Data e \u00e0 Internet das Coisas. Nesse ponto, destaca-se como a intelig\u00eancia artificial pode ajudar ou prejudicar as rela\u00e7\u00f5es sociais. <br \/>Ainda, tratou-se sobre o apego do advogado humano pelo objetivismo, o que se verifica com o uso de lawbots nos escrit\u00f3rios de advocacia. Para enfrentar a problem\u00e1tica da entifica\u00e7\u00e3o dos advogados-rob\u00f4s nos processos judiciais e averiguar em que medida estes s\u00e3o afetados, empregou-se a concep\u00e7\u00e3o heideggeriana de entifica\u00e7\u00e3o e amparou-se na forma como o autor rompe com a metaf\u00edsica de Arist\u00f3teles e Descartes. <br \/>A partir da Hermen\u00eautica-Ontol\u00f3gica de Martin Heidegger e a Cr\u00edtica Hermen\u00eautica do Direito de Lenio Streck, al\u00e9m de Ernildo Stein, leitor e aluno do fil\u00f3sofo alem\u00e3o, adv\u00e9m a base te\u00f3rica que possivelmente justifica o problema de pesquisa proposto, a fim de realizar uma verifica\u00e7\u00e3o da necessidade de compreens\u00e3o hermen\u00eautica em uma sociedade em rede, diante da entifica\u00e7\u00e3o do advogado-rob\u00f4 no processo judicial.<\/p>\n<p>\u00a0<\/p>\n","protected":false},"excerpt":{"rendered":"<p>Vital\u00ednio Lannes Guedes \/ vitaguedes@hotmail.com Diante da evolu\u00e7\u00e3o da sociedade e da advocacia, realizou-se um breve relato hist\u00f3rico das inova\u00e7\u00f5es tecnol\u00f3gicas, atrav\u00e9s da analogia da Revolu\u00e7\u00e3o Industrial com o desenvolvimento da web, at\u00e9 chegar \u00e0 atual Internet das Coisas (IoT). Com base nisso, investigou-se o fen\u00f4meno da robotiza\u00e7\u00e3o na sociedade em rede e na advocacia. [&hellip;]<\/p>\n","protected":false},"author":536,"featured_media":0,"parent":0,"menu_order":0,"comment_status":"closed","ping_status":"closed","template":"","meta":{"footnotes":""},"categories":[],"tags":[],"class_list":["post-3974","page","type-page","status-publish","hentry"],"acf":[],"_links":{"self":[{"href":"https:\/\/www.ufsm.br\/cursos\/pos-graduacao\/santa-maria\/ppgd\/wp-json\/wp\/v2\/pages\/3974","targetHints":{"allow":["GET"]}}],"collection":[{"href":"https:\/\/www.ufsm.br\/cursos\/pos-graduacao\/santa-maria\/ppgd\/wp-json\/wp\/v2\/pages"}],"about":[{"href":"https:\/\/www.ufsm.br\/cursos\/pos-graduacao\/santa-maria\/ppgd\/wp-json\/wp\/v2\/types\/page"}],"author":[{"embeddable":true,"href":"https:\/\/www.ufsm.br\/cursos\/pos-graduacao\/santa-maria\/ppgd\/wp-json\/wp\/v2\/users\/536"}],"replies":[{"embeddable":true,"href":"https:\/\/www.ufsm.br\/cursos\/pos-graduacao\/santa-maria\/ppgd\/wp-json\/wp\/v2\/comments?post=3974"}],"version-history":[{"count":0,"href":"https:\/\/www.ufsm.br\/cursos\/pos-graduacao\/santa-maria\/ppgd\/wp-json\/wp\/v2\/pages\/3974\/revisions"}],"wp:attachment":[{"href":"https:\/\/www.ufsm.br\/cursos\/pos-graduacao\/santa-maria\/ppgd\/wp-json\/wp\/v2\/media?parent=3974"}],"wp:term":[{"taxonomy":"category","embeddable":true,"href":"https:\/\/www.ufsm.br\/cursos\/pos-graduacao\/santa-maria\/ppgd\/wp-json\/wp\/v2\/categories?post=3974"},{"taxonomy":"post_tag","embeddable":true,"href":"https:\/\/www.ufsm.br\/cursos\/pos-graduacao\/santa-maria\/ppgd\/wp-json\/wp\/v2\/tags?post=3974"}],"curies":[{"name":"wp","href":"https:\/\/api.w.org\/{rel}","templated":true}]}}