{"id":3981,"date":"2021-06-24T14:59:47","date_gmt":"2021-06-24T17:59:47","guid":{"rendered":"https:\/\/www.ufsm.br\/cursos\/pos-graduacao\/santa-maria\/ppgd\/?page_id=3981"},"modified":"2021-06-24T14:59:48","modified_gmt":"2021-06-24T17:59:48","slug":"os-caminhos-do-terrorismo-e-da-desumanizacao-o-encontro-de-um-denominador-comum-atraves-da-cooperacao-internacional","status":"publish","type":"page","link":"https:\/\/www.ufsm.br\/cursos\/pos-graduacao\/santa-maria\/ppgd\/os-caminhos-do-terrorismo-e-da-desumanizacao-o-encontro-de-um-denominador-comum-atraves-da-cooperacao-internacional","title":{"rendered":"OS CAMINHOS DO TERRORISMO E DA DESUMANIZA\u00c7\u00c3O: o encontro de um denominador comum atrav\u00e9s da coopera\u00e7\u00e3o internacional"},"content":{"rendered":"\n<p style=\"text-align: center\">AUTORA: Bruna Bastos \u2013 bts.bru@gmail.com<br \/>ORIENTADOR: Rafael Santos de Oliveira<\/p>\n<p>O terrorismo ideol\u00f3gico-religioso \u00e9 um fen\u00f4meno global que ganhou novos contornos a partir do 11 de setembro de 2001, tornando-se um movimento multifacetado que afeta, de forma direta ou indireta, a sociedade internacional e que, assim como a internet e a globaliza\u00e7\u00e3o, ignora fronteiras nacionais e afeta, direta ou indiretamente, todas as formas de sociedade. Essa esp\u00e9cie de terrorismo tem estreita liga\u00e7\u00e3o com a cultura isl\u00e2mica, representando uma pequena parte dessa comunidade que se manifesta, de forma ileg\u00edtima, contra as opress\u00f5es t\u00edpicas de uma globaliza\u00e7\u00e3o que privilegiou apenas os aspectos econ\u00f4micos, enquanto afetava todas as outras \u00e1reas da vida social. A \u201cguerra ao terror\u201d, deflagrada em 2003 com a invas\u00e3o do Iraque pelos Estados Unidos da Am\u00e9rica, claramente n\u00e3o serviu aos seus prop\u00f3sitos de paz mundial e de acabar com a amea\u00e7a terrorista, porquanto esse fen\u00f4meno ampliou-se no cen\u00e1rio internacional, atingindo outras localidades atrav\u00e9s de novos grupos salafistas e demonstrando que n\u00e3o \u00e9 poss\u00edvel conter a viol\u00eancia derivada com a viol\u00eancia estrutural.<br \/>Em raz\u00e3o da sua vincula\u00e7\u00e3o com a cultura isl\u00e2mica e da \u201cguerra ao terror\u201d, deflagrada ainda em 2003 pelos Estados Unidos, o terrorismo ganhou novos contornos e possibilidades de an\u00e1lise, especialmente no tocante ao surgimento de discursos desumanizantes \u2013 que retiram a condi\u00e7\u00e3o de ser humano de grupos minorit\u00e1rios e que justificam viola\u00e7\u00f5es de direitos humanos. Os discursos desumanizantes direcionados ao Oriente e \u00e0 comunidade mu\u00e7ulmana acirram esse panorama, impedindo que grupos de pessoas sejam percebidos como seres humanos e, consequentemente, como detentoras de direitos.<br \/>Nesse contexto, o objetivo desse livro \u00e9 estudar o terrorismo enquanto sintoma de desequil\u00edbrios sist\u00eamicos globais, percebendo sua vincula\u00e7\u00e3o com as quest\u00f5es culturais e o tratamento que \u00e9 conferido a ele pelos Estados e pela m\u00eddia num cen\u00e1rio de \u201cguerra ao terror\u201d. Ainda, esse livro tem como objetivo verificar de que maneira os discursos desumanizantes se materializam no cen\u00e1rio dos movimentos terroristas, entendendo quais os efeitos desses discursos para fins de instrumentaliza\u00e7\u00e3o do Direito. Por fim, o estudo se volta para a coopera\u00e7\u00e3o internacional como alternativa para buscar um combate efetivo e humano aos movimentos terroristas, partindo do pressuposto de que as estrat\u00e9gias utilizadas at\u00e9 ent\u00e3o n\u00e3o foram eficazes em promover uma redu\u00e7\u00e3o da presen\u00e7a do terrorismo no mundo.<\/p>\n<p>Atrav\u00e9s dos estudos desenvolvidos no Mestrado em Direito na Universidade Federal de Santa Maria\/UFSM, a autora aborda o terrorismo sob uma perspectiva cultural, buscando compreend\u00ea-lo atrav\u00e9s do tratamento conferido a ele pelos Estados e pela m\u00eddia em um contexto de globaliza\u00e7\u00e3o, de vigil\u00e2ncia e de surveillance. Assim, questiona-se de que maneira pode-se pensar uma coopera\u00e7\u00e3o internacional que d\u00ea conta de desenvolver um combate efetivo e n\u00e3o-violento ao terrorismo, perpassando o reconhecimento de direitos humanos a grupos sociais que foram retirados de sua condi\u00e7\u00e3o humana. <br \/>O trabalho foi dividido em dois cap\u00edtulos, sendo o primeiro respons\u00e1vel por estudar o fen\u00f4meno do terrorismo ideol\u00f3gico-religioso sob o vi\u00e9s dos estudos culturais, entendendo sua liga\u00e7\u00e3o com as identidades culturais, e verificar de que maneira o tratamento conferido pelos Estados e pela m\u00eddia acirra cen\u00e1rios de hierarquiza\u00e7\u00e3o cultural no ambiente internacional. O segundo cap\u00edtulo, por sua vez, aborda os discursos desumanizantes na tentativa de compreender como eles ocorrem, quais suas consequ\u00eancias e de que maneira eles est\u00e3o interligados \u00e0s rela\u00e7\u00f5es de poder que tomam forma no cen\u00e1rio global, passando para a abordagem da coopera\u00e7\u00e3o internacional como uma possibilidade de combate humano e n\u00e3o-violento ao terrorismo.<\/p>\n","protected":false},"excerpt":{"rendered":"<p>AUTORA: Bruna Bastos \u2013 bts.bru@gmail.comORIENTADOR: Rafael Santos de Oliveira O terrorismo ideol\u00f3gico-religioso \u00e9 um fen\u00f4meno global que ganhou novos contornos a partir do 11 de setembro de 2001, tornando-se um movimento multifacetado que afeta, de forma direta ou indireta, a sociedade internacional e que, assim como a internet e a globaliza\u00e7\u00e3o, ignora fronteiras nacionais e [&hellip;]<\/p>\n","protected":false},"author":536,"featured_media":0,"parent":0,"menu_order":0,"comment_status":"closed","ping_status":"closed","template":"","meta":{"footnotes":""},"categories":[],"tags":[],"class_list":["post-3981","page","type-page","status-publish","hentry"],"acf":[],"_links":{"self":[{"href":"https:\/\/www.ufsm.br\/cursos\/pos-graduacao\/santa-maria\/ppgd\/wp-json\/wp\/v2\/pages\/3981","targetHints":{"allow":["GET"]}}],"collection":[{"href":"https:\/\/www.ufsm.br\/cursos\/pos-graduacao\/santa-maria\/ppgd\/wp-json\/wp\/v2\/pages"}],"about":[{"href":"https:\/\/www.ufsm.br\/cursos\/pos-graduacao\/santa-maria\/ppgd\/wp-json\/wp\/v2\/types\/page"}],"author":[{"embeddable":true,"href":"https:\/\/www.ufsm.br\/cursos\/pos-graduacao\/santa-maria\/ppgd\/wp-json\/wp\/v2\/users\/536"}],"replies":[{"embeddable":true,"href":"https:\/\/www.ufsm.br\/cursos\/pos-graduacao\/santa-maria\/ppgd\/wp-json\/wp\/v2\/comments?post=3981"}],"version-history":[{"count":0,"href":"https:\/\/www.ufsm.br\/cursos\/pos-graduacao\/santa-maria\/ppgd\/wp-json\/wp\/v2\/pages\/3981\/revisions"}],"wp:attachment":[{"href":"https:\/\/www.ufsm.br\/cursos\/pos-graduacao\/santa-maria\/ppgd\/wp-json\/wp\/v2\/media?parent=3981"}],"wp:term":[{"taxonomy":"category","embeddable":true,"href":"https:\/\/www.ufsm.br\/cursos\/pos-graduacao\/santa-maria\/ppgd\/wp-json\/wp\/v2\/categories?post=3981"},{"taxonomy":"post_tag","embeddable":true,"href":"https:\/\/www.ufsm.br\/cursos\/pos-graduacao\/santa-maria\/ppgd\/wp-json\/wp\/v2\/tags?post=3981"}],"curies":[{"name":"wp","href":"https:\/\/api.w.org\/{rel}","templated":true}]}}