{"id":4064,"date":"2021-10-13T09:26:06","date_gmt":"2021-10-13T12:26:06","guid":{"rendered":"https:\/\/www.ufsm.br\/cursos\/pos-graduacao\/santa-maria\/ppgd\/?page_id=4064"},"modified":"2022-08-04T08:45:01","modified_gmt":"2022-08-04T11:45:01","slug":"des-protecao-de-dados-e-internet-das-coisas-os-desafios-a-tutela-dos-dados-de-saude-de-usuarios-de-dispositivos-de-iot-a-luz-dos-preceitos-da-lgpd","status":"publish","type":"page","link":"https:\/\/www.ufsm.br\/cursos\/pos-graduacao\/santa-maria\/ppgd\/des-protecao-de-dados-e-internet-das-coisas-os-desafios-a-tutela-dos-dados-de-saude-de-usuarios-de-dispositivos-de-iot-a-luz-dos-preceitos-da-lgpd","title":{"rendered":"(DES) PROTE\u00c7\u00c3O DE DADOS E INTERNET DAS COISAS: OS DESAFIOS \u00c0 TUTELA DOS DADOS DE SA\u00daDE DE USU\u00c1RIOS DE DISPOSITIVOS DE IOT \u00c0 LUZ DOS PRECEITOS DA LGPD"},"content":{"rendered":"\n<p style=\"text-align: center\">AUTOR: Eduardo Missau Ruviaro \u2013 eduardomruviaro@gmail.com<\/p>\n<p style=\"text-align: center\">ORIENTADOR: Rafael Santos de Oliveira<\/p>\n<p>\u00a0<\/p>\n<p style=\"text-align: justify\">A prote\u00e7\u00e3o de dados pessoais \u00e9 um dos assuntos mais debatidos quando o tema \u00e9 intimidade. Se pensarmos nos avan\u00e7os tecnol\u00f3gicos, as inquietudes em rela\u00e7\u00e3o a o que nossos dados podem dizer a nosso respeito ganham ainda mais for\u00e7a. Nos \u00faltimos anos, o mundo passou a ser muito mais conectado virtualmente do que jamais se cogitou, e a internet, o grande motim dessa uni\u00e3o de informa\u00e7\u00f5es, que antes era compartilhada por pessoas, passou a ser meio de comunica\u00e7\u00e3o de coisas. \u00c9 isso mesmo que o caro leitor leu, coisas est\u00e3o se comunicando. Com o advento da \u201cinternet das coisas\u201d (IoT, do vern\u00e1culo em ingl\u00eas <em>internet of things<\/em>), as m\u00e1quinas, para dialogar, passaram n\u00e3o mais carecer de aux\u00edlio humano, tomando decis\u00f5es aut\u00f4nomas com o objetivo de auxiliar o quotidiano de seus usu\u00e1rios.<\/p>\n<p style=\"text-align: justify\">\u00a0<\/p>\n<p style=\"text-align: justify\">Dentro desse contexto desenvolveu-se a <em>internet <\/em>das coisas relacionada a dados pessoais sens\u00edveis de sa\u00fade. \u00c9 que muito se utiliza de pequenos e grandes dispositivos conectados \u00e0 rede mundial de computadores, hoje em dia, com o objetivo de monitorar, cuidar e dinamizar a sa\u00fade humana. As m\u00e1quinas, se usadas a nosso favor, podem se tornar grandes escudos para o combate e preven\u00e7\u00e3o de doen\u00e7as, proporcionando mais longa e saud\u00e1vel vida. Todavia, nem s\u00f3 de flores se faz um jardim: a contrapresta\u00e7\u00e3o paga por cada usu\u00e1rio de IoT vinculada a sa\u00fade \u00e9 o fornecimento de seus dados de, sim, que coincid\u00eancia, sa\u00fade. Isso! Quando se usa um <em>gadget<\/em>, por exemplo, que monitora sua qualidade de sono, facilmente se pode aferir se seu ciclo cicardiano est\u00e1 ok, mas n\u00e3o \u00e9 somente o usu\u00e1rio que tem acesso a esses dados, e, sim, quem fabricou esse <em>gadget <\/em>e o colocou no mercado. Tamb\u00e9m por isso \u00e9 que as empresas de tecnologia ocupam o pico de maiores <em>equities <\/em>nas bolsas de valores ao redor do mundo&#8230;<\/p>\n<p style=\"text-align: justify\">\u00a0<\/p>\n<p style=\"text-align: justify\">Mas e o que o Direito tem a ver com tudo isso? Recentemente, na esteira das demais na\u00e7\u00f5es ao redor do globo, o Brasil editou sua Lei Geral de Prote\u00e7\u00e3o de Dados Pessoais, a Lei n. 13.709 (voc\u00ea, meu caro leitor, j\u00e1 deve ter ouvido falar nela, n\u00e3o \u00e9 mesmo?). Dentre as disposi\u00e7\u00f5es da LGPD, h\u00e1 o tratamento de dados pessoais sens\u00edveis, como os dados de sa\u00fade. Ent\u00e3o, hoje, no Brasil, h\u00e1 uma regra b\u00e1sica a ser seguida por essas empresas garantindo direitos aos usu\u00e1rios de, dentre outros, IoT, e deveres \u00e0queles que tratam seus dados pessoais&#8230; em tese. Como assim \u201cem tese\u201d?! Em tese, porque, da reda\u00e7\u00e3o da LGPD, nem s\u00f3 de flores se faz um jardim. Isso porque multas, reda\u00e7\u00e3o gen\u00e9rica e lacunas em sua aplica\u00e7\u00e3o podem ser o subterf\u00fagio para quem realiza tratamento de dados pessoais sens\u00edveis. Significa dizer que a preocupa\u00e7\u00e3o da LGPD n\u00e3o \u00e9, em si, prevenir uma m\u00e1 utiliza\u00e7\u00e3o de dados, mas reparar eventuais danos causados, o que n\u00e3o \u00e9 um problema para quem realiza o tratamento desses dados, quando estamos falando que as empresas de tecnologia ocupam o pico de maiores <em>equities <\/em>nas bolsas de valores ao redor do mundo. Enfim&#8230; quer saber mais? H\u00e1 uma disserta\u00e7\u00e3o inteirinha te explicando isso. Te convido para se preocupar comigo! Vamos?<\/p>\n","protected":false},"excerpt":{"rendered":"<p>AUTOR: Eduardo Missau Ruviaro \u2013 eduardomruviaro@gmail.com ORIENTADOR: Rafael Santos de Oliveira \u00a0 A prote\u00e7\u00e3o de dados pessoais \u00e9 um dos assuntos mais debatidos quando o tema \u00e9 intimidade. Se pensarmos nos avan\u00e7os tecnol\u00f3gicos, as inquietudes em rela\u00e7\u00e3o a o que nossos dados podem dizer a nosso respeito ganham ainda mais for\u00e7a. Nos \u00faltimos anos, o [&hellip;]<\/p>\n","protected":false},"author":536,"featured_media":0,"parent":0,"menu_order":0,"comment_status":"closed","ping_status":"closed","template":"","meta":{"footnotes":""},"categories":[],"tags":[],"class_list":["post-4064","page","type-page","status-publish","hentry"],"acf":[],"_links":{"self":[{"href":"https:\/\/www.ufsm.br\/cursos\/pos-graduacao\/santa-maria\/ppgd\/wp-json\/wp\/v2\/pages\/4064","targetHints":{"allow":["GET"]}}],"collection":[{"href":"https:\/\/www.ufsm.br\/cursos\/pos-graduacao\/santa-maria\/ppgd\/wp-json\/wp\/v2\/pages"}],"about":[{"href":"https:\/\/www.ufsm.br\/cursos\/pos-graduacao\/santa-maria\/ppgd\/wp-json\/wp\/v2\/types\/page"}],"author":[{"embeddable":true,"href":"https:\/\/www.ufsm.br\/cursos\/pos-graduacao\/santa-maria\/ppgd\/wp-json\/wp\/v2\/users\/536"}],"replies":[{"embeddable":true,"href":"https:\/\/www.ufsm.br\/cursos\/pos-graduacao\/santa-maria\/ppgd\/wp-json\/wp\/v2\/comments?post=4064"}],"version-history":[{"count":0,"href":"https:\/\/www.ufsm.br\/cursos\/pos-graduacao\/santa-maria\/ppgd\/wp-json\/wp\/v2\/pages\/4064\/revisions"}],"wp:attachment":[{"href":"https:\/\/www.ufsm.br\/cursos\/pos-graduacao\/santa-maria\/ppgd\/wp-json\/wp\/v2\/media?parent=4064"}],"wp:term":[{"taxonomy":"category","embeddable":true,"href":"https:\/\/www.ufsm.br\/cursos\/pos-graduacao\/santa-maria\/ppgd\/wp-json\/wp\/v2\/categories?post=4064"},{"taxonomy":"post_tag","embeddable":true,"href":"https:\/\/www.ufsm.br\/cursos\/pos-graduacao\/santa-maria\/ppgd\/wp-json\/wp\/v2\/tags?post=4064"}],"curies":[{"name":"wp","href":"https:\/\/api.w.org\/{rel}","templated":true}]}}