{"id":4184,"date":"2022-02-10T19:15:41","date_gmt":"2022-02-10T22:15:41","guid":{"rendered":"https:\/\/www.ufsm.br\/cursos\/pos-graduacao\/santa-maria\/ppgd\/?page_id=4184"},"modified":"2022-02-10T19:15:43","modified_gmt":"2022-02-10T22:15:43","slug":"regimento-interno-da-comissao-de-bolsas-do-ppgd","status":"publish","type":"page","link":"https:\/\/www.ufsm.br\/cursos\/pos-graduacao\/santa-maria\/ppgd\/regimento-interno-da-comissao-de-bolsas-do-ppgd","title":{"rendered":"Regimento Interno da Comiss\u00e3o de Bolsas do PPGD"},"content":{"rendered":"\n<h2 style=\"text-align: center\"><span style=\"font-weight: 400\">REGIMENTO INTERNO DA COMISS\u00c3O DE BOLSAS DO PPGD<\/span><\/h2>\n<p><br \/><br \/><\/p>\n<p><b>CAP\u00cdTULO I\u00a0<\/b><\/p>\n<p><b>DA COMISS\u00c3O DE BOLSAS<\/b><\/p>\n<p>\u00a0<\/p>\n<p><span style=\"font-weight: 400\">Art. 1\u00ba. O Regulamento Interno do PPGD \u00e9 o documento legal que estabelece as regras para a composi\u00e7\u00e3o da Comiss\u00e3o de Bolsas e suas respectivas atribui\u00e7\u00f5es.\u00a0<\/span><\/p>\n<p><br \/><br \/><\/p>\n<p><b>CAP\u00cdTULO II<\/b><\/p>\n<p><b>DA CANDIDATURA A BOLSA\u00a0\u00a0<\/b><\/p>\n<p>\u00a0<\/p>\n<p><span style=\"font-weight: 400\">Art. 2\u00ba. A formaliza\u00e7\u00e3o de candidatura \u00e0 concess\u00e3o de bolsa de estudos ser\u00e1 realizada por meio de Edital Espec\u00edfico a ser publicado pelo PPGD no in\u00edcio do primeiro semestre ou quando houver necessidade.\u00a0<\/span><\/p>\n<p>\u00a0<\/p>\n<ul>\n<li><span style=\"font-weight: 400\"> 1\u00ba. Os documentos necess\u00e1rios \u00e0 formaliza\u00e7\u00e3o do pedido de inscri\u00e7\u00e3o por parte do candidato, ser\u00e3o estabelecidos em Edital Espec\u00edfico, respeitando-se as disposi\u00e7\u00f5es do presente Regimento.\u00a0<\/span><\/li>\n<\/ul>\n<p>\u00a0<\/p>\n<ul>\n<li><span style=\"font-weight: 400\"> 2\u00ba. A sele\u00e7\u00e3o realizada ter\u00e1 validade de 12 (doze) meses, per\u00edodo pelo qual os aprovados, n\u00e3o contemplados com bolsa de estudos, poder\u00e3o vir a ser indicados, conforme disponibilidade de bolsas.\u00a0<\/span><\/li>\n<\/ul>\n<p>\u00a0<\/p>\n<ul>\n<li><span style=\"font-weight: 400\"> 3\u00ba. Ap\u00f3s este prazo (doze meses), um novo processo de sele\u00e7\u00e3o dever\u00e1 ser realizado para a indica\u00e7\u00e3o de novos bolsistas n\u00e3o contemplados no Edital anterior.<\/span><\/li>\n<\/ul>\n<p>\u00a0<\/p>\n<ul>\n<li><span style=\"font-weight: 400\"> 4\u00ba. Os candidatos ser\u00e3o chamados conforme classifica\u00e7\u00e3o geral do Edital de sele\u00e7\u00e3o e a disponibilidade de bolsa(s) de estudos no per\u00edodo vigente.\u00a0\u00a0<\/span><\/li>\n<\/ul>\n<p>\u00a0<\/p>\n<p><b>CAP\u00cdTULO III<\/b><\/p>\n<p><b>DOS REQUISITOS OBRIGAT\u00d3RIOS PARA A CONCESS\u00c3O DE BOLSA\u00a0<\/b><\/p>\n<p>\u00a0<\/p>\n<p><span style=\"font-weight: 400\">Art. 3\u00ba. S\u00e3o requisitos obrigat\u00f3rios exigidos do p\u00f3s-graduando para concess\u00e3o de bolsa de estudos:\u00a0<\/span><\/p>\n<p>\u00a0<\/p>\n<p><span style=\"font-weight: 400\">I &#8211; Ser aluno regularmente matriculado, com v\u00ednculo ativo, no Curso de Mestrado em Direito da UFSM;\u00a0<\/span><\/p>\n<p>\u00a0<\/p>\n<p><span style=\"font-weight: 400\">II &#8211; Ter curr\u00edculo atualizado na Plataforma Lattes;\u00a0<\/span><\/p>\n<p>\u00a0<\/p>\n<p><span style=\"font-weight: 400\">III &#8211; Ser brasileiro, ou estrangeiro com visto permanente no Brasil;<\/span><\/p>\n<p>\u00a0<\/p>\n<p><span style=\"font-weight: 400\">IV &#8211; Dedicar-se integralmente (40 h\/semanais) \u00e0s atividades acad\u00eamicas e de pesquisa exigidas pelas normas da CAPES e pelo PPGD;<\/span><\/p>\n<p>\u00a0<\/p>\n<p><span style=\"font-weight: 400\">V &#8211; Cumprir com as obriga\u00e7\u00f5es de est\u00e1gio de doc\u00eancia orientada de acordo com o Regulamento Interno do Programa e da ag\u00eancia que fomenta bolsa;<\/span><\/p>\n<p>\u00a0<\/p>\n<p><span style=\"font-weight: 400\">VI &#8211; Comprovar desempenho acad\u00eamico satisfat\u00f3rio, consoante \u00e0s normas definidas pelo PPGD em Edital Espec\u00edfico destinado a sele\u00e7\u00e3o de bolsistas;\u00a0<\/span><\/p>\n<p>\u00a0<\/p>\n<p><span style=\"font-weight: 400\">VII &#8211; N\u00e3o ter pend\u00eancias de qualquer natureza com a CAPES, CNPq, ou outras ag\u00eancias de fomento \u00e0 pesquisa;\u00a0<\/span><\/p>\n<p>\u00a0<\/p>\n<p><span style=\"font-weight: 400\">VIII &#8211; N\u00e3o possuir bolsa de ag\u00eancias de fomento ou ente externo a UFSM;<\/span><\/p>\n<p>\u00a0<\/p>\n<p><span style=\"font-weight: 400\">IX &#8211; N\u00e3o acumular a percep\u00e7\u00e3o da bolsa concedida com a de outro programa da CAPES, do CNPq, da FAPERGS, ou com outra proveniente de recursos p\u00fablicos;\u00a0<\/span><\/p>\n<p>\u00a0<\/p>\n<p><span style=\"font-weight: 400\">X &#8211; Residir na cidade de Santa Maria\/RS durante o per\u00edodo de concess\u00e3o da bolsa (mediante entrega de comprovante de resid\u00eancia &#8211; \u00e1gua, luz ou contrato de aluguel &#8211; em nome do candidato ou mediante declara\u00e7\u00e3o do titular do comprovante de resid\u00eancia);<\/span><\/p>\n<p>\u00a0<\/p>\n<p><span style=\"font-weight: 400\">XI &#8211; N\u00e3o possuir v\u00ednculo empregat\u00edcio, exceto no caso que tenha seu afastamento formalmente autorizado pela institui\u00e7\u00e3o de v\u00ednculo, sem o recebimento de qualquer remunera\u00e7\u00e3o (afastamento integral n\u00e3o remunerado, comprovado mediante documento emitido pelo empregador, com firma reconhecida em cart\u00f3rio);\u00a0<\/span><\/p>\n<p>\u00a0<\/p>\n<p><span style=\"font-weight: 400\">XII &#8211; N\u00e3o ser aposentado ou estar em situa\u00e7\u00e3o equiparada;\u00a0<\/span><\/p>\n<p>\u00a0<\/p>\n<p><span style=\"font-weight: 400\">XIII &#8211; Comprovar titularidade de conta corrente no Banco indicado pela ag\u00eancia de fomento como unidade para o pagamento da bolsa;\u00a0<\/span><\/p>\n<p>\u00a0<\/p>\n<p><span style=\"font-weight: 400\">XIV &#8211; Preencher a documenta\u00e7\u00e3o obrigat\u00f3ria informada no Edital de Sele\u00e7\u00e3o e entreg\u00e1-la no formato exigido pelo Edital;<\/span><\/p>\n<p>\u00a0<\/p>\n<p><span style=\"font-weight: 400\">XV &#8211; Ser classificado no processo seletivo especialmente instaurado pelo PPGD para a concess\u00e3o de bolsa(s) de estudos, atendendo a todos os crit\u00e9rios estabelecidos neste Regulamento e em Edital Espec\u00edfico que regula o referido processo de sele\u00e7\u00e3o; e,\u00a0<\/span><\/p>\n<p>\u00a0<\/p>\n<p><span style=\"font-weight: 400\">XVI &#8211; Assinar o Termo de Compromisso de Bolsa e entregar \u00e0 ag\u00eancia que fomenta a bolsa, conforme a regulamenta\u00e7\u00e3o do programa oficial de bolsas a que o mestrando foi contemplado.\u00a0<\/span><\/p>\n<p>\u00a0<\/p>\n<ul>\n<li><span style=\"font-weight: 400\"> 1\u00ba. \u00c9 vedada a participa\u00e7\u00e3o no processo de bolsas de alunos servidores da UFSM e discentes que integrem a Comiss\u00e3o de Bolsas do PPGD.<\/span><\/li>\n<\/ul>\n<p>\u00a0<\/p>\n<ul>\n<li><span style=\"font-weight: 400\"> 2\u00ba \u00c9 vedada a participa\u00e7\u00e3o de aluno que esteja matriculado em outro curso de Gradua\u00e7\u00e3o ou P\u00f3s-Gradua\u00e7\u00e3o (stricto ou lato sensu) em Institui\u00e7\u00e3o de Ensino P\u00fablica ou Privada.<\/span><\/li>\n<\/ul>\n<p>\u00a0<\/p>\n<ul>\n<li><span style=\"font-weight: 400\"> 3\u00ba. A inobserv\u00e2ncia por parte do bolsista aos requisitos deste Regimento em qualquer momento durante o per\u00edodo de vig\u00eancia da bolsa acarretar\u00e1 a imediata interrup\u00e7\u00e3o dos repasses, bem como a obriga\u00e7\u00e3o de restitui\u00e7\u00e3o \u00e0 CAPES dos recursos aplicados irregularmente.\u00a0\u00a0<\/span><\/li>\n<\/ul>\n<p><br \/><br \/><br \/><\/p>\n<p><b>CAP\u00cdTULO IV<\/b><\/p>\n<p><b>DOS CRIT\u00c9RIOS DE AVALIA\u00c7\u00c3O PARA CONCESS\u00c3O DE BOLSAS\u00a0<\/b><\/p>\n<p><br \/><br \/><\/p>\n<p><span style=\"font-weight: 400\">Art. 4\u00ba. S\u00e3o crit\u00e9rios de avalia\u00e7\u00e3o para sele\u00e7\u00e3o de candidato(s) a bolsa(s) de estudos, adotados pelo PPGD:\u00a0<\/span><\/p>\n<p>\u00a0<\/p>\n<p><span style=\"font-weight: 400\">I &#8211; participa\u00e7\u00e3o no edital de sele\u00e7\u00e3o de bolsas com documenta\u00e7\u00e3o completa e adequada, conforme consta no presente Regimento e no Edital de concess\u00e3o de bolsas;<\/span><\/p>\n<p>\u00a0<\/p>\n<p><span style=\"font-weight: 400\">II &#8211; desempenho acad\u00eamico a ser apurado conforme termos a serem definidos pelo Edital;<\/span><\/p>\n<p>\u00a0<\/p>\n<ul>\n<li><span style=\"font-weight: 400\"> 1\u00ba O desempenho acad\u00eamico ser\u00e1 aferido com base na ordem de classifica\u00e7\u00e3o dos mesmos no processo seletivo do PPGD;<\/span><\/li>\n<li><span style=\"font-weight: 400\"> 2\u00ba Os acad\u00eamicos poder\u00e3o atualizar as suas informa\u00e7\u00f5es de produ\u00e7\u00e3o constantes na planilha de avalia\u00e7\u00e3o de curr\u00edculo no processo seletivo.<\/span><\/li>\n<\/ul>\n<p>\u00a0<\/p>\n<p><span style=\"font-weight: 400\">III &#8211; comprova\u00e7\u00e3o de necessidade socioecon\u00f4mica do candidato a ser verificada com base nos crit\u00e9rios adotados pela Universidade, para os candidatos que desejarem concorrer na quota socioecon\u00f4mica;<\/span><\/p>\n<p>\u00a0<\/p>\n<p><span style=\"font-weight: 400\">IV &#8211;\u00a0 no caso de aluno matriculado no Programa h\u00e1 mais de um semestre, n\u00e3o pode apresentar reprova\u00e7\u00e3o em nenhuma disciplina do curso.\u00a0<\/span><\/p>\n<p>\u00a0<\/p>\n<p><span style=\"font-weight: 400\">Art. 5\u00ba Os candidatos inscritos e aprovados em processo de sele\u00e7\u00e3o espec\u00edfico realizado para o recebimento de bolsa de estudos ser\u00e3o classificados de acordo com a pontua\u00e7\u00e3o obtida por meio do preenchimento da tabela mencionada no Art. 4\u00ba, II, ou de acordo com a menor renda familiar comprovada, para aqueles que estiverem concorrendo conforme o crit\u00e9rio socioecon\u00f4mico.<\/span><\/p>\n<p>\u00a0<\/p>\n<p><span style=\"font-weight: 400\">Art. 6\u00ba Todo aluno classificado, chamado a assumir uma bolsa e que abrir m\u00e3o dela, deve assinar um documento de desist\u00eancia.\u00a0<\/span><\/p>\n<p>\u00a0<\/p>\n<p><span style=\"font-weight: 400\">Art. 7\u00ba O Edital de bolsas definir\u00e1 a forma de distribui\u00e7\u00e3o das bolsas conforme as linhas de pesquisa e semestres de v\u00ednculo dos discentes com o PPGD visando a distribui\u00e7\u00e3o equ\u00e2nime entre linhas e semestres;<\/span><\/p>\n<p><br \/><br \/><\/p>\n<p><b>CAP\u00cdTULO V<\/b><\/p>\n<p><b>DA DURA\u00c7\u00c3O E DOS CRIT\u00c9RIOS DE MANUTEN\u00c7\u00c3O DA BOLSA<\/b><\/p>\n<p><span style=\"font-weight: 400\">\u00a0<\/span><\/p>\n<p><span style=\"font-weight: 400\">Art. 8\u00ba. As bolsas ser\u00e3o concedidas inicialmente pelo prazo de 12 meses, prorrog\u00e1veis por mais 12 meses desde que cumpridos os requisitos do presente Regimento e do Edital, al\u00e9m da aprova\u00e7\u00e3o dos relat\u00f3rios semestrais.<\/span><\/p>\n<p>\u00a0<\/p>\n<p><span style=\"font-weight: 400\">Art. 9\u00ba. As bolsas ser\u00e3o avaliadas semestralmente pela Comiss\u00e3o de Bolsas, para fins de renova\u00e7\u00e3o, a partir da apresenta\u00e7\u00e3o de Relat\u00f3rios Parciais e Finais.\u00a0<\/span><\/p>\n<p>\u00a0<\/p>\n<p><span style=\"font-weight: 400\">Art. 10. O bolsista dever\u00e1 dedicar-se exclusivamente ao curso, exceto nos casos previstos nas normas das ag\u00eancias de fomento.\u00a0<\/span><\/p>\n<p>\u00a0<\/p>\n<p><span style=\"font-weight: 400\">Art. 11. O bolsista aluno de Mestrado dever\u00e1 realizar no m\u00ednimo um (01) est\u00e1gio de doc\u00eancia durante a vig\u00eancia da bolsa, preferencialmente j\u00e1 no primeiro semestre de concess\u00e3o.<\/span><\/p>\n<p>\u00a0<\/p>\n<p><span style=\"font-weight: 400\">Art. 12. O bolsista aluno de Mestrado dever\u00e1 apresentar relat\u00f3rios semestrais, assim estabelecido:\u00a0<\/span><\/p>\n<p>\u00a0<\/p>\n<p><span style=\"font-weight: 400\">I &#8211; relat\u00f3rio parcial (1\u00ba, 2\u00ba e 3\u00ba semestres do curso, conforme vig\u00eancia da bolsa): relato de atividades de pesquisa e metas para o pr\u00f3ximo semestre, hist\u00f3rico escolar atualizado;<\/span><\/p>\n<p>\u00a0<\/p>\n<p><span style=\"font-weight: 400\">II &#8211; relat\u00f3rio final (4\u00ba semestre do curso): relato de atividades de pesquisa e hist\u00f3rico escolar atualizado.<\/span><\/p>\n<p>\u00a0<\/p>\n<p><span style=\"font-weight: 400\">III &#8211; os relat\u00f3rios dever\u00e3o ser devidamente analisados e contar com a aprova\u00e7\u00e3o do respectivo orientador, com atribui\u00e7\u00e3o de nota, e de designa\u00e7\u00e3o quanto \u00e0 manuten\u00e7\u00e3o ou corte da bolsa.<\/span><\/p>\n<p>\u00a0<\/p>\n<p><span style=\"font-weight: 400\">Art. 13. O bolsista dever\u00e1 participar de todas as atividades acad\u00eamicas e de pesquisa (congressos, semin\u00e1rios, palestras, grupos de pesquisa, entre outras) realizadas, coordenadas, e\/ou organizadas pelo seu orientador, bem como, participar de no m\u00ednimo 70% das atividades ligadas \u00e0 sua linha de pesquisa, e, ainda, dever\u00e1 participar da organiza\u00e7\u00e3o de eventos promovidos pelo PPGD\/UFSM, sempre que requisitado.<\/span><\/p>\n<p>\u00a0<\/p>\n<p><span style=\"font-weight: 400\">Art. 14. O bolsista dever\u00e1 submeter no m\u00ednimo 2 (dois) artigos por semestre em peri\u00f3dicos cient\u00edficos com avalia\u00e7\u00e3o qualis capes entre os estratos A1 e B2, observando-se que, em caso de entrada em vigor dos novos qualis e crit\u00e9rios estabelecidos pela Capes, os peri\u00f3dicos cient\u00edficos devem ter avalia\u00e7\u00e3o qualis capes entre os estratos A1 e A4.\u00a0<\/span><\/p>\n<p>\u00a0<\/p>\n<p><span style=\"font-weight: 400\">Art. 15. O bolsista dever\u00e1 publicar 2 (dois) trabalhos completos publicados em Anais de evento cient\u00edfico por semestre, devendo pelo menos um desses eventos ser externo ao PPGD\/UFSM.\u00a0<\/span><\/p>\n<p>\u00a0<\/p>\n<p><span style=\"font-weight: 400\">Art. 16. O\u00a0 bolsista dever\u00e1 obrigatoriamente submeter trabalhos (trabalhos completos, resumos, resumos expandidos, etc) a todos os eventos cient\u00edficos no \u00e2mbito do PPGD\/UFSM, bem como, participar na forma de apresentador, autor, ou coautor da Jornada Acad\u00eamica Integrada (JAI\/UFSM) anualmente.<\/span><\/p>\n<p>\u00a0<\/p>\n<p><span style=\"font-weight: 400\">Art. 17. O bolsista n\u00e3o poder\u00e1 obter m\u00e9dia menor que \u201cB\u201d em nenhuma disciplina a qual esteja matriculado, e tenha cursado no \u00e2mbito do PPGD\/UFSM.<\/span><\/p>\n<p>\u00a0<\/p>\n<p><b>CAP\u00cdTULO VI<\/b><\/p>\n<p><b>DA REVOGA\u00c7\u00c3O DA CONCESS\u00c3O<\/b><\/p>\n<p>\u00a0<\/p>\n<p><span style=\"font-weight: 400\">Art.18. A concess\u00e3o de bolsa ser\u00e1\u0301 revogada, com a consequente restitui\u00e7\u00e3o de todos os valores de mensalidades e demais benef\u00edcios, nos seguintes casos:\u00a0<\/span><\/p>\n<p>\u00a0<\/p>\n<p><span style=\"font-weight: 400\">I &#8211; N\u00e3o observ\u00e2ncia aos dispositivos regulat\u00f3rios do programa oficial da bolsa concedida;\u00a0<\/span><\/p>\n<p>\u00a0<\/p>\n<p><span style=\"font-weight: 400\">II &#8211; N\u00e3o observ\u00e2ncia aos dispositivos regulat\u00f3rios do Edital Espec\u00edfico ao qual o bolsista foi aprovado, aceitou os termos de concess\u00e3o e requisitos para manuten\u00e7\u00e3o da bolsa;\u00a0<\/span><\/p>\n<p>\u00a0<\/p>\n<p><span style=\"font-weight: 400\">III &#8211; N\u00e3o observ\u00e2ncia dos dispositivos regulat\u00f3rios estabelecidos por este Regimento;<\/span><\/p>\n<p>\u00a0<\/p>\n<p><span style=\"font-weight: 400\">\u00a0IV &#8211; N\u00e3o observ\u00e2ncia dos dispositivos regulat\u00f3rios estabelecidos no Regulamento Interno do Programa;\u00a0<\/span><\/p>\n<p>\u00a0<\/p>\n<p><span style=\"font-weight: 400\">V &#8211; Se apurada omiss\u00e3o de percep\u00e7\u00e3o de remunera\u00e7\u00e3o, quando exigida;\u00a0<\/span><\/p>\n<p>\u00a0<\/p>\n<p><span style=\"font-weight: 400\">VI &#8211; Se apresentada declara\u00e7\u00e3o falsa da inexist\u00eancia de apoio de qualquer natureza por outra ag\u00eancia; e,\u00a0<\/span><\/p>\n<p>\u00a0<\/p>\n<p><span style=\"font-weight: 400\">VII &#8211; Se praticada qualquer fraude pelo bolsista, sem a qual a concess\u00e3o n\u00e3o teria ocorrido.\u00a0<\/span><\/p>\n<p>\u00a0<\/p>\n<p><span style=\"font-weight: 400\">Par\u00e1grafo \u00fanico: A bolsa poder\u00e1\u0301 ser revogada a qualquer tempo por infring\u00eancia das normas ou mesmo dos dispositivos estabelecidos no Termo de Compromisso de Bolsa assinado, ficando o bolsista obrigado a ressarcir o investimento feito indevidamente em seu favor, e impossibilitado de receber benef\u00edcios por parte da ag\u00eancia de fomento pelo per\u00edodo de at\u00e9 5 (cinco) anos, contados do conhecimento do fato.\u00a0\u00a0<\/span><\/p>\n<p><br \/><br \/><\/p>\n<p><b>CAP\u00cdTULO VII<\/b><\/p>\n<p><b>DO CANCELAMENTO DA BOLSA<\/b><\/p>\n<p>\u00a0<\/p>\n<p><span style=\"font-weight: 400\">Art. 19. O PPGD poder\u00e1\u0301 proceder, a qualquer tempo, o cancelamento da bolsa concedida, nos seguintes casos:\u00a0<\/span><\/p>\n<p>\u00a0<\/p>\n<p><span style=\"font-weight: 400\">I &#8211; Inobserv\u00e2ncia \u00e0s normas regulat\u00f3rias estabelecidas neste Regimento;\u00a0<\/span><\/p>\n<p>\u00a0<\/p>\n<p><span style=\"font-weight: 400\">II &#8211; Por ocasi\u00e3o da defesa de disserta\u00e7\u00e3o;\u00a0<\/span><\/p>\n<p>\u00a0<\/p>\n<p><span style=\"font-weight: 400\">III &#8211; Por ocasi\u00e3o do encerramento do prazo limite regular de dura\u00e7\u00e3o do curso a partir de ingresso do mestrando, sendo este de, no m\u00e1ximo, 24 (vinte e quatro) meses;\u00a0<\/span><\/p>\n<p>\u00a0<\/p>\n<p><span style=\"font-weight: 400\">IV &#8211; N\u00e3o atendimento aos requisitos de concess\u00e3o de bolsa;\u00a0<\/span><\/p>\n<p>\u00a0<\/p>\n<p><span style=\"font-weight: 400\">V &#8211; Avalia\u00e7\u00e3o de desempenho acad\u00eamico do p\u00f3s-graduando com parecer de n\u00e3o recomenda\u00e7\u00e3o da manuten\u00e7\u00e3o da bolsa; e,\u00a0<\/span><\/p>\n<p>\u00a0<\/p>\n<p><span style=\"font-weight: 400\">VI &#8211; Reprova\u00e7\u00e3o em uma disciplina do Programa.<\/span><\/p>\n<p>\u00a0<\/p>\n<p><span style=\"font-weight: 400\">VII &#8211; N\u00e3o alcan\u00e7ar m\u00e9dia inferior a \u201cB\u201d em alguma disciplina cursada durante o semestre.<\/span><\/p>\n<p>\u00a0<\/p>\n<ul>\n<li><span style=\"font-weight: 400\"> 1\u00ba. A n\u00e3o conclus\u00e3o do curso acarretar\u00e1 ao ex-bolsista a obriga\u00e7\u00e3o de restituir os valores despendidos com o benef\u00edcio, salvo se motivada por caso fortuito, for\u00e7a maior, circunst\u00e2ncia alheia \u00e0 sua vontade ou doen\u00e7a grave devidamente comprovada, que o impe\u00e7a de realizar as atividades acad\u00eamicas.\u00a0<\/span><\/li>\n<\/ul>\n<p>\u00a0<\/p>\n<ul>\n<li><span style=\"font-weight: 400\"> 2\u00ba. A Comiss\u00e3o de Bolsas dever\u00e1 fundamentar e se posicionar em parecer conclusivo, com decis\u00e3o fundamentada, acerca de todas as situa\u00e7\u00f5es de n\u00e3o conclus\u00e3o de curso.\u00a0<\/span><\/li>\n<\/ul>\n<p><br \/><br \/><\/p>\n<p><b>CAP\u00cdTULO VIII<\/b><\/p>\n<p><b>DISPOSI\u00c7\u00d5ES FINAIS<\/b><\/p>\n<p>\u00a0<\/p>\n<p><span style=\"font-weight: 400\">Art. 20. Os casos omissos ou excepcionais ser\u00e3o tratados pelo Colegiado do Programa de P\u00f3s-Gradua\u00e7\u00e3o em Direito (PPGD) do Centro de Ci\u00eancias Sociais e Humanas (CCSH) da Universidade Federal de Santa Maria (UFSM).\u00a0<\/span><\/p>\n<p>\u00a0<\/p>\n<p><span style=\"font-weight: 400\">Art. 21. Este Regimento entra em vigor na data de sua publica\u00e7\u00e3o e revoga as disposi\u00e7\u00f5es em contr\u00e1rio.\u00a0<\/span><\/p>\n<p>\u00a0<\/p>\n<p><span style=\"font-weight: 400\">Documento aprovado pelo Colegiado do Programa de P\u00f3s-gradua\u00e7\u00e3o em Ci\u00eancias Cont\u00e1beis (PPGD) do Centro de Ci\u00eancias Sociais e Humanas (CCSH) da Universidade Federal de Santa Maria (UFSM) em reuni\u00e3o colegiada realizada em 10 de fevereiro de 2022. Registro em Ata de n\u00ba 01\/2022\/PPGD\/UFSM.\u00a0\u00a0<\/span><\/p>\n<p><br \/><br \/><br \/><br \/><\/p>\n","protected":false},"excerpt":{"rendered":"<p>REGIMENTO INTERNO DA COMISS\u00c3O DE BOLSAS DO PPGD CAP\u00cdTULO I\u00a0 DA COMISS\u00c3O DE BOLSAS \u00a0 Art. 1\u00ba. O Regulamento Interno do PPGD \u00e9 o documento legal que estabelece as regras para a composi\u00e7\u00e3o da Comiss\u00e3o de Bolsas e suas respectivas atribui\u00e7\u00f5es.\u00a0 CAP\u00cdTULO II DA CANDIDATURA A BOLSA\u00a0\u00a0 \u00a0 Art. 2\u00ba. A formaliza\u00e7\u00e3o de candidatura \u00e0 [&hellip;]<\/p>\n","protected":false},"author":536,"featured_media":0,"parent":0,"menu_order":0,"comment_status":"closed","ping_status":"closed","template":"","meta":{"footnotes":""},"categories":[],"tags":[],"class_list":["post-4184","page","type-page","status-publish","hentry"],"acf":[],"_links":{"self":[{"href":"https:\/\/www.ufsm.br\/cursos\/pos-graduacao\/santa-maria\/ppgd\/wp-json\/wp\/v2\/pages\/4184","targetHints":{"allow":["GET"]}}],"collection":[{"href":"https:\/\/www.ufsm.br\/cursos\/pos-graduacao\/santa-maria\/ppgd\/wp-json\/wp\/v2\/pages"}],"about":[{"href":"https:\/\/www.ufsm.br\/cursos\/pos-graduacao\/santa-maria\/ppgd\/wp-json\/wp\/v2\/types\/page"}],"author":[{"embeddable":true,"href":"https:\/\/www.ufsm.br\/cursos\/pos-graduacao\/santa-maria\/ppgd\/wp-json\/wp\/v2\/users\/536"}],"replies":[{"embeddable":true,"href":"https:\/\/www.ufsm.br\/cursos\/pos-graduacao\/santa-maria\/ppgd\/wp-json\/wp\/v2\/comments?post=4184"}],"version-history":[{"count":0,"href":"https:\/\/www.ufsm.br\/cursos\/pos-graduacao\/santa-maria\/ppgd\/wp-json\/wp\/v2\/pages\/4184\/revisions"}],"wp:attachment":[{"href":"https:\/\/www.ufsm.br\/cursos\/pos-graduacao\/santa-maria\/ppgd\/wp-json\/wp\/v2\/media?parent=4184"}],"wp:term":[{"taxonomy":"category","embeddable":true,"href":"https:\/\/www.ufsm.br\/cursos\/pos-graduacao\/santa-maria\/ppgd\/wp-json\/wp\/v2\/categories?post=4184"},{"taxonomy":"post_tag","embeddable":true,"href":"https:\/\/www.ufsm.br\/cursos\/pos-graduacao\/santa-maria\/ppgd\/wp-json\/wp\/v2\/tags?post=4184"}],"curies":[{"name":"wp","href":"https:\/\/api.w.org\/{rel}","templated":true}]}}