{"id":4186,"date":"2022-02-10T19:20:33","date_gmt":"2022-02-10T22:20:33","guid":{"rendered":"https:\/\/www.ufsm.br\/cursos\/pos-graduacao\/santa-maria\/ppgd\/?page_id=4186"},"modified":"2026-03-04T16:05:58","modified_gmt":"2026-03-04T19:05:58","slug":"edital-de-selecao-de-bolsistas","status":"publish","type":"page","link":"https:\/\/www.ufsm.br\/cursos\/pos-graduacao\/santa-maria\/ppgd\/edital-de-selecao-de-bolsistas","title":{"rendered":"Edital de sele\u00e7\u00e3o de bolsistas"},"content":{"rendered":"\n<blockquote>\n<p><strong>LINK PARA O RELAT\u00d3RIO SEMESTRAL: <\/strong><a href=\"https:\/\/www.ufsm.br\/app\/uploads\/sites\/563\/2026\/01\/Formulario-de-avaliacao-bolsistas-PPGD-NOVO.docx\">NOVO formul\u00e1rio de avalia\u00e7\u00e3o &#8211; bolsistas PPGD\u00a0 (em formato .doc &#8211; word)<\/a><\/p>\n<\/blockquote>\n<blockquote>\n<p><strong>PRAZO DE ENTREGA DO RELAT\u00d3RIO:<\/strong><\/p>\n<\/blockquote>\n<p>Os relat\u00f3rios, devidamente comprovados, dever\u00e3o ser encaminhados por e-mail (<strong>comissaodebolsasppgd@ufsm.br<\/strong>).<\/p>\n<p>PRAZOS: O relat\u00f3rio referente ao primeiro semestre letivo deve ser enviado at\u00e9 o final do m\u00eas de agosto ou data informada pela Coordena\u00e7\u00e3o. O relat\u00f3rio referente ao segundo semestre deve ser enviado at\u00e9 metade do m\u00eas de fevereiro ou data informada pela Coordena\u00e7\u00e3o.<\/p>\n<p>\u00a0<\/p>\n<h1 style=\"text-align: center\"><strong>EDITAIS DE SELE\u00c7\u00c3O DE BOLSISTAS\u00a0 &#8211; MESTRADO E DOUTORADO<\/strong><\/h1>\n<blockquote>\n<h2><strong>Edital de Sele\u00e7\u00e3o de Bolsistas &#8211; Ano de 2026 (DOUTORADO)<\/strong><\/h2>\n<\/blockquote>\n<p><a href=\"https:\/\/www.ufsm.br\/app\/uploads\/sites\/563\/2026\/01\/Edital-de-Bolsas-Doutorado-PPGD-01-2026.pdf\">Edital de Bolsas Doutorado PPGD 01-2026<\/a><\/p>\n<p><a href=\"https:\/\/www.ufsm.br\/app\/uploads\/sites\/563\/2026\/01\/Resultado-do-Edital-de-Bolsas-N.-012026-DOUTORADO.pdf\">Resultado do Edital de Bolsas N. 01,2026 &#8211; DOUTORADO<\/a><\/p>\n<p>\u00a0<\/p>\n<blockquote>\n<h2><strong>Edital de Sele\u00e7\u00e3o de Bolsistas &#8211; Ano de 2026 (MESTRADO)<\/strong><\/h2>\n<\/blockquote>\n<p><a href=\"https:\/\/www.ufsm.br\/app\/uploads\/sites\/563\/2026\/01\/Edital-de-Bolsas-Mestrado-PPGD-02-2026.pdf\">Edital de Bolsas Mestrado PPGD 02-2026<\/a><\/p>\n<p><a href=\"https:\/\/www.ufsm.br\/app\/uploads\/sites\/563\/2026\/01\/Resultado-do-Edital-de-Bolsas-N.-02.2026-MESTRADO.pdf\">Resultado do Edital de Bolsas N. 02.2026 &#8211; MESTRADO<\/a><\/p>\n<p>\u00a0<\/p>\n<blockquote>\n<h2>\u00a0<strong>Edital de Sele\u00e7\u00e3o de Bolsistas 03 &#8211; Ano de 2025 (DOUTORADO)<\/strong><\/h2>\n<\/blockquote>\n<p><a href=\"https:\/\/www.ufsm.br\/app\/uploads\/sites\/563\/2025\/03\/Edital-de-Bolsas-03_2025-Doutorado-PPGD-extraordinario.pdf\">Edital Doutorado Edital de Bolsas 03_2025 Doutorado PPGD\u00a0<\/a><\/p>\n<p><a href=\"https:\/\/www.ufsm.br\/app\/uploads\/sites\/563\/2025\/03\/Divulgacao-site-do-PPGD-DOUTORADO-Edital-03.pdf\">Resultado do Edital 03\/2025 &#8211; Bolsistas do Doutorado<\/a><\/p>\n<p>\u00a0<\/p>\n<blockquote>\n<h2>\u00a0<strong>Edital de Sele\u00e7\u00e3o de Bolsistas 02 &#8211; Ano de 2025 (DOUTORADO)<\/strong><\/h2>\n<\/blockquote>\n<p>Edital Doutorado\u00a0<a href=\"https:\/\/www.ufsm.br\/app\/uploads\/sites\/563\/2025\/02\/Edital-de-Bolsas-02_2025-Doutorado-PPGD.pdf\">Edital de Bolsas 02_2025 Doutorado PPGD\u00a0<\/a><\/p>\n<p><a href=\"https:\/\/www.ufsm.br\/app\/uploads\/sites\/563\/2025\/02\/Divulgacao-site-do-PPGD-DOUTORADO.pdf\">Resultado do Edital 02\/2025 &#8211; Bolsistas do Doutorado<\/a><\/p>\n<p>\u00a0<\/p>\n<blockquote>\n<h2><strong>Edital de Sele\u00e7\u00e3o de Bolsistas &#8211; Ano de 2024 (DOUTORADO)<\/strong><\/h2>\n<\/blockquote>\n<p><a href=\"https:\/\/www.ufsm.br\/app\/uploads\/sites\/563\/2024\/09\/Edital-de-Bolsas-02_2024-Doutorado-PPGD.pdf\">Link para o Edital 02\/2024<\/a> &#8211; DOUTORADO<\/p>\n<p><a href=\"https:\/\/www.ufsm.br\/cursos\/pos-graduacao\/santa-maria\/ppgd\/2024\/09\/27\/divulgado-o-resultado-do-edital-de-selecao-de-bolsistas-doutorado-no-002-2024-ppgd-ufsm-do-programa-de-bolsas-demanda-social-capes\">Resultado da Sele\u00e7\u00e3o de bolsistas 2024 &#8211; DOUTORADO<\/a><\/p>\n<p>\u00a0<\/p>\n<p>\u00a0<\/p>\n<blockquote>\n<h2><strong>Edital de Sele\u00e7\u00e3o de Bolsistas &#8211; Ano de 2025 (MESTRADO)<\/strong><\/h2>\n<p>Link Edital Mestrado: <a href=\"https:\/\/www.ufsm.br\/app\/uploads\/sites\/563\/2025\/02\/Edital-de-Bolsas-01_2025-PPGD-MESTRADO.pdf\">Edital de Bolsas 01_2025 PPGD &#8211; MESTRADO<\/a><\/p>\n<p><a href=\"https:\/\/www.ufsm.br\/app\/uploads\/sites\/563\/2025\/02\/Divulgacao-site-do-PPGD-MESTRADO.pdf\">Resultado da Sele\u00e7\u00e3o de bolsistas 2025 &#8211; MESTRADO<\/a><\/p>\n<\/blockquote>\n<p>\u00a0<\/p>\n<p>\u00a0<\/p>\n<blockquote>\n<h2><strong>Edital de Sele\u00e7\u00e3o de Bolsistas &#8211; Ano de 2024 (MESTRADO)<\/strong><\/h2>\n<\/blockquote>\n<p>Link para o Edital 01\/2024:<\/p>\n<p><a href=\"https:\/\/www.ufsm.br\/app\/uploads\/sites\/563\/2024\/02\/Edital-de-Bolsas-01_2024-PPGD.pdf\">https:\/\/www.ufsm.br\/app\/uploads\/sites\/563\/2024\/02\/Edital-de-Bolsas-01_2024-PPGD.pdf<\/a><\/p>\n<p>Resultado da Sele\u00e7\u00e3o de bolsistas 2024:<\/p>\n<p><a href=\"https:\/\/www.ufsm.br\/cursos\/pos-graduacao\/santa-maria\/ppgd\/2024\/03\/05\/divulgado-o-resultado-do-edital-de-selecao-de-bolsistas-no-001-2024-ppgd-ufsm-do-programa-de-bolsas-demanda-social-capes\">https:\/\/www.ufsm.br\/cursos\/pos-graduacao\/santa-maria\/ppgd\/2024\/03\/05\/divulgado-o-resultado-do-edital-de-selecao-de-bolsistas-no-001-2024-ppgd-ufsm-do-programa-de-bolsas-demanda-social-capes<\/a><\/p>\n<p>\u00a0<\/p>\n<p>\u00a0<\/p>\n<blockquote>\n<h2><strong>Edital de Sele\u00e7\u00e3o de Bolsistas &#8211; Ano de 2023 (MESTRADO)<\/strong><\/h2>\n<\/blockquote>\n<p>Link para o Edital 01\/2023:<\/p>\n<p><a href=\"https:\/\/www.ufsm.br\/app\/uploads\/sites\/563\/2023\/02\/Edital-de-Bolsas-01_2023-PPGD.pdf\">https:\/\/www.ufsm.br\/app\/uploads\/sites\/563\/2023\/02\/Edital-de-Bolsas-01_2023-PPGD.pdf<\/a><\/p>\n<p>Resultado da Sele\u00e7\u00e3o de bolsistas 2023:<\/p>\n<p><a href=\"https:\/\/www.ufsm.br\/cursos\/pos-graduacao\/santa-maria\/ppgd\/2023\/02\/27\/divulgado-o-resultado-do-edital-de-selecao-de-bolsistas-no-001-2023-ppgd-ufsm-do-programa-de-bolsas-demanda-social-capes\">https:\/\/www.ufsm.br\/cursos\/pos-graduacao\/santa-maria\/ppgd\/2023\/02\/27\/divulgado-o-resultado-do-edital-de-selecao-de-bolsistas-no-001-2023-ppgd-ufsm-do-programa-de-bolsas-demanda-social-capes<\/a>\u00a0<\/p>\n<h2>\u00a0<\/h2>\n<blockquote>\n<h2><strong>Edital de Sele\u00e7\u00e3o de Bolsistas &#8211; Ano de 2022 (MESTRADO)<\/strong><\/h2>\n<\/blockquote>\n<p>Link para o Edital:<\/p>\n<p><a href=\"https:\/\/www.ufsm.br\/app\/uploads\/sites\/563\/2022\/02\/Edital-de-Bolsas-01_2022-PPGD.pdf\">https:\/\/www.ufsm.br\/app\/uploads\/sites\/563\/2022\/02\/Edital-de-Bolsas-01_2022-PPGD.pdf\u00a0<\/a><\/p>\n<p>Resultado da sele\u00e7\u00e3o:<\/p>\n<p><a href=\"https:\/\/www.ufsm.br\/cursos\/pos-graduacao\/santa-maria\/ppgd\/2022\/03\/11\/divulgacao-do-resultado-do-edital-de-selecao-de-bolsistas-no-001-2022-ppgd-ufsm\/\">https:\/\/www.ufsm.br\/cursos\/pos-graduacao\/santa-maria\/ppgd\/2022\/03\/11\/divulgacao-do-resultado-do-edital-de-selecao-de-bolsistas-no-001-2022-ppgd-ufsm\/\u00a0<\/a><\/p>\n<p>\u00a0<\/p>\n<p>\u00a0<\/p>\n<p>\u00a0<\/p>\n<p>\u00a0<\/p>\n<p>\u00a0<\/p>\n","protected":false},"excerpt":{"rendered":"<p>LINK PARA O RELAT\u00d3RIO SEMESTRAL: NOVO formul\u00e1rio de avalia\u00e7\u00e3o &#8211; bolsistas PPGD\u00a0 (em formato .doc &#8211; word) PRAZO DE ENTREGA DO RELAT\u00d3RIO: Os relat\u00f3rios, devidamente comprovados, dever\u00e3o ser encaminhados por e-mail (comissaodebolsasppgd@ufsm.br). PRAZOS: O relat\u00f3rio referente ao primeiro semestre letivo deve ser enviado at\u00e9 o final do m\u00eas de agosto ou data informada pela Coordena\u00e7\u00e3o. [&hellip;]<\/p>\n","protected":false},"author":536,"featured_media":0,"parent":0,"menu_order":0,"comment_status":"closed","ping_status":"closed","template":"","meta":{"footnotes":""},"categories":[],"tags":[32,97],"class_list":["post-4186","page","type-page","status-publish","hentry","tag-editais","tag-edital"],"acf":[],"_links":{"self":[{"href":"https:\/\/www.ufsm.br\/cursos\/pos-graduacao\/santa-maria\/ppgd\/wp-json\/wp\/v2\/pages\/4186","targetHints":{"allow":["GET"]}}],"collection":[{"href":"https:\/\/www.ufsm.br\/cursos\/pos-graduacao\/santa-maria\/ppgd\/wp-json\/wp\/v2\/pages"}],"about":[{"href":"https:\/\/www.ufsm.br\/cursos\/pos-graduacao\/santa-maria\/ppgd\/wp-json\/wp\/v2\/types\/page"}],"author":[{"embeddable":true,"href":"https:\/\/www.ufsm.br\/cursos\/pos-graduacao\/santa-maria\/ppgd\/wp-json\/wp\/v2\/users\/536"}],"replies":[{"embeddable":true,"href":"https:\/\/www.ufsm.br\/cursos\/pos-graduacao\/santa-maria\/ppgd\/wp-json\/wp\/v2\/comments?post=4186"}],"version-history":[{"count":0,"href":"https:\/\/www.ufsm.br\/cursos\/pos-graduacao\/santa-maria\/ppgd\/wp-json\/wp\/v2\/pages\/4186\/revisions"}],"wp:attachment":[{"href":"https:\/\/www.ufsm.br\/cursos\/pos-graduacao\/santa-maria\/ppgd\/wp-json\/wp\/v2\/media?parent=4186"}],"wp:term":[{"taxonomy":"category","embeddable":true,"href":"https:\/\/www.ufsm.br\/cursos\/pos-graduacao\/santa-maria\/ppgd\/wp-json\/wp\/v2\/categories?post=4186"},{"taxonomy":"post_tag","embeddable":true,"href":"https:\/\/www.ufsm.br\/cursos\/pos-graduacao\/santa-maria\/ppgd\/wp-json\/wp\/v2\/tags?post=4186"}],"curies":[{"name":"wp","href":"https:\/\/api.w.org\/{rel}","templated":true}]}}