{"id":4190,"date":"2022-02-15T12:47:12","date_gmt":"2022-02-15T15:47:12","guid":{"rendered":"https:\/\/www.ufsm.br\/cursos\/pos-graduacao\/santa-maria\/ppgd\/?page_id=4190"},"modified":"2022-08-04T08:46:46","modified_gmt":"2022-08-04T11:46:46","slug":"a-cosmovisao-andina-e-o-novo-constitucionalismo-latino-americano-a-construcao-de-um-novo-paradigma-biocentrico-da-natureza","status":"publish","type":"page","link":"https:\/\/www.ufsm.br\/cursos\/pos-graduacao\/santa-maria\/ppgd\/a-cosmovisao-andina-e-o-novo-constitucionalismo-latino-americano-a-construcao-de-um-novo-paradigma-biocentrico-da-natureza","title":{"rendered":"A COSMOVIS\u00c3O ANDINA E O NOVO CONSTITUCIONALISMO LATINO-AMERICANO: A CONSTRU\u00c7\u00c3O DE UM NOVO PARADIGMA BIOC\u00caNTRICO DA NATUREZA"},"content":{"rendered":"\n<p style=\"text-align: center\">AUTOR: Edilson Ubirajara Gon\u00e7alves Piedras \u2013 edilsonpiedras@hotmail.com<\/p>\n<p style=\"text-align: center\">ORIENTADOR: Luiz Ernani Bonesso de Ara\u00fajo<\/p>\n<p>\u00a0<\/p>\n<p style=\"text-align: justify\">A cosmovis\u00e3o \u00e9 o cerne duro da forma\u00e7\u00e3o dos aspectos culturais, religiosos e normativos de uma sociedade, pois \u00e9 a partir dela que um povo constr\u00f3i a sua identidade e sua forma de lidar com os fen\u00f4menos, tanto sociais, como ambientais. A cosmovis\u00e3o influi at\u00e9 na maneira de um determinado povo lidar com as diferen\u00e7as culturais de outras sociedades.<\/p>\n<p style=\"text-align: justify\">As grandes navega\u00e7\u00f5es foram o instrumento necess\u00e1rio para o encontro entre duas formas completamente diferentes de compreender o mundo, a natureza, suas sociedades e Deus. De um lado a Cosmovis\u00e3o Euroc\u00eantrica, colonizadora, expansionista que tinha como \u00fanico objetivo a explora\u00e7\u00e3o dos recursos naturais para obten\u00e7\u00e3o de riqueza; de outro a Cosmovis\u00e3o Andina centrada na harmonia com sua deusa <em>Pacha Mama<\/em>, a qual demandava respeito \u00e0 natureza e o bem viver.\u00a0<\/p>\n<p style=\"text-align: justify\">S\u00e9culos de coloniza\u00e7\u00e3o europeia geraram democracias que n\u00e3o encontravam respostas \u00e0s necessidades de seus cidad\u00e3os. J\u00e1 que estas tinham por principal caracter\u00edstica uma grande parcela de sua popula\u00e7\u00e3o composta de povos tradicionais ind\u00edgenas. Dessa insatisfa\u00e7\u00e3o eclodiram revoltas internas, como a Guerra da \u00c1gua na Bol\u00edvia, as quais por sua vez conduziram a uma nova leva de cartas magnas na Am\u00e9rica Latina.\u00a0 As novas constitui\u00e7\u00f5es tinham como base uma nova corrente de pensamento denominada, por alguns pensadores, como o Novo Constitucionalismo Latino-americano.<\/p>\n<p style=\"text-align: justify\">No estudo comparado entre as constitui\u00e7\u00f5es do Brasil, Bol\u00edvia e Equador, o Brasil demonstra fragilidades explor\u00e1veis, pois apesar de ter avan\u00e7ado muito em sua legisla\u00e7\u00e3o ambiental, n\u00e3o possui o mesmo refor\u00e7o constitucional que as outras constitui\u00e7\u00f5es estudadas. Com isso, ficando a merc\u00ea de gest\u00f5es ambientais mal intencionadas, j\u00e1 que abre brecha para a possibilidade de altera\u00e7\u00f5es infraconstitucionais mal\u00e9ficas ao clima, ao solo, aos rios, as matas, aos animais e aos povos tradicionais ind\u00edgenas, quilombolas, ribeirinhos e seringueiros. O que por si s\u00f3 j\u00e1 acarretaria mudan\u00e7as no clima do pa\u00eds como um todo, levando a seca a regi\u00f5es antes f\u00e9rteis, provocando inunda\u00e7\u00f5es nunca antes registradas, desencadeando fen\u00f4menos conhecidos apenas de notici\u00e1rios sobre o clima de outros pa\u00edses. E por fim, impossibilitando a sobreviv\u00eancia dos povos das florestas em seu local tradicionalmente ocupado pelo simples exaurimento dos recursos naturais.<\/p>\n<p style=\"text-align: justify\">O Paradigma bioc\u00eantrico da natureza conduz a uma cosmovis\u00e3o mais ampla e agregadora dos povos com o meio ambiente. Para tanto, uma legisla\u00e7\u00e3o mais embasada neste pensamento tradicional latino-americano pode conduzir a uma economia mais sustent\u00e1vel, humanizada e centrada no bem viver. A mudan\u00e7a de dire\u00e7\u00e3o se faz urgente, pois \u00e9 a sobreviv\u00eancia da pr\u00f3pria esp\u00e9cie humana que depende desse novo azimute. As futuras gera\u00e7\u00f5es s\u00e3o t\u00e3o merecedoras do direito de exist\u00eancia quanto a gera\u00e7\u00e3o que est\u00e1 vivendo agora. \u00a0\u00a0\u00a0\u00a0\u00a0<\/p>\n","protected":false},"excerpt":{"rendered":"<p>AUTOR: Edilson Ubirajara Gon\u00e7alves Piedras \u2013 edilsonpiedras@hotmail.com ORIENTADOR: Luiz Ernani Bonesso de Ara\u00fajo \u00a0 A cosmovis\u00e3o \u00e9 o cerne duro da forma\u00e7\u00e3o dos aspectos culturais, religiosos e normativos de uma sociedade, pois \u00e9 a partir dela que um povo constr\u00f3i a sua identidade e sua forma de lidar com os fen\u00f4menos, tanto sociais, como ambientais. [&hellip;]<\/p>\n","protected":false},"author":536,"featured_media":0,"parent":0,"menu_order":0,"comment_status":"closed","ping_status":"closed","template":"","meta":{"footnotes":""},"categories":[],"tags":[],"class_list":["post-4190","page","type-page","status-publish","hentry"],"acf":[],"_links":{"self":[{"href":"https:\/\/www.ufsm.br\/cursos\/pos-graduacao\/santa-maria\/ppgd\/wp-json\/wp\/v2\/pages\/4190","targetHints":{"allow":["GET"]}}],"collection":[{"href":"https:\/\/www.ufsm.br\/cursos\/pos-graduacao\/santa-maria\/ppgd\/wp-json\/wp\/v2\/pages"}],"about":[{"href":"https:\/\/www.ufsm.br\/cursos\/pos-graduacao\/santa-maria\/ppgd\/wp-json\/wp\/v2\/types\/page"}],"author":[{"embeddable":true,"href":"https:\/\/www.ufsm.br\/cursos\/pos-graduacao\/santa-maria\/ppgd\/wp-json\/wp\/v2\/users\/536"}],"replies":[{"embeddable":true,"href":"https:\/\/www.ufsm.br\/cursos\/pos-graduacao\/santa-maria\/ppgd\/wp-json\/wp\/v2\/comments?post=4190"}],"version-history":[{"count":0,"href":"https:\/\/www.ufsm.br\/cursos\/pos-graduacao\/santa-maria\/ppgd\/wp-json\/wp\/v2\/pages\/4190\/revisions"}],"wp:attachment":[{"href":"https:\/\/www.ufsm.br\/cursos\/pos-graduacao\/santa-maria\/ppgd\/wp-json\/wp\/v2\/media?parent=4190"}],"wp:term":[{"taxonomy":"category","embeddable":true,"href":"https:\/\/www.ufsm.br\/cursos\/pos-graduacao\/santa-maria\/ppgd\/wp-json\/wp\/v2\/categories?post=4190"},{"taxonomy":"post_tag","embeddable":true,"href":"https:\/\/www.ufsm.br\/cursos\/pos-graduacao\/santa-maria\/ppgd\/wp-json\/wp\/v2\/tags?post=4190"}],"curies":[{"name":"wp","href":"https:\/\/api.w.org\/{rel}","templated":true}]}}