{"id":4194,"date":"2022-02-15T12:59:55","date_gmt":"2022-02-15T15:59:55","guid":{"rendered":"https:\/\/www.ufsm.br\/cursos\/pos-graduacao\/santa-maria\/ppgd\/?page_id=4194"},"modified":"2022-08-04T08:45:44","modified_gmt":"2022-08-04T11:45:44","slug":"injustica-ambiental-e-desenvolvimento-reflexividades-sobre-o-caso-dos-catadores-pela-perspectiva-da-nocao-de-liberdade-em-amartya-sen","status":"publish","type":"page","link":"https:\/\/www.ufsm.br\/cursos\/pos-graduacao\/santa-maria\/ppgd\/injustica-ambiental-e-desenvolvimento-reflexividades-sobre-o-caso-dos-catadores-pela-perspectiva-da-nocao-de-liberdade-em-amartya-sen","title":{"rendered":"(In)Justi\u00e7a Ambiental e Desenvolvimento: reflexividades sobre o caso dos catadores pela perspectiva da no\u00e7\u00e3o de liberdade em Amartya Sen"},"content":{"rendered":"\n<p style=\"text-align: center\"><br \/>Alisson Galv\u00e3o &#8211; alisson_direito@outlook.com<br \/>Orientador: Jer\u00f4nimo Siqueira Tybusch<\/p>\n<p>\u00a0<\/p>\n<p style=\"text-align: justify\">Na disserta\u00e7\u00e3o intitulada \u201c(In)Justi\u00e7a Ambiental e Desenvolvimento: reflexividades sobre o caso dos catadores pela perspectiva da no\u00e7\u00e3o de liberdade em Amartya Sen\u201d, \u00e9 realizada uma an\u00e1lise social sobre os aspectos de liberdades dos catadores, observando os movimentos sociais e efetiva\u00e7\u00e3o de seus direitos no contexto de desigualdade social. Ainda, lan\u00e7a uma reflex\u00e3o cr\u00edtica acerca da situa\u00e7\u00e3o paradoxal que h\u00e1 entre a priva\u00e7\u00e3o de liberdades desses agentes, em contextos de preconceito e pobreza. Esses trabalhadores vivenciam uma dura realidade que os insere na percep\u00e7\u00e3o antag\u00f4nica entre exclus\u00e3o e inclus\u00e3o, na qual, por um lado, o catador e o reciclador s\u00e3o inclu\u00eddos socialmente pelo trabalho, enquanto, por outro, s\u00e3o exclu\u00eddos em raz\u00e3o da atividade que desempenham. A pesquisa \u00e9 realizada a partir das lentes de Amartya Sen, que analisa esse tema n\u00e3o como um problema centrado na distribui\u00e7\u00e3o de renda e desigualdade econ\u00f4mica, mas de modo mais amplo, procurando compreender a natureza dessas priva\u00e7\u00f5es. De modo que, a pesquisa possibilitou concluir que o os movimentos sociais que buscam por justi\u00e7a ambiental, auxiliam na expans\u00e3o das liberdades relativas a direitos b\u00e1sicos dos catadores que j\u00e1 se encontram em associa\u00e7\u00f5es. No entanto, limites e impossibilidades de atua\u00e7\u00e3o sobre os aspectos das liberdades que est\u00e3o diretamente ligadas \u00e0s oportunidades sociais (priva\u00e7\u00e3o de oportunidades sociais) e dos catadores aut\u00f4nomos.<\/p>\n","protected":false},"excerpt":{"rendered":"<p>Alisson Galv\u00e3o &#8211; alisson_direito@outlook.comOrientador: Jer\u00f4nimo Siqueira Tybusch \u00a0 Na disserta\u00e7\u00e3o intitulada \u201c(In)Justi\u00e7a Ambiental e Desenvolvimento: reflexividades sobre o caso dos catadores pela perspectiva da no\u00e7\u00e3o de liberdade em Amartya Sen\u201d, \u00e9 realizada uma an\u00e1lise social sobre os aspectos de liberdades dos catadores, observando os movimentos sociais e efetiva\u00e7\u00e3o de seus direitos no contexto de desigualdade [&hellip;]<\/p>\n","protected":false},"author":536,"featured_media":0,"parent":0,"menu_order":0,"comment_status":"closed","ping_status":"closed","template":"","meta":{"footnotes":""},"categories":[],"tags":[],"class_list":["post-4194","page","type-page","status-publish","hentry"],"acf":[],"_links":{"self":[{"href":"https:\/\/www.ufsm.br\/cursos\/pos-graduacao\/santa-maria\/ppgd\/wp-json\/wp\/v2\/pages\/4194","targetHints":{"allow":["GET"]}}],"collection":[{"href":"https:\/\/www.ufsm.br\/cursos\/pos-graduacao\/santa-maria\/ppgd\/wp-json\/wp\/v2\/pages"}],"about":[{"href":"https:\/\/www.ufsm.br\/cursos\/pos-graduacao\/santa-maria\/ppgd\/wp-json\/wp\/v2\/types\/page"}],"author":[{"embeddable":true,"href":"https:\/\/www.ufsm.br\/cursos\/pos-graduacao\/santa-maria\/ppgd\/wp-json\/wp\/v2\/users\/536"}],"replies":[{"embeddable":true,"href":"https:\/\/www.ufsm.br\/cursos\/pos-graduacao\/santa-maria\/ppgd\/wp-json\/wp\/v2\/comments?post=4194"}],"version-history":[{"count":0,"href":"https:\/\/www.ufsm.br\/cursos\/pos-graduacao\/santa-maria\/ppgd\/wp-json\/wp\/v2\/pages\/4194\/revisions"}],"wp:attachment":[{"href":"https:\/\/www.ufsm.br\/cursos\/pos-graduacao\/santa-maria\/ppgd\/wp-json\/wp\/v2\/media?parent=4194"}],"wp:term":[{"taxonomy":"category","embeddable":true,"href":"https:\/\/www.ufsm.br\/cursos\/pos-graduacao\/santa-maria\/ppgd\/wp-json\/wp\/v2\/categories?post=4194"},{"taxonomy":"post_tag","embeddable":true,"href":"https:\/\/www.ufsm.br\/cursos\/pos-graduacao\/santa-maria\/ppgd\/wp-json\/wp\/v2\/tags?post=4194"}],"curies":[{"name":"wp","href":"https:\/\/api.w.org\/{rel}","templated":true}]}}