{"id":4303,"date":"2022-06-28T09:58:03","date_gmt":"2022-06-28T12:58:03","guid":{"rendered":"https:\/\/www.ufsm.br\/cursos\/pos-graduacao\/santa-maria\/ppgd\/?page_id=4303"},"modified":"2022-08-04T08:47:17","modified_gmt":"2022-08-04T11:47:17","slug":"a-efetivacao-do-direito-a-alimentacao-a-partir-das-experiencias-locais-a-polifeira-do-agricultor-do-colegio-politecnico-da-ufsm-santa-maria-rs","status":"publish","type":"page","link":"https:\/\/www.ufsm.br\/cursos\/pos-graduacao\/santa-maria\/ppgd\/a-efetivacao-do-direito-a-alimentacao-a-partir-das-experiencias-locais-a-polifeira-do-agricultor-do-colegio-politecnico-da-ufsm-santa-maria-rs","title":{"rendered":"A efetiva\u00e7\u00e3o do direito \u00e0 alimenta\u00e7\u00e3o a partir das experi\u00eancias locais: a polifeira do agricultor do Col\u00e9gio Polit\u00e9cnico da UFSM \u2013 Santa Maria, RS"},"content":{"rendered":"\n<div style=\"text-align: center\">Claiton Rossa da Rocha &#8211; claitonrocha@hotmail.com<\/div>\n<div style=\"text-align: center\">Orientador:\u00a0Luiz Ernani Bonesso de Ara\u00fajo<\/div>\n<div style=\"text-align: center\">\u00a0<\/div>\n<div style=\"text-align: justify\">A disserta\u00e7\u00e3o intitulada \u201cA efetiva\u00e7\u00e3o do direito \u00e0 alimenta\u00e7\u00e3o a partir das experi\u00eancias locais: a polifeira do agricultor do col\u00e9gio polit\u00e9cnico da UFSM \u2013 Santa Maria, RS\u201d apresenta um estudo de caso sobre a feira de pequenos produtores oriundos da agricultura familiar frente ao direito \u00e0 alimenta\u00e7\u00e3o.\u00a0O Direito \u00e0 Alimenta\u00e7\u00e3o foi introduzido na Carta Magna por ocasi\u00e3o da Emenda Constitucional n\u00ba 64\/2010. A Polifeira do Agricultor \u00e9 um projeto de extens\u00e3o que teve in\u00edcio no ano de 2017.\u00a0\u00a0Atualmente, quando se fala em direito \u00e0 alimenta\u00e7\u00e3o h\u00e1 de se ter consci\u00eancia que o acesso a alimentos deve trazer consigo a quest\u00e3o que envolve todo o processo produtivo at\u00e9 o consumo pela popula\u00e7\u00e3o. N\u00e3o basta ter alimentos em quantidade suficiente para saciar a fome de milhares de pessoas que vivem em condi\u00e7\u00f5es subumanas, mas, sim, \u00e9 preciso que se tenha o acesso a uma alimenta\u00e7\u00e3o saud\u00e1vel, inclusive, no que concerne ao seu modo de produ\u00e7\u00e3o e comercializa\u00e7\u00e3o.\u00a0Para tanto, o\u00a0estudo apresenta aspectos locais e estruturais da Polifeira, anotando, tamb\u00e9m, quest\u00f5es mercadol\u00f3gicas e educacionais. Ainda, \u00e9 realizada uma ambienta\u00e7\u00e3o sobre a tem\u00e1tica abrangendo aspectos hist\u00f3ricos e sociais do direito \u00e0 alimenta\u00e7\u00e3o, bem como a dignidade humana, a seguran\u00e7a alimentar, a agricultura familiar, a ecopedagogia, a sociobiodiversidade e as pol\u00edticas p\u00fablicas. Como referencial te\u00f3rico, dentre outros, o trabalho foi elaborado a partir de\u00a0Boaventura de Sousa Santos, Edgar Morin, Enrique Leff, Juliana Santilli, Luiz Ernani Bonesso de Ara\u00fajo, Norberto Bobbio, S\u00e9rgio Scheneider e Vandana Shiva.<\/div>\n","protected":false},"excerpt":{"rendered":"<p>Claiton Rossa da Rocha &#8211; claitonrocha@hotmail.com Orientador:\u00a0Luiz Ernani Bonesso de Ara\u00fajo \u00a0 A disserta\u00e7\u00e3o intitulada \u201cA efetiva\u00e7\u00e3o do direito \u00e0 alimenta\u00e7\u00e3o a partir das experi\u00eancias locais: a polifeira do agricultor do col\u00e9gio polit\u00e9cnico da UFSM \u2013 Santa Maria, RS\u201d apresenta um estudo de caso sobre a feira de pequenos produtores oriundos da agricultura familiar frente [&hellip;]<\/p>\n","protected":false},"author":536,"featured_media":0,"parent":0,"menu_order":0,"comment_status":"closed","ping_status":"closed","template":"","meta":{"footnotes":""},"categories":[],"tags":[],"class_list":["post-4303","page","type-page","status-publish","hentry"],"acf":[],"_links":{"self":[{"href":"https:\/\/www.ufsm.br\/cursos\/pos-graduacao\/santa-maria\/ppgd\/wp-json\/wp\/v2\/pages\/4303","targetHints":{"allow":["GET"]}}],"collection":[{"href":"https:\/\/www.ufsm.br\/cursos\/pos-graduacao\/santa-maria\/ppgd\/wp-json\/wp\/v2\/pages"}],"about":[{"href":"https:\/\/www.ufsm.br\/cursos\/pos-graduacao\/santa-maria\/ppgd\/wp-json\/wp\/v2\/types\/page"}],"author":[{"embeddable":true,"href":"https:\/\/www.ufsm.br\/cursos\/pos-graduacao\/santa-maria\/ppgd\/wp-json\/wp\/v2\/users\/536"}],"replies":[{"embeddable":true,"href":"https:\/\/www.ufsm.br\/cursos\/pos-graduacao\/santa-maria\/ppgd\/wp-json\/wp\/v2\/comments?post=4303"}],"version-history":[{"count":0,"href":"https:\/\/www.ufsm.br\/cursos\/pos-graduacao\/santa-maria\/ppgd\/wp-json\/wp\/v2\/pages\/4303\/revisions"}],"wp:attachment":[{"href":"https:\/\/www.ufsm.br\/cursos\/pos-graduacao\/santa-maria\/ppgd\/wp-json\/wp\/v2\/media?parent=4303"}],"wp:term":[{"taxonomy":"category","embeddable":true,"href":"https:\/\/www.ufsm.br\/cursos\/pos-graduacao\/santa-maria\/ppgd\/wp-json\/wp\/v2\/categories?post=4303"},{"taxonomy":"post_tag","embeddable":true,"href":"https:\/\/www.ufsm.br\/cursos\/pos-graduacao\/santa-maria\/ppgd\/wp-json\/wp\/v2\/tags?post=4303"}],"curies":[{"name":"wp","href":"https:\/\/api.w.org\/{rel}","templated":true}]}}