{"id":4304,"date":"2022-06-28T10:04:57","date_gmt":"2022-06-28T13:04:57","guid":{"rendered":"https:\/\/www.ufsm.br\/cursos\/pos-graduacao\/santa-maria\/ppgd\/?page_id=4304"},"modified":"2022-08-04T08:49:10","modified_gmt":"2022-08-04T11:49:10","slug":"acao-civil-publica-jurisdicao-processual-e-desastres-ambientais-antropogenicos-na-sociedade-em-rede","status":"publish","type":"page","link":"https:\/\/www.ufsm.br\/cursos\/pos-graduacao\/santa-maria\/ppgd\/acao-civil-publica-jurisdicao-processual-e-desastres-ambientais-antropogenicos-na-sociedade-em-rede","title":{"rendered":"A\u00c7\u00c3O CIVIL P\u00daBLICA, JURISDI\u00c7\u00c3O PROCESSUAL E DESASTRES AMBIENTAIS ANTROPOG\u00caNICOS NA SOCIEDADE EM REDE"},"content":{"rendered":"\n<p>\u00a0<\/p>\n<p style=\"text-align: center\">Autor: H\u00edgor Lameira Gasparetto &#8211; higorlameira@gmail.com<br \/>Orientador: Cristiano Becker Isaia<\/p>\n<p style=\"text-align: justify\">O direito processual que se tem hoje no Brasil \u00e9 efetivo, ou seja, \u00e9 adequado para a prote\u00e7\u00e3o dos direitos coletivos, especialmente aqueles relacionados a desastres ambientais? Essa \u00e9 uma das reflex\u00f5es centrais e que move a pesquisa realizada na disserta\u00e7\u00e3o intitulada \u201cA\u00e7\u00e3o Civil P\u00fablica, Jurisdi\u00e7\u00e3o Processual e Desastres Ambientais Antropog\u00eanicos na Sociedade em Rede\u201d.<\/p>\n<p style=\"text-align: justify\">Nesse sentido, o trabalho objetivou compreender de que maneira o mais importante instrumento processual de tutela coletiva \u2013 a A\u00e7\u00e3o Civil P\u00fablica (ACP) \u2013 possui relevantes limita\u00e7\u00f5es procedimentais, ou seja, em sua estrutura sequencial de atos; limita\u00e7\u00f5es essas que adv\u00e9m de uma cultura jur\u00eddica lastreada no que Ov\u00eddio Ara\u00fajo Baptista da Silva chama de paradigma racionalista, movimento cient\u00edfico ocorrido nos s\u00e9culos XVII e XVIII.<\/p>\n<p style=\"text-align: justify\">Assim, sustentou-se que, devido a essa historicidade que ainda contamina o direito processual civil brasileiro, a A\u00e7\u00e3o Civil P\u00fablica \u00e9 afetada e, portanto, deixa de ser efetiva quando instada a tutelar direitos transindividuais, pr\u00f3prios da sociedade em rede, onde surgem novos direitos e novas rela\u00e7\u00f5es entre pessoas, empresas, coisas e o meio ambiente. Tamb\u00e9m se estudou o conceito de sociedade em rede e do risco, para entender como na atual sociedade os riscos (oriundos dessas rela\u00e7\u00f5es em rede) crescem e contribuem para a ocorr\u00eancia de desastres ambientais naturais e antropog\u00eanicos (causados pela a\u00e7\u00e3o humana). Fixadas essas premissas, o trabalho lan\u00e7ou um olhar espec\u00edfico para os dois maiores desastres ambientais antropog\u00eanicos do Brasil: Mariana (MG) e Brumadinho (MG). Explorando as a\u00e7\u00f5es civis p\u00fablicas desses casos, verificou-se que eles servem de exemplo ao sustentando: h\u00e1 defici\u00eancias referentes a estrutura procedimental da ACP, que se encontra defasada e incompat\u00edvel com os desafios oriundos de casos dessa natureza, o que contribui para a morosidade da tramita\u00e7\u00e3o processual e leva \u00e0 precariedade da prote\u00e7\u00e3o dos direitos violados.<\/p>\n<p style=\"text-align: justify\">A partir dessas constata\u00e7\u00f5es, se construiu uma poss\u00edvel alternativa \u00e0 essa problem\u00e1tica; que n\u00e3o resolve o problema procedimental da ACP, mas que tamb\u00e9m \u00e9 condi\u00e7\u00e3o de possibilidade para se falar em efetividade da a\u00e7\u00e3o: a constru\u00e7\u00e3o de respostas corretas. Respostas corretas que s\u00e3o decis\u00f5es judiciais, proferidas a partir de uma s\u00e9rie de elementos que devem ser observados, como coer\u00eancia, integridade, fundamenta\u00e7\u00e3o, aus\u00eancia de discricionariedade e imers\u00e3o hermen\u00eautica no caso concreto. Tudo a partir das li\u00e7\u00f5es de Ronald Dworkin, Lenio Streck e Francisco Motta.<\/p>\n<p style=\"text-align: justify\">Diante de tudo o que foi investigado, a pesquisa concluiu que a efetividade da ACP passa por duas vertentes fundamentais e complementares: a) uma reforma procedimental que a aprimore, rompendo com o racionalismo e com suas amarras, de modo a adequar a a\u00e7\u00e3o aos direitos emergentes da sociedade global, dentre eles o dos desastres; b) a constru\u00e7\u00e3o de respostas corretas, observando todos os seus elementos, o que \u00e9 um direito dos cidad\u00e3os e um dever dos ju\u00edzes, culminando com a concretiza\u00e7\u00e3o (substancial) desses novos direitos.<\/p>\n<p>\u00a0<\/p>\n<p>\u00a0<\/p>\n","protected":false},"excerpt":{"rendered":"<p>\u00a0 Autor: H\u00edgor Lameira Gasparetto &#8211; higorlameira@gmail.comOrientador: Cristiano Becker Isaia O direito processual que se tem hoje no Brasil \u00e9 efetivo, ou seja, \u00e9 adequado para a prote\u00e7\u00e3o dos direitos coletivos, especialmente aqueles relacionados a desastres ambientais? Essa \u00e9 uma das reflex\u00f5es centrais e que move a pesquisa realizada na disserta\u00e7\u00e3o intitulada \u201cA\u00e7\u00e3o Civil P\u00fablica, [&hellip;]<\/p>\n","protected":false},"author":536,"featured_media":0,"parent":0,"menu_order":0,"comment_status":"closed","ping_status":"closed","template":"","meta":{"footnotes":""},"categories":[],"tags":[],"class_list":["post-4304","page","type-page","status-publish","hentry"],"acf":[],"_links":{"self":[{"href":"https:\/\/www.ufsm.br\/cursos\/pos-graduacao\/santa-maria\/ppgd\/wp-json\/wp\/v2\/pages\/4304","targetHints":{"allow":["GET"]}}],"collection":[{"href":"https:\/\/www.ufsm.br\/cursos\/pos-graduacao\/santa-maria\/ppgd\/wp-json\/wp\/v2\/pages"}],"about":[{"href":"https:\/\/www.ufsm.br\/cursos\/pos-graduacao\/santa-maria\/ppgd\/wp-json\/wp\/v2\/types\/page"}],"author":[{"embeddable":true,"href":"https:\/\/www.ufsm.br\/cursos\/pos-graduacao\/santa-maria\/ppgd\/wp-json\/wp\/v2\/users\/536"}],"replies":[{"embeddable":true,"href":"https:\/\/www.ufsm.br\/cursos\/pos-graduacao\/santa-maria\/ppgd\/wp-json\/wp\/v2\/comments?post=4304"}],"version-history":[{"count":0,"href":"https:\/\/www.ufsm.br\/cursos\/pos-graduacao\/santa-maria\/ppgd\/wp-json\/wp\/v2\/pages\/4304\/revisions"}],"wp:attachment":[{"href":"https:\/\/www.ufsm.br\/cursos\/pos-graduacao\/santa-maria\/ppgd\/wp-json\/wp\/v2\/media?parent=4304"}],"wp:term":[{"taxonomy":"category","embeddable":true,"href":"https:\/\/www.ufsm.br\/cursos\/pos-graduacao\/santa-maria\/ppgd\/wp-json\/wp\/v2\/categories?post=4304"},{"taxonomy":"post_tag","embeddable":true,"href":"https:\/\/www.ufsm.br\/cursos\/pos-graduacao\/santa-maria\/ppgd\/wp-json\/wp\/v2\/tags?post=4304"}],"curies":[{"name":"wp","href":"https:\/\/api.w.org\/{rel}","templated":true}]}}