{"id":4306,"date":"2022-06-28T10:11:44","date_gmt":"2022-06-28T13:11:44","guid":{"rendered":"https:\/\/www.ufsm.br\/cursos\/pos-graduacao\/santa-maria\/ppgd\/?page_id=4306"},"modified":"2022-06-28T10:11:45","modified_gmt":"2022-06-28T13:11:45","slug":"racismo-online-no-brasil-uma-analise-a-partir-da-perspectiva-de-decisoes-judiciais","status":"publish","type":"page","link":"https:\/\/www.ufsm.br\/cursos\/pos-graduacao\/santa-maria\/ppgd\/racismo-online-no-brasil-uma-analise-a-partir-da-perspectiva-de-decisoes-judiciais","title":{"rendered":"RACISMO ONLINE NO BRASIL: UMA AN\u00c1LISE A PARTIR DA PERSPECTIVA DE DECIS\u00d5ES JUDICIAIS"},"content":{"rendered":"\n<p><\/p>\n\n\n\n<p style=\"text-align: center\">Autora: Fernanda dos Santos Rodrigues Silva &#8211; fernandar1849@gmail.com<\/p>\n<p style=\"text-align: center\">Orientadora: Nina Tr\u00edcia Disconzi Rodrigues<\/p>\n<p>\u00a0<\/p>\n<p>O mundo est\u00e1 cada vez mais conectado com a internet, isso j\u00e1 \u00e9 fato. S\u00f3 que se o ciberespa\u00e7o virou mais um local para nos conectarmos, interagirmos e at\u00e9 mesmo trabalharmos, isso significa que ele tamb\u00e9m pode ter deixado espa\u00e7o para reproduzirmos fatos sociais n\u00e3o t\u00e3o bons, como \u00e9 o caso de preconceitos como o racismo. Infelizmente, dados de plataformas como o Safernet apontam um aumento no n\u00famero de den\u00fancias de racismo online no Brasil nos \u00faltimos anos. Mais recentemente, al\u00e9m de formas de discrimina\u00e7\u00e3o direta, como aquelas em que o agressor dirige ofensas manifestamente racistas contra uma pessoa na internet (ex.: posts, coment\u00e1rios e afins), o debate em torno do racismo algor\u00edtmico tamb\u00e9m tem chamado aten\u00e7\u00e3o para a reprodu\u00e7\u00e3o deste preconceito por meio de sistemas automatizados.<\/p>\n<p>Nesse sentido, a dissemina\u00e7\u00e3o do racismo no espa\u00e7o virtual traz importantes desafios \u00e0 legisla\u00e7\u00e3o e ao Poder Judici\u00e1rio, que precisam lidar com suas especificidades no momento da responsabiliza\u00e7\u00e3o do poss\u00edvel agressor. Pensando nisso, faz-se importante questionar: quais os principais pontos discutidos em decis\u00f5es judiciais sobre racismo online no Brasil? A resposta a essa pergunta pode ser importante para sinalizar as principais dificuldades e facilidades no julgamento desse crime, que tem seu diferencial ao ser propagado por meio da internet.<\/p>\n<p>A fim de responder a essa pergunta, desenvolvo a minha disserta\u00e7\u00e3o com base na Teoria Cr\u00edtica Racial, que possui a ra\u00e7a como a principal lente para se compreender o direito e que reconhece a import\u00e2ncia de narrativas (ou legal storytelling) de grupos minorit\u00e1rios nesse campo. Tal entendimento se relaciona tamb\u00e9m com a perspectiva de \u201cpensar como um jurista negro\u201d, t\u00e3o bem abordada pelo intelectual Adilson Moreira e que auxiliou no desenvolvimento do trabalho.<\/p>\n<p>Sob esses pensamentos, inicio a disserta\u00e7\u00e3o estabelecendo uma base para compreender de que forma o racismo se mant\u00e9m desde os tempos de col\u00f4nia no Brasil e o que significa falar em \u201cracismo estrutural\u201d atualmente. Na sequ\u00eancia, analiso as principais tentativas de repara\u00e7\u00e3o \u00e0 popula\u00e7\u00e3o negra no pa\u00eds, por meio de tentativas de legisla\u00e7\u00e3o antirracista, tanto na \u00e1rea penal quando educacional. A partir disso \u00e9 que passo a abordar as especificidades trazidas pelo racismo online e quais as suas principais diferen\u00e7as, para fins deste trabalho, em rela\u00e7\u00e3o ao racismo algor\u00edtmico.<\/p>\n<p>Todo esse conte\u00fado \u00e9 o que servir\u00e1 de fundamento para realizar uma an\u00e1lise de decis\u00f5es judiciais que versam sobre racismo online, a fim de investigar as quest\u00f5es principais que s\u00e3o levantadas nesses casos e quais os desafios para o futuro da legisla\u00e7\u00e3o antirracista perante o avan\u00e7o de novas tecnologias de informa\u00e7\u00e3o e comunica\u00e7\u00e3o.<\/p>\n<p>Quer saber mais sobre os resultados e conclus\u00f5es dessa pesquisa? Confira a publica\u00e7\u00e3o do texto completo em breve!<\/p>\n","protected":false},"excerpt":{"rendered":"<p>Autora: Fernanda dos Santos Rodrigues Silva &#8211; fernandar1849@gmail.com Orientadora: Nina Tr\u00edcia Disconzi Rodrigues \u00a0 O mundo est\u00e1 cada vez mais conectado com a internet, isso j\u00e1 \u00e9 fato. S\u00f3 que se o ciberespa\u00e7o virou mais um local para nos conectarmos, interagirmos e at\u00e9 mesmo trabalharmos, isso significa que ele tamb\u00e9m pode ter deixado espa\u00e7o para [&hellip;]<\/p>\n","protected":false},"author":536,"featured_media":0,"parent":0,"menu_order":0,"comment_status":"closed","ping_status":"closed","template":"","meta":{"footnotes":""},"categories":[],"tags":[],"class_list":["post-4306","page","type-page","status-publish","hentry"],"acf":[],"_links":{"self":[{"href":"https:\/\/www.ufsm.br\/cursos\/pos-graduacao\/santa-maria\/ppgd\/wp-json\/wp\/v2\/pages\/4306","targetHints":{"allow":["GET"]}}],"collection":[{"href":"https:\/\/www.ufsm.br\/cursos\/pos-graduacao\/santa-maria\/ppgd\/wp-json\/wp\/v2\/pages"}],"about":[{"href":"https:\/\/www.ufsm.br\/cursos\/pos-graduacao\/santa-maria\/ppgd\/wp-json\/wp\/v2\/types\/page"}],"author":[{"embeddable":true,"href":"https:\/\/www.ufsm.br\/cursos\/pos-graduacao\/santa-maria\/ppgd\/wp-json\/wp\/v2\/users\/536"}],"replies":[{"embeddable":true,"href":"https:\/\/www.ufsm.br\/cursos\/pos-graduacao\/santa-maria\/ppgd\/wp-json\/wp\/v2\/comments?post=4306"}],"version-history":[{"count":0,"href":"https:\/\/www.ufsm.br\/cursos\/pos-graduacao\/santa-maria\/ppgd\/wp-json\/wp\/v2\/pages\/4306\/revisions"}],"wp:attachment":[{"href":"https:\/\/www.ufsm.br\/cursos\/pos-graduacao\/santa-maria\/ppgd\/wp-json\/wp\/v2\/media?parent=4306"}],"wp:term":[{"taxonomy":"category","embeddable":true,"href":"https:\/\/www.ufsm.br\/cursos\/pos-graduacao\/santa-maria\/ppgd\/wp-json\/wp\/v2\/categories?post=4306"},{"taxonomy":"post_tag","embeddable":true,"href":"https:\/\/www.ufsm.br\/cursos\/pos-graduacao\/santa-maria\/ppgd\/wp-json\/wp\/v2\/tags?post=4306"}],"curies":[{"name":"wp","href":"https:\/\/api.w.org\/{rel}","templated":true}]}}