{"id":5377,"date":"2024-07-24T08:36:22","date_gmt":"2024-07-24T11:36:22","guid":{"rendered":"https:\/\/www.ufsm.br\/cursos\/pos-graduacao\/santa-maria\/ppgd\/?page_id=5377"},"modified":"2024-07-24T08:36:24","modified_gmt":"2024-07-24T11:36:24","slug":"a-tributacao-ambiental-e-a-industria-da-moda-uma-analise-dos-relatorios-anuais-das-marcas-de-fast-fashion-a-partir-dos-vieses-da-sustentabilidade","status":"publish","type":"page","link":"https:\/\/www.ufsm.br\/cursos\/pos-graduacao\/santa-maria\/ppgd\/a-tributacao-ambiental-e-a-industria-da-moda-uma-analise-dos-relatorios-anuais-das-marcas-de-fast-fashion-a-partir-dos-vieses-da-sustentabilidade","title":{"rendered":"A TRIBUTA\u00c7\u00c3O AMBIENTAL E A IND\u00daSTRIA DA MODA: UMA AN\u00c1LISE DOS RELAT\u00d3RIOS ANUAIS DAS MARCAS DE FAST FASHION A PARTIR DOS VIESES DA SUSTENTABILIDADE"},"content":{"rendered":"\n<p style=\"text-align: center\">Nath\u00e1lia Zampieri Antunes &#8211; nathaliazampieria@gmail.com<\/p>\n<p style=\"text-align: center\">Orientadora: Prof. Dra Isabel Christine Silva De Gregori<\/p>\n<p>Apesar de comumente ser vista com os olhos do utilitarismo, a moda pode ser um forte fator de identifica\u00e7\u00e3o do ser humano e de sua cultura, interferindo em sua vida de forma t\u00e3o significativa que seus reflexos extrapolam o mero fator social. Isso pode ser percebido pelas consequ\u00eancias que atingem diretamente os fatores socioambientais, diante da grande polui\u00e7\u00e3o gerada pelo setor industrial voltado a este segmento.<\/p>\n<p>Considerando, portanto, a constante transforma\u00e7\u00e3o do pensamento jur\u00eddico e a import\u00e2ncia do di\u00e1logo entre distintas searas do direito, a tributa\u00e7\u00e3o ambiental surge como uma ferramenta viabilizadora de um direito fundamental: o direito ao meio ambiente equilibrado, de forma que se buscou compreender e analisar a liga\u00e7\u00e3o entre a tributa\u00e7\u00e3o, a moda e a sustentabilidade, por meio da an\u00e1lise dos dados publicados pelos relat\u00f3rios anuais de tr\u00eas grandes ind\u00fastrias fast fashion do vestu\u00e1rio situadas no Brasil (C&amp;A, Lojas Renner S\/A e FARM), observando os reflexos econ\u00f4micos e de car\u00e1ter socioambiental no processo produtivo e das pr\u00e1ticas de produ\u00e7\u00e3o j\u00e1 existentes no ramo da moda para compreender a rela\u00e7\u00e3o entre economia e sustentabilidade.<\/p>\n<p>Por meio do olhar da extrafiscalidade como um meio de indu\u00e7\u00e3o de condutas positivas, buscou se observar como a tributa\u00e7\u00e3o ambiental impacta na mudan\u00e7a de pr\u00e1ticas utilizadas pela ind\u00fastria da moda na perspectiva dos vieses da sustentabilidade, adotando-se um olhar da tributa\u00e7\u00e3o al\u00e9m da mera arrecada\u00e7\u00e3o.<\/p>\n<p>Concluiu-se, por fim, que \u00e9 necess\u00e1ria uma adapta\u00e7\u00e3o do sistema tribut\u00e1rio nacional mediante a promo\u00e7\u00e3o de pol\u00edticas p\u00fablicas direcionadas ao panorama sustent\u00e1vel, para que a tributa\u00e7\u00e3o ambiental possa contribuir para um cen\u00e1rio de mudan\u00e7a voltado a todos os vieses da multidimensionalidade da sustentabilidade, concretizando um panorama de protagonismo da extrafiscalide para que esta possa de fato celebrar mudan\u00e7as duradouras e transformadoras para a sociedade.<\/p>\n<p>Portanto, o presente projeto de pesquisa est\u00e1 em conformidade com a \u00e1rea de concentra\u00e7\u00e3o do Programa de P\u00f3s-Gradua\u00e7\u00e3o em Direito da Universidade Federal de Santa Maria, bem como adequada \u00e0 linha de pesquisa \u201cDireitos da Sociobiodiversidade e Sustentabilidade\u201d, inserindo-se na \u00e1rea de concentra\u00e7\u00e3o Direitos Emergentes na Sociedade Global, com \u00eanfase na Linha de Pesquisa Direitos da Sociobiodiversidade: Desenvolvimento e dimens\u00f5es da Sustentabilidade, uma vez que trata diretamente do di\u00e1logo entre a moda, a tributa\u00e7\u00e3o e a sustentabilidade, estando conectado com os debates voltados ao \u00e2mbito da Sociobiodiversidade.<\/p>\n","protected":false},"excerpt":{"rendered":"<p>Nath\u00e1lia Zampieri Antunes &#8211; nathaliazampieria@gmail.com Orientadora: Prof. Dra Isabel Christine Silva De Gregori Apesar de comumente ser vista com os olhos do utilitarismo, a moda pode ser um forte fator de identifica\u00e7\u00e3o do ser humano e de sua cultura, interferindo em sua vida de forma t\u00e3o significativa que seus reflexos extrapolam o mero fator social. [&hellip;]<\/p>\n","protected":false},"author":536,"featured_media":0,"parent":0,"menu_order":0,"comment_status":"closed","ping_status":"closed","template":"","meta":{"footnotes":""},"categories":[],"tags":[],"class_list":["post-5377","page","type-page","status-publish","hentry"],"acf":[],"_links":{"self":[{"href":"https:\/\/www.ufsm.br\/cursos\/pos-graduacao\/santa-maria\/ppgd\/wp-json\/wp\/v2\/pages\/5377","targetHints":{"allow":["GET"]}}],"collection":[{"href":"https:\/\/www.ufsm.br\/cursos\/pos-graduacao\/santa-maria\/ppgd\/wp-json\/wp\/v2\/pages"}],"about":[{"href":"https:\/\/www.ufsm.br\/cursos\/pos-graduacao\/santa-maria\/ppgd\/wp-json\/wp\/v2\/types\/page"}],"author":[{"embeddable":true,"href":"https:\/\/www.ufsm.br\/cursos\/pos-graduacao\/santa-maria\/ppgd\/wp-json\/wp\/v2\/users\/536"}],"replies":[{"embeddable":true,"href":"https:\/\/www.ufsm.br\/cursos\/pos-graduacao\/santa-maria\/ppgd\/wp-json\/wp\/v2\/comments?post=5377"}],"version-history":[{"count":0,"href":"https:\/\/www.ufsm.br\/cursos\/pos-graduacao\/santa-maria\/ppgd\/wp-json\/wp\/v2\/pages\/5377\/revisions"}],"wp:attachment":[{"href":"https:\/\/www.ufsm.br\/cursos\/pos-graduacao\/santa-maria\/ppgd\/wp-json\/wp\/v2\/media?parent=5377"}],"wp:term":[{"taxonomy":"category","embeddable":true,"href":"https:\/\/www.ufsm.br\/cursos\/pos-graduacao\/santa-maria\/ppgd\/wp-json\/wp\/v2\/categories?post=5377"},{"taxonomy":"post_tag","embeddable":true,"href":"https:\/\/www.ufsm.br\/cursos\/pos-graduacao\/santa-maria\/ppgd\/wp-json\/wp\/v2\/tags?post=5377"}],"curies":[{"name":"wp","href":"https:\/\/api.w.org\/{rel}","templated":true}]}}