{"id":5381,"date":"2024-07-24T08:56:42","date_gmt":"2024-07-24T11:56:42","guid":{"rendered":"https:\/\/www.ufsm.br\/cursos\/pos-graduacao\/santa-maria\/ppgd\/?page_id=5381"},"modified":"2024-07-24T08:56:43","modified_gmt":"2024-07-24T11:56:43","slug":"indicacoes-geograficas-e-marcas-coletivas-um-olhar-a-regiao-do-vale-dos-vinhedos-e-da-vinhateiros-do-vale","status":"publish","type":"page","link":"https:\/\/www.ufsm.br\/cursos\/pos-graduacao\/santa-maria\/ppgd\/indicacoes-geograficas-e-marcas-coletivas-um-olhar-a-regiao-do-vale-dos-vinhedos-e-da-vinhateiros-do-vale","title":{"rendered":"INDICA\u00c7\u00d5ES GEOGR\u00c1FICAS E MARCAS COLETIVAS: UM OLHAR \u00c0 REGI\u00c3O DO VALE DOS VINHEDOS E DA VINHATEIROS DO VALE"},"content":{"rendered":"\n<p style=\"text-align: center\">Autora: Fernanda Rodrigues &#8211; <span class=\"qu\" role=\"gridcell\"><span class=\"go\">fernanda.rodrigues.0895@gmail.com<\/span><\/span><\/p>\n<p style=\"text-align: center\">Orientadora: Prof. Dr\u00aa Isabel Christine Silva De Gregori<\/p>\n<p>\u00a0<\/p>\n<p>No rol de direitos da propriedade industrial, o qual tem por finalidade o desenvolvimento econ\u00f4mico e tecnol\u00f3gico do pa\u00eds, existem esp\u00e9cies voltadas a identificar e conferir prote\u00e7\u00e3o aos sinais distintivos de qualidade e proced\u00eancia de um determinado produto ou servi\u00e7o, com qualidades ou caracter\u00edsticas atreladas ao meio geogr\u00e1fico do qual \u00e9 origin\u00e1rio. Trata-se do instituto das indica\u00e7\u00f5es geogr\u00e1ficas.<\/p>\n<p>\u00a0<\/p>\n<p>Al\u00e9m de agregar valor a determinado produto ou servi\u00e7o, as indica\u00e7\u00f5es geogr\u00e1ficas acabam por agregar valor as propriedades, aos produtores ou prestadores e a regi\u00e3o como um todo, fomentando assim, toda a cadeira produtiva da regi\u00e3o.<\/p>\n<p>\u00a0<\/p>\n<p>No contexto brasileiro, existe uma s\u00e9rie de produtos j\u00e1 identificados por uma indica\u00e7\u00e3o geogr\u00e1fica, em especial, produtos agroalimentares e bebidas. O setor vitivin\u00edcola, por exemplo, pode atribuir parte do seu impulsionamento e visibilidade as indica\u00e7\u00f5es geogr\u00e1ficas.<\/p>\n<p>\u00a0<\/p>\n<p>Por outro lado, o direito de propriedade industrial tamb\u00e9m tutela outra modalidade de signo distintivo apto a individualizar produtos e servi\u00e7os, qual seja, o instituto das marcas.<\/p>\n<p>\u00a0<\/p>\n<p>No contexto da sociedade globalizada, a utiliza\u00e7\u00e3o e a prote\u00e7\u00e3o das marcas, s\u00e3o imprescind\u00edveis aos empres\u00e1rios e \u00e0s sociedades empres\u00e1rias para que possam posicionar o seu produto ou servi\u00e7o no mercado consumerista, eis que se tratam de ferramenta apta a potencializar os neg\u00f3cios e atrair clientelas.<\/p>\n<p>\u00a0<\/p>\n<p>Na seara das marcas, tem-se a classe de marcas denominadas como \u201cmarcas coletivas\u201d, pertencentes \u00e0 uma coletividade, ou seja, a diversos membros integrantes de uma entidade coletiva.<\/p>\n<p>\u00a0<\/p>\n<p>A partir desta breve contextualiza\u00e7\u00e3o sobre indica\u00e7\u00f5es geogr\u00e1ficas e marcas coletivas, \u00e9 curioso estudar a rela\u00e7\u00e3o entre esses dois institutos e qual a finalidade de ambos em uma sociedade globalizada, principalmente quando atreladas, e seus reflexos \u00e0 regi\u00e3o e aos produtores.<\/p>\n<p>\u00a0<\/p>\n<p>Desta forma, a disserta\u00e7\u00e3o de mestrado intitulada como \u201cINDICA\u00c7\u00d5ES GEOGR\u00c1FICAS E MARCAS COLETIVAS: UM OLHAR \u00c0 REGI\u00c3O DO VALE DOS VINHEDOS E DA VINHATEIROS DO VALE\u201d, teve como objetivo, a partir de uma an\u00e1lise da indica\u00e7\u00e3o geogr\u00e1fica Vale dos Vinhedos e da marca coletiva Vinhateiros do Vale, questionar em que medida estes dois institutos, ainda que diversos, se complementam e de que forma a marca coletiva pode ser protagonista no empoderamento e desenvolvimento de pequenos e m\u00e9dios produtores de vinhos?<\/p>\n<p>\u00a0\u00a0\u00a0\u00a0\u00a0\u00a0\u00a0\u00a0\u00a0\u00a0\u00a0<\/p>\n<p>\u00a0A pesquisa foi dividida em tr\u00eas momentos. O primeiro cap\u00edtulo versou sobre no\u00e7\u00f5es conceituais, legislativas e introdut\u00f3rias acerca da propriedade intelectual, adentrando-se na an\u00e1lise das indica\u00e7\u00f5es geogr\u00e1ficas no contexto brasileiro. No segundo cap\u00edtulo, foram abordados os construtos conceituais e legislativos das marcas, at\u00e9 adentrar-se na quest\u00e3o espec\u00edfica da marca coletiva, visando demonstrar o seu imbricamento, similaridades e diferen\u00e7as com as indica\u00e7\u00f5es geogr\u00e1ficas. Por fim, junto ao terceiro cap\u00edtulo, analisou-se os entornos da sustentabilidade e suas multidimens\u00f5es e, as poss\u00edveis respostas ao problema de pesquisa proposto, o que foi construindo a partir de uma an\u00e1lise da experi\u00eancia regional do Vale dos Vinhedos e da marca coletiva Vinhateiros do Vale.<\/p>\n<p>\u00a0<\/p>\n","protected":false},"excerpt":{"rendered":"<p>Autora: Fernanda Rodrigues &#8211; fernanda.rodrigues.0895@gmail.com Orientadora: Prof. Dr\u00aa Isabel Christine Silva De Gregori \u00a0 No rol de direitos da propriedade industrial, o qual tem por finalidade o desenvolvimento econ\u00f4mico e tecnol\u00f3gico do pa\u00eds, existem esp\u00e9cies voltadas a identificar e conferir prote\u00e7\u00e3o aos sinais distintivos de qualidade e proced\u00eancia de um determinado produto ou servi\u00e7o, com [&hellip;]<\/p>\n","protected":false},"author":536,"featured_media":0,"parent":0,"menu_order":0,"comment_status":"closed","ping_status":"closed","template":"","meta":{"footnotes":""},"categories":[],"tags":[],"class_list":["post-5381","page","type-page","status-publish","hentry"],"acf":[],"_links":{"self":[{"href":"https:\/\/www.ufsm.br\/cursos\/pos-graduacao\/santa-maria\/ppgd\/wp-json\/wp\/v2\/pages\/5381","targetHints":{"allow":["GET"]}}],"collection":[{"href":"https:\/\/www.ufsm.br\/cursos\/pos-graduacao\/santa-maria\/ppgd\/wp-json\/wp\/v2\/pages"}],"about":[{"href":"https:\/\/www.ufsm.br\/cursos\/pos-graduacao\/santa-maria\/ppgd\/wp-json\/wp\/v2\/types\/page"}],"author":[{"embeddable":true,"href":"https:\/\/www.ufsm.br\/cursos\/pos-graduacao\/santa-maria\/ppgd\/wp-json\/wp\/v2\/users\/536"}],"replies":[{"embeddable":true,"href":"https:\/\/www.ufsm.br\/cursos\/pos-graduacao\/santa-maria\/ppgd\/wp-json\/wp\/v2\/comments?post=5381"}],"version-history":[{"count":0,"href":"https:\/\/www.ufsm.br\/cursos\/pos-graduacao\/santa-maria\/ppgd\/wp-json\/wp\/v2\/pages\/5381\/revisions"}],"wp:attachment":[{"href":"https:\/\/www.ufsm.br\/cursos\/pos-graduacao\/santa-maria\/ppgd\/wp-json\/wp\/v2\/media?parent=5381"}],"wp:term":[{"taxonomy":"category","embeddable":true,"href":"https:\/\/www.ufsm.br\/cursos\/pos-graduacao\/santa-maria\/ppgd\/wp-json\/wp\/v2\/categories?post=5381"},{"taxonomy":"post_tag","embeddable":true,"href":"https:\/\/www.ufsm.br\/cursos\/pos-graduacao\/santa-maria\/ppgd\/wp-json\/wp\/v2\/tags?post=5381"}],"curies":[{"name":"wp","href":"https:\/\/api.w.org\/{rel}","templated":true}]}}