{"id":5383,"date":"2024-07-24T09:04:21","date_gmt":"2024-07-24T12:04:21","guid":{"rendered":"https:\/\/www.ufsm.br\/cursos\/pos-graduacao\/santa-maria\/ppgd\/?page_id=5383"},"modified":"2024-07-24T09:04:22","modified_gmt":"2024-07-24T12:04:22","slug":"a-protecao-dos-direitos-fundamentais-de-criancas-e-adolescentes-brasileiros-expostos-aos-jogos-de-desafio-na-internet","status":"publish","type":"page","link":"https:\/\/www.ufsm.br\/cursos\/pos-graduacao\/santa-maria\/ppgd\/a-protecao-dos-direitos-fundamentais-de-criancas-e-adolescentes-brasileiros-expostos-aos-jogos-de-desafio-na-internet","title":{"rendered":"A PROTE\u00c7\u00c3O DOS DIREITOS FUNDAMENTAIS DE CRIAN\u00c7AS E ADOLESCENTES BRASILEIROS EXPOSTOS AOS \u2018JOGOS\u2019 DE DESAFIO NA INTERNET"},"content":{"rendered":"\n<p>\u00a0<\/p>\n<p style=\"text-align: center\">Elisa Viana Dias Chaves &#8211; elisavdc@gmail.com<\/p>\n<p style=\"text-align: center\">Orientadora: Prof.a Dr.a Rosane Leal da Silva<\/p>\n<p>\u00a0<\/p>\n<p>Crian\u00e7as e adolescentes vivem em um mundo cada dia mais conectado, experimentam novas formas de divers\u00e3o e intera\u00e7\u00e3o no ambiente online. Embora esse universo possa abrir portas que facilitam a informa\u00e7\u00e3o, a dissemina\u00e7\u00e3o de ideias, a comunica\u00e7\u00e3o e o entretenimento, facilita tamb\u00e9m o contato com conte\u00fados por vezes prejudiciais, como \u00e9 o caso dos chamados \u2018jogos\u2019 de desafio.<\/p>\n<p>Tais desafios consistem em supostas pr\u00e1ticas de supera\u00e7\u00e3o pessoal, em que os participantes gravam e publicam v\u00eddeos em suas redes sociais, especialmente (mas n\u00e3o apenas) no <em>Youtube<\/em>, de modo a se apresentar como corajoso, superior, popular e engra\u00e7ado, o que frequentemente envolve tarefas de autorexposi\u00e7\u00e3o a perigo de les\u00f5es f\u00edsicas e psicol\u00f3gicas, as quais podem at\u00e9 mesmo culminar na morte dos participantes.<\/p>\n<p>Quanto maior o perigo a que se exp\u00f5em, maior a quantidade de curtidas e visualiza\u00e7\u00f5es dos perfis, o que leva, por muitas vezes, a\u00a0 monetiza\u00e7\u00e3o de seus canais. Por outro lado, os que assistem seus \u201c\u00eddolos\u201d passam a tentar super\u00e1-los de modo a adquirir igual \u201cfama\u201d, prest\u00edgio e dinheiro, o que adv\u00e9m tanto das visualiza\u00e7\u00f5es e curtidas, como dos pr\u00f3prios patrocinadores, com publicidade no canal do influenciador digital.<\/p>\n<p>Esse tipo de conduta, que resulta em um verdadeiro ciclo, apenas renovando a esp\u00e9cie de desafio, cada vez mais perigoso, \u00e9 efetivamente um problema mundial, na medida em que os desafios n\u00e3o encontram barreiras de espa\u00e7o e tempo, ante a sua r\u00e1pida dissemina\u00e7\u00e3o por meio da internet.<\/p>\n<p>Nesse contexto, os \u2018jogos\u2019 de desafio s\u00e3o uma preocupa\u00e7\u00e3o mundial na atualidade, raz\u00e3o pela qual o estudo do tema \u00e9 de extrema relev\u00e2ncia para a compreens\u00e3o do papel da fam\u00edlia, Estado e sociedade na prote\u00e7\u00e3o e promo\u00e7\u00e3o dos direitos fundamentais de crian\u00e7as e adolescentes expostos a esses riscos.<\/p>\n<p>Por meio da an\u00e1lise de casos reais, livremente disponibilizados no <em>\u201cYoutube\u201d, <\/em>s\u00e3o constatados os riscos a que ficam expostos esses participantes, para em seguida verificar a experi\u00eancia da Uni\u00e3o Europeia no combate e preven\u00e7\u00e3o a esses desafios, com o intuito de observar quais medidas poderiam ser reproduzidas e adaptadas no contexto brasileiro.<\/p>\n<p>Por fim, s\u00e3o apresentadas conclus\u00f5es acerca da responsabilidade dos encarregados da prote\u00e7\u00e3o integral na realidade brasileira, com a apresenta\u00e7\u00e3o de propostas para que crian\u00e7as e adolescentes tenham assegurados seus direitos fundamentais\u00a0 tamb\u00e9m no ambiente digital.<\/p>\n<p>\u00a0<\/p>\n","protected":false},"excerpt":{"rendered":"<p>\u00a0 Elisa Viana Dias Chaves &#8211; elisavdc@gmail.com Orientadora: Prof.a Dr.a Rosane Leal da Silva \u00a0 Crian\u00e7as e adolescentes vivem em um mundo cada dia mais conectado, experimentam novas formas de divers\u00e3o e intera\u00e7\u00e3o no ambiente online. Embora esse universo possa abrir portas que facilitam a informa\u00e7\u00e3o, a dissemina\u00e7\u00e3o de ideias, a comunica\u00e7\u00e3o e o entretenimento, [&hellip;]<\/p>\n","protected":false},"author":536,"featured_media":0,"parent":0,"menu_order":0,"comment_status":"closed","ping_status":"closed","template":"","meta":{"footnotes":""},"categories":[],"tags":[],"class_list":["post-5383","page","type-page","status-publish","hentry"],"acf":[],"_links":{"self":[{"href":"https:\/\/www.ufsm.br\/cursos\/pos-graduacao\/santa-maria\/ppgd\/wp-json\/wp\/v2\/pages\/5383","targetHints":{"allow":["GET"]}}],"collection":[{"href":"https:\/\/www.ufsm.br\/cursos\/pos-graduacao\/santa-maria\/ppgd\/wp-json\/wp\/v2\/pages"}],"about":[{"href":"https:\/\/www.ufsm.br\/cursos\/pos-graduacao\/santa-maria\/ppgd\/wp-json\/wp\/v2\/types\/page"}],"author":[{"embeddable":true,"href":"https:\/\/www.ufsm.br\/cursos\/pos-graduacao\/santa-maria\/ppgd\/wp-json\/wp\/v2\/users\/536"}],"replies":[{"embeddable":true,"href":"https:\/\/www.ufsm.br\/cursos\/pos-graduacao\/santa-maria\/ppgd\/wp-json\/wp\/v2\/comments?post=5383"}],"version-history":[{"count":0,"href":"https:\/\/www.ufsm.br\/cursos\/pos-graduacao\/santa-maria\/ppgd\/wp-json\/wp\/v2\/pages\/5383\/revisions"}],"wp:attachment":[{"href":"https:\/\/www.ufsm.br\/cursos\/pos-graduacao\/santa-maria\/ppgd\/wp-json\/wp\/v2\/media?parent=5383"}],"wp:term":[{"taxonomy":"category","embeddable":true,"href":"https:\/\/www.ufsm.br\/cursos\/pos-graduacao\/santa-maria\/ppgd\/wp-json\/wp\/v2\/categories?post=5383"},{"taxonomy":"post_tag","embeddable":true,"href":"https:\/\/www.ufsm.br\/cursos\/pos-graduacao\/santa-maria\/ppgd\/wp-json\/wp\/v2\/tags?post=5383"}],"curies":[{"name":"wp","href":"https:\/\/api.w.org\/{rel}","templated":true}]}}