{"id":5386,"date":"2024-07-24T09:14:08","date_gmt":"2024-07-24T12:14:08","guid":{"rendered":"https:\/\/www.ufsm.br\/cursos\/pos-graduacao\/santa-maria\/ppgd\/?page_id=5386"},"modified":"2024-07-24T09:14:09","modified_gmt":"2024-07-24T12:14:09","slug":"os-impactos-socioambientais-da-quarta-revolucao-industrial-precarizacao-do-trabalho-e-esgotamento-da-natureza","status":"publish","type":"page","link":"https:\/\/www.ufsm.br\/cursos\/pos-graduacao\/santa-maria\/ppgd\/os-impactos-socioambientais-da-quarta-revolucao-industrial-precarizacao-do-trabalho-e-esgotamento-da-natureza","title":{"rendered":"OS IMPACTOS SOCIOAMBIENTAIS DA QUARTA REVOLU\u00c7\u00c3O INDUSTRIAL: PRECARIZA\u00c7\u00c3O DO TRABALHO E ESGOTAMENTO DA NATUREZA"},"content":{"rendered":"\n<p style=\"text-align: center\">Patr\u00edcia Pinton &#8211; patriciapinton@yahoo.com.br<\/p>\n<p style=\"text-align: center\">Orientadora: Prof.a Dr.a Maria Beatriz Oliveira da Silva<\/p>\n<p>A Quarta Revolu\u00e7\u00e3o Industrial j\u00e1 est\u00e1 em curso e pode ser considerada como a representa\u00e7\u00e3o da era da automa\u00e7\u00e3o, da intelig\u00eancia artificial, da nanoci\u00eancia e da programa\u00e7\u00e3o, peculiaridades inerentes \u00e0s grandes modifica\u00e7\u00f5es a que se prop\u00f5e, cujo conte\u00fado, de natureza in\u00e9dita, possui potencial para gerar consequ\u00eancias nunca antes experimentadas pela esp\u00e9cie humana. Perante essa realidade, verifica-se a necessidade de questionar-se acerca dos prov\u00e1veis impactos provocados por estas mudan\u00e7as, cuja capacidade atinge, na ess\u00eancia, dois campos de extrema relev\u00e2ncia da vida humana: o social e o ambiental.<\/p>\n<p>Assim, compreende-se que a Quarta Revolu\u00e7\u00e3o Industrial se refere a um fen\u00f4meno capaz de revolucionar n\u00e3o apenas o modo como os indiv\u00edduos agem e se relacionam, mas tamb\u00e9m, substancialmente, o modo como pensam. As tecnologias desenvolvidas carregam enorme complexidade e que, ao certo, ningu\u00e9m sabe qual ser\u00e1 o seu ponto de chegada. Assim, in\u00fameras hip\u00f3teses s\u00e3o levantadas em rela\u00e7\u00e3o aos seus reais impactos, isso devido a sua tamanha abrang\u00eancia. Partindo-se das bases te\u00f3ricas, chegar-se \u00e1 a comprova\u00e7\u00e3o da hip\u00f3tese, segundo a qual os principais resultados preveem impactos sociais e ambientais positivos, mas, em medida ainda maior, extremamente negativos, agravados em fun\u00e7\u00e3o do descaso com o meio ambiente e com a gradativa precariza\u00e7\u00e3o do mundo do trabalho e, por consequ\u00eancia, da pr\u00f3pria vida humana.<\/p>\n<p>\u00a0<\/p>\n","protected":false},"excerpt":{"rendered":"<p>Patr\u00edcia Pinton &#8211; patriciapinton@yahoo.com.br Orientadora: Prof.a Dr.a Maria Beatriz Oliveira da Silva A Quarta Revolu\u00e7\u00e3o Industrial j\u00e1 est\u00e1 em curso e pode ser considerada como a representa\u00e7\u00e3o da era da automa\u00e7\u00e3o, da intelig\u00eancia artificial, da nanoci\u00eancia e da programa\u00e7\u00e3o, peculiaridades inerentes \u00e0s grandes modifica\u00e7\u00f5es a que se prop\u00f5e, cujo conte\u00fado, de natureza in\u00e9dita, possui potencial [&hellip;]<\/p>\n","protected":false},"author":536,"featured_media":0,"parent":0,"menu_order":0,"comment_status":"closed","ping_status":"closed","template":"","meta":{"footnotes":""},"categories":[],"tags":[],"class_list":["post-5386","page","type-page","status-publish","hentry"],"acf":[],"_links":{"self":[{"href":"https:\/\/www.ufsm.br\/cursos\/pos-graduacao\/santa-maria\/ppgd\/wp-json\/wp\/v2\/pages\/5386","targetHints":{"allow":["GET"]}}],"collection":[{"href":"https:\/\/www.ufsm.br\/cursos\/pos-graduacao\/santa-maria\/ppgd\/wp-json\/wp\/v2\/pages"}],"about":[{"href":"https:\/\/www.ufsm.br\/cursos\/pos-graduacao\/santa-maria\/ppgd\/wp-json\/wp\/v2\/types\/page"}],"author":[{"embeddable":true,"href":"https:\/\/www.ufsm.br\/cursos\/pos-graduacao\/santa-maria\/ppgd\/wp-json\/wp\/v2\/users\/536"}],"replies":[{"embeddable":true,"href":"https:\/\/www.ufsm.br\/cursos\/pos-graduacao\/santa-maria\/ppgd\/wp-json\/wp\/v2\/comments?post=5386"}],"version-history":[{"count":0,"href":"https:\/\/www.ufsm.br\/cursos\/pos-graduacao\/santa-maria\/ppgd\/wp-json\/wp\/v2\/pages\/5386\/revisions"}],"wp:attachment":[{"href":"https:\/\/www.ufsm.br\/cursos\/pos-graduacao\/santa-maria\/ppgd\/wp-json\/wp\/v2\/media?parent=5386"}],"wp:term":[{"taxonomy":"category","embeddable":true,"href":"https:\/\/www.ufsm.br\/cursos\/pos-graduacao\/santa-maria\/ppgd\/wp-json\/wp\/v2\/categories?post=5386"},{"taxonomy":"post_tag","embeddable":true,"href":"https:\/\/www.ufsm.br\/cursos\/pos-graduacao\/santa-maria\/ppgd\/wp-json\/wp\/v2\/tags?post=5386"}],"curies":[{"name":"wp","href":"https:\/\/api.w.org\/{rel}","templated":true}]}}