{"id":5389,"date":"2024-07-24T09:26:20","date_gmt":"2024-07-24T12:26:20","guid":{"rendered":"https:\/\/www.ufsm.br\/cursos\/pos-graduacao\/santa-maria\/ppgd\/?page_id=5389"},"modified":"2024-07-24T09:26:22","modified_gmt":"2024-07-24T12:26:22","slug":"da-terra-ao-pao-a-reforma-agraria-como-condicao-para-garantia-da-seguranca-alimentar-a-partir-da-cootap-ltda","status":"publish","type":"page","link":"https:\/\/www.ufsm.br\/cursos\/pos-graduacao\/santa-maria\/ppgd\/da-terra-ao-pao-a-reforma-agraria-como-condicao-para-garantia-da-seguranca-alimentar-a-partir-da-cootap-ltda","title":{"rendered":"DA TERRA AO P\u00c3O: A REFORMA AGR\u00c1RIA COMO CONDI\u00c7\u00c3O PARA GARANTIA DA SEGURAN\u00c7A ALIMENTAR A PARTIR DA COOTAP- LTDA"},"content":{"rendered":"\n<p style=\"text-align: center\">Autora: Cassiane Fortes Bueno<\/p>\n<p style=\"text-align: center\">Orientador: \u00a0Prof. Dr. Luiz Ernani Bonesso de Ara\u00fajo<\/p>\n<p>\u00a0<\/p>\n<p>\u00a0\u00a0\u00a0\u00a0\u00a0\u00a0\u00a0\u00a0\u00a0\u00a0\u00a0\u00a0\u00a0\u00a0\u00a0 Entre as diversas quest\u00f5es mal resolvidas durante a forma\u00e7\u00e3o e constru\u00e7\u00e3o do Brasil, a quest\u00e3o fundi\u00e1ria chama aten\u00e7\u00e3o, tanto pelo \u00edndice de concentra\u00e7\u00e3o que atinge o pa\u00eds h\u00e1 s\u00e9culos, quanto pelo impacto que essa concentra\u00e7\u00e3o causa nas mais diversas \u00e1reas da sociedade. No Brasil o debate sobre a fome \u00e9 cotidiano, apesar de fases melhores, como entre 2004 e 2012, \u00e9 sempre um assunto que n\u00e3o sai do debate pol\u00edtico.<\/p>\n<p>\u00a0\u00a0\u00a0\u00a0\u00a0\u00a0\u00a0\u00a0\u00a0\u00a0\u00a0\u00a0\u00a0\u00a0\u00a0 Na intersec\u00e7\u00e3o desses dois assuntos surgem argumentos no sentido de que o Brasil \u00e9 o maior produtor de alimentos, que o agroneg\u00f3cio brasileiro alimenta o pa\u00eds (e at\u00e9 o mundo) e por isso deve ser ovacionado, neste debate raso a distribui\u00e7\u00e3o de cestas b\u00e1sicas se torna o ponto principal no combate \u00e0 fome. Ocorre que \u00e9 necess\u00e1rio maior reflex\u00e3o acerca do modelo produtivo que \u00e9 adotado no Brasil, baseado em latif\u00fandios, monocultores, que visam a produ\u00e7\u00e3o de gr\u00e3os para a exporta\u00e7\u00e3o, que alimentar\u00e3o porcos, galinhas e gado em diversos pa\u00edses do mundo. Isto \u00e9, o modo de produ\u00e7\u00e3o no Brasil, hoje, n\u00e3o tem a inten\u00e7\u00e3o de contribuir para a seguran\u00e7a alimentar e nutricional dos brasileiros.<\/p>\n<p>\u00a0\u00a0\u00a0\u00a0\u00a0\u00a0\u00a0\u00a0\u00a0\u00a0\u00a0\u00a0\u00a0\u00a0\u00a0 Assim, uma das perguntas a ser respondida \u00e9 como mudar esse modelo de produ\u00e7\u00e3o e a consequente maior produ\u00e7\u00e3o de alimentos saud\u00e1veis. Respondo: Reforma Agr\u00e1ria Popular. Atrav\u00e9s da distribui\u00e7\u00e3o de terras, desde que aliada a outras pol\u00edticas de fomento \u00e0 agricultura familiar, org\u00e2nica e agroecol\u00f3gica \u00e9 poss\u00edvel observar um outro cen\u00e1rio. Por isso eu trabalho busca questionar: quais os limites e as possibilidades dos assentamentos da reforma agr\u00e1ria configurarem-se como fatores decisivos na garantia da seguran\u00e7a alimentar para os assentados e para a comunidade, a partir do estudo de caso dos assentamentos que fazem parte da\u00a0Cooperativa Dos Trabalhadores Assentados Da Regi\u00e3o De Porto Alegre LTDA (COOTAP)?<\/p>\n<p>\u00a0\u00a0\u00a0\u00a0\u00a0\u00a0\u00a0\u00a0\u00a0\u00a0\u00a0\u00a0\u00a0\u00a0\u00a0 Para tanto, uma das ferramentas utilizadas foi a coleta de dados atrav\u00e9s de pesquisa de campo, objetivando realizar um estudo sobre as condi\u00e7\u00f5es de alimenta\u00e7\u00e3o dos assentados ligados \u00e0 COOTAP, al\u00e9m dos impactos da cooperativa para a comunidade, no per\u00edodo entre 2020 e 2021, a fim de verificar de que modo a democratiza\u00e7\u00e3o da terra pode colaborar com o direito \u00e0 alimenta\u00e7\u00e3o adequada e saud\u00e1vel. A pesquisa foi quantitativa e qualitativa, a primeira encontrou dados atrav\u00e9s da EBIA, escala tamb\u00e9m utilizada pelo IBGE, enquanto a segunda foi realizada por entrevistas semiestruturadas.<\/p>\n<p>\u00a0\u00a0\u00a0\u00a0\u00a0\u00a0\u00a0\u00a0\u00a0\u00a0\u00a0\u00a0\u00a0\u00a0\u00a0 Com isso, observou-se que os dados dentro dos assentamentos vinculados \u00e0 COOTAP s\u00e3o muito superiores aos encontrados no Brasil, como um todo, n\u00e3o foram encontradas fam\u00edlias em situa\u00e7\u00e3o de inseguran\u00e7a alimentar moderada e grave, nem em situa\u00e7\u00e3o de fome. Al\u00e9m disso, a produ\u00e7\u00e3o para autoconsumo tem papel fundamental neste cen\u00e1rio, bem como a organiza\u00e7\u00e3o e forma\u00e7\u00e3o que a cooperativa propicia para os cooperados.<\/p>\n<p>Quer entender um pouco mais sobre a forma\u00e7\u00e3o fundi\u00e1ria no Brasil e como ela afeta a alimenta\u00e7\u00e3o de todos? Confira a publica\u00e7\u00e3o do trabalho no manancial da UFSM.<\/p>\n","protected":false},"excerpt":{"rendered":"<p>Autora: Cassiane Fortes Bueno Orientador: \u00a0Prof. Dr. Luiz Ernani Bonesso de Ara\u00fajo \u00a0 \u00a0\u00a0\u00a0\u00a0\u00a0\u00a0\u00a0\u00a0\u00a0\u00a0\u00a0\u00a0\u00a0\u00a0\u00a0 Entre as diversas quest\u00f5es mal resolvidas durante a forma\u00e7\u00e3o e constru\u00e7\u00e3o do Brasil, a quest\u00e3o fundi\u00e1ria chama aten\u00e7\u00e3o, tanto pelo \u00edndice de concentra\u00e7\u00e3o que atinge o pa\u00eds h\u00e1 s\u00e9culos, quanto pelo impacto que essa concentra\u00e7\u00e3o causa nas mais diversas \u00e1reas da [&hellip;]<\/p>\n","protected":false},"author":536,"featured_media":0,"parent":0,"menu_order":0,"comment_status":"closed","ping_status":"closed","template":"","meta":{"footnotes":""},"categories":[],"tags":[],"class_list":["post-5389","page","type-page","status-publish","hentry"],"acf":[],"_links":{"self":[{"href":"https:\/\/www.ufsm.br\/cursos\/pos-graduacao\/santa-maria\/ppgd\/wp-json\/wp\/v2\/pages\/5389","targetHints":{"allow":["GET"]}}],"collection":[{"href":"https:\/\/www.ufsm.br\/cursos\/pos-graduacao\/santa-maria\/ppgd\/wp-json\/wp\/v2\/pages"}],"about":[{"href":"https:\/\/www.ufsm.br\/cursos\/pos-graduacao\/santa-maria\/ppgd\/wp-json\/wp\/v2\/types\/page"}],"author":[{"embeddable":true,"href":"https:\/\/www.ufsm.br\/cursos\/pos-graduacao\/santa-maria\/ppgd\/wp-json\/wp\/v2\/users\/536"}],"replies":[{"embeddable":true,"href":"https:\/\/www.ufsm.br\/cursos\/pos-graduacao\/santa-maria\/ppgd\/wp-json\/wp\/v2\/comments?post=5389"}],"version-history":[{"count":0,"href":"https:\/\/www.ufsm.br\/cursos\/pos-graduacao\/santa-maria\/ppgd\/wp-json\/wp\/v2\/pages\/5389\/revisions"}],"wp:attachment":[{"href":"https:\/\/www.ufsm.br\/cursos\/pos-graduacao\/santa-maria\/ppgd\/wp-json\/wp\/v2\/media?parent=5389"}],"wp:term":[{"taxonomy":"category","embeddable":true,"href":"https:\/\/www.ufsm.br\/cursos\/pos-graduacao\/santa-maria\/ppgd\/wp-json\/wp\/v2\/categories?post=5389"},{"taxonomy":"post_tag","embeddable":true,"href":"https:\/\/www.ufsm.br\/cursos\/pos-graduacao\/santa-maria\/ppgd\/wp-json\/wp\/v2\/tags?post=5389"}],"curies":[{"name":"wp","href":"https:\/\/api.w.org\/{rel}","templated":true}]}}