{"id":5390,"date":"2024-07-25T08:16:27","date_gmt":"2024-07-25T11:16:27","guid":{"rendered":"https:\/\/www.ufsm.br\/cursos\/pos-graduacao\/santa-maria\/ppgd\/?page_id=5390"},"modified":"2024-07-25T08:16:28","modified_gmt":"2024-07-25T11:16:28","slug":"startups-verdes-e-a-dimensao-ambiental-da-sustentabilidade-uma-analise-na-perspectiva-das-agtechs-da-ufsm-austertecnologia-e-cowmed","status":"publish","type":"page","link":"https:\/\/www.ufsm.br\/cursos\/pos-graduacao\/santa-maria\/ppgd\/startups-verdes-e-a-dimensao-ambiental-da-sustentabilidade-uma-analise-na-perspectiva-das-agtechs-da-ufsm-austertecnologia-e-cowmed","title":{"rendered":"STARTUPS VERDES E A DIMENS\u00c3O AMBIENTAL DA SUSTENTABILIDADE: UMA AN\u00c1LISE NA PERSPECTIVA DAS AGTECHS DA UFSM \u2013 AUSTERTECNOLOGIA E COWMED"},"content":{"rendered":"\n<p style=\"text-align: center\">AUTOR: Gabriel Lima Mendes \/ E-mail: gabrielmendes.advocacia@gmail.com<br \/>ORIENTADORA: Isabel Christine Silva de Gregori<\/p>\n<p>O presente trabalho teve como escopo realizar um estudo sobre as startups verdes e a dimens\u00e3o ambiental da sustentabilidade. Nesse contexto, abordou-se a referida tem\u00e1tica diante de uma an\u00e1lise a partir das pr\u00e1ticas experenciadas pelas agtechs da Ag\u00eancia de Inova\u00e7\u00e3o e Transfer\u00eancia de Tecnologia (AGITTEC) da Universidade Federal de Santa Maria (UFSM), no per\u00edodo dos \u00faltimos 05 (cinco) anos, a saber, a AusterTecnologia e a Cowmed.<\/p>\n<p>Dessa forma, esta pesquisa enfrentou a seguinte problem\u00e1tica: \u201c\u00e9 poss\u00edvel afirmar que as startups verdes s\u00e3o mecanismos capazes de impulsionar o alcance da dimens\u00e3o ambiental da sustentabilidade?\u201d Para enfrentar esse questionamento, o presente estudo teve por objetivo analisar o papel das startups verdes e o seu potencial de impulsionar a dimens\u00e3o ambiental da sustentabilidade. Para tanto, a metodologia utilizada na presente pesquisa obedeceu ao quadrin\u00f4mio: teoria de base, abordagem, procedimento e t\u00e9cnica. Nesse sentido, como teoria de base este estudo se voltou \u00e0 matriz epistemol\u00f3gica sist\u00eamico-complexa, pois visou romper as barreiras disciplinares e desenvolver uma pesquisa embasada em um conhecimento cient\u00edfico transdisciplinar. J\u00e1 quanto ao m\u00e9todo de abordagem foi realizado com base no m\u00e9todo dedutivo. Ademais, utilizou-se, ainda, de tr\u00eas m\u00e9todos de procedimentos, quais sejam: bibliogr\u00e1fico, pesquisa documental e pesquisa de campo, assim como se operou pelas t\u00e9cnicas de pesquisas de resumos, fichamentos, an\u00e1lise de dados quantitativos e o emprego da entrevista de modo dirigido (question\u00e1rios estruturados) e n\u00e3o dirigido (bloco de notas e gravador).<\/p>\n<p>A partir disso, o referido estudo dividiu-se em duas se\u00e7\u00f5es. Na primeira, realizou-se um marco te\u00f3rico conceitual relativamente \u00e0s startups verdes, o agroneg\u00f3cio e \u00e0s dimens\u00f5es da sustentabilidade. Na segunda, visou-se apresentar duas pr\u00e1ticas experenciadas pelas startups verdes no contexto da AGITTEC da UFSM \u2013 as agtechs: AusterTecnologia e a CowMed a partir da realiza\u00e7\u00e3o de um estudo de campo, com o escopo de identificar como as startups verdes poderiam ser consideradas importantes ferramentas tecnol\u00f3gicas para alcan\u00e7ar a necess\u00e1ria sustentabilidade ambiental na perspectiva do autor Ignacy Sachs.<\/p>\n<p><br \/>Ao final, diante de tudo que foi investigado, o presente estudo conclui que, atrav\u00e9s do resultado obtido em campo, restou evidente que, dentro do rigor de an\u00e1lise dispon\u00edvel pela amostragem colhida, demonstrou-se que as startups investigadas fomentam a sustentabilidade, com grande preocupa\u00e7\u00e3o ambiental e que a tecnologia quando utilizada de forma aliada ao meio ambiente, s\u00f3 vem a somar para a sociedade atual.<\/p>\n","protected":false},"excerpt":{"rendered":"<p>AUTOR: Gabriel Lima Mendes \/ E-mail: gabrielmendes.advocacia@gmail.comORIENTADORA: Isabel Christine Silva de Gregori O presente trabalho teve como escopo realizar um estudo sobre as startups verdes e a dimens\u00e3o ambiental da sustentabilidade. Nesse contexto, abordou-se a referida tem\u00e1tica diante de uma an\u00e1lise a partir das pr\u00e1ticas experenciadas pelas agtechs da Ag\u00eancia de Inova\u00e7\u00e3o e Transfer\u00eancia de [&hellip;]<\/p>\n","protected":false},"author":536,"featured_media":0,"parent":0,"menu_order":0,"comment_status":"closed","ping_status":"closed","template":"","meta":{"footnotes":""},"categories":[],"tags":[],"class_list":["post-5390","page","type-page","status-publish","hentry"],"acf":[],"_links":{"self":[{"href":"https:\/\/www.ufsm.br\/cursos\/pos-graduacao\/santa-maria\/ppgd\/wp-json\/wp\/v2\/pages\/5390","targetHints":{"allow":["GET"]}}],"collection":[{"href":"https:\/\/www.ufsm.br\/cursos\/pos-graduacao\/santa-maria\/ppgd\/wp-json\/wp\/v2\/pages"}],"about":[{"href":"https:\/\/www.ufsm.br\/cursos\/pos-graduacao\/santa-maria\/ppgd\/wp-json\/wp\/v2\/types\/page"}],"author":[{"embeddable":true,"href":"https:\/\/www.ufsm.br\/cursos\/pos-graduacao\/santa-maria\/ppgd\/wp-json\/wp\/v2\/users\/536"}],"replies":[{"embeddable":true,"href":"https:\/\/www.ufsm.br\/cursos\/pos-graduacao\/santa-maria\/ppgd\/wp-json\/wp\/v2\/comments?post=5390"}],"version-history":[{"count":0,"href":"https:\/\/www.ufsm.br\/cursos\/pos-graduacao\/santa-maria\/ppgd\/wp-json\/wp\/v2\/pages\/5390\/revisions"}],"wp:attachment":[{"href":"https:\/\/www.ufsm.br\/cursos\/pos-graduacao\/santa-maria\/ppgd\/wp-json\/wp\/v2\/media?parent=5390"}],"wp:term":[{"taxonomy":"category","embeddable":true,"href":"https:\/\/www.ufsm.br\/cursos\/pos-graduacao\/santa-maria\/ppgd\/wp-json\/wp\/v2\/categories?post=5390"},{"taxonomy":"post_tag","embeddable":true,"href":"https:\/\/www.ufsm.br\/cursos\/pos-graduacao\/santa-maria\/ppgd\/wp-json\/wp\/v2\/tags?post=5390"}],"curies":[{"name":"wp","href":"https:\/\/api.w.org\/{rel}","templated":true}]}}