{"id":5391,"date":"2024-07-25T08:19:37","date_gmt":"2024-07-25T11:19:37","guid":{"rendered":"https:\/\/www.ufsm.br\/cursos\/pos-graduacao\/santa-maria\/ppgd\/?page_id=5391"},"modified":"2024-07-25T08:19:38","modified_gmt":"2024-07-25T11:19:38","slug":"migracoes-e-o-reconhecimento-do-sujeito-de-direitos-no-brasil","status":"publish","type":"page","link":"https:\/\/www.ufsm.br\/cursos\/pos-graduacao\/santa-maria\/ppgd\/migracoes-e-o-reconhecimento-do-sujeito-de-direitos-no-brasil","title":{"rendered":"MIGRA\u00c7\u00d5ES E O RECONHECIMENTO DO SUJEITO DE DIREITOS NO BRASIL"},"content":{"rendered":"\n<p style=\"text-align: center\">Andressa Lages Irigaray \/ andressairigaray091@gmail.com<\/p>\n<p style=\"text-align: center\">Orientadora: Prof. Dra Giuliana Redin<\/p>\n<p>\u00a0<\/p>\n<p>O reconhecimento do sujeito de direitos em pauta. Um novo marco legal, baseado na prote\u00e7\u00e3o de direitos humanos. A Lei de Migra\u00e7\u00e3o (Lei 13.445\/2017)<\/p>\n<p>materializa o avan\u00e7o normativo na forma de uma pol\u00edtica de estado, revogando<\/p>\n<p>o tradicional Estatuto do Estrangeiro.<\/p>\n<p>O fen\u00f4meno migrat\u00f3rio humano caminha em busca do devido reconhecimento do sujeito de direito. Esta pesquisa busca compreender o cen\u00e1rio plurifacetado a que o Brasil est\u00e1 inserido no que se refere a migra\u00e7\u00f5es humanas, bem como as respostas pol\u00edtico-jur\u00eddicas que a recente Lei de Migra\u00e7\u00e3o apresenta diante da realidade migrat\u00f3ria no Brasil.<\/p>\n<p>A agenda migrat\u00f3ria em debate, denuncia a nega\u00e7\u00e3o do sujeito que, em tese, deveria estar inserido nos sistemas pol\u00edtico-jur\u00eddicos em sua totalidade. Um dos fen\u00f4menos mais complexos da esfera das ci\u00eancias humanas, a migra\u00e7\u00e3o, provoca o debate sobre a busca por reconhecimento do sujeito na sua mais pura natureza. Os deslocamentos humanos resistem a diversas e infinitas limita\u00e7\u00f5es a que se fazem presentes na ordem pol\u00edtico-jur\u00eddica-social-cultural de \u00e2mbito internacional e tamb\u00e9m interno.<\/p>\n<p>Nesse sentido, o presente estudo caminha para uma an\u00e1lise sobre a prote\u00e7\u00e3o e promo\u00e7\u00e3o dos direitos humanos de migrantes no cen\u00e1rio brasileiro, situando os obst\u00e1culos estruturais, presentes inclusive na pr\u00f3pria legisla\u00e7\u00e3o, de uma condi\u00e7\u00e3o que \u00e9 dominada, objetificada e sobretudo nulificada.<\/p>\n","protected":false},"excerpt":{"rendered":"<p>Andressa Lages Irigaray \/ andressairigaray091@gmail.com Orientadora: Prof. Dra Giuliana Redin \u00a0 O reconhecimento do sujeito de direitos em pauta. Um novo marco legal, baseado na prote\u00e7\u00e3o de direitos humanos. A Lei de Migra\u00e7\u00e3o (Lei 13.445\/2017) materializa o avan\u00e7o normativo na forma de uma pol\u00edtica de estado, revogando o tradicional Estatuto do Estrangeiro. O fen\u00f4meno migrat\u00f3rio [&hellip;]<\/p>\n","protected":false},"author":536,"featured_media":0,"parent":0,"menu_order":0,"comment_status":"closed","ping_status":"closed","template":"","meta":{"footnotes":""},"categories":[],"tags":[],"class_list":["post-5391","page","type-page","status-publish","hentry"],"acf":[],"_links":{"self":[{"href":"https:\/\/www.ufsm.br\/cursos\/pos-graduacao\/santa-maria\/ppgd\/wp-json\/wp\/v2\/pages\/5391","targetHints":{"allow":["GET"]}}],"collection":[{"href":"https:\/\/www.ufsm.br\/cursos\/pos-graduacao\/santa-maria\/ppgd\/wp-json\/wp\/v2\/pages"}],"about":[{"href":"https:\/\/www.ufsm.br\/cursos\/pos-graduacao\/santa-maria\/ppgd\/wp-json\/wp\/v2\/types\/page"}],"author":[{"embeddable":true,"href":"https:\/\/www.ufsm.br\/cursos\/pos-graduacao\/santa-maria\/ppgd\/wp-json\/wp\/v2\/users\/536"}],"replies":[{"embeddable":true,"href":"https:\/\/www.ufsm.br\/cursos\/pos-graduacao\/santa-maria\/ppgd\/wp-json\/wp\/v2\/comments?post=5391"}],"version-history":[{"count":0,"href":"https:\/\/www.ufsm.br\/cursos\/pos-graduacao\/santa-maria\/ppgd\/wp-json\/wp\/v2\/pages\/5391\/revisions"}],"wp:attachment":[{"href":"https:\/\/www.ufsm.br\/cursos\/pos-graduacao\/santa-maria\/ppgd\/wp-json\/wp\/v2\/media?parent=5391"}],"wp:term":[{"taxonomy":"category","embeddable":true,"href":"https:\/\/www.ufsm.br\/cursos\/pos-graduacao\/santa-maria\/ppgd\/wp-json\/wp\/v2\/categories?post=5391"},{"taxonomy":"post_tag","embeddable":true,"href":"https:\/\/www.ufsm.br\/cursos\/pos-graduacao\/santa-maria\/ppgd\/wp-json\/wp\/v2\/tags?post=5391"}],"curies":[{"name":"wp","href":"https:\/\/api.w.org\/{rel}","templated":true}]}}