{"id":5392,"date":"2024-07-25T08:23:23","date_gmt":"2024-07-25T11:23:23","guid":{"rendered":"https:\/\/www.ufsm.br\/cursos\/pos-graduacao\/santa-maria\/ppgd\/?page_id=5392"},"modified":"2024-07-25T08:23:24","modified_gmt":"2024-07-25T11:23:24","slug":"a-responsabilidade-social-das-empresas-transnacionais-chinesas-ligadas-a-mineracao-na-republica-democratica-do-congo-em-materia-de-exploracao-de-trabalho-infantil-potencialidades-e-limites","status":"publish","type":"page","link":"https:\/\/www.ufsm.br\/cursos\/pos-graduacao\/santa-maria\/ppgd\/a-responsabilidade-social-das-empresas-transnacionais-chinesas-ligadas-a-mineracao-na-republica-democratica-do-congo-em-materia-de-exploracao-de-trabalho-infantil-potencialidades-e-limites","title":{"rendered":"A RESPONSABILIDADE SOCIAL DAS EMPRESAS TRANSNACIONAIS CHINESAS LIGADAS \u00c0 MINERA\u00c7\u00c3O NA REP\u00daBLICA DEMOCR\u00c1TICA DO CONGO EM MAT\u00c9RIA DE EXPLORA\u00c7\u00c3O DE TRABALHO INFANTIL: POTENCIALIDADES E LIMITES"},"content":{"rendered":"\n<p style=\"text-align: center\">Vilso da Silva Franco \/\u00a0 francopeace2022@gmail.com<\/p>\n<p style=\"text-align: center\">Orientador: Prof. Dr. Ademar Pozzatti J\u00fanior<\/p>\n<p>\u00a0<\/p>\n<p>Voc\u00ea sabe qual a origem dos materiais que comp\u00f5em o seu celular, seu <em>play station<\/em> ou sua <em>smartv<\/em>? Certamente esses e outros aparelhos ligados a alta tecnologia, cont\u00eam diversos tipos de min\u00e9rios em sua composi\u00e7\u00e3o, os quais s\u00e3o extra\u00eddos em diversas partes do mundo, incluindo a Rep\u00fablica Democr\u00e1tica do Congo (RDC).<\/p>\n<p>Lamentavelmente, a extra\u00e7\u00e3o e a comercializa\u00e7\u00e3o desses min\u00e9rios em solo congol\u00eas, podem ser associadas a viola\u00e7\u00f5es de direitos humanos, tais como a explora\u00e7\u00e3o de trabalho infantil por parte de empresas transnacionais chinesas.<\/p>\n<p>Se por um lado, a ind\u00fastria de minera\u00e7\u00e3o cria milh\u00f5es de oportunidades de emprego em todas as partes do mundo, por outro lado, a minera\u00e7\u00e3o representa um dos setores de trabalho mais perigosos, particularmente cr\u00edtico para as crian\u00e7as congolesas.<\/p>\n<p>De acordo com a OIT, \u201cos perigos s\u00e3o t\u00e3o \u00f3bvios e extremos que n\u00e3o h\u00e1 condi\u00e7\u00f5es, \u2013 incluindo-se a pobreza -, sob as quais o trabalho infantil na minera\u00e7\u00e3o possa ser tolerado. Assim, n\u00e3o restam d\u00favidas que a explora\u00e7\u00e3o de crian\u00e7as no trabalho de minera\u00e7\u00e3o \u00e9 uma pr\u00e1tica cruel e conden\u00e1vel que precisa ser eliminada.<\/p>\n<p>Ademais as empresas que lucram com essa pr\u00e1tica s\u00e3o c\u00famplices da viola\u00e7\u00e3o dos direitos humanos de crian\u00e7as na mais tenra idade e precisam ser responsabilizadas. Certamente a responsabiliza\u00e7\u00e3o desses atores \u00e9 uma tarefa desafiadora e requer uma abordagem multifacetada que envolve estrat\u00e9gias pol\u00edticas, sociais e, sobretudo, jur\u00eddicas\u00a0 dom\u00e9sticas, regionais e globais pr\u00f3prias da Sociedade em Rede.<\/p>\n<p>Do mesmo modo, \u00e9 nossa responsabilidade, como integrantes de uma comunidade mundial consumidora e, cada vez mais dependente dos equipamentos de alta tecnologia,\u00a0 encontrar caminhos para pressionar as empresas a adotarem pr\u00e1ticas justas e \u00e9ticas.<\/p>\n<p>\u00a0\u00a0\u00a0\u00a0\u00a0\u00a0\u00a0\u00a0\u00a0\u00a0\u00a0 Passa da hora de as empresas transnacionais, serem responsabilizadas por essa pr\u00e1tica abomin\u00e1vel que mancha a hist\u00f3ria da humanidade. Afinal, a explora\u00e7\u00e3o de trabalho infantil, em qualquer uma das fases produtivas, \u00e9 uma forma de escravid\u00e3o moderna e nenhuma corpora\u00e7\u00e3o deveria tolerar essa pr\u00e1tica.<\/p>\n<p>\u00a0\u00a0\u00a0\u00a0\u00a0\u00a0\u00a0\u00a0\u00a0\u00a0\u00a0 Deste modo, este trabalho feito por algu\u00e9m que j\u00e1 morou naquele pa\u00eds, contempla a an\u00e1lise do \u00e2mago da explora\u00e7\u00e3o do trabalho infantil nos s\u00edtios de minera\u00e7\u00e3o da RDC e como isso afeta a vida daquelas crian\u00e7as.<\/p>\n<p>\u00a0\u00a0\u00a0\u00a0\u00a0\u00a0\u00a0\u00a0\u00a0\u00a0\u00a0 Discute-se tamb\u00e9m, as medidas que podem ser adotadas para responsabiliza\u00e7\u00e3o das empresas transnacionais chinesas \u00e0 luz dos principais instrumentos jur\u00eddicos dom\u00e9sticos, regionais e internacionais de forma a contribuir para erradica\u00e7\u00e3o dessa pr\u00e1tica nefasta e garantir que seus produtos sejam produzidos com responsabilidade social.<\/p>\n<p>\u00a0\u00a0\u00a0\u00a0\u00a0\u00a0\u00a0\u00a0\u00a0\u00a0\u00a0 N\u00e3o perca a oportunidade de saber um pouco mais sobre esse importante assunto e descobrir como voc\u00ea pode ajudar a fazer a diferen\u00e7a na vida dessas crian\u00e7as. Leia agora nosso trabalho sobre a responsabilidade social de empresas transnacionais chinesas ligadas a minera\u00e7\u00e3o pela explora\u00e7\u00e3o do trabalho infantil na Rep\u00fablica Democr\u00e1tica do Congo.<\/p>\n<p>\u00a0<\/p>\n<p>\u00a0<\/p>\n","protected":false},"excerpt":{"rendered":"<p>Vilso da Silva Franco \/\u00a0 francopeace2022@gmail.com Orientador: Prof. Dr. Ademar Pozzatti J\u00fanior \u00a0 Voc\u00ea sabe qual a origem dos materiais que comp\u00f5em o seu celular, seu play station ou sua smartv? Certamente esses e outros aparelhos ligados a alta tecnologia, cont\u00eam diversos tipos de min\u00e9rios em sua composi\u00e7\u00e3o, os quais s\u00e3o extra\u00eddos em diversas partes [&hellip;]<\/p>\n","protected":false},"author":536,"featured_media":0,"parent":0,"menu_order":0,"comment_status":"closed","ping_status":"closed","template":"","meta":{"footnotes":""},"categories":[],"tags":[],"class_list":["post-5392","page","type-page","status-publish","hentry"],"acf":[],"_links":{"self":[{"href":"https:\/\/www.ufsm.br\/cursos\/pos-graduacao\/santa-maria\/ppgd\/wp-json\/wp\/v2\/pages\/5392","targetHints":{"allow":["GET"]}}],"collection":[{"href":"https:\/\/www.ufsm.br\/cursos\/pos-graduacao\/santa-maria\/ppgd\/wp-json\/wp\/v2\/pages"}],"about":[{"href":"https:\/\/www.ufsm.br\/cursos\/pos-graduacao\/santa-maria\/ppgd\/wp-json\/wp\/v2\/types\/page"}],"author":[{"embeddable":true,"href":"https:\/\/www.ufsm.br\/cursos\/pos-graduacao\/santa-maria\/ppgd\/wp-json\/wp\/v2\/users\/536"}],"replies":[{"embeddable":true,"href":"https:\/\/www.ufsm.br\/cursos\/pos-graduacao\/santa-maria\/ppgd\/wp-json\/wp\/v2\/comments?post=5392"}],"version-history":[{"count":0,"href":"https:\/\/www.ufsm.br\/cursos\/pos-graduacao\/santa-maria\/ppgd\/wp-json\/wp\/v2\/pages\/5392\/revisions"}],"wp:attachment":[{"href":"https:\/\/www.ufsm.br\/cursos\/pos-graduacao\/santa-maria\/ppgd\/wp-json\/wp\/v2\/media?parent=5392"}],"wp:term":[{"taxonomy":"category","embeddable":true,"href":"https:\/\/www.ufsm.br\/cursos\/pos-graduacao\/santa-maria\/ppgd\/wp-json\/wp\/v2\/categories?post=5392"},{"taxonomy":"post_tag","embeddable":true,"href":"https:\/\/www.ufsm.br\/cursos\/pos-graduacao\/santa-maria\/ppgd\/wp-json\/wp\/v2\/tags?post=5392"}],"curies":[{"name":"wp","href":"https:\/\/api.w.org\/{rel}","templated":true}]}}