{"id":5395,"date":"2024-07-25T08:53:36","date_gmt":"2024-07-25T11:53:36","guid":{"rendered":"https:\/\/www.ufsm.br\/cursos\/pos-graduacao\/santa-maria\/ppgd\/?page_id=5395"},"modified":"2024-07-25T08:53:37","modified_gmt":"2024-07-25T11:53:37","slug":"a-ineficacia-do-sistema-normativo-florestal-no-brasil-um-olhar-para-as-raizes-do-problema-e-um-encontro-com-a-refundacao-da-jurisdicao","status":"publish","type":"page","link":"https:\/\/www.ufsm.br\/cursos\/pos-graduacao\/santa-maria\/ppgd\/a-ineficacia-do-sistema-normativo-florestal-no-brasil-um-olhar-para-as-raizes-do-problema-e-um-encontro-com-a-refundacao-da-jurisdicao","title":{"rendered":"A (IN)EFIC\u00c1CIA DO SISTEMA NORMATIVO FLORESTAL NO BRASIL: UM OLHAR PARA AS RA\u00cdZES DO PROBLEMA E UM ENCONTRO COM A REFUNDA\u00c7\u00c3O DA JURISDI\u00c7\u00c3O"},"content":{"rendered":"\n<p style=\"text-align: center\">Ana Cl\u00e1udia Favarin Pinto \u2013 anaclaudia.favarin@gmail.com<\/p>\n<p style=\"text-align: center\">Orientadora: Angela Araujo da Silveira Espindola<\/p>\n<p style=\"text-align: center\">\u00a0<\/p>\n<p>Essa disserta\u00e7\u00e3o objetivou demonstrar a evolu\u00e7\u00e3o da legisla\u00e7\u00e3o florestal, bem como apontar os pontos problem\u00e1ticos da norma, para perceber a (in)efic\u00e1cia da norma florestal e propor a perspectiva da refunda\u00e7\u00e3o da jurisdi\u00e7\u00e3o.<\/p>\n<p>Com base nisso, foi elaborado o seguinte problema de pesquisa: frente \u00e0 judicializa\u00e7\u00e3o brasileira das quest\u00f5es ambientais relativas \u00e0s florestas e, tomando como refer\u00eancia o estudo da (in)efic\u00e1cia da norma florestal, de que forma as propostas realizadas pela Refunda\u00e7\u00e3o da Jurisdi\u00e7\u00e3o podem contribuir uma mudan\u00e7a no paradigma de prote\u00e7\u00e3o normativa das florestas?<\/p>\n<p>\u00a0Com base no problema de pesquisa transcrito, a pesquisa pretende investigar a evolu\u00e7\u00e3o da legisla\u00e7\u00e3o florestal, bem como apontar os pontos problem\u00e1ticos da norma, para perceber a (in)efic\u00e1cia da norma florestal e propor a perspectiva da refunda\u00e7\u00e3o da jurisdi\u00e7\u00e3o.<\/p>\n<p>Para solucionar o problema de pesquisa levantado, utilizou-se a abordagem fenomenol\u00f3gico-hermen\u00eautica e para a teoria de base, o trabalho conta com a teoria hermen\u00eautica, trabalhando a tese da refunda\u00e7\u00e3o da jurisdi\u00e7\u00e3o de Angela Araujo da Silveira Espindola, utilizando as contribui\u00e7\u00f5es de autores como Lenio Luiz Streck e Dierle Nunes.<\/p>\n<p>Ao final da pesquisa, entendeu-se necess\u00e1rio repensar jurisdi\u00e7\u00e3o, repelindo decis\u00f5es que prejudicam a prote\u00e7\u00e3o ambiental fundadas em padr\u00f5es economicistas ou utilitaristas, que v\u00e3o de encontro aos objetivos de prote\u00e7\u00e3o ambiental e sustentabilidade, constitucionalmente amparadas.<\/p>\n<p>\u00a0<\/p>\n","protected":false},"excerpt":{"rendered":"<p>Ana Cl\u00e1udia Favarin Pinto \u2013 anaclaudia.favarin@gmail.com Orientadora: Angela Araujo da Silveira Espindola \u00a0 Essa disserta\u00e7\u00e3o objetivou demonstrar a evolu\u00e7\u00e3o da legisla\u00e7\u00e3o florestal, bem como apontar os pontos problem\u00e1ticos da norma, para perceber a (in)efic\u00e1cia da norma florestal e propor a perspectiva da refunda\u00e7\u00e3o da jurisdi\u00e7\u00e3o. Com base nisso, foi elaborado o seguinte problema de pesquisa: [&hellip;]<\/p>\n","protected":false},"author":536,"featured_media":0,"parent":0,"menu_order":0,"comment_status":"closed","ping_status":"closed","template":"","meta":{"footnotes":""},"categories":[],"tags":[],"class_list":["post-5395","page","type-page","status-publish","hentry"],"acf":[],"_links":{"self":[{"href":"https:\/\/www.ufsm.br\/cursos\/pos-graduacao\/santa-maria\/ppgd\/wp-json\/wp\/v2\/pages\/5395","targetHints":{"allow":["GET"]}}],"collection":[{"href":"https:\/\/www.ufsm.br\/cursos\/pos-graduacao\/santa-maria\/ppgd\/wp-json\/wp\/v2\/pages"}],"about":[{"href":"https:\/\/www.ufsm.br\/cursos\/pos-graduacao\/santa-maria\/ppgd\/wp-json\/wp\/v2\/types\/page"}],"author":[{"embeddable":true,"href":"https:\/\/www.ufsm.br\/cursos\/pos-graduacao\/santa-maria\/ppgd\/wp-json\/wp\/v2\/users\/536"}],"replies":[{"embeddable":true,"href":"https:\/\/www.ufsm.br\/cursos\/pos-graduacao\/santa-maria\/ppgd\/wp-json\/wp\/v2\/comments?post=5395"}],"version-history":[{"count":0,"href":"https:\/\/www.ufsm.br\/cursos\/pos-graduacao\/santa-maria\/ppgd\/wp-json\/wp\/v2\/pages\/5395\/revisions"}],"wp:attachment":[{"href":"https:\/\/www.ufsm.br\/cursos\/pos-graduacao\/santa-maria\/ppgd\/wp-json\/wp\/v2\/media?parent=5395"}],"wp:term":[{"taxonomy":"category","embeddable":true,"href":"https:\/\/www.ufsm.br\/cursos\/pos-graduacao\/santa-maria\/ppgd\/wp-json\/wp\/v2\/categories?post=5395"},{"taxonomy":"post_tag","embeddable":true,"href":"https:\/\/www.ufsm.br\/cursos\/pos-graduacao\/santa-maria\/ppgd\/wp-json\/wp\/v2\/tags?post=5395"}],"curies":[{"name":"wp","href":"https:\/\/api.w.org\/{rel}","templated":true}]}}